{"id":296,"date":"2013-03-20T20:41:07","date_gmt":"2013-03-20T20:41:07","guid":{"rendered":"http:\/\/procontrol-fr.com\/fr\/?page_id=296"},"modified":"2024-04-28T10:03:34","modified_gmt":"2024-04-28T09:03:34","slug":"inspections-reglementaires","status":"publish","type":"page","link":"https:\/\/procontrol-fr.com\/fr\/inspections-reglementaires\/","title":{"rendered":"VERIFICATIONS REGLEMENTAIRES"},"content":{"rendered":"<div class=\"su-service\"><div class=\"su-service-title\" style=\"padding-left:38px;min-height:24px;line-height:24px\"><i class=\"sui sui-check-square\" style=\"font-size:24px;color:#33333\"><\/i> EXPERTISE REGLEMENTAIRE<\/div><div class=\"su-service-content su-u-clearfix su-u-trim\" style=\"padding-left:38px\">Nos v\u00e9rificateurs ont une parfaire connaissance des r\u00e9glementations et de leurs applications.<\/div><\/div>\n<div class=\"su-service\"><div class=\"su-service-title\" style=\"padding-left:38px;min-height:24px;line-height:24px\"><i class=\"sui sui-check-square\" style=\"font-size:24px;color:#33333\"><\/i> EXPERTISE TECHNIQUE<\/div><div class=\"su-service-content su-u-clearfix su-u-trim\" style=\"padding-left:38px\">L&rsquo;expertise de PROCONTROL couvre un tr\u00e8s large \u00e9ventail de domaines techniques. Ainsi vous pourrez b\u00e9n\u00e9ficier de nos experts capable de r\u00e9aliser et de suivre vos v\u00e9rifications p\u00e9riodiques et obligations r\u00e9glementaires.<\/div><\/div>\n<div class=\"rtbs  rtbs_verif2020\"><div class=\"rtbs_slug\" style=\"display:none\">verif2020<\/div><div class=\"rtbs_inactive_tab_background\" style=\"display:none\">transparent<\/div><div class=\"rtbs_breakpoint\" style=\"display:none\">600<\/div><div class=\"rtbs_color\" style=\"display:none\">#ffb400<\/div>\r\n        <div class=\"rtbs_menu\">\r\n            <ul>\r\n                <li class=\"mobile_toggle\">&zwnj;<\/li><li class=\"current\"><a style=\"background:#ffb400\" class=\"active verif2020-tab-link-0\" href=\"#\" data-tab=\"#verif2020-tab-0\">Electricit\u00e9<\/a><\/li><li><a href=\"#\" data-tab=\"#verif2020-tab-1\" class=\"verif2020-tab-link-1\">Levage<\/a><\/li><li><a href=\"#\" data-tab=\"#verif2020-tab-2\" class=\"verif2020-tab-link-2\">Eqt de travail et EPI<\/a><\/li><li><a href=\"#\" data-tab=\"#verif2020-tab-3\" class=\"verif2020-tab-link-3\">Eqt sportifs\/aires de jeux<\/a><\/li><li><a href=\"#\" data-tab=\"#verif2020-tab-4\" class=\"verif2020-tab-link-4\">Portes\/portails<\/a><\/li>\r\n            <\/ul>\r\n        <\/div><div style=\"border-top:7px solid #ffb400;\" id=\"verif2020-tab-0\" class=\"rtbs_content active\"><div class=\"dmb_field dmb_tab_content\">\n<p><div class=\"su-service\"><div class=\"su-service-title\" style=\"padding-left:32px;min-height:18px;line-height:18px\"><i class=\"sui sui-check\" style=\"font-size:18px;color:#1ec118\"><\/i> Electricit\u00e9<\/div><div class=\"su-service-content su-u-clearfix su-u-trim\" style=\"padding-left:32px\"> <a href=\"https:\/\/procontrol-fr.com\/fr\/inspections-reglementaires\/installations-electriques\/\">V\u00e9rification des installations \u00e9lectriques<\/a><\/div><\/div><\/p>\n<\/div>\n<div style=\"margin-top:30px; clear:both;\"><\/div><\/div><div style=\"border-top:7px solid #ffb400;\" id=\"verif2020-tab-1\" class=\"rtbs_content\"><p><div class=\"su-service\"><div class=\"su-service-title\" style=\"padding-left:32px;min-height:18px;line-height:18px\"><i class=\"sui sui-check\" style=\"font-size:18px;color:#1ec118\"><\/i> Levage et terrassement<\/div><div class=\"su-service-content su-u-clearfix su-u-trim\" style=\"padding-left:32px\"><a href=\"https:\/\/procontrol-fr.com\/fr\/inspections-reglementaires\/equipement-de-travaillevage\/appareils-de-levage-de-terrassement\/\">V\u00e9rification des appareils, accessoires de levage et terrassement<\/a><\/div><\/div><\/p>\n<div style=\"margin-top:30px; clear:both;\"><\/div><\/div><div style=\"border-top:7px solid #ffb400;\" id=\"verif2020-tab-2\" class=\"rtbs_content\"><p><div class=\"su-service\"><div class=\"su-service-title\" style=\"padding-left:32px;min-height:18px;line-height:18px\"><i class=\"sui sui-check\" style=\"font-size:18px;color:#1ec118\"><\/i> EPI et ligne de vie<\/div><div class=\"su-service-content su-u-clearfix su-u-trim\" style=\"padding-left:32px\"><a href=\"https:\/\/procontrol-fr.com\/fr\/inspections-reglementaires\/verifications-des-equipements-de-protections-individuelles-epi\/\">V\u00e9rification des \u00e9quipements de protections individuelles EPI et ligne de vie<\/a><\/div><\/div><\/p>\n<p><div class=\"su-service\"><div class=\"su-service-title\" style=\"padding-left:32px;min-height:18px;line-height:18px\"><i class=\"sui sui-check\" style=\"font-size:18px;color:#1ec118\"><\/i> Rayonnage m\u00e9tallique<\/div><div class=\"su-service-content su-u-clearfix su-u-trim\" style=\"padding-left:32px\"><a href=\"https:\/\/procontrol-fr.com\/fr\/inspections-reglementaires\/controles-des-rayonnages-metalliques-racks\/\">V\u00e9rification des rayonnages m\u00e9talliques RACK<\/a><\/div><\/div><\/p>\n<div style=\"margin-top:30px; clear:both;\"><\/div><\/div><div style=\"border-top:7px solid #ffb400;\" id=\"verif2020-tab-3\" class=\"rtbs_content\"><p><div class=\"su-service\"><div class=\"su-service-title\" style=\"padding-left:32px;min-height:18px;line-height:18px\"><i class=\"sui sui-check\" style=\"font-size:18px;color:#1ec118\"><\/i> Equipements sportifs et aire de jeux<\/div><div class=\"su-service-content su-u-clearfix su-u-trim\" style=\"padding-left:32px\"><a href=\"https:\/\/procontrol-fr.com\/fr\/inspections-reglementaires\/equipements-sportifs-et-aires-de-jeux\/\">V\u00e9rification des \u00e9quipements sportifs et aires de jeux<\/a><\/div><\/div><\/p>\n<div style=\"margin-top:30px; clear:both;\"><\/div><\/div><div style=\"border-top:7px solid #ffb400;\" id=\"verif2020-tab-4\" class=\"rtbs_content\"><p><div class=\"su-service\"><div class=\"su-service-title\" style=\"padding-left:32px;min-height:18px;line-height:18px\"><i class=\"sui sui-check\" style=\"font-size:18px;color:#1ec118\"><\/i> Portes et portails automatiques et semi-automatiques<\/div><div class=\"su-service-content su-u-clearfix su-u-trim\" style=\"padding-left:32px\"><a href=\"https:\/\/procontrol-fr.com\/fr\/inspections-reglementaires\/equipement-de-travaillevage\/portes-et-portails-automatiques-et-semi-automatiques\/\">V\u00e9rification des portes et portails automatique et semi-automatique<\/a><\/div><\/div><\/p>\n<div style=\"margin-top:30px; clear:both;\"><\/div><\/div>\r\n    <\/div>\r\n    \n","protected":false},"excerpt":{"rendered":"","protected":false},"author":1,"featured_media":0,"parent":0,"menu_order":2,"comment_status":"closed","ping_status":"closed","template":"left-sidebar.php","meta":{"footnotes":""},"class_list":["post-296","page","type-page","status-publish","hentry"],"yoast_head":"<!-- This site is optimized with the Yoast SEO plugin v27.3 - https:\/\/yoast.com\/product\/yoast-seo-wordpress\/ -->\n<title>PROCONTROL - Bureau de Contr\u00f4le V\u00e9rificaton \u00e9lectrique Levage Formation CACES\u00ae Formation habilitation \u00e9lectrique AIPR \u00e9lectricit\u00e9 SST Sauveteur secouriste du travail SST habilitation m\u00e9canique IRVE<\/title>\n<meta name=\"description\" content=\"L\u2019expertise de PROCONTROL\u00ae couvre un tr\u00e8s large \u00e9ventail de domaines techniques. Nos v\u00e9rificateurs ont une parfaire connaissance des r\u00e9glementations et de leurs applications. Ainsi vous pourrez b\u00e9n\u00e9ficier de nos experts capable de r\u00e9aliser et de suivre vos v\u00e9rifications p\u00e9riodiques et obligations r\u00e9glementaires.\" \/>\n<meta name=\"robots\" content=\"index, follow, max-snippet:-1, max-image-preview:large, max-video-preview:-1\" \/>\n<link rel=\"canonical\" href=\"https:\/\/procontrol-fr.com\/fr\/inspections-reglementaires\/\" \/>\n<meta property=\"og:locale\" content=\"fr_FR\" \/>\n<meta property=\"og:type\" content=\"article\" \/>\n<meta property=\"og:title\" content=\"PROCONTROL - Bureau de Contr\u00f4le V\u00e9rificaton \u00e9lectrique Levage Formation CACES\u00ae Formation habilitation \u00e9lectrique AIPR \u00e9lectricit\u00e9 SST Sauveteur secouriste du travail SST habilitation m\u00e9canique IRVE\" \/>\n<meta property=\"og:description\" content=\"L\u2019expertise de PROCONTROL\u00ae couvre un tr\u00e8s large \u00e9ventail de domaines techniques. Nos v\u00e9rificateurs ont une parfaire connaissance des r\u00e9glementations et de leurs applications. Ainsi vous pourrez b\u00e9n\u00e9ficier de nos experts capable de r\u00e9aliser et de suivre vos v\u00e9rifications p\u00e9riodiques et obligations r\u00e9glementaires.\" \/>\n<meta property=\"og:url\" content=\"https:\/\/procontrol-fr.com\/fr\/inspections-reglementaires\/\" \/>\n<meta property=\"og:site_name\" content=\"PROCONTROL - Bureau de Contr\u00f4le V\u00e9rificaton \u00e9lectrique Levage Formation CACES\u00ae Formation habilitation \u00e9lectrique AIPR \u00e9lectricit\u00e9 SST Sauveteur secouriste du travail SST habilitation m\u00e9canique IRVE\" \/>\n<meta property=\"article:modified_time\" content=\"2024-04-28T09:03:34+00:00\" \/>\n<meta name=\"twitter:card\" content=\"summary_large_image\" \/>\n<meta name=\"twitter:site\" content=\"@PROCONTROL_FR\" \/>\n<meta name=\"twitter:label1\" content=\"Dur\u00e9e de lecture estim\u00e9e\" \/>\n\t<meta name=\"twitter:data1\" content=\"1 minute\" \/>\n<script type=\"application\/ld+json\" class=\"yoast-schema-graph\">{\"@context\":\"https:\\\/\\\/schema.org\",\"@graph\":[{\"@type\":\"WebPage\",\"@id\":\"https:\\\/\\\/procontrol-fr.com\\\/fr\\\/inspections-reglementaires\\\/\",\"url\":\"https:\\\/\\\/procontrol-fr.com\\\/fr\\\/inspections-reglementaires\\\/\",\"name\":\"PROCONTROL - Bureau de Contr\u00f4le V\u00e9rificaton \u00e9lectrique Levage Formation CACES\u00ae Formation habilitation \u00e9lectrique AIPR \u00e9lectricit\u00e9 SST Sauveteur secouriste du travail SST habilitation m\u00e9canique IRVE\",\"isPartOf\":{\"@id\":\"https:\\\/\\\/procontrol-fr.com\\\/fr\\\/#website\"},\"datePublished\":\"2013-03-20T20:41:07+00:00\",\"dateModified\":\"2024-04-28T09:03:34+00:00\",\"description\":\"L\u2019expertise de PROCONTROL\u00ae couvre un tr\u00e8s large \u00e9ventail de domaines techniques. Nos v\u00e9rificateurs ont une parfaire connaissance des r\u00e9glementations et de leurs applications. Ainsi vous pourrez b\u00e9n\u00e9ficier de nos experts capable de r\u00e9aliser et de suivre vos v\u00e9rifications p\u00e9riodiques et obligations r\u00e9glementaires.\",\"breadcrumb\":{\"@id\":\"https:\\\/\\\/procontrol-fr.com\\\/fr\\\/inspections-reglementaires\\\/#breadcrumb\"},\"inLanguage\":\"fr-FR\",\"potentialAction\":[{\"@type\":\"ReadAction\",\"target\":[\"https:\\\/\\\/procontrol-fr.com\\\/fr\\\/inspections-reglementaires\\\/\"]}]},{\"@type\":\"BreadcrumbList\",\"@id\":\"https:\\\/\\\/procontrol-fr.com\\\/fr\\\/inspections-reglementaires\\\/#breadcrumb\",\"itemListElement\":[{\"@type\":\"ListItem\",\"position\":1,\"name\":\"Accueil\",\"item\":\"https:\\\/\\\/procontrol-fr.com\\\/fr\\\/\"},{\"@type\":\"ListItem\",\"position\":2,\"name\":\"VERIFICATIONS REGLEMENTAIRES\"}]},{\"@type\":\"WebSite\",\"@id\":\"https:\\\/\\\/procontrol-fr.com\\\/fr\\\/#website\",\"url\":\"https:\\\/\\\/procontrol-fr.com\\\/fr\\\/\",\"name\":\"PROCONTROL - Bureau de Contr\u00f4le, V\u00e9rification \u00e9lectrique, Levage, Formation CACES\u00ae, habilitation \u00e9lectrique, AIPR,...\",\"description\":\"\",\"publisher\":{\"@id\":\"https:\\\/\\\/procontrol-fr.com\\\/fr\\\/#organization\"},\"potentialAction\":[{\"@type\":\"SearchAction\",\"target\":{\"@type\":\"EntryPoint\",\"urlTemplate\":\"https:\\\/\\\/procontrol-fr.com\\\/fr\\\/?s={search_term_string}\"},\"query-input\":{\"@type\":\"PropertyValueSpecification\",\"valueRequired\":true,\"valueName\":\"search_term_string\"}}],\"inLanguage\":\"fr-FR\"},{\"@type\":\"Organization\",\"@id\":\"https:\\\/\\\/procontrol-fr.com\\\/fr\\\/#organization\",\"name\":\"PROCONTROL\",\"url\":\"https:\\\/\\\/procontrol-fr.com\\\/fr\\\/\",\"logo\":{\"@type\":\"ImageObject\",\"inLanguage\":\"fr-FR\",\"@id\":\"https:\\\/\\\/procontrol-fr.com\\\/fr\\\/#\\\/schema\\\/logo\\\/image\\\/\",\"url\":\"https:\\\/\\\/procontrol-fr.com\\\/fr\\\/wp-content\\\/uploads\\\/2016\\\/06\\\/LogoProcontrol.jpg\",\"contentUrl\":\"https:\\\/\\\/procontrol-fr.com\\\/fr\\\/wp-content\\\/uploads\\\/2016\\\/06\\\/LogoProcontrol.jpg\",\"width\":350,\"height\":100,\"caption\":\"PROCONTROL\"},\"image\":{\"@id\":\"https:\\\/\\\/procontrol-fr.com\\\/fr\\\/#\\\/schema\\\/logo\\\/image\\\/\"},\"sameAs\":[\"https:\\\/\\\/x.com\\\/PROCONTROL_FR\"]}]}<\/script>\n<!-- \/ Yoast SEO plugin. -->","yoast_head_json":{"title":"PROCONTROL - Bureau de Contr\u00f4le V\u00e9rificaton \u00e9lectrique Levage Formation CACES\u00ae Formation habilitation \u00e9lectrique AIPR \u00e9lectricit\u00e9 SST Sauveteur secouriste du travail SST habilitation m\u00e9canique IRVE","description":"L\u2019expertise de PROCONTROL\u00ae couvre un tr\u00e8s large \u00e9ventail de domaines techniques. Nos v\u00e9rificateurs ont une parfaire connaissance des r\u00e9glementations et de leurs applications. Ainsi vous pourrez b\u00e9n\u00e9ficier de nos experts capable de r\u00e9aliser et de suivre vos v\u00e9rifications p\u00e9riodiques et obligations r\u00e9glementaires.","robots":{"index":"index","follow":"follow","max-snippet":"max-snippet:-1","max-image-preview":"max-image-preview:large","max-video-preview":"max-video-preview:-1"},"canonical":"https:\/\/procontrol-fr.com\/fr\/inspections-reglementaires\/","og_locale":"fr_FR","og_type":"article","og_title":"PROCONTROL - Bureau de Contr\u00f4le V\u00e9rificaton \u00e9lectrique Levage Formation CACES\u00ae Formation habilitation \u00e9lectrique AIPR \u00e9lectricit\u00e9 SST Sauveteur secouriste du travail SST habilitation m\u00e9canique IRVE","og_description":"L\u2019expertise de PROCONTROL\u00ae couvre un tr\u00e8s large \u00e9ventail de domaines techniques. Nos v\u00e9rificateurs ont une parfaire connaissance des r\u00e9glementations et de leurs applications. Ainsi vous pourrez b\u00e9n\u00e9ficier de nos experts capable de r\u00e9aliser et de suivre vos v\u00e9rifications p\u00e9riodiques et obligations r\u00e9glementaires.","og_url":"https:\/\/procontrol-fr.com\/fr\/inspections-reglementaires\/","og_site_name":"PROCONTROL - Bureau de Contr\u00f4le V\u00e9rificaton \u00e9lectrique Levage Formation CACES\u00ae Formation habilitation \u00e9lectrique AIPR \u00e9lectricit\u00e9 SST Sauveteur secouriste du travail SST habilitation m\u00e9canique IRVE","article_modified_time":"2024-04-28T09:03:34+00:00","twitter_card":"summary_large_image","twitter_site":"@PROCONTROL_FR","twitter_misc":{"Dur\u00e9e de lecture estim\u00e9e":"1 minute"},"schema":{"@context":"https:\/\/schema.org","@graph":[{"@type":"WebPage","@id":"https:\/\/procontrol-fr.com\/fr\/inspections-reglementaires\/","url":"https:\/\/procontrol-fr.com\/fr\/inspections-reglementaires\/","name":"PROCONTROL - Bureau de Contr\u00f4le V\u00e9rificaton \u00e9lectrique Levage Formation CACES\u00ae Formation habilitation \u00e9lectrique AIPR \u00e9lectricit\u00e9 SST Sauveteur secouriste du travail SST habilitation m\u00e9canique IRVE","isPartOf":{"@id":"https:\/\/procontrol-fr.com\/fr\/#website"},"datePublished":"2013-03-20T20:41:07+00:00","dateModified":"2024-04-28T09:03:34+00:00","description":"L\u2019expertise de PROCONTROL\u00ae couvre un tr\u00e8s large \u00e9ventail de domaines techniques. Nos v\u00e9rificateurs ont une parfaire connaissance des r\u00e9glementations et de leurs applications. Ainsi vous pourrez b\u00e9n\u00e9ficier de nos experts capable de r\u00e9aliser et de suivre vos v\u00e9rifications p\u00e9riodiques et obligations r\u00e9glementaires.","breadcrumb":{"@id":"https:\/\/procontrol-fr.com\/fr\/inspections-reglementaires\/#breadcrumb"},"inLanguage":"fr-FR","potentialAction":[{"@type":"ReadAction","target":["https:\/\/procontrol-fr.com\/fr\/inspections-reglementaires\/"]}]},{"@type":"BreadcrumbList","@id":"https:\/\/procontrol-fr.com\/fr\/inspections-reglementaires\/#breadcrumb","itemListElement":[{"@type":"ListItem","position":1,"name":"Accueil","item":"https:\/\/procontrol-fr.com\/fr\/"},{"@type":"ListItem","position":2,"name":"VERIFICATIONS REGLEMENTAIRES"}]},{"@type":"WebSite","@id":"https:\/\/procontrol-fr.com\/fr\/#website","url":"https:\/\/procontrol-fr.com\/fr\/","name":"PROCONTROL - Bureau de Contr\u00f4le, V\u00e9rification \u00e9lectrique, Levage, Formation CACES\u00ae, habilitation \u00e9lectrique, AIPR,...","description":"","publisher":{"@id":"https:\/\/procontrol-fr.com\/fr\/#organization"},"potentialAction":[{"@type":"SearchAction","target":{"@type":"EntryPoint","urlTemplate":"https:\/\/procontrol-fr.com\/fr\/?s={search_term_string}"},"query-input":{"@type":"PropertyValueSpecification","valueRequired":true,"valueName":"search_term_string"}}],"inLanguage":"fr-FR"},{"@type":"Organization","@id":"https:\/\/procontrol-fr.com\/fr\/#organization","name":"PROCONTROL","url":"https:\/\/procontrol-fr.com\/fr\/","logo":{"@type":"ImageObject","inLanguage":"fr-FR","@id":"https:\/\/procontrol-fr.com\/fr\/#\/schema\/logo\/image\/","url":"https:\/\/procontrol-fr.com\/fr\/wp-content\/uploads\/2016\/06\/LogoProcontrol.jpg","contentUrl":"https:\/\/procontrol-fr.com\/fr\/wp-content\/uploads\/2016\/06\/LogoProcontrol.jpg","width":350,"height":100,"caption":"PROCONTROL"},"image":{"@id":"https:\/\/procontrol-fr.com\/fr\/#\/schema\/logo\/image\/"},"sameAs":["https:\/\/x.com\/PROCONTROL_FR"]}]}},"_links":{"self":[{"href":"https:\/\/procontrol-fr.com\/fr\/wp-json\/wp\/v2\/pages\/296","targetHints":{"allow":["GET"]}}],"collection":[{"href":"https:\/\/procontrol-fr.com\/fr\/wp-json\/wp\/v2\/pages"}],"about":[{"href":"https:\/\/procontrol-fr.com\/fr\/wp-json\/wp\/v2\/types\/page"}],"author":[{"embeddable":true,"href":"https:\/\/procontrol-fr.com\/fr\/wp-json\/wp\/v2\/users\/1"}],"replies":[{"embeddable":true,"href":"https:\/\/procontrol-fr.com\/fr\/wp-json\/wp\/v2\/comments?post=296"}],"version-history":[{"count":32,"href":"https:\/\/procontrol-fr.com\/fr\/wp-json\/wp\/v2\/pages\/296\/revisions"}],"predecessor-version":[{"id":4520,"href":"https:\/\/procontrol-fr.com\/fr\/wp-json\/wp\/v2\/pages\/296\/revisions\/4520"}],"wp:attachment":[{"href":"https:\/\/procontrol-fr.com\/fr\/wp-json\/wp\/v2\/media?parent=296"}],"curies":[{"name":"wp","href":"https:\/\/api.w.org\/{rel}","templated":true}]}}