{"id":315,"date":"2013-03-21T20:38:14","date_gmt":"2013-03-21T20:38:14","guid":{"rendered":"http:\/\/procontrol-fr.com\/fr\/?page_id=315"},"modified":"2018-01-01T21:04:49","modified_gmt":"2018-01-01T20:04:49","slug":"securite-au-travail","status":"publish","type":"page","link":"https:\/\/procontrol-fr.com\/fr\/nos-formations\/securite-au-travail\/","title":{"rendered":"S\u00c9CURIT\u00c9 AU TRAVAIL"},"content":{"rendered":"<p><span style=\"color: #000000;\"><div class=\"su-service\"><div class=\"su-service-title\" style=\"padding-left:38px;min-height:24px;line-height:24px\"><i class=\"sui sui-arrow-circle-right\" style=\"font-size:24px;color:#333\"><\/i> S\u00e9curit\u00e9 au travail<\/div><div class=\"su-service-content su-u-clearfix su-u-trim\" style=\"padding-left:38px\">Gr\u00e2ce \u00e0 son exp\u00e9rience,<strong> PROCONTROL<\/strong> propose des formations de <strong>S\u00c9CURIT\u00c9 AU TRAVAIL<\/strong>. L&rsquo;offre de formation a \u00e9t\u00e9 con\u00e7ue afin d&rsquo;apporter des solutions concr\u00e8tes et imm\u00e9diates aux exigences r\u00e9glementaires li\u00e9es \u00e0 la s\u00e9curit\u00e9 et \u00e0 pr\u00e9vention des risques professionnels.<\/div><\/div><\/span><\/p>\n<p><span style=\"color: #000000;\"><div class=\"rtbs  rtbs_secu-au-travail\"><div class=\"rtbs_slug\" style=\"display:none\">secu-au-travail<\/div><div class=\"rtbs_inactive_tab_background\" style=\"display:none\">transparent<\/div><div class=\"rtbs_breakpoint\" style=\"display:none\">600<\/div><div class=\"rtbs_color\" style=\"display:none\">#1874c1<\/div>\r\n        <div class=\"rtbs_menu\">\r\n            <ul>\r\n                <li class=\"mobile_toggle\">&zwnj;<\/li><li class=\"current\"><a style=\"background:#1874c1\" class=\"active secu-au-travail-tab-link-0\" href=\"#\" data-tab=\"#secu-au-travail-tab-0\">Travail en hauteur<\/a><\/li><li><a href=\"#\" data-tab=\"#secu-au-travail-tab-1\" class=\"secu-au-travail-tab-link-1\">Echafaudages<\/a><\/li><li><a href=\"#\" data-tab=\"#secu-au-travail-tab-2\" class=\"secu-au-travail-tab-link-2\">Incendie<\/a><\/li>\r\n            <\/ul>\r\n        <\/div><div style=\"border-top:7px solid #1874c1;\" id=\"secu-au-travail-tab-0\" class=\"rtbs_content active\"><p><a href=\"https:\/\/procontrol-fr.com\/fr\/nos-formations\/securite-au-travail\/travaux-et-intervention-en-hauteur\/\"><div class=\"su-service\"><div class=\"su-service-title\" style=\"padding-left:38px;min-height:24px;line-height:24px\"><i class=\"sui sui-chain\" style=\"font-size:24px;color:#333\"><\/i> Travail en hauteur<\/div><div class=\"su-service-content su-u-clearfix su-u-trim\" style=\"padding-left:38px\">Actualiser ses connaissances et ma\u00eetriser la r\u00e9glementation concernant le choix et l\u2019utilisation des \u00e9quipements de protection individuelle et des syst\u00e8mes d'arr\u00eat des chutes de fa\u00e7on \u00e0 l'int\u00e9grer dans sa pratique professionnelle.<\/div><\/div><\/a><\/p>\n<div style=\"margin-top:30px; clear:both;\"><\/div><\/div><div style=\"border-top:7px solid #1874c1;\" id=\"secu-au-travail-tab-1\" class=\"rtbs_content\"><p><a href=\"https:\/\/procontrol-fr.com\/fr\/nos-formations\/securite-au-travail\/montagedemontage-et-utilisation-des-echafaudages-fixes-et-roulants\/\"><div class=\"su-service\"><div class=\"su-service-title\" style=\"padding-left:38px;min-height:24px;line-height:24px\"><i class=\"sui sui-chain\" style=\"font-size:24px;color:#333\"><\/i> Echafaudage de pied et\/ou roulant<\/div><div class=\"su-service-content su-u-clearfix su-u-trim\" style=\"padding-left:38px\"><\/a><\/p>\n<ul>\n<li>Monter et d\u00e9monter, en s\u00e9curit\u00e9, un \u00e9chafaudage de pied et\/ou roulant<\/li>\n<\/ul>\n<p><a href=\"https:\/\/procontrol-fr.com\/fr\/nos-formations\/securite-au-travail\/montagedemontage-et-utilisation-des-echafaudages-fixes-et-roulants\/\"><\/div><\/div><\/a><\/p>\n<div style=\"margin-top:30px; clear:both;\"><\/div><\/div><div style=\"border-top:7px solid #1874c1;\" id=\"secu-au-travail-tab-2\" class=\"rtbs_content\"><p><a href=\"https:\/\/procontrol-fr.com\/fr\/nos-formations\/securite-au-travail\/manipulation-des-differents-types-dextincteurs\/\"><div class=\"su-service\"><div class=\"su-service-title\" style=\"padding-left:38px;min-height:24px;line-height:24px\"><i class=\"sui sui-chain\" style=\"font-size:24px;color:#333\"><\/i> Manipulation de diff\u00e9rents extincteurs<\/div><div class=\"su-service-content su-u-clearfix su-u-trim\" style=\"padding-left:38px\"><\/a><\/p>\n<ul>\n<li>R\u00e9agir efficacement devant un d\u00e9but d\u2019incendie.<\/li>\n<li>Acqu\u00e9rir les gestes n\u00e9cessaires \u00e0 la mise en \u0153uvre des appareils extincteurs portatifs en place dans l\u2019\u00e9tablissement.<\/li>\n<\/ul>\n<p><a href=\"https:\/\/procontrol-fr.com\/fr\/nos-formations\/securite-au-travail\/travaux-et-intervention-en-hauteur\/\"><\/div><\/div><\/a><\/p>\n<div style=\"margin-top:30px; clear:both;\"><\/div><\/div>\r\n    <\/div>\r\n    <\/span><\/p>\n","protected":false},"excerpt":{"rendered":"","protected":false},"author":1,"featured_media":0,"parent":302,"menu_order":3,"comment_status":"closed","ping_status":"closed","template":"left-sidebar.php","meta":{"footnotes":""},"class_list":["post-315","page","type-page","status-publish","hentry"],"yoast_head":"<!-- This site is optimized with the Yoast SEO plugin v27.3 - https:\/\/yoast.com\/product\/yoast-seo-wordpress\/ -->\n<title>Nos formations hygi\u00e8nes et s\u00e9curit\u00e9 au travail<\/title>\n<meta name=\"robots\" content=\"index, follow, max-snippet:-1, max-image-preview:large, max-video-preview:-1\" \/>\n<link rel=\"canonical\" href=\"https:\/\/procontrol-fr.com\/fr\/nos-formations\/securite-au-travail\/\" \/>\n<meta property=\"og:locale\" content=\"fr_FR\" \/>\n<meta property=\"og:type\" content=\"article\" \/>\n<meta property=\"og:title\" content=\"Nos formations hygi\u00e8nes et s\u00e9curit\u00e9 au travail\" \/>\n<meta property=\"og:url\" content=\"https:\/\/procontrol-fr.com\/fr\/nos-formations\/securite-au-travail\/\" \/>\n<meta property=\"og:site_name\" content=\"PROCONTROL - Bureau de Contr\u00f4le V\u00e9rificaton \u00e9lectrique Levage Formation CACES\u00ae Formation habilitation \u00e9lectrique AIPR \u00e9lectricit\u00e9 SST Sauveteur secouriste du travail SST habilitation m\u00e9canique IRVE\" \/>\n<meta property=\"article:modified_time\" content=\"2018-01-01T20:04:49+00:00\" \/>\n<meta name=\"twitter:card\" content=\"summary_large_image\" \/>\n<meta name=\"twitter:site\" content=\"@PROCONTROL_FR\" \/>\n<script type=\"application\/ld+json\" class=\"yoast-schema-graph\">{\"@context\":\"https:\\\/\\\/schema.org\",\"@graph\":[{\"@type\":\"WebPage\",\"@id\":\"https:\\\/\\\/procontrol-fr.com\\\/fr\\\/nos-formations\\\/securite-au-travail\\\/\",\"url\":\"https:\\\/\\\/procontrol-fr.com\\\/fr\\\/nos-formations\\\/securite-au-travail\\\/\",\"name\":\"Nos formations hygi\u00e8nes et s\u00e9curit\u00e9 au travail\",\"isPartOf\":{\"@id\":\"https:\\\/\\\/procontrol-fr.com\\\/fr\\\/#website\"},\"datePublished\":\"2013-03-21T20:38:14+00:00\",\"dateModified\":\"2018-01-01T20:04:49+00:00\",\"breadcrumb\":{\"@id\":\"https:\\\/\\\/procontrol-fr.com\\\/fr\\\/nos-formations\\\/securite-au-travail\\\/#breadcrumb\"},\"inLanguage\":\"fr-FR\",\"potentialAction\":[{\"@type\":\"ReadAction\",\"target\":[\"https:\\\/\\\/procontrol-fr.com\\\/fr\\\/nos-formations\\\/securite-au-travail\\\/\"]}]},{\"@type\":\"BreadcrumbList\",\"@id\":\"https:\\\/\\\/procontrol-fr.com\\\/fr\\\/nos-formations\\\/securite-au-travail\\\/#breadcrumb\",\"itemListElement\":[{\"@type\":\"ListItem\",\"position\":1,\"name\":\"Accueil\",\"item\":\"https:\\\/\\\/procontrol-fr.com\\\/fr\\\/\"},{\"@type\":\"ListItem\",\"position\":2,\"name\":\"NOS FORMATIONS\",\"item\":\"https:\\\/\\\/procontrol-fr.com\\\/fr\\\/nos-formations\\\/\"},{\"@type\":\"ListItem\",\"position\":3,\"name\":\"S\u00c9CURIT\u00c9 AU TRAVAIL\"}]},{\"@type\":\"WebSite\",\"@id\":\"https:\\\/\\\/procontrol-fr.com\\\/fr\\\/#website\",\"url\":\"https:\\\/\\\/procontrol-fr.com\\\/fr\\\/\",\"name\":\"PROCONTROL - Bureau de Contr\u00f4le, V\u00e9rification \u00e9lectrique, Levage, Formation CACES\u00ae, habilitation \u00e9lectrique, AIPR,...\",\"description\":\"\",\"publisher\":{\"@id\":\"https:\\\/\\\/procontrol-fr.com\\\/fr\\\/#organization\"},\"potentialAction\":[{\"@type\":\"SearchAction\",\"target\":{\"@type\":\"EntryPoint\",\"urlTemplate\":\"https:\\\/\\\/procontrol-fr.com\\\/fr\\\/?s={search_term_string}\"},\"query-input\":{\"@type\":\"PropertyValueSpecification\",\"valueRequired\":true,\"valueName\":\"search_term_string\"}}],\"inLanguage\":\"fr-FR\"},{\"@type\":\"Organization\",\"@id\":\"https:\\\/\\\/procontrol-fr.com\\\/fr\\\/#organization\",\"name\":\"PROCONTROL\",\"url\":\"https:\\\/\\\/procontrol-fr.com\\\/fr\\\/\",\"logo\":{\"@type\":\"ImageObject\",\"inLanguage\":\"fr-FR\",\"@id\":\"https:\\\/\\\/procontrol-fr.com\\\/fr\\\/#\\\/schema\\\/logo\\\/image\\\/\",\"url\":\"https:\\\/\\\/procontrol-fr.com\\\/fr\\\/wp-content\\\/uploads\\\/2016\\\/06\\\/LogoProcontrol.jpg\",\"contentUrl\":\"https:\\\/\\\/procontrol-fr.com\\\/fr\\\/wp-content\\\/uploads\\\/2016\\\/06\\\/LogoProcontrol.jpg\",\"width\":350,\"height\":100,\"caption\":\"PROCONTROL\"},\"image\":{\"@id\":\"https:\\\/\\\/procontrol-fr.com\\\/fr\\\/#\\\/schema\\\/logo\\\/image\\\/\"},\"sameAs\":[\"https:\\\/\\\/x.com\\\/PROCONTROL_FR\"]}]}<\/script>\n<!-- \/ Yoast SEO plugin. -->","yoast_head_json":{"title":"Nos formations hygi\u00e8nes et s\u00e9curit\u00e9 au travail","robots":{"index":"index","follow":"follow","max-snippet":"max-snippet:-1","max-image-preview":"max-image-preview:large","max-video-preview":"max-video-preview:-1"},"canonical":"https:\/\/procontrol-fr.com\/fr\/nos-formations\/securite-au-travail\/","og_locale":"fr_FR","og_type":"article","og_title":"Nos formations hygi\u00e8nes et s\u00e9curit\u00e9 au travail","og_url":"https:\/\/procontrol-fr.com\/fr\/nos-formations\/securite-au-travail\/","og_site_name":"PROCONTROL - Bureau de Contr\u00f4le V\u00e9rificaton \u00e9lectrique Levage Formation CACES\u00ae Formation habilitation \u00e9lectrique AIPR \u00e9lectricit\u00e9 SST Sauveteur secouriste du travail SST habilitation m\u00e9canique IRVE","article_modified_time":"2018-01-01T20:04:49+00:00","twitter_card":"summary_large_image","twitter_site":"@PROCONTROL_FR","schema":{"@context":"https:\/\/schema.org","@graph":[{"@type":"WebPage","@id":"https:\/\/procontrol-fr.com\/fr\/nos-formations\/securite-au-travail\/","url":"https:\/\/procontrol-fr.com\/fr\/nos-formations\/securite-au-travail\/","name":"Nos formations hygi\u00e8nes et s\u00e9curit\u00e9 au travail","isPartOf":{"@id":"https:\/\/procontrol-fr.com\/fr\/#website"},"datePublished":"2013-03-21T20:38:14+00:00","dateModified":"2018-01-01T20:04:49+00:00","breadcrumb":{"@id":"https:\/\/procontrol-fr.com\/fr\/nos-formations\/securite-au-travail\/#breadcrumb"},"inLanguage":"fr-FR","potentialAction":[{"@type":"ReadAction","target":["https:\/\/procontrol-fr.com\/fr\/nos-formations\/securite-au-travail\/"]}]},{"@type":"BreadcrumbList","@id":"https:\/\/procontrol-fr.com\/fr\/nos-formations\/securite-au-travail\/#breadcrumb","itemListElement":[{"@type":"ListItem","position":1,"name":"Accueil","item":"https:\/\/procontrol-fr.com\/fr\/"},{"@type":"ListItem","position":2,"name":"NOS FORMATIONS","item":"https:\/\/procontrol-fr.com\/fr\/nos-formations\/"},{"@type":"ListItem","position":3,"name":"S\u00c9CURIT\u00c9 AU TRAVAIL"}]},{"@type":"WebSite","@id":"https:\/\/procontrol-fr.com\/fr\/#website","url":"https:\/\/procontrol-fr.com\/fr\/","name":"PROCONTROL - Bureau de Contr\u00f4le, V\u00e9rification \u00e9lectrique, Levage, Formation CACES\u00ae, habilitation \u00e9lectrique, AIPR,...","description":"","publisher":{"@id":"https:\/\/procontrol-fr.com\/fr\/#organization"},"potentialAction":[{"@type":"SearchAction","target":{"@type":"EntryPoint","urlTemplate":"https:\/\/procontrol-fr.com\/fr\/?s={search_term_string}"},"query-input":{"@type":"PropertyValueSpecification","valueRequired":true,"valueName":"search_term_string"}}],"inLanguage":"fr-FR"},{"@type":"Organization","@id":"https:\/\/procontrol-fr.com\/fr\/#organization","name":"PROCONTROL","url":"https:\/\/procontrol-fr.com\/fr\/","logo":{"@type":"ImageObject","inLanguage":"fr-FR","@id":"https:\/\/procontrol-fr.com\/fr\/#\/schema\/logo\/image\/","url":"https:\/\/procontrol-fr.com\/fr\/wp-content\/uploads\/2016\/06\/LogoProcontrol.jpg","contentUrl":"https:\/\/procontrol-fr.com\/fr\/wp-content\/uploads\/2016\/06\/LogoProcontrol.jpg","width":350,"height":100,"caption":"PROCONTROL"},"image":{"@id":"https:\/\/procontrol-fr.com\/fr\/#\/schema\/logo\/image\/"},"sameAs":["https:\/\/x.com\/PROCONTROL_FR"]}]}},"_links":{"self":[{"href":"https:\/\/procontrol-fr.com\/fr\/wp-json\/wp\/v2\/pages\/315","targetHints":{"allow":["GET"]}}],"collection":[{"href":"https:\/\/procontrol-fr.com\/fr\/wp-json\/wp\/v2\/pages"}],"about":[{"href":"https:\/\/procontrol-fr.com\/fr\/wp-json\/wp\/v2\/types\/page"}],"author":[{"embeddable":true,"href":"https:\/\/procontrol-fr.com\/fr\/wp-json\/wp\/v2\/users\/1"}],"replies":[{"embeddable":true,"href":"https:\/\/procontrol-fr.com\/fr\/wp-json\/wp\/v2\/comments?post=315"}],"version-history":[{"count":24,"href":"https:\/\/procontrol-fr.com\/fr\/wp-json\/wp\/v2\/pages\/315\/revisions"}],"predecessor-version":[{"id":3725,"href":"https:\/\/procontrol-fr.com\/fr\/wp-json\/wp\/v2\/pages\/315\/revisions\/3725"}],"up":[{"embeddable":true,"href":"https:\/\/procontrol-fr.com\/fr\/wp-json\/wp\/v2\/pages\/302"}],"wp:attachment":[{"href":"https:\/\/procontrol-fr.com\/fr\/wp-json\/wp\/v2\/media?parent=315"}],"curies":[{"name":"wp","href":"https:\/\/api.w.org\/{rel}","templated":true}]}}