{"id":318,"date":"2013-03-21T20:39:19","date_gmt":"2013-03-21T20:39:19","guid":{"rendered":"http:\/\/procontrol-fr.com\/fr\/?page_id=318"},"modified":"2024-04-28T10:57:25","modified_gmt":"2024-04-28T09:57:25","slug":"sst","status":"publish","type":"page","link":"https:\/\/procontrol-fr.com\/fr\/nos-formations\/sst\/","title":{"rendered":"SAUVETEUR SECOURISTE DU TRAVAIL &#8211; SST"},"content":{"rendered":"\n<p class=\"has-vivid-green-cyan-color has-text-color\"><span style=\"color: #ff6600;\"><strong>La l\u00e9gislation impose \u00e0 l\u2019employeur de disposer d&rsquo;un secouriste dans chaque atelier o\u00f9 sont effectu\u00e9s des travaux dangereux et dans chaque chantier occupant 20 personnes pendant plus de 15 jours. Ce sauveteur secouriste du travail (SST) obtient un certificat \u00e0 l\u2019issue d\u2019une formation dont les modalit\u00e9s sont d\u00e9termin\u00e9es par une circulaire de la CNAMTS. <\/strong><\/span><\/p>\n\n\n\n<p>Le sauvetage secourisme ne s\u2019improvise pas. Les formations permettant d\u2019acc\u00e9der \u00e0 cette fonction apprennent en effet \u00e0 se comporter en sauveteur, \u00e0 \u00eatre vigilant, \u00e0 prendre les bonnes d\u00e9cisions\u2026 Voici un aper\u00e7u des grandes \u00e9tapes d\u2019intervention d\u2019un sauveteur secouriste du travail et les formations qui vous en apprendront plus.<\/p>\n\n\n\n<p>Un secouriste <span id=\"ttLink_1\" class=\"definition tooltipParent\" tabindex=\"0\" title=\"\"><\/span>intervient avant, pendant et apr\u00e8s la survenue d\u2019un accident du travail. Il est form\u00e9 pour porter secours et sa formation doit \u00eatre actualis\u00e9e tous les 2&nbsp;ans.<\/p>\n\n\n\n<p class=\"has-black-color has-text-color\">PROCONTROL\u00ae est un <strong>organisme de formation situ\u00e9 aux portes de Toulouse \u00e0 Garidech<\/strong>, qui propose la formation SST initiale, ainsi que le maintien et l\u2019actualisation des comp\u00e9tences du SST, au sein de notre centre de formation \u00e0 Garidech mais chez nos clients sur Toulouse, Bordeaux, Montpellier et dans toute la r\u00e9gion Occitanie.<\/p>\n\n\n\n<p class=\"has-vivid-green-cyan-color has-text-color\"><span style=\"color: #1874c1;\">PROCONTROL\u00ae est habilit\u00e9 par l&rsquo;INRS sous le num\u00e9ro 1508293\/2019\/SST-01\/O\/16 \u00e0 dispenser cette formation.<\/span><\/p>\n\n\n\n<div class=\"wp-block-buttons is-content-justification-center is-layout-flex wp-container-core-buttons-is-layout-16018d1d wp-block-buttons-is-layout-flex\">\n<div class=\"wp-block-button has-custom-font-size is-style-fill has-small-font-size\"><a class=\"wp-block-button__link has-white-color has-vivid-green-cyan-background-color has-text-color has-background wp-element-button\" href=\"https:\/\/procontrol-fr.com\/fr\/nos-formations\/sst\/formation-initiale-secouriste\/\" target=\"_blank\" rel=\"noreferrer noopener\">Programme formation <strong>Devenir SST<\/strong><\/a><\/div>\n\n\n\n<div class=\"wp-block-button has-custom-font-size is-style-fill has-small-font-size\"><a class=\"wp-block-button__link has-white-color has-vivid-green-cyan-background-color has-text-color has-background wp-element-button\" href=\"https:\/\/procontrol-fr.com\/fr\/nos-formations\/sst\/maintien-et-actualisation-des-competences-dun-secouriste\/\" target=\"_blank\" rel=\"noreferrer noopener\">Programme formation <strong>MAC SST<\/strong><\/a><\/div>\n<\/div>\n\n\n\n<p><\/p>\n\n\n\n<p>Tout salari\u00e9 du r\u00e9gime g\u00e9n\u00e9ral de la S\u00e9curit\u00e9 sociale peut \u00eatre form\u00e9, sur le lieu et pendant la dur\u00e9e du travail.<\/p>\n\n\n<div class=\"su-tabs su-tabs-style-default su-tabs-mobile-stack\" data-active=\"1\" data-scroll-offset=\"0\" data-anchor-in-url=\"no\"><div class=\"su-tabs-nav\"><span class=\"\" data-url=\"\" data-target=\"blank\" tabindex=\"0\" role=\"button\">Avant l'accident<\/span><span class=\"\" data-url=\"\" data-target=\"blank\" tabindex=\"0\" role=\"button\">Pendant l'accident<\/span><span class=\"\" data-url=\"\" data-target=\"blank\" tabindex=\"0\" role=\"button\">Apr\u00e8s l'accident<\/span><span class=\"\" data-url=\"\" data-target=\"blank\" tabindex=\"0\" role=\"button\">Le secouriste (SST) , un professionnel form\u00e9<\/span><\/div><div class=\"su-tabs-panes\"><div class=\"su-tabs-pane su-u-clearfix su-u-trim\" data-title=\"Avant l&#039;accident\">\n<p style=\"text-align: justify;\">Le sauveteur secouriste du travail&nbsp; (SST) conna\u00eet les risques propres \u00e0 son entreprise, les autres intervenants d\u2019hygi\u00e8ne et de s\u00e9curit\u00e9 de l\u2019entreprise (agents de s\u00e9curit\u00e9, infirmerie), l\u2019emplacement du mat\u00e9riel de secours (<strong>trousse de secours<\/strong>, <strong>d\u00e9fibrillateur<\/strong>\u2026). Il conna\u00eet \u00e9galement l\u2019emplacement et le contenu du <strong>registre d\u2019hygi\u00e8ne et s\u00e9curit\u00e9<\/strong>. Ce registre recueille toutes les observations relatives \u00e0 la pr\u00e9vention des risques professionnels et \u00e0 l\u2019am\u00e9lioration des conditions de travail, et chaque fois qu\u2019une personne se trouve face \u00e0 une situation d\u2019incident, d\u2019accident ou de risque.<\/p>\n<p style=\"text-align: justify;\">Surtout, le <span class=\"definition tooltipParent\" tabindex=\"0\" title=\"Sauvetage secourisme du travail ou sant\u00e9 et s\u00e9curit\u00e9 au travail\">secouriste<\/span> conna\u00eet la <strong>proc\u00e9dure interne d\u2019alerte <\/strong>aux services de secours (d\u00e9finie par l\u2019entreprise) et est capable de les alerter en leur transmettant les informations n\u00e9cessaires et suffisantes pour qu\u2019ils puissent organiser leur intervention.<\/p>\n<\/div>\n<div class=\"su-tabs-pane su-u-clearfix su-u-trim\" data-title=\"Pendant l&#039;accident\">Le <span class=\"definition tooltipParent\" tabindex=\"0\" title=\"Sauvetage secourisme du travail ou sant\u00e9 et s\u00e9curit\u00e9 au travail\">secouriste<\/span> a les comp\u00e9tences suffisantes pour se prot\u00e9ger lui-m\u00eame, la victime et autrui. Il est capable d\u2019alerter et de porter secours avec des gestes simples.<\/div>\n<div class=\"su-tabs-pane su-u-clearfix su-u-trim\" data-title=\"Apr\u00e8s l&#039;accident\">Le <span class=\"definition tooltipParent\" tabindex=\"0\" title=\"Sauvetage secourisme du travail ou sant\u00e9 et s\u00e9curit\u00e9 au travail\">secouriste<\/span> est capable d\u2019informer son responsable hi\u00e9rarchique et\/ou les personnes charg\u00e9es de pr\u00e9vention dans l\u2019entreprise ou l\u2019\u00e9tablissement de toutes les situations dangereuses rep\u00e9r\u00e9es.<\/div>\n<div class=\"su-tabs-pane su-u-clearfix su-u-trim\" data-title=\"Le secouriste (SST) , un professionnel form\u00e9\">L\u2019enseignement est dispens\u00e9 aux secouristes \u00e0 partir d\u2019un programme national d\u00e9fini par la <span class=\"definition tooltipParent\" tabindex=\"0\" title=\"Caisse nationale de l\u2019Assurance maladie des travailleurs salari\u00e9s (r\u00e9gime g\u00e9n\u00e9ral de la S\u00e9curit\u00e9 sociale)\">CNAMTS<\/span> sur proposition de l\u2019INRS. La formation <span class=\"definition tooltipParent\" tabindex=\"0\" title=\"Sauvetage secourisme du travail ou sant\u00e9 et s\u00e9curit\u00e9 au travail\">sauveteur secouriste du travail (SST)<\/span> peut \u00eatre assur\u00e9e, sous contr\u00f4le d\u2019une <span class=\"definition tooltipParent\" tabindex=\"0\" title=\"Caisse d\u2019assurance retraite et de la sant\u00e9 au travail (ex CRAM - Caisse r\u00e9gionale d\u2019Assurance maladie)\">CARSAT<\/span>, <span class=\"definition tooltipParent\" tabindex=\"0\" title=\"Caisse r\u00e9gionale d\u2019Assurance maladie (devenue CARSAT en juillet 2010, sauf la CRAMIF en Ile-de-France)\">CRAM<\/span> ou <span class=\"definition tooltipParent\" tabindex=\"0\" title=\"Caisse g\u00e9n\u00e9rale de S\u00e9curit\u00e9 sociale (caisse regroupant les services de l\u2019Assurance maladie, de l\u2019assurance retraire et de l\u2019URSSAF dans les d\u00e9partements d\u2019outre-mer)\">CGSS<\/span>, par des formateurs d\u2019entreprises ou d\u2019organismes de formation (qui sont eux-m\u00eames form\u00e9s par ces caisses, par l\u2019INRS ou d\u2019autres partenaires).<\/div><\/div><\/div>\n","protected":false},"excerpt":{"rendered":"<p>La l\u00e9gislation impose \u00e0 l\u2019employeur de disposer d&rsquo;un secouriste dans chaque atelier o\u00f9 sont effectu\u00e9s des travaux dangereux et dans chaque chantier occupant 20 personnes pendant plus de 15 jours. Ce sauveteur secouriste du travail (SST) obtient un certificat \u00e0 l\u2019issue d\u2019une formation dont les modalit\u00e9s sont d\u00e9termin\u00e9es par une circulaire de la CNAMTS. Le&#8230; <\/p>\n","protected":false},"author":1,"featured_media":3921,"parent":302,"menu_order":4,"comment_status":"closed","ping_status":"closed","template":"left-sidebar.php","meta":{"footnotes":""},"class_list":["post-318","page","type-page","status-publish","has-post-thumbnail","hentry"],"yoast_head":"<!-- This site is optimized with the Yoast SEO plugin v27.3 - https:\/\/yoast.com\/product\/yoast-seo-wordpress\/ -->\n<title>SST - Formations secourisme<\/title>\n<meta name=\"description\" content=\"Un secouriste intervient avant, pendant et apr\u00e8s la survenue d\u2019un accident du travail. Il est form\u00e9 pour porter secours et sa formation doit \u00eatre actualis\u00e9e tous les 2 ans.\" \/>\n<meta name=\"robots\" content=\"index, follow, max-snippet:-1, max-image-preview:large, max-video-preview:-1\" \/>\n<link rel=\"canonical\" href=\"https:\/\/procontrol-fr.com\/fr\/nos-formations\/sst\/\" \/>\n<meta property=\"og:locale\" content=\"fr_FR\" \/>\n<meta property=\"og:type\" content=\"article\" \/>\n<meta property=\"og:title\" content=\"SST - Formations secourisme\" \/>\n<meta property=\"og:description\" content=\"Un secouriste intervient avant, pendant et apr\u00e8s la survenue d\u2019un accident du travail. Il est form\u00e9 pour porter secours et sa formation doit \u00eatre actualis\u00e9e tous les 2 ans.\" \/>\n<meta property=\"og:url\" content=\"https:\/\/procontrol-fr.com\/fr\/nos-formations\/sst\/\" \/>\n<meta property=\"og:site_name\" content=\"PROCONTROL - Bureau de Contr\u00f4le V\u00e9rificaton \u00e9lectrique Levage Formation CACES\u00ae Formation habilitation \u00e9lectrique AIPR \u00e9lectricit\u00e9 SST Sauveteur secouriste du travail SST habilitation m\u00e9canique IRVE\" \/>\n<meta property=\"article:modified_time\" content=\"2024-04-28T09:57:25+00:00\" \/>\n<meta property=\"og:image\" content=\"https:\/\/procontrol-fr.com\/fr\/wp-content\/uploads\/2018\/01\/SECOURISME.jpg\" \/>\n\t<meta property=\"og:image:width\" content=\"1209\" \/>\n\t<meta property=\"og:image:height\" content=\"400\" \/>\n\t<meta property=\"og:image:type\" content=\"image\/jpeg\" \/>\n<meta name=\"twitter:card\" content=\"summary_large_image\" \/>\n<meta name=\"twitter:site\" content=\"@PROCONTROL_FR\" \/>\n<meta name=\"twitter:label1\" content=\"Dur\u00e9e de lecture estim\u00e9e\" \/>\n\t<meta name=\"twitter:data1\" content=\"3 minutes\" \/>\n<script type=\"application\/ld+json\" class=\"yoast-schema-graph\">{\"@context\":\"https:\\\/\\\/schema.org\",\"@graph\":[{\"@type\":\"WebPage\",\"@id\":\"https:\\\/\\\/procontrol-fr.com\\\/fr\\\/nos-formations\\\/sst\\\/\",\"url\":\"https:\\\/\\\/procontrol-fr.com\\\/fr\\\/nos-formations\\\/sst\\\/\",\"name\":\"SST - Formations secourisme\",\"isPartOf\":{\"@id\":\"https:\\\/\\\/procontrol-fr.com\\\/fr\\\/#website\"},\"primaryImageOfPage\":{\"@id\":\"https:\\\/\\\/procontrol-fr.com\\\/fr\\\/nos-formations\\\/sst\\\/#primaryimage\"},\"image\":{\"@id\":\"https:\\\/\\\/procontrol-fr.com\\\/fr\\\/nos-formations\\\/sst\\\/#primaryimage\"},\"thumbnailUrl\":\"https:\\\/\\\/procontrol-fr.com\\\/fr\\\/wp-content\\\/uploads\\\/2018\\\/01\\\/SECOURISME.jpg\",\"datePublished\":\"2013-03-21T20:39:19+00:00\",\"dateModified\":\"2024-04-28T09:57:25+00:00\",\"description\":\"Un secouriste intervient avant, pendant et apr\u00e8s la survenue d\u2019un accident du travail. Il est form\u00e9 pour porter secours et sa formation doit \u00eatre actualis\u00e9e tous les 2 ans.\",\"breadcrumb\":{\"@id\":\"https:\\\/\\\/procontrol-fr.com\\\/fr\\\/nos-formations\\\/sst\\\/#breadcrumb\"},\"inLanguage\":\"fr-FR\",\"potentialAction\":[{\"@type\":\"ReadAction\",\"target\":[\"https:\\\/\\\/procontrol-fr.com\\\/fr\\\/nos-formations\\\/sst\\\/\"]}]},{\"@type\":\"ImageObject\",\"inLanguage\":\"fr-FR\",\"@id\":\"https:\\\/\\\/procontrol-fr.com\\\/fr\\\/nos-formations\\\/sst\\\/#primaryimage\",\"url\":\"https:\\\/\\\/procontrol-fr.com\\\/fr\\\/wp-content\\\/uploads\\\/2018\\\/01\\\/SECOURISME.jpg\",\"contentUrl\":\"https:\\\/\\\/procontrol-fr.com\\\/fr\\\/wp-content\\\/uploads\\\/2018\\\/01\\\/SECOURISME.jpg\",\"width\":1209,\"height\":400,\"caption\":\"SST\"},{\"@type\":\"BreadcrumbList\",\"@id\":\"https:\\\/\\\/procontrol-fr.com\\\/fr\\\/nos-formations\\\/sst\\\/#breadcrumb\",\"itemListElement\":[{\"@type\":\"ListItem\",\"position\":1,\"name\":\"Accueil\",\"item\":\"https:\\\/\\\/procontrol-fr.com\\\/fr\\\/\"},{\"@type\":\"ListItem\",\"position\":2,\"name\":\"NOS FORMATIONS\",\"item\":\"https:\\\/\\\/procontrol-fr.com\\\/fr\\\/nos-formations\\\/\"},{\"@type\":\"ListItem\",\"position\":3,\"name\":\"SAUVETEUR SECOURISTE DU TRAVAIL &#8211; SST\"}]},{\"@type\":\"WebSite\",\"@id\":\"https:\\\/\\\/procontrol-fr.com\\\/fr\\\/#website\",\"url\":\"https:\\\/\\\/procontrol-fr.com\\\/fr\\\/\",\"name\":\"PROCONTROL - Bureau de Contr\u00f4le, V\u00e9rification \u00e9lectrique, Levage, Formation CACES\u00ae, habilitation \u00e9lectrique, AIPR,...\",\"description\":\"\",\"publisher\":{\"@id\":\"https:\\\/\\\/procontrol-fr.com\\\/fr\\\/#organization\"},\"potentialAction\":[{\"@type\":\"SearchAction\",\"target\":{\"@type\":\"EntryPoint\",\"urlTemplate\":\"https:\\\/\\\/procontrol-fr.com\\\/fr\\\/?s={search_term_string}\"},\"query-input\":{\"@type\":\"PropertyValueSpecification\",\"valueRequired\":true,\"valueName\":\"search_term_string\"}}],\"inLanguage\":\"fr-FR\"},{\"@type\":\"Organization\",\"@id\":\"https:\\\/\\\/procontrol-fr.com\\\/fr\\\/#organization\",\"name\":\"PROCONTROL\",\"url\":\"https:\\\/\\\/procontrol-fr.com\\\/fr\\\/\",\"logo\":{\"@type\":\"ImageObject\",\"inLanguage\":\"fr-FR\",\"@id\":\"https:\\\/\\\/procontrol-fr.com\\\/fr\\\/#\\\/schema\\\/logo\\\/image\\\/\",\"url\":\"https:\\\/\\\/procontrol-fr.com\\\/fr\\\/wp-content\\\/uploads\\\/2016\\\/06\\\/LogoProcontrol.jpg\",\"contentUrl\":\"https:\\\/\\\/procontrol-fr.com\\\/fr\\\/wp-content\\\/uploads\\\/2016\\\/06\\\/LogoProcontrol.jpg\",\"width\":350,\"height\":100,\"caption\":\"PROCONTROL\"},\"image\":{\"@id\":\"https:\\\/\\\/procontrol-fr.com\\\/fr\\\/#\\\/schema\\\/logo\\\/image\\\/\"},\"sameAs\":[\"https:\\\/\\\/x.com\\\/PROCONTROL_FR\"]}]}<\/script>\n<!-- \/ Yoast SEO plugin. -->","yoast_head_json":{"title":"SST - Formations secourisme","description":"Un secouriste intervient avant, pendant et apr\u00e8s la survenue d\u2019un accident du travail. Il est form\u00e9 pour porter secours et sa formation doit \u00eatre actualis\u00e9e tous les 2 ans.","robots":{"index":"index","follow":"follow","max-snippet":"max-snippet:-1","max-image-preview":"max-image-preview:large","max-video-preview":"max-video-preview:-1"},"canonical":"https:\/\/procontrol-fr.com\/fr\/nos-formations\/sst\/","og_locale":"fr_FR","og_type":"article","og_title":"SST - Formations secourisme","og_description":"Un secouriste intervient avant, pendant et apr\u00e8s la survenue d\u2019un accident du travail. Il est form\u00e9 pour porter secours et sa formation doit \u00eatre actualis\u00e9e tous les 2 ans.","og_url":"https:\/\/procontrol-fr.com\/fr\/nos-formations\/sst\/","og_site_name":"PROCONTROL - Bureau de Contr\u00f4le V\u00e9rificaton \u00e9lectrique Levage Formation CACES\u00ae Formation habilitation \u00e9lectrique AIPR \u00e9lectricit\u00e9 SST Sauveteur secouriste du travail SST habilitation m\u00e9canique IRVE","article_modified_time":"2024-04-28T09:57:25+00:00","og_image":[{"width":1209,"height":400,"url":"https:\/\/procontrol-fr.com\/fr\/wp-content\/uploads\/2018\/01\/SECOURISME.jpg","type":"image\/jpeg"}],"twitter_card":"summary_large_image","twitter_site":"@PROCONTROL_FR","twitter_misc":{"Dur\u00e9e de lecture estim\u00e9e":"3 minutes"},"schema":{"@context":"https:\/\/schema.org","@graph":[{"@type":"WebPage","@id":"https:\/\/procontrol-fr.com\/fr\/nos-formations\/sst\/","url":"https:\/\/procontrol-fr.com\/fr\/nos-formations\/sst\/","name":"SST - Formations secourisme","isPartOf":{"@id":"https:\/\/procontrol-fr.com\/fr\/#website"},"primaryImageOfPage":{"@id":"https:\/\/procontrol-fr.com\/fr\/nos-formations\/sst\/#primaryimage"},"image":{"@id":"https:\/\/procontrol-fr.com\/fr\/nos-formations\/sst\/#primaryimage"},"thumbnailUrl":"https:\/\/procontrol-fr.com\/fr\/wp-content\/uploads\/2018\/01\/SECOURISME.jpg","datePublished":"2013-03-21T20:39:19+00:00","dateModified":"2024-04-28T09:57:25+00:00","description":"Un secouriste intervient avant, pendant et apr\u00e8s la survenue d\u2019un accident du travail. Il est form\u00e9 pour porter secours et sa formation doit \u00eatre actualis\u00e9e tous les 2 ans.","breadcrumb":{"@id":"https:\/\/procontrol-fr.com\/fr\/nos-formations\/sst\/#breadcrumb"},"inLanguage":"fr-FR","potentialAction":[{"@type":"ReadAction","target":["https:\/\/procontrol-fr.com\/fr\/nos-formations\/sst\/"]}]},{"@type":"ImageObject","inLanguage":"fr-FR","@id":"https:\/\/procontrol-fr.com\/fr\/nos-formations\/sst\/#primaryimage","url":"https:\/\/procontrol-fr.com\/fr\/wp-content\/uploads\/2018\/01\/SECOURISME.jpg","contentUrl":"https:\/\/procontrol-fr.com\/fr\/wp-content\/uploads\/2018\/01\/SECOURISME.jpg","width":1209,"height":400,"caption":"SST"},{"@type":"BreadcrumbList","@id":"https:\/\/procontrol-fr.com\/fr\/nos-formations\/sst\/#breadcrumb","itemListElement":[{"@type":"ListItem","position":1,"name":"Accueil","item":"https:\/\/procontrol-fr.com\/fr\/"},{"@type":"ListItem","position":2,"name":"NOS FORMATIONS","item":"https:\/\/procontrol-fr.com\/fr\/nos-formations\/"},{"@type":"ListItem","position":3,"name":"SAUVETEUR SECOURISTE DU TRAVAIL &#8211; SST"}]},{"@type":"WebSite","@id":"https:\/\/procontrol-fr.com\/fr\/#website","url":"https:\/\/procontrol-fr.com\/fr\/","name":"PROCONTROL - Bureau de Contr\u00f4le, V\u00e9rification \u00e9lectrique, Levage, Formation CACES\u00ae, habilitation \u00e9lectrique, AIPR,...","description":"","publisher":{"@id":"https:\/\/procontrol-fr.com\/fr\/#organization"},"potentialAction":[{"@type":"SearchAction","target":{"@type":"EntryPoint","urlTemplate":"https:\/\/procontrol-fr.com\/fr\/?s={search_term_string}"},"query-input":{"@type":"PropertyValueSpecification","valueRequired":true,"valueName":"search_term_string"}}],"inLanguage":"fr-FR"},{"@type":"Organization","@id":"https:\/\/procontrol-fr.com\/fr\/#organization","name":"PROCONTROL","url":"https:\/\/procontrol-fr.com\/fr\/","logo":{"@type":"ImageObject","inLanguage":"fr-FR","@id":"https:\/\/procontrol-fr.com\/fr\/#\/schema\/logo\/image\/","url":"https:\/\/procontrol-fr.com\/fr\/wp-content\/uploads\/2016\/06\/LogoProcontrol.jpg","contentUrl":"https:\/\/procontrol-fr.com\/fr\/wp-content\/uploads\/2016\/06\/LogoProcontrol.jpg","width":350,"height":100,"caption":"PROCONTROL"},"image":{"@id":"https:\/\/procontrol-fr.com\/fr\/#\/schema\/logo\/image\/"},"sameAs":["https:\/\/x.com\/PROCONTROL_FR"]}]}},"_links":{"self":[{"href":"https:\/\/procontrol-fr.com\/fr\/wp-json\/wp\/v2\/pages\/318","targetHints":{"allow":["GET"]}}],"collection":[{"href":"https:\/\/procontrol-fr.com\/fr\/wp-json\/wp\/v2\/pages"}],"about":[{"href":"https:\/\/procontrol-fr.com\/fr\/wp-json\/wp\/v2\/types\/page"}],"author":[{"embeddable":true,"href":"https:\/\/procontrol-fr.com\/fr\/wp-json\/wp\/v2\/users\/1"}],"replies":[{"embeddable":true,"href":"https:\/\/procontrol-fr.com\/fr\/wp-json\/wp\/v2\/comments?post=318"}],"version-history":[{"count":43,"href":"https:\/\/procontrol-fr.com\/fr\/wp-json\/wp\/v2\/pages\/318\/revisions"}],"predecessor-version":[{"id":5372,"href":"https:\/\/procontrol-fr.com\/fr\/wp-json\/wp\/v2\/pages\/318\/revisions\/5372"}],"up":[{"embeddable":true,"href":"https:\/\/procontrol-fr.com\/fr\/wp-json\/wp\/v2\/pages\/302"}],"wp:featuredmedia":[{"embeddable":true,"href":"https:\/\/procontrol-fr.com\/fr\/wp-json\/wp\/v2\/media\/3921"}],"wp:attachment":[{"href":"https:\/\/procontrol-fr.com\/fr\/wp-json\/wp\/v2\/media?parent=318"}],"curies":[{"name":"wp","href":"https:\/\/api.w.org\/{rel}","templated":true}]}}