{"id":3498,"date":"2017-09-13T15:47:13","date_gmt":"2017-09-13T14:47:13","guid":{"rendered":"http:\/\/procontrol-fr.com\/fr\/?page_id=3498"},"modified":"2024-04-28T10:11:53","modified_gmt":"2024-04-28T09:11:53","slug":"aipr","status":"publish","type":"page","link":"https:\/\/procontrol-fr.com\/fr\/nos-formations\/aipr\/","title":{"rendered":"AIPR &#8211; Autorisation d\u2019Intervention \u00e0 Proximit\u00e9 des R\u00e9seaux"},"content":{"rendered":"<div class=\"su-service\"><div class=\"su-service-title\" style=\"padding-left:54px;min-height:40px;line-height:40px\"><i class=\"sui sui-hand-o-right\" style=\"font-size:40px;color:#FE9A2E\"><\/i> A compter du 1er janvier 2018, tout salari\u00e9 intervenant dans la pr\u00e9paration ou l\u2019ex\u00e9cution de travaux \u00e0 proximit\u00e9 de r\u00e9seaux (lignes \u00e9lectriques, canalisations de gaz, d\u2019eau, fibres optiques\u2026), devra \u00eatre en possession d\u2019une Autorisation d\u2019Intervention \u00e0 Proximit\u00e9 des R\u00e9seaux (AIPR) d\u00e9livr\u00e9e par son employeur.<\/div><div class=\"su-service-content su-u-clearfix su-u-trim\" style=\"padding-left:54px\"><\/div><\/div>\n<div class=\"rtbs  rtbs_aipr\"><div class=\"rtbs_slug\" style=\"display:none\">aipr<\/div><div class=\"rtbs_inactive_tab_background\" style=\"display:none\">transparent<\/div><div class=\"rtbs_breakpoint\" style=\"display:none\">600<\/div><div class=\"rtbs_color\" style=\"display:none\">#1874c1<\/div>\r\n        <div class=\"rtbs_menu\">\r\n            <ul>\r\n                <li class=\"mobile_toggle\">&zwnj;<\/li><li class=\"current\"><a style=\"background:#1874c1\" class=\"active aipr-tab-link-0\" href=\"#\" data-tab=\"#aipr-tab-0\">AIPR c\u2019est quoi ?<\/a><\/li><li><a href=\"#\" data-tab=\"#aipr-tab-1\" class=\"aipr-tab-link-1\">Je suis concern\u00e9 ?<\/a><\/li><li><a href=\"#\" data-tab=\"#aipr-tab-2\" class=\"aipr-tab-link-2\">Comment passer le QCM AIPR ?<\/a><\/li><li><a href=\"#\" data-tab=\"#aipr-tab-3\" class=\"aipr-tab-link-3\">Comment se d\u00e9roule le QCM AIPR ?<\/a><\/li>\r\n            <\/ul>\r\n        <\/div><div style=\"border-top:7px solid #1874c1;\" id=\"aipr-tab-0\" class=\"rtbs_content active\"><p>Cette obligation r\u00e9sulte des dispositions de l\u2019article R. 554-31 du code de l\u2019environnement et des articles 20 \u00e0 22 et article 25 de l\u2019arr\u00eat\u00e9 du 15 f\u00e9vrier 2012 modifi\u00e9 qui pr\u00e9cisent les conditions de d\u00e9livrance de l\u2019<acronym title=\"Autorisation d\u2019Intervention \u00e0 Proximit\u00e9 des R\u00e9seaux\">AIPR<\/acronym>. <em>L\u2019employeur d\u00e9livre l\u2019AIPR en se fondant sur au moins l\u2019un des modes suivants de preuve des comp\u00e9tences de son salari\u00e9 :<\/em><\/p>\n<ol>\n<li><em> un <strong><acronym title=\"Certificat de Conduite En S\u00e9curit\u00e9\">CACES\u00ae<\/acronym> <\/strong>en cours de validit\u00e9 prenant en compte la r\u00e9forme anti-endommagement, pour les conducteurs d\u2019engins de travaux publics (pelles, foreuses, trancheuses, camions aspirateurs, grues, nacelles, chariots \u00e9l\u00e9vateurs\u2026) ;<\/em><\/li>\n<li><em><strong>un titre<\/strong>, <strong>dipl\u00f4me<\/strong>, <strong>certificat de qualification professionnelle<\/strong>, des secteurs du b\u00e2timent et des travaux publics ou des secteurs connexes, datant de moins de 5 ans et prenant en compte la r\u00e9forme anti-endommagement figurant dans une liste d\u00e9finie par arr\u00eat\u00e9 minist\u00e9riel (<a href=\"https:\/\/www.legifrance.gouv.fr\/affichTexte.do?cidTexte=JORFTEXT000037737749&amp;dateTexte=&amp;categorieLien=id\" target=\"_blank\" rel=\"noopener\">Arr\u00eat\u00e9 du 29 octobre 2018<\/a>\u00a0et\u00a0<a href=\"https:\/\/www.legifrance.gouv.fr\/affichTexte.do;jsessionid=146AC5CC186A9631EAB978868715583F.tplgfr38s_3?cidTexte=JORFTEXT000037879257&amp;dateTexte=&amp;oldAction=rechJO&amp;categorieLien=id&amp;idJO=JORFCONT000037879199\" target=\"_blank\" rel=\"noopener\">Arr\u00eat\u00e9 du 18 d\u00e9cembre 2018<\/a>\u00a0) ;<\/em><\/li>\n<li><em>une <strong>attestation de comp\u00e9tences<\/strong> d\u00e9livr\u00e9e apr\u00e8s <strong><span style=\"color: #ff6600\">un examen par QCM<\/span><\/strong> encadr\u00e9 par l\u2019\u00c9tat, et datant de moins de 5 ans ;<\/em><\/li>\n<li><em>dans le cas de travaux strictement a\u00e9riens et sans impact sur les r\u00e9seaux souterrains, <strong>une habilitation \u00e9lectrique<\/strong> ;<br \/><\/em><\/li>\n<li><em>tout <strong>titre<\/strong>, <strong>dipl\u00f4me<\/strong> ou <strong>certificat<\/strong> de port\u00e9e \u00e9quivalente \u00e0 l'un des 4 ci-dessus d\u00e9livr\u00e9 dans un autre \u00c9tat membre de l'Union europ\u00e9enne.<\/em><\/li>\n<\/ol>\n<p>L\u2019arr\u00eat\u00e9 du 22\/12\/2015 encadre quant \u00e0 lui les modalit\u00e9s de l\u2019examen qui repose sur QCM en ligne mis en place par le Minist\u00e8re de l\u2019Environnement, de l\u2019\u00c9nergie et de la Mer (MEEM).<\/p>\n<div style=\"margin-top:30px; clear:both;\"><\/div><\/div><div style=\"border-top:7px solid #1874c1;\" id=\"aipr-tab-1\" class=\"rtbs_content\"><p>Trois cat\u00e9gories de personnes doivent disposer d\u2019une AIPR :<\/p>\n<ul>\n<li><em><a href=\"https:\/\/procontrol-fr.com\/fr\/nos-formations\/aipr\/qcm-aipr-concepteur\/\"><strong><span style=\"color: #00ccff\">concepteur<\/span><\/strong><\/a> : salari\u00e9 du ma\u00eetre d\u2019ouvrage ou du ma\u00eetre d\u2019\u0153uvre devant intervenir en pr\u00e9paration ou suivi des projets de travaux.<\/em><\/li>\n<li><em><span style=\"color: #00ccff\"><a style=\"color: #00ccff\" href=\"https:\/\/procontrol-fr.com\/fr\/nos-formations\/aipr\/qcm-aipr-encadrant\/\"><strong>encadrant<\/strong><\/a><\/span> : salari\u00e9 de l\u2019entreprise de travaux intervenant en pr\u00e9paration administrative et technique des travaux.<\/em><\/li>\n<li><em><a href=\"https:\/\/procontrol-fr.com\/fr\/qcm-aipr-operateur\/\"><strong><span style=\"color: #00ccff\">op\u00e9rateur<\/span><\/strong><\/a> : salari\u00e9 intervenant directement dans les travaux \u00e0 proximit\u00e9 des r\u00e9seaux a\u00e9riens ou enterr\u00e9s, soit en tant qu\u2019op\u00e9rateur d\u2019engin, soit dans le cadre de travaux urgents.<\/em><\/li>\n<\/ul>\n<p><em>Pour le secteur Carri\u00e8res et Mat\u00e9riaux de construction, les <span style=\"color: #ff6600\"><strong>conducteurs de camions pompes et de tapis \u00e0 b\u00e9ton sont en premier lieu concern\u00e9s par cette obligation en tant qu\u2019op\u00e9rateur<\/strong><\/span>. Ils devront, d\u2019ici le 1<sup>er<\/sup> janvier 2018, obtenir une attestation de comp\u00e9tences en passant l\u2019examen.<\/em><\/p>\n<div style=\"margin-top:30px; clear:both;\"><\/div><\/div><div style=\"border-top:7px solid #1874c1;\" id=\"aipr-tab-2\" class=\"rtbs_content\"><p><strong>PROCONTROL est agr\u00e9\u00e9 par le MEEM en tant que centre d\u2019examen\u00a0<\/strong>pour le passage des QCM AIPR et organise des sessions d\u2019examen, avec ou sans formation pr\u00e9alable, en intra et en interentreprises.<\/p>\n<div style=\"margin-top:30px; clear:both;\"><\/div><\/div><div style=\"border-top:7px solid #1874c1;\" id=\"aipr-tab-3\" class=\"rtbs_content\"><p>Le QCM AIPR est r\u00e9alis\u00e9 en ligne, sur la plateforme mise en place par le Minist\u00e8re de l\u2019Environnement, de l\u2019\u00c9nergie et de la Mer. Un code d\u2019acc\u00e8s unique est communiqu\u00e9 par le formateur \u00e0 chaque candidat pour lui permettre de passer le QCM. Les questions du QCM font partie d\u2019un ensemble de 178 questions \u00e9labor\u00e9es par un comit\u00e9 de pilotage national. L\u2019examen pour les profils \u00ab concepteur \u00bb et \u00ab encadrant \u00bb comprend 40 questions, celui pour le profil \u00ab op\u00e9rateur \u00bb comprend 30 questions. La r\u00e9ponse \u00e0 chaque question d\u00e9termine un score selon les crit\u00e8res suivants :<\/p>\n<ul>\n<li>r\u00e9ponse bonne : + 2 points<\/li>\n<li>r\u00e9ponse \u00ab\u00a0je ne sais pas\u00a0\u00bb : 0 point<\/li>\n<li>r\u00e9ponse fausse \u00e0 une question ordinaire : \u2013 1 point<\/li>\n<li>r\u00e9ponse fausse \u00e0 une question prioritaire : \u2013 5 points<\/li>\n<\/ul>\n<p>Le score minimal pour r\u00e9ussir \u00e0 l\u2019examen \u00ab\u00a0concepteur\u00a0\u00bb ou \u00ab\u00a0encadrant\u00a0\u00bb : 48 points (le score maximal possible \u00e9tant de 80 points) Le score minimal pour r\u00e9ussir \u00e0 l\u2019examen \u00ab\u00a0op\u00e9rateur\u00a0\u00bb : 36 points (le score maximal possible \u00e9tant de 60 points) Les QCM sont susceptibles, au fil des ans, de conna\u00eetre des ajouts et modifications approuv\u00e9s par le comit\u00e9 de pilotage national r\u00e9uni \u00e0 l\u2019initiative du MEEM.<\/p>\n<div style=\"margin-top:30px; clear:both;\"><\/div><\/div>\r\n    <\/div>\r\n    \n<div class=\"su-box su-box-style-default\" id=\"\" style=\"border-color:#b22b00;border-radius:3px;max-width:none\"><div class=\"su-box-title\" style=\"background-color:#e55e2f;color:#FFFFFF;border-top-left-radius:1px;border-top-right-radius:1px\">Nota :<\/div><div class=\"su-box-content su-u-clearfix su-u-trim\" style=\"border-bottom-left-radius:1px;border-bottom-right-radius:1px\">Dans le cas d\u2019un personnel int\u00e9rimaire, l\u2019AIPR est d\u00e9livr\u00e9e par l\u2019employeur, en l\u2019occurrence la soci\u00e9t\u00e9 de travail temporaire. N\u00e9anmoins, dans le cadre contractuel sp\u00e9cifique au travail temporaire, il est admis que l\u2019AIPR puisse \u00eatre d\u00e9livr\u00e9e par l\u2019entreprise utilisatrice qui dispose des moyens pratiques pour appr\u00e9cier les comp\u00e9tences du travailleur. A cet effet, l\u2019entreprise de travail temporaire, en charge d\u2019\u00e9tablir le contrat de mise \u00e0 disposition, lui transmet les informations utiles sur la qualification du travailleur, ainsi que les pi\u00e8ces justificatives n\u00e9cessaires (mode de preuve notamment).<\/div><\/div>\n","protected":false},"excerpt":{"rendered":"","protected":false},"author":1,"featured_media":0,"parent":302,"menu_order":0,"comment_status":"closed","ping_status":"closed","template":"full-width.php","meta":{"footnotes":""},"class_list":["post-3498","page","type-page","status-publish","hentry"],"yoast_head":"<!-- This site is optimized with the Yoast SEO plugin v27.3 - https:\/\/yoast.com\/product\/yoast-seo-wordpress\/ -->\n<title>Formation AIPR - Autorisation d\u2019Intervention \u00e0 Proximit\u00e9 des R\u00e9seaux - PROCONTROL - Bureau de Contr\u00f4le V\u00e9rificaton \u00e9lectrique Levage Formation CACES\u00ae Formation habilitation \u00e9lectrique AIPR \u00e9lectricit\u00e9 SST Sauveteur secouriste du travail SST habilitation m\u00e9canique IRVE<\/title>\n<meta name=\"description\" content=\"Tout salari\u00e9 intervenant dans la pr\u00e9paration ou l\u2019ex\u00e9cution de travaux \u00e0 proximit\u00e9 de r\u00e9seaux (lignes \u00e9lectriques, canalisations de gaz, d\u2019eau, fibres optiques\u2026), doit \u00eatre en possession d\u2019une Autorisation d\u2019Intervention \u00e0 Proximit\u00e9 des R\u00e9seaux (AIPR) d\u00e9livr\u00e9e par son employeur.\" \/>\n<meta name=\"robots\" content=\"index, follow, max-snippet:-1, max-image-preview:large, max-video-preview:-1\" \/>\n<link rel=\"canonical\" href=\"https:\/\/procontrol-fr.com\/fr\/nos-formations\/aipr\/\" \/>\n<meta property=\"og:locale\" content=\"fr_FR\" \/>\n<meta property=\"og:type\" content=\"article\" \/>\n<meta property=\"og:title\" content=\"Formation AIPR - Autorisation d\u2019Intervention \u00e0 Proximit\u00e9 des R\u00e9seaux - PROCONTROL - Bureau de Contr\u00f4le V\u00e9rificaton \u00e9lectrique Levage Formation CACES\u00ae Formation habilitation \u00e9lectrique AIPR \u00e9lectricit\u00e9 SST Sauveteur secouriste du travail SST habilitation m\u00e9canique IRVE\" \/>\n<meta property=\"og:description\" content=\"Tout salari\u00e9 intervenant dans la pr\u00e9paration ou l\u2019ex\u00e9cution de travaux \u00e0 proximit\u00e9 de r\u00e9seaux (lignes \u00e9lectriques, canalisations de gaz, d\u2019eau, fibres optiques\u2026), doit \u00eatre en possession d\u2019une Autorisation d\u2019Intervention \u00e0 Proximit\u00e9 des R\u00e9seaux (AIPR) d\u00e9livr\u00e9e par son employeur.\" \/>\n<meta property=\"og:url\" content=\"https:\/\/procontrol-fr.com\/fr\/nos-formations\/aipr\/\" \/>\n<meta property=\"og:site_name\" content=\"PROCONTROL - Bureau de Contr\u00f4le V\u00e9rificaton \u00e9lectrique Levage Formation CACES\u00ae Formation habilitation \u00e9lectrique AIPR \u00e9lectricit\u00e9 SST Sauveteur secouriste du travail SST habilitation m\u00e9canique IRVE\" \/>\n<meta property=\"article:modified_time\" content=\"2024-04-28T09:11:53+00:00\" \/>\n<meta name=\"twitter:card\" content=\"summary_large_image\" \/>\n<meta name=\"twitter:site\" content=\"@PROCONTROL_FR\" \/>\n<meta name=\"twitter:label1\" content=\"Dur\u00e9e de lecture estim\u00e9e\" \/>\n\t<meta name=\"twitter:data1\" content=\"1 minute\" \/>\n<script type=\"application\/ld+json\" class=\"yoast-schema-graph\">{\"@context\":\"https:\\\/\\\/schema.org\",\"@graph\":[{\"@type\":\"WebPage\",\"@id\":\"https:\\\/\\\/procontrol-fr.com\\\/fr\\\/nos-formations\\\/aipr\\\/\",\"url\":\"https:\\\/\\\/procontrol-fr.com\\\/fr\\\/nos-formations\\\/aipr\\\/\",\"name\":\"Formation AIPR - Autorisation d\u2019Intervention \u00e0 Proximit\u00e9 des R\u00e9seaux - PROCONTROL - Bureau de Contr\u00f4le V\u00e9rificaton \u00e9lectrique Levage Formation CACES\u00ae Formation habilitation \u00e9lectrique AIPR \u00e9lectricit\u00e9 SST Sauveteur secouriste du travail SST habilitation m\u00e9canique IRVE\",\"isPartOf\":{\"@id\":\"https:\\\/\\\/procontrol-fr.com\\\/fr\\\/#website\"},\"datePublished\":\"2017-09-13T14:47:13+00:00\",\"dateModified\":\"2024-04-28T09:11:53+00:00\",\"description\":\"Tout salari\u00e9 intervenant dans la pr\u00e9paration ou l\u2019ex\u00e9cution de travaux \u00e0 proximit\u00e9 de r\u00e9seaux (lignes \u00e9lectriques, canalisations de gaz, d\u2019eau, fibres optiques\u2026), doit \u00eatre en possession d\u2019une Autorisation d\u2019Intervention \u00e0 Proximit\u00e9 des R\u00e9seaux (AIPR) d\u00e9livr\u00e9e par son employeur.\",\"breadcrumb\":{\"@id\":\"https:\\\/\\\/procontrol-fr.com\\\/fr\\\/nos-formations\\\/aipr\\\/#breadcrumb\"},\"inLanguage\":\"fr-FR\",\"potentialAction\":[{\"@type\":\"ReadAction\",\"target\":[\"https:\\\/\\\/procontrol-fr.com\\\/fr\\\/nos-formations\\\/aipr\\\/\"]}]},{\"@type\":\"BreadcrumbList\",\"@id\":\"https:\\\/\\\/procontrol-fr.com\\\/fr\\\/nos-formations\\\/aipr\\\/#breadcrumb\",\"itemListElement\":[{\"@type\":\"ListItem\",\"position\":1,\"name\":\"Accueil\",\"item\":\"https:\\\/\\\/procontrol-fr.com\\\/fr\\\/\"},{\"@type\":\"ListItem\",\"position\":2,\"name\":\"NOS FORMATIONS\",\"item\":\"https:\\\/\\\/procontrol-fr.com\\\/fr\\\/nos-formations\\\/\"},{\"@type\":\"ListItem\",\"position\":3,\"name\":\"AIPR &#8211; Autorisation d\u2019Intervention \u00e0 Proximit\u00e9 des R\u00e9seaux\"}]},{\"@type\":\"WebSite\",\"@id\":\"https:\\\/\\\/procontrol-fr.com\\\/fr\\\/#website\",\"url\":\"https:\\\/\\\/procontrol-fr.com\\\/fr\\\/\",\"name\":\"PROCONTROL - Bureau de Contr\u00f4le, V\u00e9rification \u00e9lectrique, Levage, Formation CACES\u00ae, habilitation \u00e9lectrique, AIPR,...\",\"description\":\"\",\"publisher\":{\"@id\":\"https:\\\/\\\/procontrol-fr.com\\\/fr\\\/#organization\"},\"potentialAction\":[{\"@type\":\"SearchAction\",\"target\":{\"@type\":\"EntryPoint\",\"urlTemplate\":\"https:\\\/\\\/procontrol-fr.com\\\/fr\\\/?s={search_term_string}\"},\"query-input\":{\"@type\":\"PropertyValueSpecification\",\"valueRequired\":true,\"valueName\":\"search_term_string\"}}],\"inLanguage\":\"fr-FR\"},{\"@type\":\"Organization\",\"@id\":\"https:\\\/\\\/procontrol-fr.com\\\/fr\\\/#organization\",\"name\":\"PROCONTROL\",\"url\":\"https:\\\/\\\/procontrol-fr.com\\\/fr\\\/\",\"logo\":{\"@type\":\"ImageObject\",\"inLanguage\":\"fr-FR\",\"@id\":\"https:\\\/\\\/procontrol-fr.com\\\/fr\\\/#\\\/schema\\\/logo\\\/image\\\/\",\"url\":\"https:\\\/\\\/procontrol-fr.com\\\/fr\\\/wp-content\\\/uploads\\\/2016\\\/06\\\/LogoProcontrol.jpg\",\"contentUrl\":\"https:\\\/\\\/procontrol-fr.com\\\/fr\\\/wp-content\\\/uploads\\\/2016\\\/06\\\/LogoProcontrol.jpg\",\"width\":350,\"height\":100,\"caption\":\"PROCONTROL\"},\"image\":{\"@id\":\"https:\\\/\\\/procontrol-fr.com\\\/fr\\\/#\\\/schema\\\/logo\\\/image\\\/\"},\"sameAs\":[\"https:\\\/\\\/x.com\\\/PROCONTROL_FR\"]}]}<\/script>\n<!-- \/ Yoast SEO plugin. -->","yoast_head_json":{"title":"Formation AIPR - Autorisation d\u2019Intervention \u00e0 Proximit\u00e9 des R\u00e9seaux - PROCONTROL - Bureau de Contr\u00f4le V\u00e9rificaton \u00e9lectrique Levage Formation CACES\u00ae Formation habilitation \u00e9lectrique AIPR \u00e9lectricit\u00e9 SST Sauveteur secouriste du travail SST habilitation m\u00e9canique IRVE","description":"Tout salari\u00e9 intervenant dans la pr\u00e9paration ou l\u2019ex\u00e9cution de travaux \u00e0 proximit\u00e9 de r\u00e9seaux (lignes \u00e9lectriques, canalisations de gaz, d\u2019eau, fibres optiques\u2026), doit \u00eatre en possession d\u2019une Autorisation d\u2019Intervention \u00e0 Proximit\u00e9 des R\u00e9seaux (AIPR) d\u00e9livr\u00e9e par son employeur.","robots":{"index":"index","follow":"follow","max-snippet":"max-snippet:-1","max-image-preview":"max-image-preview:large","max-video-preview":"max-video-preview:-1"},"canonical":"https:\/\/procontrol-fr.com\/fr\/nos-formations\/aipr\/","og_locale":"fr_FR","og_type":"article","og_title":"Formation AIPR - Autorisation d\u2019Intervention \u00e0 Proximit\u00e9 des R\u00e9seaux - PROCONTROL - Bureau de Contr\u00f4le V\u00e9rificaton \u00e9lectrique Levage Formation CACES\u00ae Formation habilitation \u00e9lectrique AIPR \u00e9lectricit\u00e9 SST Sauveteur secouriste du travail SST habilitation m\u00e9canique IRVE","og_description":"Tout salari\u00e9 intervenant dans la pr\u00e9paration ou l\u2019ex\u00e9cution de travaux \u00e0 proximit\u00e9 de r\u00e9seaux (lignes \u00e9lectriques, canalisations de gaz, d\u2019eau, fibres optiques\u2026), doit \u00eatre en possession d\u2019une Autorisation d\u2019Intervention \u00e0 Proximit\u00e9 des R\u00e9seaux (AIPR) d\u00e9livr\u00e9e par son employeur.","og_url":"https:\/\/procontrol-fr.com\/fr\/nos-formations\/aipr\/","og_site_name":"PROCONTROL - Bureau de Contr\u00f4le V\u00e9rificaton \u00e9lectrique Levage Formation CACES\u00ae Formation habilitation \u00e9lectrique AIPR \u00e9lectricit\u00e9 SST Sauveteur secouriste du travail SST habilitation m\u00e9canique IRVE","article_modified_time":"2024-04-28T09:11:53+00:00","twitter_card":"summary_large_image","twitter_site":"@PROCONTROL_FR","twitter_misc":{"Dur\u00e9e de lecture estim\u00e9e":"1 minute"},"schema":{"@context":"https:\/\/schema.org","@graph":[{"@type":"WebPage","@id":"https:\/\/procontrol-fr.com\/fr\/nos-formations\/aipr\/","url":"https:\/\/procontrol-fr.com\/fr\/nos-formations\/aipr\/","name":"Formation AIPR - Autorisation d\u2019Intervention \u00e0 Proximit\u00e9 des R\u00e9seaux - PROCONTROL - Bureau de Contr\u00f4le V\u00e9rificaton \u00e9lectrique Levage Formation CACES\u00ae Formation habilitation \u00e9lectrique AIPR \u00e9lectricit\u00e9 SST Sauveteur secouriste du travail SST habilitation m\u00e9canique IRVE","isPartOf":{"@id":"https:\/\/procontrol-fr.com\/fr\/#website"},"datePublished":"2017-09-13T14:47:13+00:00","dateModified":"2024-04-28T09:11:53+00:00","description":"Tout salari\u00e9 intervenant dans la pr\u00e9paration ou l\u2019ex\u00e9cution de travaux \u00e0 proximit\u00e9 de r\u00e9seaux (lignes \u00e9lectriques, canalisations de gaz, d\u2019eau, fibres optiques\u2026), doit \u00eatre en possession d\u2019une Autorisation d\u2019Intervention \u00e0 Proximit\u00e9 des R\u00e9seaux (AIPR) d\u00e9livr\u00e9e par son employeur.","breadcrumb":{"@id":"https:\/\/procontrol-fr.com\/fr\/nos-formations\/aipr\/#breadcrumb"},"inLanguage":"fr-FR","potentialAction":[{"@type":"ReadAction","target":["https:\/\/procontrol-fr.com\/fr\/nos-formations\/aipr\/"]}]},{"@type":"BreadcrumbList","@id":"https:\/\/procontrol-fr.com\/fr\/nos-formations\/aipr\/#breadcrumb","itemListElement":[{"@type":"ListItem","position":1,"name":"Accueil","item":"https:\/\/procontrol-fr.com\/fr\/"},{"@type":"ListItem","position":2,"name":"NOS FORMATIONS","item":"https:\/\/procontrol-fr.com\/fr\/nos-formations\/"},{"@type":"ListItem","position":3,"name":"AIPR &#8211; Autorisation d\u2019Intervention \u00e0 Proximit\u00e9 des R\u00e9seaux"}]},{"@type":"WebSite","@id":"https:\/\/procontrol-fr.com\/fr\/#website","url":"https:\/\/procontrol-fr.com\/fr\/","name":"PROCONTROL - Bureau de Contr\u00f4le, V\u00e9rification \u00e9lectrique, Levage, Formation CACES\u00ae, habilitation \u00e9lectrique, AIPR,...","description":"","publisher":{"@id":"https:\/\/procontrol-fr.com\/fr\/#organization"},"potentialAction":[{"@type":"SearchAction","target":{"@type":"EntryPoint","urlTemplate":"https:\/\/procontrol-fr.com\/fr\/?s={search_term_string}"},"query-input":{"@type":"PropertyValueSpecification","valueRequired":true,"valueName":"search_term_string"}}],"inLanguage":"fr-FR"},{"@type":"Organization","@id":"https:\/\/procontrol-fr.com\/fr\/#organization","name":"PROCONTROL","url":"https:\/\/procontrol-fr.com\/fr\/","logo":{"@type":"ImageObject","inLanguage":"fr-FR","@id":"https:\/\/procontrol-fr.com\/fr\/#\/schema\/logo\/image\/","url":"https:\/\/procontrol-fr.com\/fr\/wp-content\/uploads\/2016\/06\/LogoProcontrol.jpg","contentUrl":"https:\/\/procontrol-fr.com\/fr\/wp-content\/uploads\/2016\/06\/LogoProcontrol.jpg","width":350,"height":100,"caption":"PROCONTROL"},"image":{"@id":"https:\/\/procontrol-fr.com\/fr\/#\/schema\/logo\/image\/"},"sameAs":["https:\/\/x.com\/PROCONTROL_FR"]}]}},"_links":{"self":[{"href":"https:\/\/procontrol-fr.com\/fr\/wp-json\/wp\/v2\/pages\/3498","targetHints":{"allow":["GET"]}}],"collection":[{"href":"https:\/\/procontrol-fr.com\/fr\/wp-json\/wp\/v2\/pages"}],"about":[{"href":"https:\/\/procontrol-fr.com\/fr\/wp-json\/wp\/v2\/types\/page"}],"author":[{"embeddable":true,"href":"https:\/\/procontrol-fr.com\/fr\/wp-json\/wp\/v2\/users\/1"}],"replies":[{"embeddable":true,"href":"https:\/\/procontrol-fr.com\/fr\/wp-json\/wp\/v2\/comments?post=3498"}],"version-history":[{"count":42,"href":"https:\/\/procontrol-fr.com\/fr\/wp-json\/wp\/v2\/pages\/3498\/revisions"}],"predecessor-version":[{"id":4423,"href":"https:\/\/procontrol-fr.com\/fr\/wp-json\/wp\/v2\/pages\/3498\/revisions\/4423"}],"up":[{"embeddable":true,"href":"https:\/\/procontrol-fr.com\/fr\/wp-json\/wp\/v2\/pages\/302"}],"wp:attachment":[{"href":"https:\/\/procontrol-fr.com\/fr\/wp-json\/wp\/v2\/media?parent=3498"}],"curies":[{"name":"wp","href":"https:\/\/api.w.org\/{rel}","templated":true}]}}