{"id":3502,"date":"2017-09-13T15:55:53","date_gmt":"2017-09-13T14:55:53","guid":{"rendered":"http:\/\/procontrol-fr.com\/fr\/?page_id=3502"},"modified":"2024-04-28T10:15:44","modified_gmt":"2024-04-28T09:15:44","slug":"qcm-aipr-concepteur","status":"publish","type":"page","link":"https:\/\/procontrol-fr.com\/fr\/nos-formations\/aipr\/qcm-aipr-concepteur\/","title":{"rendered":"Pr\u00e9paration \u00e0 l&rsquo;examen AIPR &#8211; Concepteur"},"content":{"rendered":"<div class=\"rtbs  rtbs_preparation-a-lexamen-aipr-concepteur\"><div class=\"rtbs_slug\" style=\"display:none\">preparation-a-lexamen-aipr-concepteur<\/div><div class=\"rtbs_inactive_tab_background\" style=\"display:none\">transparent<\/div><div class=\"rtbs_breakpoint\" style=\"display:none\">600<\/div><div class=\"rtbs_color\" style=\"display:none\">#1874c1<\/div>\r\n        <div class=\"rtbs_menu\">\r\n            <ul>\r\n                <li class=\"mobile_toggle\">&zwnj;<\/li><li class=\"current\"><a style=\"background:#1874c1\" class=\"active preparation-a-lexamen-aipr-concepteur-tab-link-0\" href=\"#\" data-tab=\"#preparation-a-lexamen-aipr-concepteur-tab-0\">Objectifs<\/a><\/li><li><a href=\"#\" data-tab=\"#preparation-a-lexamen-aipr-concepteur-tab-1\" class=\"preparation-a-lexamen-aipr-concepteur-tab-link-1\">Publics et pr\u00e9requis<\/a><\/li><li><a href=\"#\" data-tab=\"#preparation-a-lexamen-aipr-concepteur-tab-2\" class=\"preparation-a-lexamen-aipr-concepteur-tab-link-2\">Programme<\/a><\/li><li><a href=\"#\" data-tab=\"#preparation-a-lexamen-aipr-concepteur-tab-3\" class=\"preparation-a-lexamen-aipr-concepteur-tab-link-3\">Evalutation<\/a><\/li><li><a href=\"#\" data-tab=\"#preparation-a-lexamen-aipr-concepteur-tab-4\" class=\"preparation-a-lexamen-aipr-concepteur-tab-link-4\">Dur\u00e9e<\/a><\/li>\r\n            <\/ul>\r\n        <\/div><div style=\"border-top:7px solid #1874c1;\" id=\"preparation-a-lexamen-aipr-concepteur-tab-0\" class=\"rtbs_content active\"><p>Pr\u00e9parer et passer l\u2019examen QCM pour obtenir l\u2019Attestation de Comp\u00e9tences permettant \u00e0 l\u2019employeur de d\u00e9livrer une <abbr title=\"Autorisation d'Intervention \u00e0 Proximit\u00e9 des R\u00e9seaux\">AIPR<\/abbr> de niveau \u00ab Concepteur \u00bb.<\/p>\n<div style=\"margin-top:30px; clear:both;\"><\/div><\/div><div style=\"border-top:7px solid #1874c1;\" id=\"preparation-a-lexamen-aipr-concepteur-tab-1\" class=\"rtbs_content\"><p>Profil, responsable de projet charg\u00e9 : \u2013 d\u2019effectuer les d\u00e9clarations de projet de travaux (DT), \u2013 d\u2019analyser leurs r\u00e9ponses, \u2013 de proc\u00e9der ou faire proc\u00e9der \u00e0 des investigations compl\u00e9mentaires sur les r\u00e9seaux situ\u00e9s au droit des travaux, \u2013 d\u2019annexer au dossier de consultation des entreprises puis au march\u00e9 de travaux les informations utiles sur les r\u00e9seaux, \u2013 de proc\u00e9der ou faire proc\u00e9der au marquage piquetage des r\u00e9seaux enterr\u00e9s, \u2013 d\u2019assurer le suivi ou le contr\u00f4le de l\u2019ex\u00e9cution des travaux.<\/p>\n<p>Aucun pr\u00e9requis.<\/p>\n<div style=\"margin-top:30px; clear:both;\"><\/div><\/div><div style=\"border-top:7px solid #1874c1;\" id=\"preparation-a-lexamen-aipr-concepteur-tab-2\" class=\"rtbs_content\"><p>\u2013 Conna\u00eetre et comprendre le guichet unique.<\/p>\n<p>\u2013 Les acteurs : responsable de projet, le maitre d\u2019ouvrage, le maitre d\u2019\u0153uvres\u2026<\/p>\n<p>\u2013 Le rep\u00e9rage et les affleurants\u2026<\/p>\n<p>\u2013 Le d\u00e9roulement d\u2019un chantier, les r\u00e8gles \u00e0 suivre<\/p>\n<p>\u2013 Les endommagements des r\u00e9seaux, cons\u00e9quences ?<\/p>\n<p>\u2013 La r\u00e8gle des 4 A<\/p>\n<p>\u2013 Les documents Cerfa<\/p>\n<p>Tous les points abord\u00e9s lors de la formation sont agr\u00e9ment\u00e9s de questions issues de la totalit\u00e9 des QCM de l\u2019examen final concepteur.<\/p>\n<div style=\"margin-top:30px; clear:both;\"><\/div><\/div><div style=\"border-top:7px solid #1874c1;\" id=\"preparation-a-lexamen-aipr-concepteur-tab-3\" class=\"rtbs_content\"><p>Installation des candidats : un poste informatique ou tablette tactile pour chaque candidat avec acc\u00e8s internet. Pr\u00e9sentation des modalit\u00e9s pratiques : la comptabilisation des r\u00e9ponses, les crit\u00e8res de r\u00e9ussite, l\u2019acc\u00e8s \u00e0 la plate-forme d\u00e9di\u00e9e du minist\u00e8re. Questionnaire \u00e0 choix multiple : 40 questions sur l\u2019ensemble des th\u00e8mes : r\u00e9seaux a\u00e9riens, souterrains, responsabilit\u00e9s, r\u00e9glementation DT-DICT \u2026 Seuil de r\u00e9ussite de 60 %. R\u00e9sultats communiqu\u00e9s d\u00e8s la fin de l\u2019examen. Modalit\u00e9s pour un nouveau passage de l\u2019examen en cas d\u2019\u00e9chec \u00e9ventuel.<\/p>\n<p><div class=\"su-service\"><div class=\"su-service-title\" style=\"padding-left:44px;min-height:30px;line-height:30px\"><i class=\"sui sui-line-chart\" style=\"font-size:30px;color:#000000\"><\/i> Taux de r\u00e9ussite<\/div><div class=\"su-service-content su-u-clearfix su-u-trim\" style=\"padding-left:44px\">100 %<\/div><\/div><\/p>\n<p><div class=\"su-service\"><div class=\"su-service-title\" style=\"padding-left:44px;min-height:30px;line-height:30px\"><i class=\"sui sui-bar-chart-o\" style=\"font-size:30px;color:#000000\"><\/i> Taux de satisfaction<\/div><div class=\"su-service-content su-u-clearfix su-u-trim\" style=\"padding-left:44px\">93 %<\/div><\/div><\/p>\n<div style=\"margin-top:30px; clear:both;\"><\/div><\/div><div style=\"border-top:7px solid #1874c1;\" id=\"preparation-a-lexamen-aipr-concepteur-tab-4\" class=\"rtbs_content\"><p>1 jour sur 7 heures<\/p>\n<div style=\"margin-top:30px; clear:both;\"><\/div><\/div>\r\n    <\/div>\r\n    \n<div id=\"content_fiche_formation\" class=\"clear\">\n<div id=\"form_description\">\n<div id=\"content_onglet_5\" class=\"formation_content_bloc hide\">\n<div class=\"su-tabs su-tabs-style-default su-tabs-mobile-stack\" data-active=\"1\" data-scroll-offset=\"0\" data-anchor-in-url=\"no\"><div class=\"su-tabs-nav\"><span class=\"\" data-url=\"\" data-target=\"blank\" tabindex=\"0\" role=\"button\">Contactez-nous<\/span><span class=\"\" data-url=\"\" data-target=\"blank\" tabindex=\"0\" role=\"button\">Prochaines sessions<\/span><span class=\"\" data-url=\"\" data-target=\"blank\" tabindex=\"0\" role=\"button\">Co\u00fbt<\/span><span class=\"\" data-url=\"\" data-target=\"blank\" tabindex=\"0\" role=\"button\">Modalit\u00e9s et moyens d'acc\u00e8s<\/span><span class=\"\" data-url=\"\" data-target=\"blank\" tabindex=\"0\" role=\"button\">Accessibilit\u00e9<\/span><\/div><div class=\"su-tabs-panes\"><div class=\"su-tabs-pane su-u-clearfix su-u-trim\" data-title=\"Contactez-nous\">\n<ul class=\"contact_info\">\n<li style=\"list-style-type: none;\">\n<ul class=\"contact_info\">\n<li>un devis ?<\/li>\n<li>une information ?<\/li>\n<li>une inscription ?<\/li>\n<\/ul>\n<\/li>\n<\/ul>\n<div class=\"su-service\"><div class=\"su-service-title\" style=\"padding-left:36px;min-height:22px;line-height:22px\"><i class=\"sui sui-phone-square\" style=\"font-size:22px;color:#333\"><\/i> 05 31 61 50 06<\/div><div class=\"su-service-content su-u-clearfix su-u-trim\" style=\"padding-left:36px\"><\/div><\/div><\/div>\n<div class=\"su-tabs-pane su-u-clearfix su-u-trim\" data-title=\"Prochaines sessions\">\n<figure><iframe loading=\"lazy\" src=\"https:\/\/procontrol-fr.com\/probox\/PI_formationInterAIPR.php\" scrolling=\"yes\" width=\"100%\" height=\"450\" frameborder=\"0\"><\/iframe><\/figure>\n<\/div>\n<div class=\"su-tabs-pane su-u-clearfix su-u-trim\" data-title=\"Co\u00fbt\">\n<div class=\"su-service\"><div class=\"su-service-title\" style=\"padding-left:36px;min-height:22px;line-height:22px\"><i class=\"sui sui-eur\" style=\"font-size:22px;color:#33333\"><\/i> Co\u00fbt de l'examen QCM<\/div><div class=\"su-service-content su-u-clearfix su-u-trim\" style=\"padding-left:36px\">dans notre centre d&rsquo;examen de Toulouse 65 \u20ac H.T. par participant<\/div><\/div>\n<\/div>\n<div class=\"su-tabs-pane su-u-clearfix su-u-trim\" data-title=\"Modalit\u00e9s et moyens d&#039;acc\u00e8s\">\n<p>Nos formations sont accessibles selon les modalit\u00e9s ci-dessous :<\/p>\n<p><strong><u>Les modalit\u00e9s de formation<\/u> :<\/strong><\/p>\n<ul>\n<li>En inter-entreprises, c\u2019est-\u00e0-dire en groupes de stagiaires provenant de diff\u00e9rentes entreprises<\/li>\n<li>En intra-entreprise, c\u2019est-\u00e0-dire en groupes de stagiaire de la m\u00eame entreprise<\/li>\n<li>En cours individuel<\/li>\n<\/ul>\n<p><strong><u>Les formations peuvent avoir lieu<\/u> :<\/strong><\/p>\n<ul>\n<li>En pr\u00e9sentiel dans notre centre de formation<\/li>\n<li>En pr\u00e9sentiel dans les locaux de votre entreprise<\/li>\n<li>En distanciel<\/li>\n<li>En mixte pr\u00e9sentiel \/ distanciel ou hybride: une partie des stagiaires suit la formation en pr\u00e9sentiel alors qu\u2019une l\u2019autre partie suit les cours en distanciel<\/li>\n<\/ul>\n<p><strong><u>Les modalit\u00e9s de financement de formation<\/u> : <\/strong><br \/>\nPlusieurs modes de financement vous permettent d\u2019acc\u00e9der \u00e0 nos formations en tant que salari\u00e9 via votre entreprise ou en tant que particulier (salari\u00e9, demandeur d\u2019emploi ou ind\u00e9pendant).<\/p>\n<p><strong>D\u00e9lais d\u2019acc\u00e8s en formation : Formation inter-entreprises<\/strong><\/p>\n<p>PROCONTROL publie <strong><span style=\"color: #1874c1;\">un calendrier regroupant l\u2019ensemble des sessions inter-entreprises ouvertes sur nos th\u00e9matiques de formation<\/span>, <\/strong><em>ce calendrier est actualis\u00e9 chaque jour. <\/em><\/p>\n<p>Nous nous engageons \u00e0 r\u00e9pondre \u00e0 vos demandes d\u2019informations et \u00e0 vous envoyer une offre de prestation <u>sous 48h<\/u> ouvr\u00e9es (hors jours f\u00e9ries et week-end).<\/p>\n<p>De votre c\u00f4t\u00e9, pour garantir une entr\u00e9e en formation \u00e0 la date fix\u00e9e, vous devrez vous assurer de nous faire parvenir l&rsquo;offre de prestation sign\u00e9, Les questionnaires de positionnement ou toute autre information administrative au plus t\u00f4t.<\/p>\n<p>Dans le cas o\u00f9 vous sollicitez un financement de la part de votre OPCO ou autre, assurez-vous des d\u00e9lais de traitement de vos demandes.<\/p>\n<p><strong>D\u00e9lais d\u2019acc\u00e8s en formation : Formation intra-entreprise<br \/>\n<\/strong><\/p>\n<p>PROCONTROL vous proposera des dates <strong>le plus t\u00f4t possible en fonction de vos disponibilit\u00e9s et de celles du formateur<\/strong> pressenti.<\/p>\n<p>Comme pour les formations inter-entreprises, pour pouvoir d\u00e9marrer la formation, <strong>votre rapidit\u00e9 de r\u00e9ponse sur toutes les questions administratives <\/strong>permettra d\u2019acc\u00e9l\u00e9rer le d\u00e9marrage de votre formation.<\/p>\n<p><strong>Cas particuliers<\/strong><\/p>\n<p><strong><u>CPF<\/u> :<\/strong> L\u2019ensemble des d\u00e9lais de traitement de dossier sont fix\u00e9s par la plateforme <a href=\"https:\/\/www.moncompteformation.gouv.fr\/espace-prive\/html\/#\/\" class=\"su-button su-button-style-flat\" style=\"color:#ffffff;background-color:#2D89EF;border-color:#246ec0;border-radius:6px\" target=\"_self\"><span style=\"color:#ffffff;padding:0px 20px;font-size:16px;line-height:32px;border-color:#6cadf4;border-radius:6px;text-shadow:none\">  MonCompteFormation <\/span><\/a>\n<p><span style=\"color: #ff6600;\"><strong>Attention : la plateforme impose un d\u00e9lai de 11 jours ouvr\u00e9s de r\u00e9flexion entre notre proposition et le d\u00e9but de la formation !<\/strong><\/span><\/p>\n<p>Si vous avez rep\u00e9r\u00e9 une formation qui vous int\u00e9resse, ne perdez pas de temps pour vous inscrire. N&rsquo;h\u00e9sitez pas \u00e0 nous contacter directement au 05 31 61 50 06 afin que nous acc\u00e9l\u00e9rions les d\u00e9marches.<\/p>\n<p>Vous \u00eates acteur de votre demande et seul d\u00e9cisionnaire, les d\u00e9lais de traitement sont donc tr\u00e8s rapides si une date de formation est d\u00e9j\u00e0 fix\u00e9e.<\/p>\n<p>Pour toute autre questions concernant les modalit\u00e9s ou les d\u00e9lais d&rsquo;acc\u00e8s \u00e0 nos formations, contactez-nous par t\u00e9l\u00e9phone <div class=\"su-service\"><div class=\"su-service-title\" style=\"padding-left:36px;min-height:22px;line-height:22px\"><i class=\"sui sui-phone-square\" style=\"font-size:22px;color:#333\"><\/i> 05 31 61 50 06<\/div><div class=\"su-service-content su-u-clearfix su-u-trim\" style=\"padding-left:36px\"><\/div><\/div> ou via le <a href=\"https:\/\/procontrol-fr.com\/fr\/procontrol\/contact\/\" class=\"su-button su-button-style-flat\" style=\"color:#ffffff;background-color:#2D89EF;border-color:#246ec0;border-radius:6px\" target=\"_self\"><span style=\"color:#ffffff;padding:0px 20px;font-size:16px;line-height:32px;border-color:#6cadf4;border-radius:6px;text-shadow:none\">  Formulaire contact <\/span><\/a>\n<\/div>\n<div class=\"su-tabs-pane su-u-clearfix su-u-trim\" data-title=\"Accessibilit\u00e9\">\n<p><strong>Formation accessible aux personnes en situation de handicap.<br \/>\n<\/strong>S\u00e9curisez votre parcours de formation en contactant notre r\u00e9f\u00e9rent handicap<\/p>\n<a href=\"https:\/\/procontrol-fr.com\/fr\/procontrol\/contact\/\" class=\"su-button su-button-style-flat\" style=\"color:#ffffff;background-color:#2D89EF;border-color:#246ec0;border-radius:5px\" target=\"_self\"><span style=\"color:#ffffff;padding:0px 20px;font-size:16px;line-height:32px;border-color:#6cadf4;border-radius:5px;text-shadow:none\">  Formulaire contact <\/span><\/a>\n<\/div><\/div><\/div>\n<\/div>\n<\/div>\n<\/div>\n","protected":false},"excerpt":{"rendered":"","protected":false},"author":1,"featured_media":3553,"parent":3498,"menu_order":1,"comment_status":"closed","ping_status":"closed","template":"left-sidebar.php","meta":{"footnotes":""},"class_list":["post-3502","page","type-page","status-publish","has-post-thumbnail","hentry"],"yoast_head":"<!-- This site is optimized with the Yoast SEO plugin v27.3 - https:\/\/yoast.com\/product\/yoast-seo-wordpress\/ -->\n<title>Pr\u00e9paration \u00e0 l&#039;examen AIPR - Concepteur - PROCONTROL - Bureau de Contr\u00f4le V\u00e9rificaton \u00e9lectrique Levage Formation CACES\u00ae Formation habilitation \u00e9lectrique AIPR \u00e9lectricit\u00e9 SST Sauveteur secouriste du travail SST habilitation m\u00e9canique IRVE<\/title>\n<meta name=\"description\" content=\"Formez vous et obtenez votre autorisation d&#039;intervention - AIPR. B\u00e9n\u00e9ficiez de l&#039;expertise de PROCONTROL \u00ae !\" \/>\n<meta name=\"robots\" content=\"index, follow, max-snippet:-1, max-image-preview:large, max-video-preview:-1\" \/>\n<link rel=\"canonical\" href=\"https:\/\/procontrol-fr.com\/fr\/nos-formations\/aipr\/qcm-aipr-concepteur\/\" \/>\n<meta property=\"og:locale\" content=\"fr_FR\" \/>\n<meta property=\"og:type\" content=\"article\" \/>\n<meta property=\"og:title\" content=\"Pr\u00e9paration \u00e0 l&#039;examen AIPR - Concepteur - PROCONTROL - Bureau de Contr\u00f4le V\u00e9rificaton \u00e9lectrique Levage Formation CACES\u00ae Formation habilitation \u00e9lectrique AIPR \u00e9lectricit\u00e9 SST Sauveteur secouriste du travail SST habilitation m\u00e9canique IRVE\" \/>\n<meta property=\"og:description\" content=\"Formez vous et obtenez votre autorisation d&#039;intervention - AIPR. B\u00e9n\u00e9ficiez de l&#039;expertise de PROCONTROL \u00ae !\" \/>\n<meta property=\"og:url\" content=\"https:\/\/procontrol-fr.com\/fr\/nos-formations\/aipr\/qcm-aipr-concepteur\/\" \/>\n<meta property=\"og:site_name\" content=\"PROCONTROL - Bureau de Contr\u00f4le V\u00e9rificaton \u00e9lectrique Levage Formation CACES\u00ae Formation habilitation \u00e9lectrique AIPR \u00e9lectricit\u00e9 SST Sauveteur secouriste du travail SST habilitation m\u00e9canique IRVE\" \/>\n<meta property=\"article:modified_time\" content=\"2024-04-28T09:15:44+00:00\" \/>\n<meta property=\"og:image\" content=\"https:\/\/procontrol-fr.com\/fr\/wp-content\/uploads\/2017\/09\/AIPR.jpg\" \/>\n\t<meta property=\"og:image:width\" content=\"1209\" \/>\n\t<meta property=\"og:image:height\" content=\"494\" \/>\n\t<meta property=\"og:image:type\" content=\"image\/jpeg\" \/>\n<meta name=\"twitter:card\" content=\"summary_large_image\" \/>\n<meta name=\"twitter:site\" content=\"@PROCONTROL_FR\" \/>\n<meta name=\"twitter:label1\" content=\"Dur\u00e9e de lecture estim\u00e9e\" \/>\n\t<meta name=\"twitter:data1\" content=\"3 minutes\" \/>\n<script type=\"application\/ld+json\" class=\"yoast-schema-graph\">{\"@context\":\"https:\\\/\\\/schema.org\",\"@graph\":[{\"@type\":\"WebPage\",\"@id\":\"https:\\\/\\\/procontrol-fr.com\\\/fr\\\/nos-formations\\\/aipr\\\/qcm-aipr-concepteur\\\/\",\"url\":\"https:\\\/\\\/procontrol-fr.com\\\/fr\\\/nos-formations\\\/aipr\\\/qcm-aipr-concepteur\\\/\",\"name\":\"Pr\u00e9paration \u00e0 l'examen AIPR - Concepteur - PROCONTROL - Bureau de Contr\u00f4le V\u00e9rificaton \u00e9lectrique Levage Formation CACES\u00ae Formation habilitation \u00e9lectrique AIPR \u00e9lectricit\u00e9 SST Sauveteur secouriste du travail SST habilitation m\u00e9canique IRVE\",\"isPartOf\":{\"@id\":\"https:\\\/\\\/procontrol-fr.com\\\/fr\\\/#website\"},\"primaryImageOfPage\":{\"@id\":\"https:\\\/\\\/procontrol-fr.com\\\/fr\\\/nos-formations\\\/aipr\\\/qcm-aipr-concepteur\\\/#primaryimage\"},\"image\":{\"@id\":\"https:\\\/\\\/procontrol-fr.com\\\/fr\\\/nos-formations\\\/aipr\\\/qcm-aipr-concepteur\\\/#primaryimage\"},\"thumbnailUrl\":\"https:\\\/\\\/procontrol-fr.com\\\/fr\\\/wp-content\\\/uploads\\\/2017\\\/09\\\/AIPR.jpg\",\"datePublished\":\"2017-09-13T14:55:53+00:00\",\"dateModified\":\"2024-04-28T09:15:44+00:00\",\"description\":\"Formez vous et obtenez votre autorisation d'intervention - AIPR. B\u00e9n\u00e9ficiez de l'expertise de PROCONTROL \u00ae !\",\"breadcrumb\":{\"@id\":\"https:\\\/\\\/procontrol-fr.com\\\/fr\\\/nos-formations\\\/aipr\\\/qcm-aipr-concepteur\\\/#breadcrumb\"},\"inLanguage\":\"fr-FR\",\"potentialAction\":[{\"@type\":\"ReadAction\",\"target\":[\"https:\\\/\\\/procontrol-fr.com\\\/fr\\\/nos-formations\\\/aipr\\\/qcm-aipr-concepteur\\\/\"]}]},{\"@type\":\"ImageObject\",\"inLanguage\":\"fr-FR\",\"@id\":\"https:\\\/\\\/procontrol-fr.com\\\/fr\\\/nos-formations\\\/aipr\\\/qcm-aipr-concepteur\\\/#primaryimage\",\"url\":\"https:\\\/\\\/procontrol-fr.com\\\/fr\\\/wp-content\\\/uploads\\\/2017\\\/09\\\/AIPR.jpg\",\"contentUrl\":\"https:\\\/\\\/procontrol-fr.com\\\/fr\\\/wp-content\\\/uploads\\\/2017\\\/09\\\/AIPR.jpg\",\"width\":1209,\"height\":494},{\"@type\":\"BreadcrumbList\",\"@id\":\"https:\\\/\\\/procontrol-fr.com\\\/fr\\\/nos-formations\\\/aipr\\\/qcm-aipr-concepteur\\\/#breadcrumb\",\"itemListElement\":[{\"@type\":\"ListItem\",\"position\":1,\"name\":\"Accueil\",\"item\":\"https:\\\/\\\/procontrol-fr.com\\\/fr\\\/\"},{\"@type\":\"ListItem\",\"position\":2,\"name\":\"NOS FORMATIONS\",\"item\":\"https:\\\/\\\/procontrol-fr.com\\\/fr\\\/nos-formations\\\/\"},{\"@type\":\"ListItem\",\"position\":3,\"name\":\"AIPR &#8211; Autorisation d\u2019Intervention \u00e0 Proximit\u00e9 des R\u00e9seaux\",\"item\":\"https:\\\/\\\/procontrol-fr.com\\\/fr\\\/nos-formations\\\/aipr\\\/\"},{\"@type\":\"ListItem\",\"position\":4,\"name\":\"Pr\u00e9paration \u00e0 l&rsquo;examen AIPR &#8211; Concepteur\"}]},{\"@type\":\"WebSite\",\"@id\":\"https:\\\/\\\/procontrol-fr.com\\\/fr\\\/#website\",\"url\":\"https:\\\/\\\/procontrol-fr.com\\\/fr\\\/\",\"name\":\"PROCONTROL - Bureau de Contr\u00f4le, V\u00e9rification \u00e9lectrique, Levage, Formation CACES\u00ae, habilitation \u00e9lectrique, AIPR,...\",\"description\":\"\",\"publisher\":{\"@id\":\"https:\\\/\\\/procontrol-fr.com\\\/fr\\\/#organization\"},\"potentialAction\":[{\"@type\":\"SearchAction\",\"target\":{\"@type\":\"EntryPoint\",\"urlTemplate\":\"https:\\\/\\\/procontrol-fr.com\\\/fr\\\/?s={search_term_string}\"},\"query-input\":{\"@type\":\"PropertyValueSpecification\",\"valueRequired\":true,\"valueName\":\"search_term_string\"}}],\"inLanguage\":\"fr-FR\"},{\"@type\":\"Organization\",\"@id\":\"https:\\\/\\\/procontrol-fr.com\\\/fr\\\/#organization\",\"name\":\"PROCONTROL\",\"url\":\"https:\\\/\\\/procontrol-fr.com\\\/fr\\\/\",\"logo\":{\"@type\":\"ImageObject\",\"inLanguage\":\"fr-FR\",\"@id\":\"https:\\\/\\\/procontrol-fr.com\\\/fr\\\/#\\\/schema\\\/logo\\\/image\\\/\",\"url\":\"https:\\\/\\\/procontrol-fr.com\\\/fr\\\/wp-content\\\/uploads\\\/2016\\\/06\\\/LogoProcontrol.jpg\",\"contentUrl\":\"https:\\\/\\\/procontrol-fr.com\\\/fr\\\/wp-content\\\/uploads\\\/2016\\\/06\\\/LogoProcontrol.jpg\",\"width\":350,\"height\":100,\"caption\":\"PROCONTROL\"},\"image\":{\"@id\":\"https:\\\/\\\/procontrol-fr.com\\\/fr\\\/#\\\/schema\\\/logo\\\/image\\\/\"},\"sameAs\":[\"https:\\\/\\\/x.com\\\/PROCONTROL_FR\"]}]}<\/script>\n<!-- \/ Yoast SEO plugin. -->","yoast_head_json":{"title":"Pr\u00e9paration \u00e0 l'examen AIPR - Concepteur - PROCONTROL - Bureau de Contr\u00f4le V\u00e9rificaton \u00e9lectrique Levage Formation CACES\u00ae Formation habilitation \u00e9lectrique AIPR \u00e9lectricit\u00e9 SST Sauveteur secouriste du travail SST habilitation m\u00e9canique IRVE","description":"Formez vous et obtenez votre autorisation d'intervention - AIPR. B\u00e9n\u00e9ficiez de l'expertise de PROCONTROL \u00ae !","robots":{"index":"index","follow":"follow","max-snippet":"max-snippet:-1","max-image-preview":"max-image-preview:large","max-video-preview":"max-video-preview:-1"},"canonical":"https:\/\/procontrol-fr.com\/fr\/nos-formations\/aipr\/qcm-aipr-concepteur\/","og_locale":"fr_FR","og_type":"article","og_title":"Pr\u00e9paration \u00e0 l'examen AIPR - Concepteur - PROCONTROL - Bureau de Contr\u00f4le V\u00e9rificaton \u00e9lectrique Levage Formation CACES\u00ae Formation habilitation \u00e9lectrique AIPR \u00e9lectricit\u00e9 SST Sauveteur secouriste du travail SST habilitation m\u00e9canique IRVE","og_description":"Formez vous et obtenez votre autorisation d'intervention - AIPR. B\u00e9n\u00e9ficiez de l'expertise de PROCONTROL \u00ae !","og_url":"https:\/\/procontrol-fr.com\/fr\/nos-formations\/aipr\/qcm-aipr-concepteur\/","og_site_name":"PROCONTROL - Bureau de Contr\u00f4le V\u00e9rificaton \u00e9lectrique Levage Formation CACES\u00ae Formation habilitation \u00e9lectrique AIPR \u00e9lectricit\u00e9 SST Sauveteur secouriste du travail SST habilitation m\u00e9canique IRVE","article_modified_time":"2024-04-28T09:15:44+00:00","og_image":[{"width":1209,"height":494,"url":"https:\/\/procontrol-fr.com\/fr\/wp-content\/uploads\/2017\/09\/AIPR.jpg","type":"image\/jpeg"}],"twitter_card":"summary_large_image","twitter_site":"@PROCONTROL_FR","twitter_misc":{"Dur\u00e9e de lecture estim\u00e9e":"3 minutes"},"schema":{"@context":"https:\/\/schema.org","@graph":[{"@type":"WebPage","@id":"https:\/\/procontrol-fr.com\/fr\/nos-formations\/aipr\/qcm-aipr-concepteur\/","url":"https:\/\/procontrol-fr.com\/fr\/nos-formations\/aipr\/qcm-aipr-concepteur\/","name":"Pr\u00e9paration \u00e0 l'examen AIPR - Concepteur - PROCONTROL - Bureau de Contr\u00f4le V\u00e9rificaton \u00e9lectrique Levage Formation CACES\u00ae Formation habilitation \u00e9lectrique AIPR \u00e9lectricit\u00e9 SST Sauveteur secouriste du travail SST habilitation m\u00e9canique IRVE","isPartOf":{"@id":"https:\/\/procontrol-fr.com\/fr\/#website"},"primaryImageOfPage":{"@id":"https:\/\/procontrol-fr.com\/fr\/nos-formations\/aipr\/qcm-aipr-concepteur\/#primaryimage"},"image":{"@id":"https:\/\/procontrol-fr.com\/fr\/nos-formations\/aipr\/qcm-aipr-concepteur\/#primaryimage"},"thumbnailUrl":"https:\/\/procontrol-fr.com\/fr\/wp-content\/uploads\/2017\/09\/AIPR.jpg","datePublished":"2017-09-13T14:55:53+00:00","dateModified":"2024-04-28T09:15:44+00:00","description":"Formez vous et obtenez votre autorisation d'intervention - AIPR. B\u00e9n\u00e9ficiez de l'expertise de PROCONTROL \u00ae !","breadcrumb":{"@id":"https:\/\/procontrol-fr.com\/fr\/nos-formations\/aipr\/qcm-aipr-concepteur\/#breadcrumb"},"inLanguage":"fr-FR","potentialAction":[{"@type":"ReadAction","target":["https:\/\/procontrol-fr.com\/fr\/nos-formations\/aipr\/qcm-aipr-concepteur\/"]}]},{"@type":"ImageObject","inLanguage":"fr-FR","@id":"https:\/\/procontrol-fr.com\/fr\/nos-formations\/aipr\/qcm-aipr-concepteur\/#primaryimage","url":"https:\/\/procontrol-fr.com\/fr\/wp-content\/uploads\/2017\/09\/AIPR.jpg","contentUrl":"https:\/\/procontrol-fr.com\/fr\/wp-content\/uploads\/2017\/09\/AIPR.jpg","width":1209,"height":494},{"@type":"BreadcrumbList","@id":"https:\/\/procontrol-fr.com\/fr\/nos-formations\/aipr\/qcm-aipr-concepteur\/#breadcrumb","itemListElement":[{"@type":"ListItem","position":1,"name":"Accueil","item":"https:\/\/procontrol-fr.com\/fr\/"},{"@type":"ListItem","position":2,"name":"NOS FORMATIONS","item":"https:\/\/procontrol-fr.com\/fr\/nos-formations\/"},{"@type":"ListItem","position":3,"name":"AIPR &#8211; Autorisation d\u2019Intervention \u00e0 Proximit\u00e9 des R\u00e9seaux","item":"https:\/\/procontrol-fr.com\/fr\/nos-formations\/aipr\/"},{"@type":"ListItem","position":4,"name":"Pr\u00e9paration \u00e0 l&rsquo;examen AIPR &#8211; Concepteur"}]},{"@type":"WebSite","@id":"https:\/\/procontrol-fr.com\/fr\/#website","url":"https:\/\/procontrol-fr.com\/fr\/","name":"PROCONTROL - Bureau de Contr\u00f4le, V\u00e9rification \u00e9lectrique, Levage, Formation CACES\u00ae, habilitation \u00e9lectrique, AIPR,...","description":"","publisher":{"@id":"https:\/\/procontrol-fr.com\/fr\/#organization"},"potentialAction":[{"@type":"SearchAction","target":{"@type":"EntryPoint","urlTemplate":"https:\/\/procontrol-fr.com\/fr\/?s={search_term_string}"},"query-input":{"@type":"PropertyValueSpecification","valueRequired":true,"valueName":"search_term_string"}}],"inLanguage":"fr-FR"},{"@type":"Organization","@id":"https:\/\/procontrol-fr.com\/fr\/#organization","name":"PROCONTROL","url":"https:\/\/procontrol-fr.com\/fr\/","logo":{"@type":"ImageObject","inLanguage":"fr-FR","@id":"https:\/\/procontrol-fr.com\/fr\/#\/schema\/logo\/image\/","url":"https:\/\/procontrol-fr.com\/fr\/wp-content\/uploads\/2016\/06\/LogoProcontrol.jpg","contentUrl":"https:\/\/procontrol-fr.com\/fr\/wp-content\/uploads\/2016\/06\/LogoProcontrol.jpg","width":350,"height":100,"caption":"PROCONTROL"},"image":{"@id":"https:\/\/procontrol-fr.com\/fr\/#\/schema\/logo\/image\/"},"sameAs":["https:\/\/x.com\/PROCONTROL_FR"]}]}},"_links":{"self":[{"href":"https:\/\/procontrol-fr.com\/fr\/wp-json\/wp\/v2\/pages\/3502","targetHints":{"allow":["GET"]}}],"collection":[{"href":"https:\/\/procontrol-fr.com\/fr\/wp-json\/wp\/v2\/pages"}],"about":[{"href":"https:\/\/procontrol-fr.com\/fr\/wp-json\/wp\/v2\/types\/page"}],"author":[{"embeddable":true,"href":"https:\/\/procontrol-fr.com\/fr\/wp-json\/wp\/v2\/users\/1"}],"replies":[{"embeddable":true,"href":"https:\/\/procontrol-fr.com\/fr\/wp-json\/wp\/v2\/comments?post=3502"}],"version-history":[{"count":68,"href":"https:\/\/procontrol-fr.com\/fr\/wp-json\/wp\/v2\/pages\/3502\/revisions"}],"predecessor-version":[{"id":5175,"href":"https:\/\/procontrol-fr.com\/fr\/wp-json\/wp\/v2\/pages\/3502\/revisions\/5175"}],"up":[{"embeddable":true,"href":"https:\/\/procontrol-fr.com\/fr\/wp-json\/wp\/v2\/pages\/3498"}],"wp:featuredmedia":[{"embeddable":true,"href":"https:\/\/procontrol-fr.com\/fr\/wp-json\/wp\/v2\/media\/3553"}],"wp:attachment":[{"href":"https:\/\/procontrol-fr.com\/fr\/wp-json\/wp\/v2\/media?parent=3502"}],"curies":[{"name":"wp","href":"https:\/\/api.w.org\/{rel}","templated":true}]}}