{"id":376,"date":"2013-04-19T16:28:13","date_gmt":"2013-04-19T16:28:13","guid":{"rendered":"http:\/\/procontrol-fr.com\/fr\/?page_id=376"},"modified":"2024-10-04T19:58:45","modified_gmt":"2024-10-04T18:58:45","slug":"contact","status":"publish","type":"page","link":"https:\/\/procontrol-fr.com\/fr\/procontrol\/contact\/","title":{"rendered":"CONTACT"},"content":{"rendered":"\n<h2 class=\"wp-block-heading\">PROCONTROL<span style=\"color: #000000;\"><strong><br><\/strong><\/span><\/h2>\n\n\n<div class=\"su-service\"><div class=\"su-service-title\" style=\"padding-left:38px;min-height:24px;line-height:24px\"><i class=\"sui sui-map-marker\" style=\"font-size:24px;color:#33333\"><\/i> 9 rue Lagarrigue - 31380 Garidech<\/div><div class=\"su-service-content su-u-clearfix su-u-trim\" style=\"padding-left:38px\"><\/div><\/div>\n\n\n<div class=\"su-service\"><div class=\"su-service-title\" style=\"padding-left:38px;min-height:24px;line-height:24px\"><i class=\"sui sui-phone-square\" style=\"font-size:24px;color:#33333\"><\/i> 05.31.61.50.06<\/div><div class=\"su-service-content su-u-clearfix su-u-trim\" style=\"padding-left:38px\"><\/div><\/div>\n\n\n<div class=\"su-service\"><div class=\"su-service-title\" style=\"padding-left:38px;min-height:24px;line-height:24px\"><i class=\"sui sui-clock-o\" style=\"font-size:24px;color:#33333\"><\/i> Du lundi au vendredi<\/div><div class=\"su-service-content su-u-clearfix su-u-trim\" style=\"padding-left:38px\">de 9h00 \u00e0 12h00 et de 13h30 \u00e0 17h00<\/div><\/div>\n\n\n\n<p><iframe loading=\"lazy\" style=\"border: 0;\" src=\"https:\/\/www.google.com\/maps\/embed?pb=!1m18!1m12!1m3!1d2883.6179499063937!2d1.5607784148236568!3d43.718488156225554!2m3!1f0!2f0!3f0!3m2!1i1024!2i768!4f13.1!3m3!1m2!1s0x12ae9610069c0acf%3A0xa515181a48517189!2sPROCONTROL!5e0!3m2!1sfr!2sfr!4v1524245460210\" width=\"600\" height=\"450\" frameborder=\"0\" allowfullscreen=\"allowfullscreen\"><\/iframe><\/p>\n\n\n\n<hr class=\"wp-block-separator has-alpha-channel-opacity\"\/>\n\n\n\n<iframe loading=\"lazy\" src=\"https:\/\/procontrol-fr.com\/contact\/FR\/\" <=\"\" iframe=\"\" width=\"100%\" height=\"1200\"><\/iframe>\n<p>Les informations recueillies ne seront utilis\u00e9es que pour r\u00e9pondre \u00e0 votre demande. Elles pourront donner lieu \u00e0 l\u2019exercice du droit d\u2019acc\u00e8s et de rectification dans les conditions pr\u00e9vues par la loi 78-17 du 6 janvier 1978 relative \u00e0 l\u2019informatique, aux fichiers et aux libert\u00e9s.<\/p>\n","protected":false},"excerpt":{"rendered":"<p>PROCONTROL<\/p>\n","protected":false},"author":1,"featured_media":0,"parent":42,"menu_order":6,"comment_status":"closed","ping_status":"closed","template":"no-sidebar.php","meta":{"footnotes":""},"class_list":["post-376","page","type-page","status-publish","hentry"],"yoast_head":"<!-- This site is optimized with the Yoast SEO plugin v27.3 - https:\/\/yoast.com\/product\/yoast-seo-wordpress\/ -->\n<title>Contact<\/title>\n<meta name=\"robots\" content=\"index, follow, max-snippet:-1, max-image-preview:large, max-video-preview:-1\" \/>\n<link rel=\"canonical\" href=\"https:\/\/procontrol-fr.com\/fr\/procontrol\/contact\/\" \/>\n<meta property=\"og:locale\" content=\"fr_FR\" \/>\n<meta property=\"og:type\" content=\"article\" \/>\n<meta property=\"og:title\" content=\"Contact\" \/>\n<meta property=\"og:description\" content=\"PROCONTROL\" \/>\n<meta property=\"og:url\" content=\"https:\/\/procontrol-fr.com\/fr\/procontrol\/contact\/\" \/>\n<meta property=\"og:site_name\" content=\"PROCONTROL - Bureau de Contr\u00f4le V\u00e9rificaton \u00e9lectrique Levage Formation CACES\u00ae Formation habilitation \u00e9lectrique AIPR \u00e9lectricit\u00e9 SST Sauveteur secouriste du travail SST habilitation m\u00e9canique IRVE\" \/>\n<meta property=\"article:modified_time\" content=\"2024-10-04T18:58:45+00:00\" \/>\n<meta name=\"twitter:card\" content=\"summary_large_image\" \/>\n<meta name=\"twitter:site\" content=\"@PROCONTROL_FR\" \/>\n<meta name=\"twitter:label1\" content=\"Dur\u00e9e de lecture estim\u00e9e\" \/>\n\t<meta name=\"twitter:data1\" content=\"1 minute\" \/>\n<script type=\"application\/ld+json\" class=\"yoast-schema-graph\">{\"@context\":\"https:\\\/\\\/schema.org\",\"@graph\":[{\"@type\":\"WebPage\",\"@id\":\"https:\\\/\\\/procontrol-fr.com\\\/fr\\\/procontrol\\\/contact\\\/\",\"url\":\"https:\\\/\\\/procontrol-fr.com\\\/fr\\\/procontrol\\\/contact\\\/\",\"name\":\"Contact\",\"isPartOf\":{\"@id\":\"https:\\\/\\\/procontrol-fr.com\\\/fr\\\/#website\"},\"datePublished\":\"2013-04-19T16:28:13+00:00\",\"dateModified\":\"2024-10-04T18:58:45+00:00\",\"breadcrumb\":{\"@id\":\"https:\\\/\\\/procontrol-fr.com\\\/fr\\\/procontrol\\\/contact\\\/#breadcrumb\"},\"inLanguage\":\"fr-FR\",\"potentialAction\":[{\"@type\":\"ReadAction\",\"target\":[\"https:\\\/\\\/procontrol-fr.com\\\/fr\\\/procontrol\\\/contact\\\/\"]}]},{\"@type\":\"BreadcrumbList\",\"@id\":\"https:\\\/\\\/procontrol-fr.com\\\/fr\\\/procontrol\\\/contact\\\/#breadcrumb\",\"itemListElement\":[{\"@type\":\"ListItem\",\"position\":1,\"name\":\"Accueil\",\"item\":\"https:\\\/\\\/procontrol-fr.com\\\/fr\\\/\"},{\"@type\":\"ListItem\",\"position\":2,\"name\":\"PROCONTROL\",\"item\":\"https:\\\/\\\/procontrol-fr.com\\\/fr\\\/procontrol\\\/\"},{\"@type\":\"ListItem\",\"position\":3,\"name\":\"CONTACT\"}]},{\"@type\":\"WebSite\",\"@id\":\"https:\\\/\\\/procontrol-fr.com\\\/fr\\\/#website\",\"url\":\"https:\\\/\\\/procontrol-fr.com\\\/fr\\\/\",\"name\":\"PROCONTROL - Bureau de Contr\u00f4le, V\u00e9rification \u00e9lectrique, Levage, Formation CACES\u00ae, habilitation \u00e9lectrique, AIPR,...\",\"description\":\"\",\"publisher\":{\"@id\":\"https:\\\/\\\/procontrol-fr.com\\\/fr\\\/#organization\"},\"potentialAction\":[{\"@type\":\"SearchAction\",\"target\":{\"@type\":\"EntryPoint\",\"urlTemplate\":\"https:\\\/\\\/procontrol-fr.com\\\/fr\\\/?s={search_term_string}\"},\"query-input\":{\"@type\":\"PropertyValueSpecification\",\"valueRequired\":true,\"valueName\":\"search_term_string\"}}],\"inLanguage\":\"fr-FR\"},{\"@type\":\"Organization\",\"@id\":\"https:\\\/\\\/procontrol-fr.com\\\/fr\\\/#organization\",\"name\":\"PROCONTROL\",\"url\":\"https:\\\/\\\/procontrol-fr.com\\\/fr\\\/\",\"logo\":{\"@type\":\"ImageObject\",\"inLanguage\":\"fr-FR\",\"@id\":\"https:\\\/\\\/procontrol-fr.com\\\/fr\\\/#\\\/schema\\\/logo\\\/image\\\/\",\"url\":\"https:\\\/\\\/procontrol-fr.com\\\/fr\\\/wp-content\\\/uploads\\\/2016\\\/06\\\/LogoProcontrol.jpg\",\"contentUrl\":\"https:\\\/\\\/procontrol-fr.com\\\/fr\\\/wp-content\\\/uploads\\\/2016\\\/06\\\/LogoProcontrol.jpg\",\"width\":350,\"height\":100,\"caption\":\"PROCONTROL\"},\"image\":{\"@id\":\"https:\\\/\\\/procontrol-fr.com\\\/fr\\\/#\\\/schema\\\/logo\\\/image\\\/\"},\"sameAs\":[\"https:\\\/\\\/x.com\\\/PROCONTROL_FR\"]}]}<\/script>\n<!-- \/ Yoast SEO plugin. -->","yoast_head_json":{"title":"Contact","robots":{"index":"index","follow":"follow","max-snippet":"max-snippet:-1","max-image-preview":"max-image-preview:large","max-video-preview":"max-video-preview:-1"},"canonical":"https:\/\/procontrol-fr.com\/fr\/procontrol\/contact\/","og_locale":"fr_FR","og_type":"article","og_title":"Contact","og_description":"PROCONTROL","og_url":"https:\/\/procontrol-fr.com\/fr\/procontrol\/contact\/","og_site_name":"PROCONTROL - Bureau de Contr\u00f4le V\u00e9rificaton \u00e9lectrique Levage Formation CACES\u00ae Formation habilitation \u00e9lectrique AIPR \u00e9lectricit\u00e9 SST Sauveteur secouriste du travail SST habilitation m\u00e9canique IRVE","article_modified_time":"2024-10-04T18:58:45+00:00","twitter_card":"summary_large_image","twitter_site":"@PROCONTROL_FR","twitter_misc":{"Dur\u00e9e de lecture estim\u00e9e":"1 minute"},"schema":{"@context":"https:\/\/schema.org","@graph":[{"@type":"WebPage","@id":"https:\/\/procontrol-fr.com\/fr\/procontrol\/contact\/","url":"https:\/\/procontrol-fr.com\/fr\/procontrol\/contact\/","name":"Contact","isPartOf":{"@id":"https:\/\/procontrol-fr.com\/fr\/#website"},"datePublished":"2013-04-19T16:28:13+00:00","dateModified":"2024-10-04T18:58:45+00:00","breadcrumb":{"@id":"https:\/\/procontrol-fr.com\/fr\/procontrol\/contact\/#breadcrumb"},"inLanguage":"fr-FR","potentialAction":[{"@type":"ReadAction","target":["https:\/\/procontrol-fr.com\/fr\/procontrol\/contact\/"]}]},{"@type":"BreadcrumbList","@id":"https:\/\/procontrol-fr.com\/fr\/procontrol\/contact\/#breadcrumb","itemListElement":[{"@type":"ListItem","position":1,"name":"Accueil","item":"https:\/\/procontrol-fr.com\/fr\/"},{"@type":"ListItem","position":2,"name":"PROCONTROL","item":"https:\/\/procontrol-fr.com\/fr\/procontrol\/"},{"@type":"ListItem","position":3,"name":"CONTACT"}]},{"@type":"WebSite","@id":"https:\/\/procontrol-fr.com\/fr\/#website","url":"https:\/\/procontrol-fr.com\/fr\/","name":"PROCONTROL - Bureau de Contr\u00f4le, V\u00e9rification \u00e9lectrique, Levage, Formation CACES\u00ae, habilitation \u00e9lectrique, AIPR,...","description":"","publisher":{"@id":"https:\/\/procontrol-fr.com\/fr\/#organization"},"potentialAction":[{"@type":"SearchAction","target":{"@type":"EntryPoint","urlTemplate":"https:\/\/procontrol-fr.com\/fr\/?s={search_term_string}"},"query-input":{"@type":"PropertyValueSpecification","valueRequired":true,"valueName":"search_term_string"}}],"inLanguage":"fr-FR"},{"@type":"Organization","@id":"https:\/\/procontrol-fr.com\/fr\/#organization","name":"PROCONTROL","url":"https:\/\/procontrol-fr.com\/fr\/","logo":{"@type":"ImageObject","inLanguage":"fr-FR","@id":"https:\/\/procontrol-fr.com\/fr\/#\/schema\/logo\/image\/","url":"https:\/\/procontrol-fr.com\/fr\/wp-content\/uploads\/2016\/06\/LogoProcontrol.jpg","contentUrl":"https:\/\/procontrol-fr.com\/fr\/wp-content\/uploads\/2016\/06\/LogoProcontrol.jpg","width":350,"height":100,"caption":"PROCONTROL"},"image":{"@id":"https:\/\/procontrol-fr.com\/fr\/#\/schema\/logo\/image\/"},"sameAs":["https:\/\/x.com\/PROCONTROL_FR"]}]}},"_links":{"self":[{"href":"https:\/\/procontrol-fr.com\/fr\/wp-json\/wp\/v2\/pages\/376","targetHints":{"allow":["GET"]}}],"collection":[{"href":"https:\/\/procontrol-fr.com\/fr\/wp-json\/wp\/v2\/pages"}],"about":[{"href":"https:\/\/procontrol-fr.com\/fr\/wp-json\/wp\/v2\/types\/page"}],"author":[{"embeddable":true,"href":"https:\/\/procontrol-fr.com\/fr\/wp-json\/wp\/v2\/users\/1"}],"replies":[{"embeddable":true,"href":"https:\/\/procontrol-fr.com\/fr\/wp-json\/wp\/v2\/comments?post=376"}],"version-history":[{"count":102,"href":"https:\/\/procontrol-fr.com\/fr\/wp-json\/wp\/v2\/pages\/376\/revisions"}],"predecessor-version":[{"id":5769,"href":"https:\/\/procontrol-fr.com\/fr\/wp-json\/wp\/v2\/pages\/376\/revisions\/5769"}],"up":[{"embeddable":true,"href":"https:\/\/procontrol-fr.com\/fr\/wp-json\/wp\/v2\/pages\/42"}],"wp:attachment":[{"href":"https:\/\/procontrol-fr.com\/fr\/wp-json\/wp\/v2\/media?parent=376"}],"curies":[{"name":"wp","href":"https:\/\/api.w.org\/{rel}","templated":true}]}}