{"id":4141,"date":"2019-01-04T21:05:33","date_gmt":"2019-01-04T20:05:33","guid":{"rendered":"https:\/\/procontrol-fr.com\/fr\/?page_id=4141"},"modified":"2020-03-22T11:34:03","modified_gmt":"2020-03-22T10:34:03","slug":"e-cariste","status":"publish","type":"page","link":"https:\/\/procontrol-fr.com\/fr\/e-learning\/e-cariste\/","title":{"rendered":"e-CARISTE"},"content":{"rendered":"\n<p style=\"background-color:#1874c1;color:#f6f8f9\" class=\"has-text-color has-background\">e-CARISTE c&rsquo;est simple, rapide, sans contrainte de temps ni de lieu et peu co\u00fbteux.<\/p>\n\n\n\n<p class=\"has-text-color has-background has-very-dark-gray-color has-very-light-gray-background-color\">e-CARISTE c&rsquo;est un parcours p\u00e9dagogique hybride : <br>&#8211; th\u00e9orie \u00e0 distance<br>&#8211; passage du test CACES\u00ae en pr\u00e9sentiel dans notre centre de d\u00e9roulement de tests.<\/p>\n\n\n\n<div class=\"rtbs  rtbs_i-cariste\"><div class=\"rtbs_slug\" style=\"display:none\">i-cariste<\/div><div class=\"rtbs_inactive_tab_background\" style=\"display:none\">transparent<\/div><div class=\"rtbs_breakpoint\" style=\"display:none\">600<\/div><div class=\"rtbs_color\" style=\"display:none\">#ffb400<\/div>\r\n        <div class=\"rtbs_menu\">\r\n            <ul>\r\n                <li class=\"mobile_toggle\">&zwnj;<\/li><li class=\"current\"><a style=\"background:#ffb400\" class=\"active i-cariste-tab-link-0\" href=\"#\" data-tab=\"#i-cariste-tab-0\">Objectifs<\/a><\/li><li><a href=\"#\" data-tab=\"#i-cariste-tab-1\" class=\"i-cariste-tab-link-1\">Publics et pr\u00e9-requis<\/a><\/li><li><a href=\"#\" data-tab=\"#i-cariste-tab-2\" class=\"i-cariste-tab-link-2\">Parcours p\u00e9dagogique<\/a><\/li><li><a href=\"#\" data-tab=\"#i-cariste-tab-3\" class=\"i-cariste-tab-link-3\">Validation<\/a><\/li>\r\n            <\/ul>\r\n        <\/div><div style=\"border-top:7px solid #ffb400;\" id=\"i-cariste-tab-0\" class=\"rtbs_content active\"><p><div class=\"su-service\"><div class=\"su-service-title\" style=\"padding-left:44px;min-height:30px;line-height:30px\"><i class=\"sui sui-compass\" style=\"font-size:30px;color:#000000\"><\/i> Objectifs :<\/div><div class=\"su-service-content su-u-clearfix su-u-trim\" style=\"padding-left:44px\">Le stagiaire sera capable de connaitre la recommandation R489, les devoirs et responsabilit\u00e9s des conducteurs de chariots automoteurs de manutention, d\u2019effectuer les v\u00e9rifications du chariot avant utilisation et les op\u00e9rations d\u2019entretien de premier niveau, de ma\u00eetriser la conduite en s\u00e9curit\u00e9 un chariot de manutention \u00e0 conducteur port\u00e9.<\/div><\/div><\/p>\n<div style=\"margin-top:30px; clear:both;\"><\/div><\/div><div style=\"border-top:7px solid #ffb400;\" id=\"i-cariste-tab-1\" class=\"rtbs_content\"><p><div class=\"su-service\"><div class=\"su-service-title\" style=\"padding-left:44px;min-height:30px;line-height:30px\"><i class=\"sui sui-group\" style=\"font-size:30px;color:#000000\"><\/i> Publics et pr\u00e9-requis<\/div><div class=\"su-service-content su-u-clearfix su-u-trim\" style=\"padding-left:44px\">Cariste exp\u00e9riment\u00e9 devant renouveler le CACES\u00ae.<\/div><\/div><\/p>\n<div style=\"margin-top:30px; clear:both;\"><\/div><\/div><div style=\"border-top:7px solid #ffb400;\" id=\"i-cariste-tab-2\" class=\"rtbs_content\"><p><div class=\"su-service\"><div class=\"su-service-title\" style=\"padding-left:44px;min-height:30px;line-height:30px\"><i class=\"sui sui-folder-open\" style=\"font-size:30px;color:#000000\"><\/i> Programme<\/div><div class=\"su-service-content su-u-clearfix su-u-trim\" style=\"padding-left:44px\"><\/p>\n<p>Un parcours de formation interactif et sonoris\u00e9 avec \u00e9valuations. Un sc\u00e9nario p\u00e9dagogique, conforme aux exigences du r\u00e9f\u00e9rentiel du <strong>CACES\u00ae R489<\/strong>.<\/p>\n<p>Tout au long du parcours, le stagiaire est amen\u00e9 \u00e0 r\u00e9pondre \u00e0 des questions, \u00e0 faire des exercices. Chaque r\u00e9ponse donn\u00e9e fait l\u2019objet d\u2019explications (Feed-back).<\/p>\n<p><strong>Formation th\u00e9orique en ligne<\/strong><\/p>\n<div class=\"sectioncomment\">\n<ol>\n<li>Statistiques des accidents du travail<\/li>\n<li>Dispositions r\u00e9glementaires<\/li>\n<li>Les partenaires de la pr\u00e9vention et leur r\u00f4le<\/li>\n<li>Les obligations et les responsabilit\u00e9s du conducteur<\/li>\n<li>Les risques li\u00e9s \u00e0 l'utilisation des chariots<\/li>\n<li>Que faire en cas d'accident ?<\/li>\n<li>Les risques li\u00e9s \u00e0 la conduite sous l'emprise de substances<\/li>\n<li>Les diff\u00e9rentes cat\u00e9gories de chariots<\/li>\n<li>Description, technologie et \u00e9quipements des chariots<\/li>\n<li>Stabilit\u00e9 des chariots<\/li>\n<li>Les r\u00e8gles d'utilisation des chariots<\/li>\n<li>Les techniques d'utilisation et de stockage<\/li>\n<li>Les v\u00e9rifications<\/li>\n<li>Les EPI<\/li>\n<li>La signalisation<\/li>\n<\/ol>\n<\/div>\n<p><strong>+ de 100 questions<\/strong> pour valider vos acquis<\/p>\n<dl>\n<dt>Les exercices sont disponible avec plusieurs types de r\u00e9ponses :<\/dt>\n<\/dl>\n<ul>\n<li>Choix multiple (R\u00e9ponse unique)<\/li>\n<li>Choix multiple (R\u00e9ponse multiples)<\/li>\n<li>Vrai\/Faux<\/li>\n<li>Texte \u00e0 trous<\/li>\n<\/ul>\n<p><strong>Test CACES\u00ae R489 en centre de formation<br \/><\/strong><\/p>\n<ul>\n<li>Formation en blended ou hybride (mixte) e-learning ou e-formation (th\u00e9orie) + pr\u00e9sentiel (passage du test)<\/li>\n<li>Entre 2h00 \u00e0 3h30 de formation (dur\u00e9e estimative) th\u00e9orique sur un acc\u00e8s limit\u00e9 de 30 jours + 1\/2 journ\u00e9e en centre. <\/div><\/div><\/li>\n<\/ul>\n<div style=\"margin-top:30px; clear:both;\"><\/div><\/div><div style=\"border-top:7px solid #ffb400;\" id=\"i-cariste-tab-3\" class=\"rtbs_content\"><p><div class=\"su-service\"><div class=\"su-service-title\" style=\"padding-left:44px;min-height:30px;line-height:30px\"><i class=\"sui sui-graduation-cap\" style=\"font-size:30px;color:#000000\"><\/i> Validation<\/div><div class=\"su-service-content su-u-clearfix su-u-trim\" style=\"padding-left:44px\">En cas de r\u00e9ussite aux tests CACES\u00ae th\u00e9orique et pratique, un CACES\u00ae valable 5 ans sera d\u00e9livr\u00e9 au candidat.<\/div><\/div><\/p>\n<div style=\"margin-top:30px; clear:both;\"><\/div><\/div>\r\n    <\/div>\r\n    \n","protected":false},"excerpt":{"rendered":"<p>e-CARISTE c&rsquo;est simple, rapide, sans contrainte de temps ni de lieu et peu co\u00fbteux. e-CARISTE c&rsquo;est un parcours p\u00e9dagogique hybride : &#8211; th\u00e9orie \u00e0 distance&#8211; passage du test CACES\u00ae en pr\u00e9sentiel dans notre centre de d\u00e9roulement de tests.<\/p>\n","protected":false},"author":1,"featured_media":4162,"parent":843,"menu_order":0,"comment_status":"closed","ping_status":"closed","template":"left-sidebar.php","meta":{"footnotes":""},"class_list":["post-4141","page","type-page","status-publish","has-post-thumbnail","hentry"],"yoast_head":"<!-- This site is optimized with the Yoast SEO plugin v27.3 - https:\/\/yoast.com\/product\/yoast-seo-wordpress\/ -->\n<title>e-CARISTE - PROCONTROL - Bureau de Contr\u00f4le V\u00e9rificaton \u00e9lectrique Levage Formation CACES\u00ae Formation habilitation \u00e9lectrique AIPR \u00e9lectricit\u00e9 SST Sauveteur secouriste du travail SST habilitation m\u00e9canique IRVE<\/title>\n<meta name=\"robots\" content=\"index, follow, max-snippet:-1, max-image-preview:large, max-video-preview:-1\" \/>\n<link rel=\"canonical\" href=\"https:\/\/procontrol-fr.com\/fr\/e-learning\/e-cariste\/\" \/>\n<meta property=\"og:locale\" content=\"fr_FR\" \/>\n<meta property=\"og:type\" content=\"article\" \/>\n<meta property=\"og:title\" content=\"e-CARISTE - PROCONTROL - Bureau de Contr\u00f4le V\u00e9rificaton \u00e9lectrique Levage Formation CACES\u00ae Formation habilitation \u00e9lectrique AIPR \u00e9lectricit\u00e9 SST Sauveteur secouriste du travail SST habilitation m\u00e9canique IRVE\" \/>\n<meta property=\"og:description\" content=\"e-CARISTE c&rsquo;est simple, rapide, sans contrainte de temps ni de lieu et peu co\u00fbteux. e-CARISTE c&rsquo;est un parcours p\u00e9dagogique hybride : &#8211; th\u00e9orie \u00e0 distance&#8211; passage du test CACES\u00ae en pr\u00e9sentiel dans notre centre de d\u00e9roulement de tests.\" \/>\n<meta property=\"og:url\" content=\"https:\/\/procontrol-fr.com\/fr\/e-learning\/e-cariste\/\" \/>\n<meta property=\"og:site_name\" content=\"PROCONTROL - Bureau de Contr\u00f4le V\u00e9rificaton \u00e9lectrique Levage Formation CACES\u00ae Formation habilitation \u00e9lectrique AIPR \u00e9lectricit\u00e9 SST Sauveteur secouriste du travail SST habilitation m\u00e9canique IRVE\" \/>\n<meta property=\"article:modified_time\" content=\"2020-03-22T10:34:03+00:00\" \/>\n<meta property=\"og:image\" content=\"https:\/\/procontrol-fr.com\/fr\/wp-content\/uploads\/2019\/01\/I-CARISTE.jpg\" \/>\n\t<meta property=\"og:image:width\" content=\"6666\" \/>\n\t<meta property=\"og:image:height\" content=\"1925\" \/>\n\t<meta property=\"og:image:type\" content=\"image\/jpeg\" \/>\n<meta name=\"twitter:card\" content=\"summary_large_image\" \/>\n<meta name=\"twitter:site\" content=\"@PROCONTROL_FR\" \/>\n<script type=\"application\/ld+json\" class=\"yoast-schema-graph\">{\"@context\":\"https:\\\/\\\/schema.org\",\"@graph\":[{\"@type\":\"WebPage\",\"@id\":\"https:\\\/\\\/procontrol-fr.com\\\/fr\\\/e-learning\\\/e-cariste\\\/\",\"url\":\"https:\\\/\\\/procontrol-fr.com\\\/fr\\\/e-learning\\\/e-cariste\\\/\",\"name\":\"e-CARISTE - PROCONTROL - Bureau de Contr\u00f4le V\u00e9rificaton \u00e9lectrique Levage Formation CACES\u00ae Formation habilitation \u00e9lectrique AIPR \u00e9lectricit\u00e9 SST Sauveteur secouriste du travail SST habilitation m\u00e9canique IRVE\",\"isPartOf\":{\"@id\":\"https:\\\/\\\/procontrol-fr.com\\\/fr\\\/#website\"},\"primaryImageOfPage\":{\"@id\":\"https:\\\/\\\/procontrol-fr.com\\\/fr\\\/e-learning\\\/e-cariste\\\/#primaryimage\"},\"image\":{\"@id\":\"https:\\\/\\\/procontrol-fr.com\\\/fr\\\/e-learning\\\/e-cariste\\\/#primaryimage\"},\"thumbnailUrl\":\"https:\\\/\\\/procontrol-fr.com\\\/fr\\\/wp-content\\\/uploads\\\/2019\\\/01\\\/I-CARISTE.jpg\",\"datePublished\":\"2019-01-04T20:05:33+00:00\",\"dateModified\":\"2020-03-22T10:34:03+00:00\",\"breadcrumb\":{\"@id\":\"https:\\\/\\\/procontrol-fr.com\\\/fr\\\/e-learning\\\/e-cariste\\\/#breadcrumb\"},\"inLanguage\":\"fr-FR\",\"potentialAction\":[{\"@type\":\"ReadAction\",\"target\":[\"https:\\\/\\\/procontrol-fr.com\\\/fr\\\/e-learning\\\/e-cariste\\\/\"]}]},{\"@type\":\"ImageObject\",\"inLanguage\":\"fr-FR\",\"@id\":\"https:\\\/\\\/procontrol-fr.com\\\/fr\\\/e-learning\\\/e-cariste\\\/#primaryimage\",\"url\":\"https:\\\/\\\/procontrol-fr.com\\\/fr\\\/wp-content\\\/uploads\\\/2019\\\/01\\\/I-CARISTE.jpg\",\"contentUrl\":\"https:\\\/\\\/procontrol-fr.com\\\/fr\\\/wp-content\\\/uploads\\\/2019\\\/01\\\/I-CARISTE.jpg\",\"width\":6666,\"height\":1925},{\"@type\":\"BreadcrumbList\",\"@id\":\"https:\\\/\\\/procontrol-fr.com\\\/fr\\\/e-learning\\\/e-cariste\\\/#breadcrumb\",\"itemListElement\":[{\"@type\":\"ListItem\",\"position\":1,\"name\":\"Accueil\",\"item\":\"https:\\\/\\\/procontrol-fr.com\\\/fr\\\/\"},{\"@type\":\"ListItem\",\"position\":2,\"name\":\"Formation \u00e0 distance \\\/ t\u00e9l\u00e9formation\",\"item\":\"https:\\\/\\\/procontrol-fr.com\\\/fr\\\/e-learning\\\/\"},{\"@type\":\"ListItem\",\"position\":3,\"name\":\"e-CARISTE\"}]},{\"@type\":\"WebSite\",\"@id\":\"https:\\\/\\\/procontrol-fr.com\\\/fr\\\/#website\",\"url\":\"https:\\\/\\\/procontrol-fr.com\\\/fr\\\/\",\"name\":\"PROCONTROL - Bureau de Contr\u00f4le, V\u00e9rification \u00e9lectrique, Levage, Formation CACES\u00ae, habilitation \u00e9lectrique, AIPR,...\",\"description\":\"\",\"publisher\":{\"@id\":\"https:\\\/\\\/procontrol-fr.com\\\/fr\\\/#organization\"},\"potentialAction\":[{\"@type\":\"SearchAction\",\"target\":{\"@type\":\"EntryPoint\",\"urlTemplate\":\"https:\\\/\\\/procontrol-fr.com\\\/fr\\\/?s={search_term_string}\"},\"query-input\":{\"@type\":\"PropertyValueSpecification\",\"valueRequired\":true,\"valueName\":\"search_term_string\"}}],\"inLanguage\":\"fr-FR\"},{\"@type\":\"Organization\",\"@id\":\"https:\\\/\\\/procontrol-fr.com\\\/fr\\\/#organization\",\"name\":\"PROCONTROL\",\"url\":\"https:\\\/\\\/procontrol-fr.com\\\/fr\\\/\",\"logo\":{\"@type\":\"ImageObject\",\"inLanguage\":\"fr-FR\",\"@id\":\"https:\\\/\\\/procontrol-fr.com\\\/fr\\\/#\\\/schema\\\/logo\\\/image\\\/\",\"url\":\"https:\\\/\\\/procontrol-fr.com\\\/fr\\\/wp-content\\\/uploads\\\/2016\\\/06\\\/LogoProcontrol.jpg\",\"contentUrl\":\"https:\\\/\\\/procontrol-fr.com\\\/fr\\\/wp-content\\\/uploads\\\/2016\\\/06\\\/LogoProcontrol.jpg\",\"width\":350,\"height\":100,\"caption\":\"PROCONTROL\"},\"image\":{\"@id\":\"https:\\\/\\\/procontrol-fr.com\\\/fr\\\/#\\\/schema\\\/logo\\\/image\\\/\"},\"sameAs\":[\"https:\\\/\\\/x.com\\\/PROCONTROL_FR\"]}]}<\/script>\n<!-- \/ Yoast SEO plugin. -->","yoast_head_json":{"title":"e-CARISTE - PROCONTROL - Bureau de Contr\u00f4le V\u00e9rificaton \u00e9lectrique Levage Formation CACES\u00ae Formation habilitation \u00e9lectrique AIPR \u00e9lectricit\u00e9 SST Sauveteur secouriste du travail SST habilitation m\u00e9canique IRVE","robots":{"index":"index","follow":"follow","max-snippet":"max-snippet:-1","max-image-preview":"max-image-preview:large","max-video-preview":"max-video-preview:-1"},"canonical":"https:\/\/procontrol-fr.com\/fr\/e-learning\/e-cariste\/","og_locale":"fr_FR","og_type":"article","og_title":"e-CARISTE - PROCONTROL - Bureau de Contr\u00f4le V\u00e9rificaton \u00e9lectrique Levage Formation CACES\u00ae Formation habilitation \u00e9lectrique AIPR \u00e9lectricit\u00e9 SST Sauveteur secouriste du travail SST habilitation m\u00e9canique IRVE","og_description":"e-CARISTE c&rsquo;est simple, rapide, sans contrainte de temps ni de lieu et peu co\u00fbteux. e-CARISTE c&rsquo;est un parcours p\u00e9dagogique hybride : &#8211; th\u00e9orie \u00e0 distance&#8211; passage du test CACES\u00ae en pr\u00e9sentiel dans notre centre de d\u00e9roulement de tests.","og_url":"https:\/\/procontrol-fr.com\/fr\/e-learning\/e-cariste\/","og_site_name":"PROCONTROL - Bureau de Contr\u00f4le V\u00e9rificaton \u00e9lectrique Levage Formation CACES\u00ae Formation habilitation \u00e9lectrique AIPR \u00e9lectricit\u00e9 SST Sauveteur secouriste du travail SST habilitation m\u00e9canique IRVE","article_modified_time":"2020-03-22T10:34:03+00:00","og_image":[{"width":6666,"height":1925,"url":"https:\/\/procontrol-fr.com\/fr\/wp-content\/uploads\/2019\/01\/I-CARISTE.jpg","type":"image\/jpeg"}],"twitter_card":"summary_large_image","twitter_site":"@PROCONTROL_FR","schema":{"@context":"https:\/\/schema.org","@graph":[{"@type":"WebPage","@id":"https:\/\/procontrol-fr.com\/fr\/e-learning\/e-cariste\/","url":"https:\/\/procontrol-fr.com\/fr\/e-learning\/e-cariste\/","name":"e-CARISTE - PROCONTROL - Bureau de Contr\u00f4le V\u00e9rificaton \u00e9lectrique Levage Formation CACES\u00ae Formation habilitation \u00e9lectrique AIPR \u00e9lectricit\u00e9 SST Sauveteur secouriste du travail SST habilitation m\u00e9canique IRVE","isPartOf":{"@id":"https:\/\/procontrol-fr.com\/fr\/#website"},"primaryImageOfPage":{"@id":"https:\/\/procontrol-fr.com\/fr\/e-learning\/e-cariste\/#primaryimage"},"image":{"@id":"https:\/\/procontrol-fr.com\/fr\/e-learning\/e-cariste\/#primaryimage"},"thumbnailUrl":"https:\/\/procontrol-fr.com\/fr\/wp-content\/uploads\/2019\/01\/I-CARISTE.jpg","datePublished":"2019-01-04T20:05:33+00:00","dateModified":"2020-03-22T10:34:03+00:00","breadcrumb":{"@id":"https:\/\/procontrol-fr.com\/fr\/e-learning\/e-cariste\/#breadcrumb"},"inLanguage":"fr-FR","potentialAction":[{"@type":"ReadAction","target":["https:\/\/procontrol-fr.com\/fr\/e-learning\/e-cariste\/"]}]},{"@type":"ImageObject","inLanguage":"fr-FR","@id":"https:\/\/procontrol-fr.com\/fr\/e-learning\/e-cariste\/#primaryimage","url":"https:\/\/procontrol-fr.com\/fr\/wp-content\/uploads\/2019\/01\/I-CARISTE.jpg","contentUrl":"https:\/\/procontrol-fr.com\/fr\/wp-content\/uploads\/2019\/01\/I-CARISTE.jpg","width":6666,"height":1925},{"@type":"BreadcrumbList","@id":"https:\/\/procontrol-fr.com\/fr\/e-learning\/e-cariste\/#breadcrumb","itemListElement":[{"@type":"ListItem","position":1,"name":"Accueil","item":"https:\/\/procontrol-fr.com\/fr\/"},{"@type":"ListItem","position":2,"name":"Formation \u00e0 distance \/ t\u00e9l\u00e9formation","item":"https:\/\/procontrol-fr.com\/fr\/e-learning\/"},{"@type":"ListItem","position":3,"name":"e-CARISTE"}]},{"@type":"WebSite","@id":"https:\/\/procontrol-fr.com\/fr\/#website","url":"https:\/\/procontrol-fr.com\/fr\/","name":"PROCONTROL - Bureau de Contr\u00f4le, V\u00e9rification \u00e9lectrique, Levage, Formation CACES\u00ae, habilitation \u00e9lectrique, AIPR,...","description":"","publisher":{"@id":"https:\/\/procontrol-fr.com\/fr\/#organization"},"potentialAction":[{"@type":"SearchAction","target":{"@type":"EntryPoint","urlTemplate":"https:\/\/procontrol-fr.com\/fr\/?s={search_term_string}"},"query-input":{"@type":"PropertyValueSpecification","valueRequired":true,"valueName":"search_term_string"}}],"inLanguage":"fr-FR"},{"@type":"Organization","@id":"https:\/\/procontrol-fr.com\/fr\/#organization","name":"PROCONTROL","url":"https:\/\/procontrol-fr.com\/fr\/","logo":{"@type":"ImageObject","inLanguage":"fr-FR","@id":"https:\/\/procontrol-fr.com\/fr\/#\/schema\/logo\/image\/","url":"https:\/\/procontrol-fr.com\/fr\/wp-content\/uploads\/2016\/06\/LogoProcontrol.jpg","contentUrl":"https:\/\/procontrol-fr.com\/fr\/wp-content\/uploads\/2016\/06\/LogoProcontrol.jpg","width":350,"height":100,"caption":"PROCONTROL"},"image":{"@id":"https:\/\/procontrol-fr.com\/fr\/#\/schema\/logo\/image\/"},"sameAs":["https:\/\/x.com\/PROCONTROL_FR"]}]}},"_links":{"self":[{"href":"https:\/\/procontrol-fr.com\/fr\/wp-json\/wp\/v2\/pages\/4141","targetHints":{"allow":["GET"]}}],"collection":[{"href":"https:\/\/procontrol-fr.com\/fr\/wp-json\/wp\/v2\/pages"}],"about":[{"href":"https:\/\/procontrol-fr.com\/fr\/wp-json\/wp\/v2\/types\/page"}],"author":[{"embeddable":true,"href":"https:\/\/procontrol-fr.com\/fr\/wp-json\/wp\/v2\/users\/1"}],"replies":[{"embeddable":true,"href":"https:\/\/procontrol-fr.com\/fr\/wp-json\/wp\/v2\/comments?post=4141"}],"version-history":[{"count":23,"href":"https:\/\/procontrol-fr.com\/fr\/wp-json\/wp\/v2\/pages\/4141\/revisions"}],"predecessor-version":[{"id":4571,"href":"https:\/\/procontrol-fr.com\/fr\/wp-json\/wp\/v2\/pages\/4141\/revisions\/4571"}],"up":[{"embeddable":true,"href":"https:\/\/procontrol-fr.com\/fr\/wp-json\/wp\/v2\/pages\/843"}],"wp:featuredmedia":[{"embeddable":true,"href":"https:\/\/procontrol-fr.com\/fr\/wp-json\/wp\/v2\/media\/4162"}],"wp:attachment":[{"href":"https:\/\/procontrol-fr.com\/fr\/wp-json\/wp\/v2\/media?parent=4141"}],"curies":[{"name":"wp","href":"https:\/\/api.w.org\/{rel}","templated":true}]}}