{"id":42,"date":"2013-03-05T17:25:36","date_gmt":"2013-03-05T17:25:36","guid":{"rendered":"http:\/\/procontrol-fr.com\/fr\/?page_id=42"},"modified":"2018-12-29T15:18:13","modified_gmt":"2018-12-29T14:18:13","slug":"procontrol","status":"publish","type":"page","link":"https:\/\/procontrol-fr.com\/fr\/procontrol\/","title":{"rendered":"PROCONTROL"},"content":{"rendered":"<h2><span style=\"color: #ff6600;\">D\u00e9couvrez nos activit\u00e9s<\/span><\/h2>\n<pre><code>[videojs mp4=\"http:\/\/procontrol-fr.com\/fr\/wp-content\/uploads\/2014\/08\/VIDEO_PROCONTROL.mp4\"]<\/code><\/pre>\n<div class=\"rtbs  rtbs_accueil\"><div class=\"rtbs_slug\" style=\"display:none\">accueil<\/div><div class=\"rtbs_inactive_tab_background\" style=\"display:none\">transparent<\/div><div class=\"rtbs_breakpoint\" style=\"display:none\">400<\/div><div class=\"rtbs_color\" style=\"display:none\">#57c9e0<\/div>\r\n        <div class=\"rtbs_menu\">\r\n            <ul>\r\n                <li class=\"mobile_toggle\">&zwnj;<\/li><li class=\"current\"><a style=\"background:#57c9e0\" class=\"active accueil-tab-link-0\" href=\"#\" data-tab=\"#accueil-tab-0\">L&#039;inspection<\/a><\/li><li><a href=\"#\" data-tab=\"#accueil-tab-1\" class=\"accueil-tab-link-1\">La formation professionnelle<\/a><\/li>\r\n            <\/ul>\r\n        <\/div><div style=\"border-top:7px solid #57c9e0;\" id=\"accueil-tab-0\" class=\"rtbs_content active\"><p>Les b\u00e2timents, \u00e9quipements et produits doivent faire l\u2019objet de contr\u00f4les, de v\u00e9rifications ou d\u2019inspections r\u00e9glementaires, volontaires ou bas\u00e9s sur vos propres engagements, normes, standards ou exigences, qui permettent de valider leur conformit\u00e9.<\/p>\n<p>Nos experts disposent des comp\u00e9tences solides pour inspecter vos b\u00e2timents et vos \u00e9quipements (\u00e9lectricit\u00e9, appareils de levage, \u00e9quipements sous pression\u2026).<\/p>\n<div style=\"margin-top:30px; clear:both;\"><\/div><\/div><div style=\"border-top:7px solid #57c9e0;\" id=\"accueil-tab-1\" class=\"rtbs_content\"><p>PROCONTROL a pour mission de former des professionnels sur les sujets de \u00ab pr\u00e9vention des risques professionnels \u00bb.<\/p>\n<p>Nos formations sont dispens\u00e9es par nos experts\/formateurs, nous pr\u00e9parons nos stagiaires \u00e0 relever les d\u00e9fis li\u00e9s \u00e0 la maitrise de risques professionnels.<\/p>\n<p>S\u2019inscrivant dans ce cadre g\u00e9n\u00e9ral, notre mission vise \u00e0 :<\/p>\n<p>&gt; encourager les stagiaires \u00e0 \u00eatre responsables de leurs propres apprentissages, d\u00e9velopper leurs capacit\u00e9s professionnelles et de les pr\u00e9parer aux probl\u00e9matiques de s\u00e9curit\u00e9.<br \/>\n&gt; assurer des animations p\u00e9dagogiques de qualit\u00e9 qui fassent avancer leurs connaissances en mati\u00e8re de maitrise de risques professionnels .<br \/>\n&gt; cultiver l\u2019esprit critique de nos stagiaires avec pour objectif la r\u00e9duction des accidents du travail.<\/p>\n<div style=\"margin-top:30px; clear:both;\"><\/div><\/div>\r\n    <\/div>\r\n    \n<hr \/>\n<h5 style=\"text-align: center;\">Notre exp\u00e9rience est votre garantie.<\/h5>\n","protected":false},"excerpt":{"rendered":"<p>D\u00e9couvrez nos activit\u00e9s [videojs mp4=\u00a0\u00bbhttp:\/\/procontrol-fr.com\/fr\/wp-content\/uploads\/2014\/08\/VIDEO_PROCONTROL.mp4&Prime;] Notre exp\u00e9rience est votre garantie.<\/p>\n","protected":false},"author":1,"featured_media":0,"parent":0,"menu_order":1,"comment_status":"closed","ping_status":"closed","template":"no-sidebar.php","meta":{"footnotes":""},"class_list":["post-42","page","type-page","status-publish","hentry"],"yoast_head":"<!-- This site is optimized with the Yoast SEO plugin v27.2 - https:\/\/yoast.com\/product\/yoast-seo-wordpress\/ -->\n<title>PROCONTROL\/<\/title>\n<meta name=\"robots\" content=\"index, follow, max-snippet:-1, max-image-preview:large, max-video-preview:-1\" \/>\n<link rel=\"canonical\" href=\"https:\/\/procontrol-fr.com\/fr\/procontrol\/\" \/>\n<meta property=\"og:locale\" content=\"fr_FR\" \/>\n<meta property=\"og:type\" content=\"article\" \/>\n<meta property=\"og:title\" content=\"PROCONTROL\/\" \/>\n<meta property=\"og:description\" content=\"D\u00e9couvrez nos activit\u00e9s [videojs mp4=&quot;http:\/\/procontrol-fr.com\/fr\/wp-content\/uploads\/2014\/08\/VIDEO_PROCONTROL.mp4&quot;] Notre exp\u00e9rience est votre garantie.\" \/>\n<meta property=\"og:url\" content=\"https:\/\/procontrol-fr.com\/fr\/procontrol\/\" \/>\n<meta property=\"og:site_name\" content=\"PROCONTROL - Bureau de Contr\u00f4le V\u00e9rificaton \u00e9lectrique Levage Formation CACES\u00ae Formation habilitation \u00e9lectrique AIPR \u00e9lectricit\u00e9 SST Sauveteur secouriste du travail SST habilitation m\u00e9canique IRVE\" \/>\n<meta property=\"article:modified_time\" content=\"2018-12-29T14:18:13+00:00\" \/>\n<meta name=\"twitter:card\" content=\"summary_large_image\" \/>\n<meta name=\"twitter:site\" content=\"@PROCONTROL_FR\" \/>\n<script type=\"application\/ld+json\" class=\"yoast-schema-graph\">{\"@context\":\"https:\/\/schema.org\",\"@graph\":[{\"@type\":\"WebPage\",\"@id\":\"https:\/\/procontrol-fr.com\/fr\/procontrol\/\",\"url\":\"https:\/\/procontrol-fr.com\/fr\/procontrol\/\",\"name\":\"PROCONTROL\/\",\"isPartOf\":{\"@id\":\"https:\/\/procontrol-fr.com\/fr\/#website\"},\"datePublished\":\"2013-03-05T17:25:36+00:00\",\"dateModified\":\"2018-12-29T14:18:13+00:00\",\"breadcrumb\":{\"@id\":\"https:\/\/procontrol-fr.com\/fr\/procontrol\/#breadcrumb\"},\"inLanguage\":\"fr-FR\",\"potentialAction\":[{\"@type\":\"ReadAction\",\"target\":[\"https:\/\/procontrol-fr.com\/fr\/procontrol\/\"]}]},{\"@type\":\"BreadcrumbList\",\"@id\":\"https:\/\/procontrol-fr.com\/fr\/procontrol\/#breadcrumb\",\"itemListElement\":[{\"@type\":\"ListItem\",\"position\":1,\"name\":\"Accueil\",\"item\":\"https:\/\/procontrol-fr.com\/fr\/\"},{\"@type\":\"ListItem\",\"position\":2,\"name\":\"PROCONTROL\"}]},{\"@type\":\"WebSite\",\"@id\":\"https:\/\/procontrol-fr.com\/fr\/#website\",\"url\":\"https:\/\/procontrol-fr.com\/fr\/\",\"name\":\"PROCONTROL - Bureau de Contr\u00f4le, V\u00e9rification \u00e9lectrique, Levage, Formation CACES\u00ae, habilitation \u00e9lectrique, AIPR,...\",\"description\":\"\",\"publisher\":{\"@id\":\"https:\/\/procontrol-fr.com\/fr\/#organization\"},\"potentialAction\":[{\"@type\":\"SearchAction\",\"target\":{\"@type\":\"EntryPoint\",\"urlTemplate\":\"https:\/\/procontrol-fr.com\/fr\/?s={search_term_string}\"},\"query-input\":{\"@type\":\"PropertyValueSpecification\",\"valueRequired\":true,\"valueName\":\"search_term_string\"}}],\"inLanguage\":\"fr-FR\"},{\"@type\":\"Organization\",\"@id\":\"https:\/\/procontrol-fr.com\/fr\/#organization\",\"name\":\"PROCONTROL\",\"url\":\"https:\/\/procontrol-fr.com\/fr\/\",\"logo\":{\"@type\":\"ImageObject\",\"inLanguage\":\"fr-FR\",\"@id\":\"https:\/\/procontrol-fr.com\/fr\/#\/schema\/logo\/image\/\",\"url\":\"https:\/\/procontrol-fr.com\/fr\/wp-content\/uploads\/2016\/06\/LogoProcontrol.jpg\",\"contentUrl\":\"https:\/\/procontrol-fr.com\/fr\/wp-content\/uploads\/2016\/06\/LogoProcontrol.jpg\",\"width\":350,\"height\":100,\"caption\":\"PROCONTROL\"},\"image\":{\"@id\":\"https:\/\/procontrol-fr.com\/fr\/#\/schema\/logo\/image\/\"},\"sameAs\":[\"https:\/\/x.com\/PROCONTROL_FR\"]}]}<\/script>\n<!-- \/ Yoast SEO plugin. -->","yoast_head_json":{"title":"PROCONTROL\/","robots":{"index":"index","follow":"follow","max-snippet":"max-snippet:-1","max-image-preview":"max-image-preview:large","max-video-preview":"max-video-preview:-1"},"canonical":"https:\/\/procontrol-fr.com\/fr\/procontrol\/","og_locale":"fr_FR","og_type":"article","og_title":"PROCONTROL\/","og_description":"D\u00e9couvrez nos activit\u00e9s [videojs mp4=\"http:\/\/procontrol-fr.com\/fr\/wp-content\/uploads\/2014\/08\/VIDEO_PROCONTROL.mp4\"] Notre exp\u00e9rience est votre garantie.","og_url":"https:\/\/procontrol-fr.com\/fr\/procontrol\/","og_site_name":"PROCONTROL - Bureau de Contr\u00f4le V\u00e9rificaton \u00e9lectrique Levage Formation CACES\u00ae Formation habilitation \u00e9lectrique AIPR \u00e9lectricit\u00e9 SST Sauveteur secouriste du travail SST habilitation m\u00e9canique IRVE","article_modified_time":"2018-12-29T14:18:13+00:00","twitter_card":"summary_large_image","twitter_site":"@PROCONTROL_FR","schema":{"@context":"https:\/\/schema.org","@graph":[{"@type":"WebPage","@id":"https:\/\/procontrol-fr.com\/fr\/procontrol\/","url":"https:\/\/procontrol-fr.com\/fr\/procontrol\/","name":"PROCONTROL\/","isPartOf":{"@id":"https:\/\/procontrol-fr.com\/fr\/#website"},"datePublished":"2013-03-05T17:25:36+00:00","dateModified":"2018-12-29T14:18:13+00:00","breadcrumb":{"@id":"https:\/\/procontrol-fr.com\/fr\/procontrol\/#breadcrumb"},"inLanguage":"fr-FR","potentialAction":[{"@type":"ReadAction","target":["https:\/\/procontrol-fr.com\/fr\/procontrol\/"]}]},{"@type":"BreadcrumbList","@id":"https:\/\/procontrol-fr.com\/fr\/procontrol\/#breadcrumb","itemListElement":[{"@type":"ListItem","position":1,"name":"Accueil","item":"https:\/\/procontrol-fr.com\/fr\/"},{"@type":"ListItem","position":2,"name":"PROCONTROL"}]},{"@type":"WebSite","@id":"https:\/\/procontrol-fr.com\/fr\/#website","url":"https:\/\/procontrol-fr.com\/fr\/","name":"PROCONTROL - Bureau de Contr\u00f4le, V\u00e9rification \u00e9lectrique, Levage, Formation CACES\u00ae, habilitation \u00e9lectrique, AIPR,...","description":"","publisher":{"@id":"https:\/\/procontrol-fr.com\/fr\/#organization"},"potentialAction":[{"@type":"SearchAction","target":{"@type":"EntryPoint","urlTemplate":"https:\/\/procontrol-fr.com\/fr\/?s={search_term_string}"},"query-input":{"@type":"PropertyValueSpecification","valueRequired":true,"valueName":"search_term_string"}}],"inLanguage":"fr-FR"},{"@type":"Organization","@id":"https:\/\/procontrol-fr.com\/fr\/#organization","name":"PROCONTROL","url":"https:\/\/procontrol-fr.com\/fr\/","logo":{"@type":"ImageObject","inLanguage":"fr-FR","@id":"https:\/\/procontrol-fr.com\/fr\/#\/schema\/logo\/image\/","url":"https:\/\/procontrol-fr.com\/fr\/wp-content\/uploads\/2016\/06\/LogoProcontrol.jpg","contentUrl":"https:\/\/procontrol-fr.com\/fr\/wp-content\/uploads\/2016\/06\/LogoProcontrol.jpg","width":350,"height":100,"caption":"PROCONTROL"},"image":{"@id":"https:\/\/procontrol-fr.com\/fr\/#\/schema\/logo\/image\/"},"sameAs":["https:\/\/x.com\/PROCONTROL_FR"]}]}},"_links":{"self":[{"href":"https:\/\/procontrol-fr.com\/fr\/wp-json\/wp\/v2\/pages\/42","targetHints":{"allow":["GET"]}}],"collection":[{"href":"https:\/\/procontrol-fr.com\/fr\/wp-json\/wp\/v2\/pages"}],"about":[{"href":"https:\/\/procontrol-fr.com\/fr\/wp-json\/wp\/v2\/types\/page"}],"author":[{"embeddable":true,"href":"https:\/\/procontrol-fr.com\/fr\/wp-json\/wp\/v2\/users\/1"}],"replies":[{"embeddable":true,"href":"https:\/\/procontrol-fr.com\/fr\/wp-json\/wp\/v2\/comments?post=42"}],"version-history":[{"count":46,"href":"https:\/\/procontrol-fr.com\/fr\/wp-json\/wp\/v2\/pages\/42\/revisions"}],"predecessor-version":[{"id":2193,"href":"https:\/\/procontrol-fr.com\/fr\/wp-json\/wp\/v2\/pages\/42\/revisions\/2193"}],"wp:attachment":[{"href":"https:\/\/procontrol-fr.com\/fr\/wp-json\/wp\/v2\/media?parent=42"}],"curies":[{"name":"wp","href":"https:\/\/api.w.org\/{rel}","templated":true}]}}