{"id":4270,"date":"2019-05-07T20:25:14","date_gmt":"2019-05-07T19:25:14","guid":{"rendered":"https:\/\/procontrol-fr.com\/fr\/?page_id=4270"},"modified":"2020-03-22T11:41:42","modified_gmt":"2020-03-22T10:41:42","slug":"e-nacelle","status":"publish","type":"page","link":"https:\/\/procontrol-fr.com\/fr\/e-learning\/e-nacelle\/","title":{"rendered":"e-Nacelle"},"content":{"rendered":"\n<p style=\"background-color:#1874c1;color:#ffffff\" class=\"has-text-color has-background\"> e-NACELLE <strong>Formation conduite de plates-formes \u00e9l\u00e9vatrices mobiles de personnels<\/strong> c\u2019est simple, rapide, sans contrainte de temps ni de lieu et peu co\u00fbteux. <\/p>\n\n\n\n<p class=\"has-text-color has-background has-very-dark-gray-color has-very-light-gray-background-color\"> e-NACELLE c\u2019est un parcours p\u00e9dagogique hybride : <br>\u2013 th\u00e9orie \u00e0 distance<br>\u2013 passage du test CACES\u00ae en pr\u00e9sentiel dans notre centre de d\u00e9roulement de tests. <\/p>\n\n\n\n<div class=\"rtbs  rtbs_i-pemp\"><div class=\"rtbs_slug\" style=\"display:none\">i-pemp<\/div><div class=\"rtbs_inactive_tab_background\" style=\"display:none\">transparent<\/div><div class=\"rtbs_breakpoint\" style=\"display:none\">600<\/div><div class=\"rtbs_color\" style=\"display:none\">#ffb400<\/div>\r\n        <div class=\"rtbs_menu\">\r\n            <ul>\r\n                <li class=\"mobile_toggle\">&zwnj;<\/li><li class=\"current\"><a style=\"background:#ffb400\" class=\"active i-pemp-tab-link-0\" href=\"#\" data-tab=\"#i-pemp-tab-0\">Objectifs<\/a><\/li><li><a href=\"#\" data-tab=\"#i-pemp-tab-1\" class=\"i-pemp-tab-link-1\">Publics et pr\u00e9-requis<\/a><\/li><li><a href=\"#\" data-tab=\"#i-pemp-tab-2\" class=\"i-pemp-tab-link-2\">Parcours p\u00e9dagogique<\/a><\/li><li><a href=\"#\" data-tab=\"#i-pemp-tab-3\" class=\"i-pemp-tab-link-3\">Validation<\/a><\/li>\r\n            <\/ul>\r\n        <\/div><div style=\"border-top:7px solid #ffb400;\" id=\"i-pemp-tab-0\" class=\"rtbs_content active\"><p><div class=\"su-service\"><div class=\"su-service-title\" style=\"padding-left:44px;min-height:30px;line-height:30px\"><i class=\"sui sui-compass\" style=\"font-size:30px;color:#000000\"><\/i> Objectifs :<\/div><div class=\"su-service-content su-u-clearfix su-u-trim\" style=\"padding-left:44px\">Le stagiaire sera capable de conna\u00eetre la recommandation R486, les devoirs et responsabilit\u00e9s des op\u00e9rateurs de PEMP, de r\u00e9aliser les v\u00e9rifications et l\u2019entretien d\u2019usage en d\u00e9but de poste de rendre compte des anomalies et des difficult\u00e9s rencontr\u00e9es, de mettre en \u0153uvre la PEMP et d\u2019effectuer des t\u00e2ches \u00e0 des emplacements de travail vari\u00e9s.<\/div><\/div><\/p>\n<div style=\"margin-top:30px; clear:both;\"><\/div><\/div><div style=\"border-top:7px solid #ffb400;\" id=\"i-pemp-tab-1\" class=\"rtbs_content\"><p><div class=\"su-service\"><div class=\"su-service-title\" style=\"padding-left:44px;min-height:30px;line-height:30px\"><i class=\"sui sui-group\" style=\"font-size:30px;color:#000000\"><\/i> Publics et pr\u00e9-requis<\/div><div class=\"su-service-content su-u-clearfix su-u-trim\" style=\"padding-left:44px\">Op\u00e9rateur exp\u00e9riment\u00e9 devant renouveler le CACES\u00ae.<\/div><\/div><\/p>\n<div style=\"margin-top:30px; clear:both;\"><\/div><\/div><div style=\"border-top:7px solid #ffb400;\" id=\"i-pemp-tab-2\" class=\"rtbs_content\"><p><div class=\"su-service\"><div class=\"su-service-title\" style=\"padding-left:44px;min-height:30px;line-height:30px\"><i class=\"sui sui-folder-open\" style=\"font-size:30px;color:#000000\"><\/i> Programme<\/div><div class=\"su-service-content su-u-clearfix su-u-trim\" style=\"padding-left:44px\"><\/p>\n<p>Un parcours de formation interactif et sonoris\u00e9 avec \u00e9valuations. Un sc\u00e9nario p\u00e9dagogique, conforme aux exigences du r\u00e9f\u00e9rentiel du <strong>CACES\u00ae R386<\/strong>.<\/p>\n<p>Tout au long du parcours, le stagiaire est amen\u00e9 \u00e0 r\u00e9pondre \u00e0 des questions, \u00e0 faire des exercices. Chaque r\u00e9ponse donn\u00e9e fait l\u2019objet d\u2019explications (Feed-back).<\/p>\n<p><strong>Formation th\u00e9orique en ligne<\/strong><\/p>\n<ol>\n<li style=\"list-style-type: none\">\n<ol>\n<li>Statistiques des accidents du travail<\/li>\n<li>Dispositions r\u00e9glementaires<\/li>\n<li>Les partenaires de la pr\u00e9vention et leur r\u00f4le<\/li>\n<li>Les diff\u00e9rents acteurs de l\u2019entreprise et leurs obligations<\/li>\n<li>Les droits, obligations et responsabilit\u00e9s<\/li>\n<li>Que faire en cas d\u2019accident ?<\/li>\n<li>Les risques li\u00e9s \u00e0 l\u2019utilisation d\u2019une PEMP<\/li>\n<li>Les risques et sanctions li\u00e9s \u00e0 la prise de substances<\/li>\n<li>Processus menant \u00e0 l\u2019AT et \u00e0 la Maladie Professionnelle<\/li>\n<li>Les diff\u00e9rents types de PEMP<\/li>\n<li>Technologie des PEMP, mouvements et d\u00e9placements<\/li>\n<li>Les plaques signal\u00e9tiques<\/li>\n<li>Le circuit hydraulique<\/li>\n<li>Les commandes de la PEMP<\/li>\n<li>Stabilit\u00e9 de la PEMP<\/li>\n<li>Les r\u00e8gles d\u2019utilisation de la PEMP<\/li>\n<li>La signalisation<\/li>\n<li>Les \u00c9quipements de Protection Individuelle<\/li>\n<li>Les v\u00e9rifications<\/li>\n<li>Les gestes de commandement des appareils de levage<\/li>\n<li>La liaison nacelle-sol<\/li>\n<\/ol>\n<\/li>\n<\/ol>\n<p><strong>+ de 100 questions<\/strong> pour valider vos acquis<\/p>\n<dl>\n<dt>Les exercices sont disponible avec plusieurs types de r\u00e9ponses :<\/dt>\n<\/dl>\n<ol>\n<li style=\"list-style-type: none\">\n<ol>\n<li style=\"list-style-type: none\">\n<ul>\n<li>Choix multiple (R\u00e9ponse unique)<\/li>\n<li>Choix multiple (R\u00e9ponse multiples)<\/li>\n<li>Vrai\/Faux<\/li>\n<li>Texte \u00e0 trous<\/li>\n<\/ul>\n<\/li>\n<\/ol>\n<\/li>\n<\/ol>\n<p><strong>Test CACES\u00ae R486 en centre de formation<br \/><\/strong><\/p>\n<ol>\n<li style=\"list-style-type: none\">\n<ul>\n<li>Formation en blended (mixte) e learning (th\u00e9orie) + pr\u00e9sentiel (passage du test)<\/li>\n<li>Entre 2h00 \u00e0 3h30 de formation (dur\u00e9e estimative) th\u00e9orique sur un acc\u00e8s limit\u00e9 de 30 jours + 1\/2 journ\u00e9e en centre. <\/div><\/div><\/li>\n<\/ul>\n<\/li>\n<\/ol>\n<div style=\"margin-top:30px; clear:both;\"><\/div><\/div><div style=\"border-top:7px solid #ffb400;\" id=\"i-pemp-tab-3\" class=\"rtbs_content\"><p><div class=\"su-service\"><div class=\"su-service-title\" style=\"padding-left:44px;min-height:30px;line-height:30px\"><i class=\"sui sui-graduation-cap\" style=\"font-size:30px;color:#000000\"><\/i> Validation<\/div><div class=\"su-service-content su-u-clearfix su-u-trim\" style=\"padding-left:44px\">En cas de r\u00e9ussite aux tests CACES\u00ae th\u00e9orique et pratique, un CACES\u00ae valable 5 ans sera d\u00e9livr\u00e9 au candidat.<\/div><\/div><\/p>\n<div style=\"margin-top:30px; clear:both;\"><\/div><\/div>\r\n    <\/div>\r\n    \n","protected":false},"excerpt":{"rendered":"<p>e-NACELLE Formation conduite de plates-formes \u00e9l\u00e9vatrices mobiles de personnels c\u2019est simple, rapide, sans contrainte de temps ni de lieu et peu co\u00fbteux. e-NACELLE c\u2019est un parcours p\u00e9dagogique hybride : \u2013 th\u00e9orie \u00e0 distance\u2013 passage du test CACES\u00ae en pr\u00e9sentiel dans notre centre de d\u00e9roulement de tests.<\/p>\n","protected":false},"author":1,"featured_media":0,"parent":843,"menu_order":0,"comment_status":"closed","ping_status":"closed","template":"left-sidebar.php","meta":{"footnotes":""},"class_list":["post-4270","page","type-page","status-publish","hentry"],"yoast_head":"<!-- This site is optimized with the Yoast SEO plugin v27.5 - https:\/\/yoast.com\/product\/yoast-seo-wordpress\/ -->\n<title>e-Nacelle - PROCONTROL - Bureau de Contr\u00f4le V\u00e9rificaton \u00e9lectrique Levage Formation CACES\u00ae Formation habilitation \u00e9lectrique AIPR \u00e9lectricit\u00e9 SST Sauveteur secouriste du travail SST habilitation m\u00e9canique IRVE<\/title>\n<meta name=\"robots\" content=\"index, follow, max-snippet:-1, max-image-preview:large, max-video-preview:-1\" \/>\n<link rel=\"canonical\" href=\"https:\/\/procontrol-fr.com\/fr\/e-learning\/e-nacelle\/\" \/>\n<meta property=\"og:locale\" content=\"fr_FR\" \/>\n<meta property=\"og:type\" content=\"article\" \/>\n<meta property=\"og:title\" content=\"e-Nacelle - PROCONTROL - Bureau de Contr\u00f4le V\u00e9rificaton \u00e9lectrique Levage Formation CACES\u00ae Formation habilitation \u00e9lectrique AIPR \u00e9lectricit\u00e9 SST Sauveteur secouriste du travail SST habilitation m\u00e9canique IRVE\" \/>\n<meta property=\"og:description\" content=\"e-NACELLE Formation conduite de plates-formes \u00e9l\u00e9vatrices mobiles de personnels c\u2019est simple, rapide, sans contrainte de temps ni de lieu et peu co\u00fbteux. e-NACELLE c\u2019est un parcours p\u00e9dagogique hybride : \u2013 th\u00e9orie \u00e0 distance\u2013 passage du test CACES\u00ae en pr\u00e9sentiel dans notre centre de d\u00e9roulement de tests.\" \/>\n<meta property=\"og:url\" content=\"https:\/\/procontrol-fr.com\/fr\/e-learning\/e-nacelle\/\" \/>\n<meta property=\"og:site_name\" content=\"PROCONTROL - Bureau de Contr\u00f4le V\u00e9rificaton \u00e9lectrique Levage Formation CACES\u00ae Formation habilitation \u00e9lectrique AIPR \u00e9lectricit\u00e9 SST Sauveteur secouriste du travail SST habilitation m\u00e9canique IRVE\" \/>\n<meta property=\"article:modified_time\" content=\"2020-03-22T10:41:42+00:00\" \/>\n<meta name=\"twitter:card\" content=\"summary_large_image\" \/>\n<meta name=\"twitter:site\" content=\"@PROCONTROL_FR\" \/>\n<script type=\"application\/ld+json\" class=\"yoast-schema-graph\">{\"@context\":\"https:\\\/\\\/schema.org\",\"@graph\":[{\"@type\":\"WebPage\",\"@id\":\"https:\\\/\\\/procontrol-fr.com\\\/fr\\\/e-learning\\\/e-nacelle\\\/\",\"url\":\"https:\\\/\\\/procontrol-fr.com\\\/fr\\\/e-learning\\\/e-nacelle\\\/\",\"name\":\"e-Nacelle - PROCONTROL - Bureau de Contr\u00f4le V\u00e9rificaton \u00e9lectrique Levage Formation CACES\u00ae Formation habilitation \u00e9lectrique AIPR \u00e9lectricit\u00e9 SST Sauveteur secouriste du travail SST habilitation m\u00e9canique IRVE\",\"isPartOf\":{\"@id\":\"https:\\\/\\\/procontrol-fr.com\\\/fr\\\/#website\"},\"datePublished\":\"2019-05-07T19:25:14+00:00\",\"dateModified\":\"2020-03-22T10:41:42+00:00\",\"breadcrumb\":{\"@id\":\"https:\\\/\\\/procontrol-fr.com\\\/fr\\\/e-learning\\\/e-nacelle\\\/#breadcrumb\"},\"inLanguage\":\"fr-FR\",\"potentialAction\":[{\"@type\":\"ReadAction\",\"target\":[\"https:\\\/\\\/procontrol-fr.com\\\/fr\\\/e-learning\\\/e-nacelle\\\/\"]}]},{\"@type\":\"BreadcrumbList\",\"@id\":\"https:\\\/\\\/procontrol-fr.com\\\/fr\\\/e-learning\\\/e-nacelle\\\/#breadcrumb\",\"itemListElement\":[{\"@type\":\"ListItem\",\"position\":1,\"name\":\"Accueil\",\"item\":\"https:\\\/\\\/procontrol-fr.com\\\/fr\\\/\"},{\"@type\":\"ListItem\",\"position\":2,\"name\":\"Formation \u00e0 distance \\\/ t\u00e9l\u00e9formation\",\"item\":\"https:\\\/\\\/procontrol-fr.com\\\/fr\\\/e-learning\\\/\"},{\"@type\":\"ListItem\",\"position\":3,\"name\":\"e-Nacelle\"}]},{\"@type\":\"WebSite\",\"@id\":\"https:\\\/\\\/procontrol-fr.com\\\/fr\\\/#website\",\"url\":\"https:\\\/\\\/procontrol-fr.com\\\/fr\\\/\",\"name\":\"PROCONTROL - Bureau de Contr\u00f4le, V\u00e9rification \u00e9lectrique, Levage, Formation CACES\u00ae, habilitation \u00e9lectrique, AIPR,...\",\"description\":\"\",\"publisher\":{\"@id\":\"https:\\\/\\\/procontrol-fr.com\\\/fr\\\/#organization\"},\"potentialAction\":[{\"@type\":\"SearchAction\",\"target\":{\"@type\":\"EntryPoint\",\"urlTemplate\":\"https:\\\/\\\/procontrol-fr.com\\\/fr\\\/?s={search_term_string}\"},\"query-input\":{\"@type\":\"PropertyValueSpecification\",\"valueRequired\":true,\"valueName\":\"search_term_string\"}}],\"inLanguage\":\"fr-FR\"},{\"@type\":\"Organization\",\"@id\":\"https:\\\/\\\/procontrol-fr.com\\\/fr\\\/#organization\",\"name\":\"PROCONTROL\",\"url\":\"https:\\\/\\\/procontrol-fr.com\\\/fr\\\/\",\"logo\":{\"@type\":\"ImageObject\",\"inLanguage\":\"fr-FR\",\"@id\":\"https:\\\/\\\/procontrol-fr.com\\\/fr\\\/#\\\/schema\\\/logo\\\/image\\\/\",\"url\":\"https:\\\/\\\/procontrol-fr.com\\\/fr\\\/wp-content\\\/uploads\\\/2016\\\/06\\\/LogoProcontrol.jpg\",\"contentUrl\":\"https:\\\/\\\/procontrol-fr.com\\\/fr\\\/wp-content\\\/uploads\\\/2016\\\/06\\\/LogoProcontrol.jpg\",\"width\":350,\"height\":100,\"caption\":\"PROCONTROL\"},\"image\":{\"@id\":\"https:\\\/\\\/procontrol-fr.com\\\/fr\\\/#\\\/schema\\\/logo\\\/image\\\/\"},\"sameAs\":[\"https:\\\/\\\/x.com\\\/PROCONTROL_FR\"]}]}<\/script>\n<!-- \/ Yoast SEO plugin. -->","yoast_head_json":{"title":"e-Nacelle - PROCONTROL - Bureau de Contr\u00f4le V\u00e9rificaton \u00e9lectrique Levage Formation CACES\u00ae Formation habilitation \u00e9lectrique AIPR \u00e9lectricit\u00e9 SST Sauveteur secouriste du travail SST habilitation m\u00e9canique IRVE","robots":{"index":"index","follow":"follow","max-snippet":"max-snippet:-1","max-image-preview":"max-image-preview:large","max-video-preview":"max-video-preview:-1"},"canonical":"https:\/\/procontrol-fr.com\/fr\/e-learning\/e-nacelle\/","og_locale":"fr_FR","og_type":"article","og_title":"e-Nacelle - PROCONTROL - Bureau de Contr\u00f4le V\u00e9rificaton \u00e9lectrique Levage Formation CACES\u00ae Formation habilitation \u00e9lectrique AIPR \u00e9lectricit\u00e9 SST Sauveteur secouriste du travail SST habilitation m\u00e9canique IRVE","og_description":"e-NACELLE Formation conduite de plates-formes \u00e9l\u00e9vatrices mobiles de personnels c\u2019est simple, rapide, sans contrainte de temps ni de lieu et peu co\u00fbteux. e-NACELLE c\u2019est un parcours p\u00e9dagogique hybride : \u2013 th\u00e9orie \u00e0 distance\u2013 passage du test CACES\u00ae en pr\u00e9sentiel dans notre centre de d\u00e9roulement de tests.","og_url":"https:\/\/procontrol-fr.com\/fr\/e-learning\/e-nacelle\/","og_site_name":"PROCONTROL - Bureau de Contr\u00f4le V\u00e9rificaton \u00e9lectrique Levage Formation CACES\u00ae Formation habilitation \u00e9lectrique AIPR \u00e9lectricit\u00e9 SST Sauveteur secouriste du travail SST habilitation m\u00e9canique IRVE","article_modified_time":"2020-03-22T10:41:42+00:00","twitter_card":"summary_large_image","twitter_site":"@PROCONTROL_FR","schema":{"@context":"https:\/\/schema.org","@graph":[{"@type":"WebPage","@id":"https:\/\/procontrol-fr.com\/fr\/e-learning\/e-nacelle\/","url":"https:\/\/procontrol-fr.com\/fr\/e-learning\/e-nacelle\/","name":"e-Nacelle - PROCONTROL - Bureau de Contr\u00f4le V\u00e9rificaton \u00e9lectrique Levage Formation CACES\u00ae Formation habilitation \u00e9lectrique AIPR \u00e9lectricit\u00e9 SST Sauveteur secouriste du travail SST habilitation m\u00e9canique IRVE","isPartOf":{"@id":"https:\/\/procontrol-fr.com\/fr\/#website"},"datePublished":"2019-05-07T19:25:14+00:00","dateModified":"2020-03-22T10:41:42+00:00","breadcrumb":{"@id":"https:\/\/procontrol-fr.com\/fr\/e-learning\/e-nacelle\/#breadcrumb"},"inLanguage":"fr-FR","potentialAction":[{"@type":"ReadAction","target":["https:\/\/procontrol-fr.com\/fr\/e-learning\/e-nacelle\/"]}]},{"@type":"BreadcrumbList","@id":"https:\/\/procontrol-fr.com\/fr\/e-learning\/e-nacelle\/#breadcrumb","itemListElement":[{"@type":"ListItem","position":1,"name":"Accueil","item":"https:\/\/procontrol-fr.com\/fr\/"},{"@type":"ListItem","position":2,"name":"Formation \u00e0 distance \/ t\u00e9l\u00e9formation","item":"https:\/\/procontrol-fr.com\/fr\/e-learning\/"},{"@type":"ListItem","position":3,"name":"e-Nacelle"}]},{"@type":"WebSite","@id":"https:\/\/procontrol-fr.com\/fr\/#website","url":"https:\/\/procontrol-fr.com\/fr\/","name":"PROCONTROL - Bureau de Contr\u00f4le, V\u00e9rification \u00e9lectrique, Levage, Formation CACES\u00ae, habilitation \u00e9lectrique, AIPR,...","description":"","publisher":{"@id":"https:\/\/procontrol-fr.com\/fr\/#organization"},"potentialAction":[{"@type":"SearchAction","target":{"@type":"EntryPoint","urlTemplate":"https:\/\/procontrol-fr.com\/fr\/?s={search_term_string}"},"query-input":{"@type":"PropertyValueSpecification","valueRequired":true,"valueName":"search_term_string"}}],"inLanguage":"fr-FR"},{"@type":"Organization","@id":"https:\/\/procontrol-fr.com\/fr\/#organization","name":"PROCONTROL","url":"https:\/\/procontrol-fr.com\/fr\/","logo":{"@type":"ImageObject","inLanguage":"fr-FR","@id":"https:\/\/procontrol-fr.com\/fr\/#\/schema\/logo\/image\/","url":"https:\/\/procontrol-fr.com\/fr\/wp-content\/uploads\/2016\/06\/LogoProcontrol.jpg","contentUrl":"https:\/\/procontrol-fr.com\/fr\/wp-content\/uploads\/2016\/06\/LogoProcontrol.jpg","width":350,"height":100,"caption":"PROCONTROL"},"image":{"@id":"https:\/\/procontrol-fr.com\/fr\/#\/schema\/logo\/image\/"},"sameAs":["https:\/\/x.com\/PROCONTROL_FR"]}]}},"_links":{"self":[{"href":"https:\/\/procontrol-fr.com\/fr\/wp-json\/wp\/v2\/pages\/4270","targetHints":{"allow":["GET"]}}],"collection":[{"href":"https:\/\/procontrol-fr.com\/fr\/wp-json\/wp\/v2\/pages"}],"about":[{"href":"https:\/\/procontrol-fr.com\/fr\/wp-json\/wp\/v2\/types\/page"}],"author":[{"embeddable":true,"href":"https:\/\/procontrol-fr.com\/fr\/wp-json\/wp\/v2\/users\/1"}],"replies":[{"embeddable":true,"href":"https:\/\/procontrol-fr.com\/fr\/wp-json\/wp\/v2\/comments?post=4270"}],"version-history":[{"count":6,"href":"https:\/\/procontrol-fr.com\/fr\/wp-json\/wp\/v2\/pages\/4270\/revisions"}],"predecessor-version":[{"id":4575,"href":"https:\/\/procontrol-fr.com\/fr\/wp-json\/wp\/v2\/pages\/4270\/revisions\/4575"}],"up":[{"embeddable":true,"href":"https:\/\/procontrol-fr.com\/fr\/wp-json\/wp\/v2\/pages\/843"}],"wp:attachment":[{"href":"https:\/\/procontrol-fr.com\/fr\/wp-json\/wp\/v2\/media?parent=4270"}],"curies":[{"name":"wp","href":"https:\/\/api.w.org\/{rel}","templated":true}]}}