{"id":438,"date":"2013-05-09T16:05:28","date_gmt":"2013-05-09T14:05:28","guid":{"rendered":"http:\/\/procontrol-fr.com\/fr\/?page_id=438"},"modified":"2024-04-28T10:08:01","modified_gmt":"2024-04-28T09:08:01","slug":"portes-et-portails-automatiques-et-semi-automatiques","status":"publish","type":"page","link":"https:\/\/procontrol-fr.com\/fr\/inspections-reglementaires\/equipement-de-travaillevage\/portes-et-portails-automatiques-et-semi-automatiques\/","title":{"rendered":"PORTES ET PORTAILS AUTOMATIQUES"},"content":{"rendered":"<p style=\"text-align: justify;\"><strong>PROCONTROL<\/strong> intervient pour r\u00e9aliser une prestation visant \u00e0 v\u00e9rifier p\u00e9riodiquement le fonctionnement des organes de s\u00e9curit\u00e9 des portes, portails automatiques et semi automatiques.<\/p>\n<p style=\"text-align: justify;\">Cette v\u00e9rification doit \u00eatre effectuer sur les lieux de travail<span style=\"color: #ff6600;\"><strong> tous les 6 mois<\/strong><\/span> en application de l&rsquo;article 9 de l&rsquo;arr\u00eat\u00e9 du 21 d\u00e9cembre 1993.<\/p>\n<div class=\"su-tabs su-tabs-style-default su-tabs-mobile-stack\" data-active=\"1\" data-scroll-offset=\"0\" data-anchor-in-url=\"no\"><div class=\"su-tabs-nav\"><span class=\"\" data-url=\"\" data-target=\"blank\" tabindex=\"0\" role=\"button\">Contactez-nous<\/span><span class=\"\" data-url=\"\" data-target=\"blank\" tabindex=\"0\" role=\"button\">On vous rappele ?<\/span><\/div><div class=\"su-tabs-panes\"><div class=\"su-tabs-pane su-u-clearfix su-u-trim\" data-title=\"Contactez-nous\">\n<ul class=\"contact_info\">\n<li>un devis ?<\/li>\n<li>une information ?<\/li>\n<\/ul>\n<div class=\"su-service\"><div class=\"su-service-title\" style=\"padding-left:36px;min-height:22px;line-height:22px\"><i class=\"sui sui-phone-square\" style=\"font-size:22px;color:#333\"><\/i> 05 31 61 50 06<\/div><div class=\"su-service-content su-u-clearfix su-u-trim\" style=\"padding-left:36px\"><\/div><\/div><\/div>\n<div class=\"su-tabs-pane su-u-clearfix su-u-trim\" data-title=\"On vous rappele ?\">\n<p>Vous avez des questions ? Nous vous rappelons selon vos disponibilit\u00e9s.<\/p>\n\n<div class=\"wpcf7 no-js\" id=\"wpcf7-f4762-o1\" lang=\"fr-FR\" dir=\"ltr\" data-wpcf7-id=\"4762\">\n<div class=\"screen-reader-response\"><p role=\"status\" aria-live=\"polite\" aria-atomic=\"true\"><\/p> <ul><\/ul><\/div>\n<form action=\"\/fr\/wp-json\/wp\/v2\/pages\/438#wpcf7-f4762-o1\" method=\"post\" class=\"wpcf7-form init\" aria-label=\"Formulaire de contact\" novalidate=\"novalidate\" data-status=\"init\">\n<fieldset class=\"hidden-fields-container\"><input type=\"hidden\" name=\"_wpcf7\" value=\"4762\" \/><input type=\"hidden\" name=\"_wpcf7_version\" value=\"6.1.5\" \/><input type=\"hidden\" name=\"_wpcf7_locale\" value=\"fr_FR\" \/><input type=\"hidden\" name=\"_wpcf7_unit_tag\" value=\"wpcf7-f4762-o1\" \/><input type=\"hidden\" name=\"_wpcf7_container_post\" value=\"0\" \/><input type=\"hidden\" name=\"_wpcf7_posted_data_hash\" value=\"\" \/><input type=\"hidden\" name=\"_wpcf7_recaptcha_response\" value=\"\" \/>\n<\/fieldset>\n<label> Nom de votre soci\u00e9t\u00e9 (*):\n    <div class=\"form-group your-ste\"><input class=\"wpcf7-form-control wpcf7-text wpcf7-validates-as-required form-control\" name=\"your-ste\" type=\"text\" value=\"\" aria-invalid=\"false\" aria-required=\"true\" required><\/div> <\/label>\n\n<label> Votre nom (*):\n    <div class=\"form-group your-name\"><input class=\"wpcf7-form-control wpcf7-text wpcf7-validates-as-required form-control\" name=\"your-name\" type=\"text\" value=\"\" aria-invalid=\"false\" aria-required=\"true\" required><\/div> <\/label>\n\n<label> Votre pr\u00e9nom(*) :\n    <div class=\"form-group your-prenom\"><input class=\"wpcf7-form-control wpcf7-text wpcf7-validates-as-required form-control\" name=\"your-prenom\" type=\"text\" value=\"\" aria-invalid=\"false\" aria-required=\"true\" required><\/div> <\/label>\n\n<label> Votre e-mail (*):\n    <div class=\"form-group your-email\"><input class=\"wpcf7-form-control wpcf7-email wpcf7-validates-as-required wpcf7-text wpcf7-validates-as-email form-control\" name=\"your-email\" type=\"email\" value=\"\" aria-invalid=\"false\" aria-required=\"true\" required><\/div> <\/label>\n\n<label> Votre num\u00e9ro de t\u00e9l\u00e9phone (*):\n    <div class=\"form-group tel-69\"><input class=\"wpcf7-form-control wpcf7-tel wpcf7-validates-as-required wpcf7-text wpcf7-validates-as-tel form-control\" name=\"tel-69\" type=\"tel\" value=\"\" aria-invalid=\"false\" aria-required=\"true\" required><\/div> <\/label>\n\n<label> S\u00e9lectionner un \u00e9quipement (*):\n<div class=\"form-group menu-848\"><select class=\"wpcf7-form-control wpcf7-select wpcf7-validates-as-required form-control\" name=\"menu-848\" aria-invalid=\"false\" aria-required=\"true\" required><option value=\"\" selected>---<\/option><option value=\"Installations \u00e9lectriques\">Installations \u00e9lectriques<\/option><option value=\"Appareils de levage, terrassement\">Appareils de levage, terrassement<\/option><option value=\"Rayonnages m\u00e9talliques\">Rayonnages m\u00e9talliques<\/option><option value=\"EPI (harnais, longes, connecteurs...)\">EPI (harnais, longes, connecteurs...)<\/option><option value=\"Lignes de vie\">Lignes de vie<\/option><option value=\"Portes \/ portails automatiques\">Portes \/ portails automatiques<\/option><option value=\"Equipements sportifs\">Equipements sportifs<\/option><\/select><\/div><\/label>\n\n<label> Choisir une date de rappel (*):\n    <div class=\"form-group date-343\"><input class=\"wpcf7-form-control wpcf7-date wpcf7-validates-as-date form-control\" name=\"date-343\" type=\"date\" value=\"\" min=\"\" max=\"\" step=\"\" aria-invalid=\"false\"><\/div><\/label>\n\n(*) Saisie obligatoire\n\n<hr>\n\n<span><div class=\"form-group wpcf7-form-control wpcf7-acceptance acceptance-279\"><div class=\"checkbox wpcf7-form-control wpcf7-acceptance acceptance-279\"><label ><input name=\"acceptance-279\" type=\"checkbox\" value=\"1\" checked aria-invalid=\"false\"><\/label><\/div><\/div> Vous consentez, par cette case coch\u00e9e, au traitement de vos donn\u00e9es avec les finalit\u00e9s de r\u00e9pondre \u00e0 votre demande.<\/span>\n\n<span><div class=\"form-group wpcf7-form-control wpcf7-acceptance acceptance-415\"><div class=\"checkbox wpcf7-form-control wpcf7-acceptance acceptance-415\"><label ><input name=\"acceptance-415\" type=\"checkbox\" value=\"1\" checked aria-invalid=\"false\"><\/label><\/div><\/div> Vous consentez, par cette case coch\u00e9e, \u00e0 la r\u00e9ception des communications commerciales et de courtoisie li\u00e9es \u00e0 notre entit\u00e9 par t\u00e9l\u00e9phone, par courrier postal ordinaire, par fax, e-mail ou m\u00e9dias \u00e9lectronique \u00e9quivalente.<\/span>\n\n<span class=\"wpcf7-form-control-wrap kc_captcha\" data-name=\"kc_captcha\"><span class=\"wpcf7-form-control wpcf7-radio\"><span class=\"captcha-image\" ><span class=\"cf7ic_instructions\">Veuillez prouver que vous \u00eates humain en s\u00e9lectionnant<span> la cl\u00e9<\/span>.<\/span><label><input aria-label=\"1\" type=\"radio\" name=\"kc_captcha\" value=\"bot\" \/><svg aria-hidden=\"true\" role=\"img\" xmlns=\"http:\/\/www.w3.org\/2000\/svg\" viewBox=\"0 0 576 512\"><path fill=\"currentColor\" d=\"M259 18l-65 132-146 22c-26 3-37 36-18 54l106 103-25 146c-5 26 23 46 46 33l131-68 131 68c23 13 51-7 46-33l-25-146 106-103c19-18 8-51-18-54l-146-22-65-132a32 32 0 00-58 0z\"\/><\/svg><\/label><label><input aria-label=\"2\" type=\"radio\" name=\"kc_captcha\" value=\"kc_human\" \/><svg aria-hidden=\"true\" role=\"img\" xmlns=\"http:\/\/www.w3.org\/2000\/svg\" viewBox=\"0 0 512 512\"><path fill=\"currentColor\" d=\"M512 176a176 176 0 01-209 173l-24 27a24 24 0 01-18 8h-37v40c0 13-11 24-24 24h-40v40c0 13-11 24-24 24H24c-13 0-24-11-24-24v-78c0-6 3-13 7-17l162-162a176 176 0 11343-55zm-176-48a48 48 0 1096 0 48 48 0 00-96 0z\"\/><\/svg><\/label><label><input aria-label=\"3\" type=\"radio\" name=\"kc_captcha\" value=\"bot\" \/><svg aria-hidden=\"true\" role=\"img\" xmlns=\"http:\/\/www.w3.org\/2000\/svg\" viewBox=\"0 0 384 512\"><path fill=\"currentColor\" d=\"M377 375l-83-87h34c21 0 32-25 17-40l-82-88h33c21 0 32-25 18-40L210 8c-10-11-26-11-36 0L70 120c-14 15-3 40 18 40h33l-82 88c-15 15-4 40 17 40h34L7 375c-15 16-4 41 17 41h120c0 33-11 49-34 68-12 9-5 28 10 28h144c15 0 22-19 10-28-20-16-34-32-34-68h120c21 0 32-25 17-41z\"\/><\/svg><\/label>\r\n    <\/span>\r\n    <span style=\"display:none\">\r\n        <input type=\"text\" name=\"kc_honeypot\">\r\n    <\/span><\/span><\/span>\n\n<div class=\"form-group\"><div><input class=\"wpcf7-form-control wpcf7-submit btn btn-primary\" type=\"submit\" value=\"Envoyer\"><\/div><\/div><div class=\"wpcf7-response-output alert alert-warning\"><\/div>\n<\/form>\n<\/div>\n\n<\/div><\/div><\/div>\n","protected":false},"excerpt":{"rendered":"<p>PROCONTROL intervient pour r\u00e9aliser une prestation visant \u00e0 v\u00e9rifier p\u00e9riodiquement le fonctionnement des organes de s\u00e9curit\u00e9 des portes, portails automatiques et semi automatiques. Cette v\u00e9rification doit \u00eatre effectuer sur les lieux de travail tous les 6 mois en application de l&rsquo;article 9 de l&rsquo;arr\u00eat\u00e9 du 21 d\u00e9cembre 1993.<\/p>\n","protected":false},"author":1,"featured_media":3907,"parent":361,"menu_order":5,"comment_status":"closed","ping_status":"closed","template":"left-sidebar.php","meta":{"footnotes":""},"class_list":["post-438","page","type-page","status-publish","has-post-thumbnail","hentry"],"yoast_head":"<!-- This site is optimized with the Yoast SEO plugin v27.3 - https:\/\/yoast.com\/product\/yoast-seo-wordpress\/ -->\n<title>V\u00e9rification des portes, portails automatiques et semi-automatiques<\/title>\n<meta name=\"description\" content=\"PROCONTROL\u00ae intervient pour r\u00e9aliser une prestation visant \u00e0 v\u00e9rifier p\u00e9riodiquement le fonctionnement des organes de s\u00e9curit\u00e9 des portes, portails automatiques et semi automatiques.\" \/>\n<meta name=\"robots\" content=\"index, follow, max-snippet:-1, max-image-preview:large, max-video-preview:-1\" \/>\n<link rel=\"canonical\" href=\"https:\/\/procontrol-fr.com\/fr\/inspections-reglementaires\/equipement-de-travaillevage\/portes-et-portails-automatiques-et-semi-automatiques\/\" \/>\n<meta property=\"og:locale\" content=\"fr_FR\" \/>\n<meta property=\"og:type\" content=\"article\" \/>\n<meta property=\"og:title\" content=\"V\u00e9rification des portes, portails automatiques et semi-automatiques\" \/>\n<meta property=\"og:description\" content=\"PROCONTROL\u00ae intervient pour r\u00e9aliser une prestation visant \u00e0 v\u00e9rifier p\u00e9riodiquement le fonctionnement des organes de s\u00e9curit\u00e9 des portes, portails automatiques et semi automatiques.\" \/>\n<meta property=\"og:url\" content=\"https:\/\/procontrol-fr.com\/fr\/inspections-reglementaires\/equipement-de-travaillevage\/portes-et-portails-automatiques-et-semi-automatiques\/\" \/>\n<meta property=\"og:site_name\" content=\"PROCONTROL - Bureau de Contr\u00f4le V\u00e9rificaton \u00e9lectrique Levage Formation CACES\u00ae Formation habilitation \u00e9lectrique AIPR \u00e9lectricit\u00e9 SST Sauveteur secouriste du travail SST habilitation m\u00e9canique IRVE\" \/>\n<meta property=\"article:modified_time\" content=\"2024-04-28T09:08:01+00:00\" \/>\n<meta property=\"og:image\" content=\"https:\/\/procontrol-fr.com\/fr\/wp-content\/uploads\/2018\/01\/Portes.jpg\" \/>\n\t<meta property=\"og:image:width\" content=\"1209\" \/>\n\t<meta property=\"og:image:height\" content=\"400\" \/>\n\t<meta property=\"og:image:type\" content=\"image\/jpeg\" \/>\n<meta name=\"twitter:card\" content=\"summary_large_image\" \/>\n<meta name=\"twitter:site\" content=\"@PROCONTROL_FR\" \/>\n<meta name=\"twitter:label1\" content=\"Dur\u00e9e de lecture estim\u00e9e\" \/>\n\t<meta name=\"twitter:data1\" content=\"1 minute\" \/>\n<script type=\"application\/ld+json\" class=\"yoast-schema-graph\">{\"@context\":\"https:\\\/\\\/schema.org\",\"@graph\":[{\"@type\":\"WebPage\",\"@id\":\"https:\\\/\\\/procontrol-fr.com\\\/fr\\\/inspections-reglementaires\\\/equipement-de-travaillevage\\\/portes-et-portails-automatiques-et-semi-automatiques\\\/\",\"url\":\"https:\\\/\\\/procontrol-fr.com\\\/fr\\\/inspections-reglementaires\\\/equipement-de-travaillevage\\\/portes-et-portails-automatiques-et-semi-automatiques\\\/\",\"name\":\"V\u00e9rification des portes, portails automatiques et semi-automatiques\",\"isPartOf\":{\"@id\":\"https:\\\/\\\/procontrol-fr.com\\\/fr\\\/#website\"},\"primaryImageOfPage\":{\"@id\":\"https:\\\/\\\/procontrol-fr.com\\\/fr\\\/inspections-reglementaires\\\/equipement-de-travaillevage\\\/portes-et-portails-automatiques-et-semi-automatiques\\\/#primaryimage\"},\"image\":{\"@id\":\"https:\\\/\\\/procontrol-fr.com\\\/fr\\\/inspections-reglementaires\\\/equipement-de-travaillevage\\\/portes-et-portails-automatiques-et-semi-automatiques\\\/#primaryimage\"},\"thumbnailUrl\":\"https:\\\/\\\/procontrol-fr.com\\\/fr\\\/wp-content\\\/uploads\\\/2018\\\/01\\\/Portes.jpg\",\"datePublished\":\"2013-05-09T14:05:28+00:00\",\"dateModified\":\"2024-04-28T09:08:01+00:00\",\"description\":\"PROCONTROL\u00ae intervient pour r\u00e9aliser une prestation visant \u00e0 v\u00e9rifier p\u00e9riodiquement le fonctionnement des organes de s\u00e9curit\u00e9 des portes, portails automatiques et semi automatiques.\",\"breadcrumb\":{\"@id\":\"https:\\\/\\\/procontrol-fr.com\\\/fr\\\/inspections-reglementaires\\\/equipement-de-travaillevage\\\/portes-et-portails-automatiques-et-semi-automatiques\\\/#breadcrumb\"},\"inLanguage\":\"fr-FR\",\"potentialAction\":[{\"@type\":\"ReadAction\",\"target\":[\"https:\\\/\\\/procontrol-fr.com\\\/fr\\\/inspections-reglementaires\\\/equipement-de-travaillevage\\\/portes-et-portails-automatiques-et-semi-automatiques\\\/\"]}]},{\"@type\":\"ImageObject\",\"inLanguage\":\"fr-FR\",\"@id\":\"https:\\\/\\\/procontrol-fr.com\\\/fr\\\/inspections-reglementaires\\\/equipement-de-travaillevage\\\/portes-et-portails-automatiques-et-semi-automatiques\\\/#primaryimage\",\"url\":\"https:\\\/\\\/procontrol-fr.com\\\/fr\\\/wp-content\\\/uploads\\\/2018\\\/01\\\/Portes.jpg\",\"contentUrl\":\"https:\\\/\\\/procontrol-fr.com\\\/fr\\\/wp-content\\\/uploads\\\/2018\\\/01\\\/Portes.jpg\",\"width\":1209,\"height\":400},{\"@type\":\"BreadcrumbList\",\"@id\":\"https:\\\/\\\/procontrol-fr.com\\\/fr\\\/inspections-reglementaires\\\/equipement-de-travaillevage\\\/portes-et-portails-automatiques-et-semi-automatiques\\\/#breadcrumb\",\"itemListElement\":[{\"@type\":\"ListItem\",\"position\":1,\"name\":\"Accueil\",\"item\":\"https:\\\/\\\/procontrol-fr.com\\\/fr\\\/\"},{\"@type\":\"ListItem\",\"position\":2,\"name\":\"VERIFICATIONS REGLEMENTAIRES\",\"item\":\"https:\\\/\\\/procontrol-fr.com\\\/fr\\\/inspections-reglementaires\\\/\"},{\"@type\":\"ListItem\",\"position\":3,\"name\":\"EQUIPEMENTS DE TRAVAIL\",\"item\":\"https:\\\/\\\/procontrol-fr.com\\\/fr\\\/inspections-reglementaires\\\/equipement-de-travaillevage\\\/\"},{\"@type\":\"ListItem\",\"position\":4,\"name\":\"PORTES ET PORTAILS AUTOMATIQUES\"}]},{\"@type\":\"WebSite\",\"@id\":\"https:\\\/\\\/procontrol-fr.com\\\/fr\\\/#website\",\"url\":\"https:\\\/\\\/procontrol-fr.com\\\/fr\\\/\",\"name\":\"PROCONTROL - Bureau de Contr\u00f4le, V\u00e9rification \u00e9lectrique, Levage, Formation CACES\u00ae, habilitation \u00e9lectrique, AIPR,...\",\"description\":\"\",\"publisher\":{\"@id\":\"https:\\\/\\\/procontrol-fr.com\\\/fr\\\/#organization\"},\"potentialAction\":[{\"@type\":\"SearchAction\",\"target\":{\"@type\":\"EntryPoint\",\"urlTemplate\":\"https:\\\/\\\/procontrol-fr.com\\\/fr\\\/?s={search_term_string}\"},\"query-input\":{\"@type\":\"PropertyValueSpecification\",\"valueRequired\":true,\"valueName\":\"search_term_string\"}}],\"inLanguage\":\"fr-FR\"},{\"@type\":\"Organization\",\"@id\":\"https:\\\/\\\/procontrol-fr.com\\\/fr\\\/#organization\",\"name\":\"PROCONTROL\",\"url\":\"https:\\\/\\\/procontrol-fr.com\\\/fr\\\/\",\"logo\":{\"@type\":\"ImageObject\",\"inLanguage\":\"fr-FR\",\"@id\":\"https:\\\/\\\/procontrol-fr.com\\\/fr\\\/#\\\/schema\\\/logo\\\/image\\\/\",\"url\":\"https:\\\/\\\/procontrol-fr.com\\\/fr\\\/wp-content\\\/uploads\\\/2016\\\/06\\\/LogoProcontrol.jpg\",\"contentUrl\":\"https:\\\/\\\/procontrol-fr.com\\\/fr\\\/wp-content\\\/uploads\\\/2016\\\/06\\\/LogoProcontrol.jpg\",\"width\":350,\"height\":100,\"caption\":\"PROCONTROL\"},\"image\":{\"@id\":\"https:\\\/\\\/procontrol-fr.com\\\/fr\\\/#\\\/schema\\\/logo\\\/image\\\/\"},\"sameAs\":[\"https:\\\/\\\/x.com\\\/PROCONTROL_FR\"]}]}<\/script>\n<!-- \/ Yoast SEO plugin. -->","yoast_head_json":{"title":"V\u00e9rification des portes, portails automatiques et semi-automatiques","description":"PROCONTROL\u00ae intervient pour r\u00e9aliser une prestation visant \u00e0 v\u00e9rifier p\u00e9riodiquement le fonctionnement des organes de s\u00e9curit\u00e9 des portes, portails automatiques et semi automatiques.","robots":{"index":"index","follow":"follow","max-snippet":"max-snippet:-1","max-image-preview":"max-image-preview:large","max-video-preview":"max-video-preview:-1"},"canonical":"https:\/\/procontrol-fr.com\/fr\/inspections-reglementaires\/equipement-de-travaillevage\/portes-et-portails-automatiques-et-semi-automatiques\/","og_locale":"fr_FR","og_type":"article","og_title":"V\u00e9rification des portes, portails automatiques et semi-automatiques","og_description":"PROCONTROL\u00ae intervient pour r\u00e9aliser une prestation visant \u00e0 v\u00e9rifier p\u00e9riodiquement le fonctionnement des organes de s\u00e9curit\u00e9 des portes, portails automatiques et semi automatiques.","og_url":"https:\/\/procontrol-fr.com\/fr\/inspections-reglementaires\/equipement-de-travaillevage\/portes-et-portails-automatiques-et-semi-automatiques\/","og_site_name":"PROCONTROL - Bureau de Contr\u00f4le V\u00e9rificaton \u00e9lectrique Levage Formation CACES\u00ae Formation habilitation \u00e9lectrique AIPR \u00e9lectricit\u00e9 SST Sauveteur secouriste du travail SST habilitation m\u00e9canique IRVE","article_modified_time":"2024-04-28T09:08:01+00:00","og_image":[{"width":1209,"height":400,"url":"https:\/\/procontrol-fr.com\/fr\/wp-content\/uploads\/2018\/01\/Portes.jpg","type":"image\/jpeg"}],"twitter_card":"summary_large_image","twitter_site":"@PROCONTROL_FR","twitter_misc":{"Dur\u00e9e de lecture estim\u00e9e":"1 minute"},"schema":{"@context":"https:\/\/schema.org","@graph":[{"@type":"WebPage","@id":"https:\/\/procontrol-fr.com\/fr\/inspections-reglementaires\/equipement-de-travaillevage\/portes-et-portails-automatiques-et-semi-automatiques\/","url":"https:\/\/procontrol-fr.com\/fr\/inspections-reglementaires\/equipement-de-travaillevage\/portes-et-portails-automatiques-et-semi-automatiques\/","name":"V\u00e9rification des portes, portails automatiques et semi-automatiques","isPartOf":{"@id":"https:\/\/procontrol-fr.com\/fr\/#website"},"primaryImageOfPage":{"@id":"https:\/\/procontrol-fr.com\/fr\/inspections-reglementaires\/equipement-de-travaillevage\/portes-et-portails-automatiques-et-semi-automatiques\/#primaryimage"},"image":{"@id":"https:\/\/procontrol-fr.com\/fr\/inspections-reglementaires\/equipement-de-travaillevage\/portes-et-portails-automatiques-et-semi-automatiques\/#primaryimage"},"thumbnailUrl":"https:\/\/procontrol-fr.com\/fr\/wp-content\/uploads\/2018\/01\/Portes.jpg","datePublished":"2013-05-09T14:05:28+00:00","dateModified":"2024-04-28T09:08:01+00:00","description":"PROCONTROL\u00ae intervient pour r\u00e9aliser une prestation visant \u00e0 v\u00e9rifier p\u00e9riodiquement le fonctionnement des organes de s\u00e9curit\u00e9 des portes, portails automatiques et semi automatiques.","breadcrumb":{"@id":"https:\/\/procontrol-fr.com\/fr\/inspections-reglementaires\/equipement-de-travaillevage\/portes-et-portails-automatiques-et-semi-automatiques\/#breadcrumb"},"inLanguage":"fr-FR","potentialAction":[{"@type":"ReadAction","target":["https:\/\/procontrol-fr.com\/fr\/inspections-reglementaires\/equipement-de-travaillevage\/portes-et-portails-automatiques-et-semi-automatiques\/"]}]},{"@type":"ImageObject","inLanguage":"fr-FR","@id":"https:\/\/procontrol-fr.com\/fr\/inspections-reglementaires\/equipement-de-travaillevage\/portes-et-portails-automatiques-et-semi-automatiques\/#primaryimage","url":"https:\/\/procontrol-fr.com\/fr\/wp-content\/uploads\/2018\/01\/Portes.jpg","contentUrl":"https:\/\/procontrol-fr.com\/fr\/wp-content\/uploads\/2018\/01\/Portes.jpg","width":1209,"height":400},{"@type":"BreadcrumbList","@id":"https:\/\/procontrol-fr.com\/fr\/inspections-reglementaires\/equipement-de-travaillevage\/portes-et-portails-automatiques-et-semi-automatiques\/#breadcrumb","itemListElement":[{"@type":"ListItem","position":1,"name":"Accueil","item":"https:\/\/procontrol-fr.com\/fr\/"},{"@type":"ListItem","position":2,"name":"VERIFICATIONS REGLEMENTAIRES","item":"https:\/\/procontrol-fr.com\/fr\/inspections-reglementaires\/"},{"@type":"ListItem","position":3,"name":"EQUIPEMENTS DE TRAVAIL","item":"https:\/\/procontrol-fr.com\/fr\/inspections-reglementaires\/equipement-de-travaillevage\/"},{"@type":"ListItem","position":4,"name":"PORTES ET PORTAILS AUTOMATIQUES"}]},{"@type":"WebSite","@id":"https:\/\/procontrol-fr.com\/fr\/#website","url":"https:\/\/procontrol-fr.com\/fr\/","name":"PROCONTROL - Bureau de Contr\u00f4le, V\u00e9rification \u00e9lectrique, Levage, Formation CACES\u00ae, habilitation \u00e9lectrique, AIPR,...","description":"","publisher":{"@id":"https:\/\/procontrol-fr.com\/fr\/#organization"},"potentialAction":[{"@type":"SearchAction","target":{"@type":"EntryPoint","urlTemplate":"https:\/\/procontrol-fr.com\/fr\/?s={search_term_string}"},"query-input":{"@type":"PropertyValueSpecification","valueRequired":true,"valueName":"search_term_string"}}],"inLanguage":"fr-FR"},{"@type":"Organization","@id":"https:\/\/procontrol-fr.com\/fr\/#organization","name":"PROCONTROL","url":"https:\/\/procontrol-fr.com\/fr\/","logo":{"@type":"ImageObject","inLanguage":"fr-FR","@id":"https:\/\/procontrol-fr.com\/fr\/#\/schema\/logo\/image\/","url":"https:\/\/procontrol-fr.com\/fr\/wp-content\/uploads\/2016\/06\/LogoProcontrol.jpg","contentUrl":"https:\/\/procontrol-fr.com\/fr\/wp-content\/uploads\/2016\/06\/LogoProcontrol.jpg","width":350,"height":100,"caption":"PROCONTROL"},"image":{"@id":"https:\/\/procontrol-fr.com\/fr\/#\/schema\/logo\/image\/"},"sameAs":["https:\/\/x.com\/PROCONTROL_FR"]}]}},"_links":{"self":[{"href":"https:\/\/procontrol-fr.com\/fr\/wp-json\/wp\/v2\/pages\/438","targetHints":{"allow":["GET"]}}],"collection":[{"href":"https:\/\/procontrol-fr.com\/fr\/wp-json\/wp\/v2\/pages"}],"about":[{"href":"https:\/\/procontrol-fr.com\/fr\/wp-json\/wp\/v2\/types\/page"}],"author":[{"embeddable":true,"href":"https:\/\/procontrol-fr.com\/fr\/wp-json\/wp\/v2\/users\/1"}],"replies":[{"embeddable":true,"href":"https:\/\/procontrol-fr.com\/fr\/wp-json\/wp\/v2\/comments?post=438"}],"version-history":[{"count":13,"href":"https:\/\/procontrol-fr.com\/fr\/wp-json\/wp\/v2\/pages\/438\/revisions"}],"predecessor-version":[{"id":4765,"href":"https:\/\/procontrol-fr.com\/fr\/wp-json\/wp\/v2\/pages\/438\/revisions\/4765"}],"up":[{"embeddable":true,"href":"https:\/\/procontrol-fr.com\/fr\/wp-json\/wp\/v2\/pages\/361"}],"wp:featuredmedia":[{"embeddable":true,"href":"https:\/\/procontrol-fr.com\/fr\/wp-json\/wp\/v2\/media\/3907"}],"wp:attachment":[{"href":"https:\/\/procontrol-fr.com\/fr\/wp-json\/wp\/v2\/media?parent=438"}],"curies":[{"name":"wp","href":"https:\/\/api.w.org\/{rel}","templated":true}]}}