{"id":4563,"date":"2020-02-13T21:16:51","date_gmt":"2020-02-13T20:16:51","guid":{"rendered":"https:\/\/procontrol-fr.com\/fr\/?page_id=4563"},"modified":"2022-10-22T13:09:00","modified_gmt":"2022-10-22T12:09:00","slug":"habilitation-electrique-operations-dordre-non-electrique-sur-canalisations-enterrees-bf-hf","status":"publish","type":"page","link":"https:\/\/procontrol-fr.com\/fr\/nos-formations\/habilitations-electriques\/habilitation-electrique-operations-dordre-non-electrique-sur-canalisations-enterrees-bf-hf\/","title":{"rendered":"Habilitation \u00e9lectrique &#8211; Op\u00e9rations d\u2019ordre non \u00e9lectrique sur canalisations enterr\u00e9es BF \/ HF"},"content":{"rendered":"<div class=\"rtbs  rtbs_habilitation-elec-bf-hf\"><div class=\"rtbs_slug\" style=\"display:none\">habilitation-elec-bf-hf<\/div><div class=\"rtbs_inactive_tab_background\" style=\"display:none\">transparent<\/div><div class=\"rtbs_breakpoint\" style=\"display:none\">600<\/div><div class=\"rtbs_color\" style=\"display:none\">#ffb400<\/div>\r\n        <div class=\"rtbs_menu\">\r\n            <ul>\r\n                <li class=\"mobile_toggle\">&zwnj;<\/li><li class=\"current\"><a style=\"background:#ffb400\" class=\"active habilitation-elec-bf-hf-tab-link-0\" href=\"#\" data-tab=\"#habilitation-elec-bf-hf-tab-0\">Objectifs<\/a><\/li><li><a href=\"#\" data-tab=\"#habilitation-elec-bf-hf-tab-1\" class=\"habilitation-elec-bf-hf-tab-link-1\">Public et pr\u00e9requis<\/a><\/li><li><a href=\"#\" data-tab=\"#habilitation-elec-bf-hf-tab-2\" class=\"habilitation-elec-bf-hf-tab-link-2\">Contenu<\/a><\/li><li><a href=\"#\" data-tab=\"#habilitation-elec-bf-hf-tab-3\" class=\"habilitation-elec-bf-hf-tab-link-3\">Evaluation<\/a><\/li><li><a href=\"#\" data-tab=\"#habilitation-elec-bf-hf-tab-4\" class=\"habilitation-elec-bf-hf-tab-link-4\">Dur\u00e9e<\/a><\/li>\r\n            <\/ul>\r\n        <\/div><div style=\"border-top:7px solid #ffb400;\" id=\"habilitation-elec-bf-hf-tab-0\" class=\"rtbs_content active\"><p><div class=\"su-service\"><div class=\"su-service-title\" style=\"padding-left:44px;min-height:30px;line-height:30px\"><i class=\"sui sui-compass\" style=\"font-size:30px;color:#000000\"><\/i> Objectifs :<\/div><div class=\"su-service-content su-u-clearfix su-u-trim\" style=\"padding-left:44px\">Le stagiaire sera capable d\u2019ex\u00e9cuter en s\u00e9curit\u00e9 des op\u00e9rations de sout\u00e8nement et\/ou de ripage sur des canalisations enterr\u00e9es.<\/div><\/div><\/p>\n<p>\u00a0<\/p>\n<p>Mise \u00e0 jour : 28 03 2024<\/p>\n<div style=\"margin-top:30px; clear:both;\"><\/div><\/div><div style=\"border-top:7px solid #ffb400;\" id=\"habilitation-elec-bf-hf-tab-1\" class=\"rtbs_content\"><p><div class=\"su-service\"><div class=\"su-service-title\" style=\"padding-left:44px;min-height:30px;line-height:30px\"><i class=\"sui sui-group\" style=\"font-size:30px;color:#000000\"><\/i> Publics et pr\u00e9-requis<\/div><div class=\"su-service-content su-u-clearfix su-u-trim\" style=\"padding-left:44px\">Toute personne devant r\u00e9aliser des op\u00e9rations de sout\u00e8nement et\/ou ripages sur canalisations enterr\u00e9es. Aucun pr\u00e9requis<\/div><\/div><\/p>\n<div style=\"margin-top:30px; clear:both;\"><\/div><\/div><div style=\"border-top:7px solid #ffb400;\" id=\"habilitation-elec-bf-hf-tab-2\" class=\"rtbs_content\"><div class=\"dmb_field dmb_tab_content\">\n<p><div class=\"su-service\"><div class=\"su-service-title\" style=\"padding-left:44px;min-height:30px;line-height:30px\"><i class=\"sui sui-edit\" style=\"font-size:30px;color:#000000\"><\/i> Contenu<\/div><div class=\"su-service-content su-u-clearfix su-u-trim\" style=\"padding-left:44px\"><\/p>\n<p>Th\u00e9orie (Savoir)<\/p>\n<p><b>\u00a0<\/b>-\u00a0R\u00e9glementation,<\/p>\n<p>- La norme NF C 18 510 et l\u2019amendement A1 et A2,<\/p>\n<p>-\u00a0les dangers de l'\u00e9lectricit\u00e9,<\/p>\n<p>-\u00a0les zones \u00e0 risque \u00e9lectrique,<\/p>\n<p>-\u00a0les niveaux d'habilitation,<\/p>\n<p>-\u00a0les documents applicables,<\/p>\n<p>-\u00a0les moyens de protection,<\/p>\n<p>-\u00a0l'\u00e9valuation et la pr\u00e9vention des risques \u00e9lectriques pour des travaux non \u00e9lectriques,<\/p>\n<p>-\u00a0la conduite \u00e0 tenir en cas d'incident, d'accident d'origine \u00e9lectrique, ou en cas d\u2019endommagement d\u2019une canalisation \u00e9lectrique isol\u00e9e,<\/p>\n<p>-\u00a0les prescriptions pour les non \u00e9lectriciens.<\/p>\n<p>Pratique (savoir-faire)<\/p>\n<p><b>\u00a0<\/b>-\u00a0Exercices pratiques sur plateau technique<i>.<\/i><\/div><\/div><\/p>\n<\/div>\n<div style=\"margin-top:30px; clear:both;\"><\/div><\/div><div style=\"border-top:7px solid #ffb400;\" id=\"habilitation-elec-bf-hf-tab-3\" class=\"rtbs_content\"><div class=\"dmb_field dmb_tab_content\">\n<p><div class=\"su-service\"><div class=\"su-service-title\" style=\"padding-left:44px;min-height:30px;line-height:30px\"><i class=\"sui sui-graduation-cap\" style=\"font-size:30px;color:#000000\"><\/i> \u00c9valuation et validation<\/div><div class=\"su-service-content su-u-clearfix su-u-trim\" style=\"padding-left:44px\"><\/p>\n<ul>\n<li>\u00c9valuations des acquis th\u00e9oriques et pratiques selon le r\u00e9f\u00e9rentiel et les modalit\u00e9s d'\u00e9valuation de la norme NF C18 510 en vue de la remise d'un titre d'habilitation par l'employeur.<\/li>\n<li>Un avis \u00e0 l'habilitation du personnel vis\u00e9 par le formateur est transmis \u00e0 l'employeur sur la base de l'\u00e9valuation des acquis du stagiaire (dur\u00e9e de validit\u00e9 recommand\u00e9e selon la NF C 18-510 : 3 ans) <\/div><\/div><\/li>\n<\/ul>\n<p><div class=\"su-service\"><div class=\"su-service-title\" style=\"padding-left:42px;min-height:28px;line-height:28px\"><i class=\"sui sui-plus-circle\" style=\"font-size:28px;color:#000000\"><\/i> EPI Obligatoire<\/div><div class=\"su-service-content su-u-clearfix su-u-trim\" style=\"padding-left:42px\">Les stagiaires doivent venir avec leurs EPI (gants, casque, chaussures de s\u00e9curit\u00e9, tenue de travail adapt\u00e9e)<\/div><\/div><\/p>\n<p><div class=\"su-service\"><div class=\"su-service-title\" style=\"padding-left:44px;min-height:30px;line-height:30px\"><i class=\"sui sui-line-chart\" style=\"font-size:30px;color:#000000\"><\/i> Taux de r\u00e9ussite<\/div><div class=\"su-service-content su-u-clearfix su-u-trim\" style=\"padding-left:44px\">100 %<\/div><\/div><\/p>\n<p><div class=\"su-service\"><div class=\"su-service-title\" style=\"padding-left:44px;min-height:30px;line-height:30px\"><i class=\"sui sui-bar-chart-o\" style=\"font-size:30px;color:#000000\"><\/i> Taux de satisfaction<\/div><div class=\"su-service-content su-u-clearfix su-u-trim\" style=\"padding-left:44px\">90 %<\/div><\/div><\/p>\n<\/div>\n<div style=\"margin-top:30px; clear:both;\"><\/div><\/div><div style=\"border-top:7px solid #ffb400;\" id=\"habilitation-elec-bf-hf-tab-4\" class=\"rtbs_content\"><p><div class=\"su-service\"><div class=\"su-service-title\" style=\"padding-left:44px;min-height:30px;line-height:30px\"><i class=\"sui sui-clock-o\" style=\"font-size:30px;color:#000000\"><\/i> Dur\u00e9e<\/div><div class=\"su-service-content su-u-clearfix su-u-trim\" style=\"padding-left:44px\"><\/p>\n<p><em><strong>Formation initiale :<\/strong><\/em><\/p>\n<p>-\u00a07 heures pour le personnel ex\u00e9cutant<\/p>\n<p>-\u00a010,30 heures pour le charg\u00e9 de chantier<\/p>\n<p><em><strong>Recyclage :<\/strong><\/em><\/p>\n<p>-\u00a07 heures pour le personnel ex\u00e9cutant et charg\u00e9 de chantier<\/div><\/div><\/p>\n<div style=\"margin-top:30px; clear:both;\"><\/div><\/div>\r\n    <\/div>\r\n    \n<div class=\"su-tabs su-tabs-style-default su-tabs-mobile-stack\" data-active=\"1\" data-scroll-offset=\"0\" data-anchor-in-url=\"no\"><div class=\"su-tabs-nav\"><span class=\"\" data-url=\"\" data-target=\"blank\" tabindex=\"0\" role=\"button\">Contactez-nous<\/span><span class=\"\" data-url=\"\" data-target=\"blank\" tabindex=\"0\" role=\"button\">Prochaines sessions<\/span><span class=\"\" data-url=\"\" data-target=\"blank\" tabindex=\"0\" role=\"button\">Tarifs<\/span><span class=\"\" data-url=\"\" data-target=\"blank\" tabindex=\"0\" role=\"button\">Modalit\u00e9s et moyens d'acc\u00e8s<\/span><span class=\"\" data-url=\"\" data-target=\"blank\" tabindex=\"0\" role=\"button\">Accessibilit\u00e9<\/span><\/div><div class=\"su-tabs-panes\"><div class=\"su-tabs-pane su-u-clearfix su-u-trim\" data-title=\"Contactez-nous\"> un devis ? une information ? une inscription ? <div class=\"su-service\"><div class=\"su-service-title\" style=\"padding-left:36px;min-height:22px;line-height:22px\"><i class=\"sui sui-phone-square\" style=\"font-size:22px;color:#333\"><\/i> 05 31 61 50 06<\/div><div class=\"su-service-content su-u-clearfix su-u-trim\" style=\"padding-left:36px\"><\/div><\/div><\/div>\n<div class=\"su-tabs-pane su-u-clearfix su-u-trim\" data-title=\"Prochaines sessions\">\n<p><iframe loading=\"lazy\" src=\"https:\/\/procontrol-fr.com\/probox\/PI_formationInterHABNONELECBFHF.php\" width=\"300\" height=\"640\"><\/iframe><\/div>\n<div class=\"su-tabs-pane su-u-clearfix su-u-trim\" data-title=\"Tarifs\"> Inter : \u00e0 partir de 235 \u20ac H.T. (prix par stagiaire) Intra : nous consulter<\/div>\n<div class=\"su-tabs-pane su-u-clearfix su-u-trim\" data-title=\"Modalit\u00e9s et moyens d&#039;acc\u00e8s\">\n<p>Nos formations sont accessibles selon les modalit\u00e9s ci-dessous :<\/p>\n<p><strong><u>Les modalit\u00e9s de formation<\/u> :<\/strong><\/p>\n<ul>\n<li>En inter-entreprises, c\u2019est-\u00e0-dire en groupes de stagiaires provenant de diff\u00e9rentes entreprises<\/li>\n<li>En intra-entreprise, c\u2019est-\u00e0-dire en groupes de stagiaire de la m\u00eame entreprise<\/li>\n<li>En cours individuel<\/li>\n<\/ul>\n<p><strong><u>Les formations peuvent avoir lieu<\/u><\/strong><strong> :<\/strong><\/p>\n<ul>\n<li>En pr\u00e9sentiel dans notre centre de formation<\/li>\n<li>En pr\u00e9sentiel dans les locaux de votre entreprise<\/li>\n<li>En distanciel<\/li>\n<li>En mixte pr\u00e9sentiel \/ distanciel ou hybride: une partie des stagiaires suit la formation en pr\u00e9sentiel alors qu\u2019une l\u2019autre partie suit les cours en distanciel<\/li>\n<\/ul>\n<p><strong><u>Les modalit\u00e9s de financement de formation<\/u><\/strong><strong> :\u00a0<\/strong><br \/>\nPlusieurs modes de financement vous permettent d\u2019acc\u00e9der \u00e0 nos formations en tant que salari\u00e9 via votre entreprise ou en tant que particulier (salari\u00e9, demandeur d\u2019emploi ou ind\u00e9pendant).<\/p>\n<p><strong>D\u00e9lais d\u2019acc\u00e8s en formation :\u00a0Formation inter-entreprises<\/strong><\/p>\n<p>PROCONTROL publie <strong><span style=\"color: #1874c1;\">un calendrier regroupant l\u2019ensemble des sessions inter-entreprises ouvertes sur nos th\u00e9matiques de formation<\/span>, <\/strong><em>ce calendrier est actualis\u00e9 chaque jour. <\/em><\/p>\n<p>Nous nous engageons \u00e0 r\u00e9pondre \u00e0 vos demandes d\u2019informations et \u00e0 vous envoyer une offre de prestation <u>sous 48h<\/u> ouvr\u00e9es (hors jours f\u00e9ries et week-end).<\/p>\n<p>De votre c\u00f4t\u00e9, pour garantir une entr\u00e9e en formation \u00e0 la date fix\u00e9e, vous devrez vous assurer de nous faire parvenir l&rsquo;offre de prestation sign\u00e9, Les questionnaires de positionnement ou toute autre information administrative au plus t\u00f4t.<\/p>\n<p>Dans le cas o\u00f9 vous sollicitez un financement de la part de votre OPCO ou autre, assurez-vous des d\u00e9lais de traitement de vos demandes.<\/p>\n<p><strong>D\u00e9lais d\u2019acc\u00e8s en formation : Formation intra-entreprise<\/strong><\/p>\n<p>PROCONTROL vous proposera des dates <strong>le plus t\u00f4t possible en fonction de vos disponibilit\u00e9s et de celles du formateur<\/strong> pressenti.<\/p>\n<p>Comme pour les formations inter-entreprises, pour pouvoir d\u00e9marrer la formation, <strong>votre rapidit\u00e9 de r\u00e9ponse sur toutes les questions administratives <\/strong>permettra d\u2019acc\u00e9l\u00e9rer le d\u00e9marrage de votre formation.<\/p>\n<p><strong>Cas particuliers<\/strong><\/p>\n<p><strong><u>CPF<\/u><\/strong><strong> :<\/strong> L\u2019ensemble des d\u00e9lais de traitement de dossier sont fix\u00e9s par la plateforme <a href=\"https:\/\/www.moncompteformation.gouv.fr\/espace-prive\/html\/#\/\" class=\"su-button su-button-style-flat\" style=\"color:#ffffff;background-color:#2D89EF;border-color:#246ec0;border-radius:4px\" target=\"_self\"><span style=\"color:#ffffff;padding:0px 20px;font-size:16px;line-height:32px;border-color:#6cadf4;border-radius:4px;text-shadow:none\">  MonCompteFormation <\/span><\/a>\n<p><span style=\"color: #ff6600;\"><strong>Attention : la plateforme impose un d\u00e9lai de 11 jours ouvr\u00e9s de r\u00e9flexion entre notre proposition et le d\u00e9but de la formation !<\/strong><\/span><\/p>\n<p>Si vous avez rep\u00e9r\u00e9 une formation qui vous int\u00e9resse, ne perdez pas de temps pour vous inscrire. N&rsquo;h\u00e9sitez pas \u00e0 nous contacter directement au 05 31 61 50 06 afin que nous acc\u00e9l\u00e9rions les d\u00e9marches.<\/p>\n<p>Vous \u00eates acteur de votre demande et seul d\u00e9cisionnaire, les d\u00e9lais de traitement sont donc tr\u00e8s rapides si une date de formation est d\u00e9j\u00e0 fix\u00e9e.<\/p>\n<p>Pour toute autre questions concernant les modalit\u00e9s ou les d\u00e9lais d&rsquo;acc\u00e8s \u00e0 nos formations, contactez-nous par t\u00e9l\u00e9phone <div class=\"su-service\"><div class=\"su-service-title\" style=\"padding-left:36px;min-height:22px;line-height:22px\"><i class=\"sui sui-phone-square\" style=\"font-size:22px;color:#333\"><\/i> 05 31 61 50 06<\/div><div class=\"su-service-content su-u-clearfix su-u-trim\" style=\"padding-left:36px\"><\/div><\/div> ou via le <a href=\"https:\/\/procontrol-fr.com\/fr\/procontrol\/contact\/\" class=\"su-button su-button-style-flat\" style=\"color:#ffffff;background-color:#2D89EF;border-color:#246ec0;border-radius:6px\" target=\"_self\"><span style=\"color:#ffffff;padding:0px 20px;font-size:16px;line-height:32px;border-color:#6cadf4;border-radius:6px;text-shadow:none\">  Formulaire contact <\/span><\/a>\n<\/div>\n<div class=\"su-tabs-pane su-u-clearfix su-u-trim\" data-title=\"Accessibilit\u00e9\">\n<p><strong>Formation accessible aux personnes en situation de handicap.<br \/>\n<\/strong>S\u00e9curisez votre parcours de formation en contactant notre r\u00e9f\u00e9rent handicap<\/p>\n<a href=\"https:\/\/procontrol-fr.com\/fr\/procontrol\/contact\/\" class=\"su-button su-button-style-flat\" style=\"color:#ffffff;background-color:#2D89EF;border-color:#246ec0;border-radius:6px\" target=\"_self\"><span style=\"color:#ffffff;padding:0px 20px;font-size:16px;line-height:32px;border-color:#6cadf4;border-radius:6px;text-shadow:none\">  Formulaire contact <\/span><\/a>\n<\/div><\/div><\/div>\n","protected":false},"excerpt":{"rendered":"","protected":false},"author":1,"featured_media":0,"parent":922,"menu_order":0,"comment_status":"closed","ping_status":"closed","template":"left-sidebar.php","meta":{"footnotes":""},"class_list":["post-4563","page","type-page","status-publish","hentry"],"yoast_head":"<!-- This site is optimized with the Yoast SEO plugin v27.3 - https:\/\/yoast.com\/product\/yoast-seo-wordpress\/ -->\n<title>Habilitation \u00e9lectrique - Op\u00e9rations d\u2019ordre non \u00e9lectrique sur canalisations enterr\u00e9es BF \/ HF - PROCONTROL - Bureau de Contr\u00f4le V\u00e9rificaton \u00e9lectrique Levage Formation CACES\u00ae Formation habilitation \u00e9lectrique AIPR \u00e9lectricit\u00e9 SST Sauveteur secouriste du travail SST habilitation m\u00e9canique IRVE<\/title>\n<meta name=\"robots\" content=\"index, follow, max-snippet:-1, max-image-preview:large, max-video-preview:-1\" \/>\n<link rel=\"canonical\" href=\"https:\/\/procontrol-fr.com\/fr\/nos-formations\/habilitations-electriques\/habilitation-electrique-operations-dordre-non-electrique-sur-canalisations-enterrees-bf-hf\/\" \/>\n<meta property=\"og:locale\" content=\"fr_FR\" \/>\n<meta property=\"og:type\" content=\"article\" \/>\n<meta property=\"og:title\" content=\"Habilitation \u00e9lectrique - Op\u00e9rations d\u2019ordre non \u00e9lectrique sur canalisations enterr\u00e9es BF \/ HF - PROCONTROL - Bureau de Contr\u00f4le V\u00e9rificaton \u00e9lectrique Levage Formation CACES\u00ae Formation habilitation \u00e9lectrique AIPR \u00e9lectricit\u00e9 SST Sauveteur secouriste du travail SST habilitation m\u00e9canique IRVE\" \/>\n<meta property=\"og:url\" content=\"https:\/\/procontrol-fr.com\/fr\/nos-formations\/habilitations-electriques\/habilitation-electrique-operations-dordre-non-electrique-sur-canalisations-enterrees-bf-hf\/\" \/>\n<meta property=\"og:site_name\" content=\"PROCONTROL - Bureau de Contr\u00f4le V\u00e9rificaton \u00e9lectrique Levage Formation CACES\u00ae Formation habilitation \u00e9lectrique AIPR \u00e9lectricit\u00e9 SST Sauveteur secouriste du travail SST habilitation m\u00e9canique IRVE\" \/>\n<meta property=\"article:modified_time\" content=\"2022-10-22T12:09:00+00:00\" \/>\n<meta name=\"twitter:card\" content=\"summary_large_image\" \/>\n<meta name=\"twitter:site\" content=\"@PROCONTROL_FR\" \/>\n<meta name=\"twitter:label1\" content=\"Dur\u00e9e de lecture estim\u00e9e\" \/>\n\t<meta name=\"twitter:data1\" content=\"3 minutes\" \/>\n<script type=\"application\/ld+json\" class=\"yoast-schema-graph\">{\"@context\":\"https:\\\/\\\/schema.org\",\"@graph\":[{\"@type\":\"WebPage\",\"@id\":\"https:\\\/\\\/procontrol-fr.com\\\/fr\\\/nos-formations\\\/habilitations-electriques\\\/habilitation-electrique-operations-dordre-non-electrique-sur-canalisations-enterrees-bf-hf\\\/\",\"url\":\"https:\\\/\\\/procontrol-fr.com\\\/fr\\\/nos-formations\\\/habilitations-electriques\\\/habilitation-electrique-operations-dordre-non-electrique-sur-canalisations-enterrees-bf-hf\\\/\",\"name\":\"Habilitation \u00e9lectrique - Op\u00e9rations d\u2019ordre non \u00e9lectrique sur canalisations enterr\u00e9es BF \\\/ HF - PROCONTROL - Bureau de Contr\u00f4le V\u00e9rificaton \u00e9lectrique Levage Formation CACES\u00ae Formation habilitation \u00e9lectrique AIPR \u00e9lectricit\u00e9 SST Sauveteur secouriste du travail SST habilitation m\u00e9canique IRVE\",\"isPartOf\":{\"@id\":\"https:\\\/\\\/procontrol-fr.com\\\/fr\\\/#website\"},\"datePublished\":\"2020-02-13T20:16:51+00:00\",\"dateModified\":\"2022-10-22T12:09:00+00:00\",\"breadcrumb\":{\"@id\":\"https:\\\/\\\/procontrol-fr.com\\\/fr\\\/nos-formations\\\/habilitations-electriques\\\/habilitation-electrique-operations-dordre-non-electrique-sur-canalisations-enterrees-bf-hf\\\/#breadcrumb\"},\"inLanguage\":\"fr-FR\",\"potentialAction\":[{\"@type\":\"ReadAction\",\"target\":[\"https:\\\/\\\/procontrol-fr.com\\\/fr\\\/nos-formations\\\/habilitations-electriques\\\/habilitation-electrique-operations-dordre-non-electrique-sur-canalisations-enterrees-bf-hf\\\/\"]}]},{\"@type\":\"BreadcrumbList\",\"@id\":\"https:\\\/\\\/procontrol-fr.com\\\/fr\\\/nos-formations\\\/habilitations-electriques\\\/habilitation-electrique-operations-dordre-non-electrique-sur-canalisations-enterrees-bf-hf\\\/#breadcrumb\",\"itemListElement\":[{\"@type\":\"ListItem\",\"position\":1,\"name\":\"Accueil\",\"item\":\"https:\\\/\\\/procontrol-fr.com\\\/fr\\\/\"},{\"@type\":\"ListItem\",\"position\":2,\"name\":\"NOS FORMATIONS\",\"item\":\"https:\\\/\\\/procontrol-fr.com\\\/fr\\\/nos-formations\\\/\"},{\"@type\":\"ListItem\",\"position\":3,\"name\":\"HABILITATION ELECTRIQUE\",\"item\":\"https:\\\/\\\/procontrol-fr.com\\\/fr\\\/nos-formations\\\/habilitations-electriques\\\/\"},{\"@type\":\"ListItem\",\"position\":4,\"name\":\"Habilitation \u00e9lectrique &#8211; Op\u00e9rations d\u2019ordre non \u00e9lectrique sur canalisations enterr\u00e9es BF \\\/ HF\"}]},{\"@type\":\"WebSite\",\"@id\":\"https:\\\/\\\/procontrol-fr.com\\\/fr\\\/#website\",\"url\":\"https:\\\/\\\/procontrol-fr.com\\\/fr\\\/\",\"name\":\"PROCONTROL - Bureau de Contr\u00f4le, V\u00e9rification \u00e9lectrique, Levage, Formation CACES\u00ae, habilitation \u00e9lectrique, AIPR,...\",\"description\":\"\",\"publisher\":{\"@id\":\"https:\\\/\\\/procontrol-fr.com\\\/fr\\\/#organization\"},\"potentialAction\":[{\"@type\":\"SearchAction\",\"target\":{\"@type\":\"EntryPoint\",\"urlTemplate\":\"https:\\\/\\\/procontrol-fr.com\\\/fr\\\/?s={search_term_string}\"},\"query-input\":{\"@type\":\"PropertyValueSpecification\",\"valueRequired\":true,\"valueName\":\"search_term_string\"}}],\"inLanguage\":\"fr-FR\"},{\"@type\":\"Organization\",\"@id\":\"https:\\\/\\\/procontrol-fr.com\\\/fr\\\/#organization\",\"name\":\"PROCONTROL\",\"url\":\"https:\\\/\\\/procontrol-fr.com\\\/fr\\\/\",\"logo\":{\"@type\":\"ImageObject\",\"inLanguage\":\"fr-FR\",\"@id\":\"https:\\\/\\\/procontrol-fr.com\\\/fr\\\/#\\\/schema\\\/logo\\\/image\\\/\",\"url\":\"https:\\\/\\\/procontrol-fr.com\\\/fr\\\/wp-content\\\/uploads\\\/2016\\\/06\\\/LogoProcontrol.jpg\",\"contentUrl\":\"https:\\\/\\\/procontrol-fr.com\\\/fr\\\/wp-content\\\/uploads\\\/2016\\\/06\\\/LogoProcontrol.jpg\",\"width\":350,\"height\":100,\"caption\":\"PROCONTROL\"},\"image\":{\"@id\":\"https:\\\/\\\/procontrol-fr.com\\\/fr\\\/#\\\/schema\\\/logo\\\/image\\\/\"},\"sameAs\":[\"https:\\\/\\\/x.com\\\/PROCONTROL_FR\"]}]}<\/script>\n<!-- \/ Yoast SEO plugin. -->","yoast_head_json":{"title":"Habilitation \u00e9lectrique - Op\u00e9rations d\u2019ordre non \u00e9lectrique sur canalisations enterr\u00e9es BF \/ HF - PROCONTROL - Bureau de Contr\u00f4le V\u00e9rificaton \u00e9lectrique Levage Formation CACES\u00ae Formation habilitation \u00e9lectrique AIPR \u00e9lectricit\u00e9 SST Sauveteur secouriste du travail SST habilitation m\u00e9canique IRVE","robots":{"index":"index","follow":"follow","max-snippet":"max-snippet:-1","max-image-preview":"max-image-preview:large","max-video-preview":"max-video-preview:-1"},"canonical":"https:\/\/procontrol-fr.com\/fr\/nos-formations\/habilitations-electriques\/habilitation-electrique-operations-dordre-non-electrique-sur-canalisations-enterrees-bf-hf\/","og_locale":"fr_FR","og_type":"article","og_title":"Habilitation \u00e9lectrique - Op\u00e9rations d\u2019ordre non \u00e9lectrique sur canalisations enterr\u00e9es BF \/ HF - PROCONTROL - Bureau de Contr\u00f4le V\u00e9rificaton \u00e9lectrique Levage Formation CACES\u00ae Formation habilitation \u00e9lectrique AIPR \u00e9lectricit\u00e9 SST Sauveteur secouriste du travail SST habilitation m\u00e9canique IRVE","og_url":"https:\/\/procontrol-fr.com\/fr\/nos-formations\/habilitations-electriques\/habilitation-electrique-operations-dordre-non-electrique-sur-canalisations-enterrees-bf-hf\/","og_site_name":"PROCONTROL - Bureau de Contr\u00f4le V\u00e9rificaton \u00e9lectrique Levage Formation CACES\u00ae Formation habilitation \u00e9lectrique AIPR \u00e9lectricit\u00e9 SST Sauveteur secouriste du travail SST habilitation m\u00e9canique IRVE","article_modified_time":"2022-10-22T12:09:00+00:00","twitter_card":"summary_large_image","twitter_site":"@PROCONTROL_FR","twitter_misc":{"Dur\u00e9e de lecture estim\u00e9e":"3 minutes"},"schema":{"@context":"https:\/\/schema.org","@graph":[{"@type":"WebPage","@id":"https:\/\/procontrol-fr.com\/fr\/nos-formations\/habilitations-electriques\/habilitation-electrique-operations-dordre-non-electrique-sur-canalisations-enterrees-bf-hf\/","url":"https:\/\/procontrol-fr.com\/fr\/nos-formations\/habilitations-electriques\/habilitation-electrique-operations-dordre-non-electrique-sur-canalisations-enterrees-bf-hf\/","name":"Habilitation \u00e9lectrique - Op\u00e9rations d\u2019ordre non \u00e9lectrique sur canalisations enterr\u00e9es BF \/ HF - PROCONTROL - Bureau de Contr\u00f4le V\u00e9rificaton \u00e9lectrique Levage Formation CACES\u00ae Formation habilitation \u00e9lectrique AIPR \u00e9lectricit\u00e9 SST Sauveteur secouriste du travail SST habilitation m\u00e9canique IRVE","isPartOf":{"@id":"https:\/\/procontrol-fr.com\/fr\/#website"},"datePublished":"2020-02-13T20:16:51+00:00","dateModified":"2022-10-22T12:09:00+00:00","breadcrumb":{"@id":"https:\/\/procontrol-fr.com\/fr\/nos-formations\/habilitations-electriques\/habilitation-electrique-operations-dordre-non-electrique-sur-canalisations-enterrees-bf-hf\/#breadcrumb"},"inLanguage":"fr-FR","potentialAction":[{"@type":"ReadAction","target":["https:\/\/procontrol-fr.com\/fr\/nos-formations\/habilitations-electriques\/habilitation-electrique-operations-dordre-non-electrique-sur-canalisations-enterrees-bf-hf\/"]}]},{"@type":"BreadcrumbList","@id":"https:\/\/procontrol-fr.com\/fr\/nos-formations\/habilitations-electriques\/habilitation-electrique-operations-dordre-non-electrique-sur-canalisations-enterrees-bf-hf\/#breadcrumb","itemListElement":[{"@type":"ListItem","position":1,"name":"Accueil","item":"https:\/\/procontrol-fr.com\/fr\/"},{"@type":"ListItem","position":2,"name":"NOS FORMATIONS","item":"https:\/\/procontrol-fr.com\/fr\/nos-formations\/"},{"@type":"ListItem","position":3,"name":"HABILITATION ELECTRIQUE","item":"https:\/\/procontrol-fr.com\/fr\/nos-formations\/habilitations-electriques\/"},{"@type":"ListItem","position":4,"name":"Habilitation \u00e9lectrique &#8211; Op\u00e9rations d\u2019ordre non \u00e9lectrique sur canalisations enterr\u00e9es BF \/ HF"}]},{"@type":"WebSite","@id":"https:\/\/procontrol-fr.com\/fr\/#website","url":"https:\/\/procontrol-fr.com\/fr\/","name":"PROCONTROL - Bureau de Contr\u00f4le, V\u00e9rification \u00e9lectrique, Levage, Formation CACES\u00ae, habilitation \u00e9lectrique, AIPR,...","description":"","publisher":{"@id":"https:\/\/procontrol-fr.com\/fr\/#organization"},"potentialAction":[{"@type":"SearchAction","target":{"@type":"EntryPoint","urlTemplate":"https:\/\/procontrol-fr.com\/fr\/?s={search_term_string}"},"query-input":{"@type":"PropertyValueSpecification","valueRequired":true,"valueName":"search_term_string"}}],"inLanguage":"fr-FR"},{"@type":"Organization","@id":"https:\/\/procontrol-fr.com\/fr\/#organization","name":"PROCONTROL","url":"https:\/\/procontrol-fr.com\/fr\/","logo":{"@type":"ImageObject","inLanguage":"fr-FR","@id":"https:\/\/procontrol-fr.com\/fr\/#\/schema\/logo\/image\/","url":"https:\/\/procontrol-fr.com\/fr\/wp-content\/uploads\/2016\/06\/LogoProcontrol.jpg","contentUrl":"https:\/\/procontrol-fr.com\/fr\/wp-content\/uploads\/2016\/06\/LogoProcontrol.jpg","width":350,"height":100,"caption":"PROCONTROL"},"image":{"@id":"https:\/\/procontrol-fr.com\/fr\/#\/schema\/logo\/image\/"},"sameAs":["https:\/\/x.com\/PROCONTROL_FR"]}]}},"_links":{"self":[{"href":"https:\/\/procontrol-fr.com\/fr\/wp-json\/wp\/v2\/pages\/4563","targetHints":{"allow":["GET"]}}],"collection":[{"href":"https:\/\/procontrol-fr.com\/fr\/wp-json\/wp\/v2\/pages"}],"about":[{"href":"https:\/\/procontrol-fr.com\/fr\/wp-json\/wp\/v2\/types\/page"}],"author":[{"embeddable":true,"href":"https:\/\/procontrol-fr.com\/fr\/wp-json\/wp\/v2\/users\/1"}],"replies":[{"embeddable":true,"href":"https:\/\/procontrol-fr.com\/fr\/wp-json\/wp\/v2\/comments?post=4563"}],"version-history":[{"count":15,"href":"https:\/\/procontrol-fr.com\/fr\/wp-json\/wp\/v2\/pages\/4563\/revisions"}],"predecessor-version":[{"id":5078,"href":"https:\/\/procontrol-fr.com\/fr\/wp-json\/wp\/v2\/pages\/4563\/revisions\/5078"}],"up":[{"embeddable":true,"href":"https:\/\/procontrol-fr.com\/fr\/wp-json\/wp\/v2\/pages\/922"}],"wp:attachment":[{"href":"https:\/\/procontrol-fr.com\/fr\/wp-json\/wp\/v2\/media?parent=4563"}],"curies":[{"name":"wp","href":"https:\/\/api.w.org\/{rel}","templated":true}]}}