{"id":5353,"date":"2023-04-22T16:23:55","date_gmt":"2023-04-22T15:23:55","guid":{"rendered":"https:\/\/procontrol-fr.com\/fr\/?page_id=5353"},"modified":"2024-04-28T10:05:17","modified_gmt":"2024-04-28T09:05:17","slug":"controles-des-rayonnages-metalliques-racks","status":"publish","type":"page","link":"https:\/\/procontrol-fr.com\/fr\/inspections-reglementaires\/controles-des-rayonnages-metalliques-racks\/","title":{"rendered":"Contr\u00f4les des rayonnages m\u00e9talliques RACKS"},"content":{"rendered":"<div class=\"su-tabs su-tabs-style-default su-tabs-mobile-scroll\" data-active=\"1\" data-scroll-offset=\"0\" data-anchor-in-url=\"no\"><div class=\"su-tabs-nav\"><span class=\"\" data-url=\"\" data-target=\"blank\" tabindex=\"0\" role=\"button\">Rayonnages m\u00e9talliques<\/span><\/div><div class=\"su-tabs-panes\"><div class=\"su-tabs-pane su-u-clearfix su-u-trim\" data-title=\"Rayonnages m\u00e9talliques\">\n<div class=\"su-service\"><div class=\"su-service-title\" style=\"padding-left:32px;min-height:18px;line-height:18px\"><i class=\"sui sui-check\" style=\"font-size:18px;color:#1ec118\"><\/i> Contr\u00f4le des rayonnages m\u00e9tallique ou Racks<\/div><div class=\"su-service-content su-u-clearfix su-u-trim\" style=\"padding-left:32px\">\nLe Code du travail impose que les \u00e9quipements de travail soient utilis\u00e9s et maintenus en \u00e9tat de mani\u00e8re \u00e0 pr\u00e9server la sant\u00e9 des travailleurs selon l&rsquo;Article L4321-1 du Code du travail. Les rayonnages m\u00e9talliques (palettiers ou racks de stockage) sont concern\u00e9s par cette obligation.<br \/>\nLes v\u00e9rifications sont r\u00e9alis\u00e9s sur des installations en exploitation ne n\u00e9cessitant pas le d\u00e9chargement des structures. Ces v\u00e9rifications doivent \u00eatre renouvel\u00e9s \u00e0 des intervalles de 12 mois maximum suivant la Norme NF EN-15635 &#8211; Syst\u00e8mes de stockage en acier \u2013 Utilisation et maintenance de syst\u00e8me de stockage\u201d.<\/div><\/div>\n<\/div><\/div><\/div>\n<div class=\"su-tabs su-tabs-style-default su-tabs-mobile-stack\" data-active=\"1\" data-scroll-offset=\"0\" data-anchor-in-url=\"no\"><div class=\"su-tabs-nav\"><span class=\"\" data-url=\"\" data-target=\"blank\" tabindex=\"0\" role=\"button\">Contactez-nous<\/span><span class=\"\" data-url=\"\" data-target=\"blank\" tabindex=\"0\" role=\"button\">On vous rappele ?<\/span><\/div><div class=\"su-tabs-panes\"><div class=\"su-tabs-pane su-u-clearfix su-u-trim\" data-title=\"Contactez-nous\">\n<p>un devis ?<br \/>\nune information ?<\/p>\n<div class=\"su-service\"><div class=\"su-service-title\" style=\"padding-left:36px;min-height:22px;line-height:22px\"><i class=\"sui sui-phone-square\" style=\"font-size:22px;color:#333\"><\/i> 05 31 61 50 06<\/div><div class=\"su-service-content su-u-clearfix su-u-trim\" style=\"padding-left:36px\"><\/div><\/div><\/div>\n<div class=\"su-tabs-pane su-u-clearfix su-u-trim\" data-title=\"On vous rappele ?\">\n<p>Vous avez des questions ? Nous vous rappelons selon vos disponibilit\u00e9s.<\/p>\n\n<div class=\"wpcf7 no-js\" id=\"wpcf7-f4762-o1\" lang=\"fr-FR\" dir=\"ltr\" data-wpcf7-id=\"4762\">\n<div class=\"screen-reader-response\"><p role=\"status\" aria-live=\"polite\" aria-atomic=\"true\"><\/p> <ul><\/ul><\/div>\n<form action=\"\/fr\/wp-json\/wp\/v2\/pages\/5353#wpcf7-f4762-o1\" method=\"post\" class=\"wpcf7-form init\" aria-label=\"Formulaire de contact\" novalidate=\"novalidate\" data-status=\"init\">\n<fieldset class=\"hidden-fields-container\"><input type=\"hidden\" name=\"_wpcf7\" value=\"4762\" \/><input type=\"hidden\" name=\"_wpcf7_version\" value=\"6.1.5\" \/><input type=\"hidden\" name=\"_wpcf7_locale\" value=\"fr_FR\" \/><input type=\"hidden\" name=\"_wpcf7_unit_tag\" value=\"wpcf7-f4762-o1\" \/><input type=\"hidden\" name=\"_wpcf7_container_post\" value=\"0\" \/><input type=\"hidden\" name=\"_wpcf7_posted_data_hash\" value=\"\" \/><input type=\"hidden\" name=\"_wpcf7_recaptcha_response\" value=\"\" \/>\n<\/fieldset>\n<label> Nom de votre soci\u00e9t\u00e9 (*):\n    <div class=\"form-group your-ste\"><input class=\"wpcf7-form-control wpcf7-text wpcf7-validates-as-required form-control\" name=\"your-ste\" type=\"text\" value=\"\" aria-invalid=\"false\" aria-required=\"true\" required><\/div> <\/label>\n\n<label> Votre nom (*):\n    <div class=\"form-group your-name\"><input class=\"wpcf7-form-control wpcf7-text wpcf7-validates-as-required form-control\" name=\"your-name\" type=\"text\" value=\"\" aria-invalid=\"false\" aria-required=\"true\" required><\/div> <\/label>\n\n<label> Votre pr\u00e9nom(*) :\n    <div class=\"form-group your-prenom\"><input class=\"wpcf7-form-control wpcf7-text wpcf7-validates-as-required form-control\" name=\"your-prenom\" type=\"text\" value=\"\" aria-invalid=\"false\" aria-required=\"true\" required><\/div> <\/label>\n\n<label> Votre e-mail (*):\n    <div class=\"form-group your-email\"><input class=\"wpcf7-form-control wpcf7-email wpcf7-validates-as-required wpcf7-text wpcf7-validates-as-email form-control\" name=\"your-email\" type=\"email\" value=\"\" aria-invalid=\"false\" aria-required=\"true\" required><\/div> <\/label>\n\n<label> Votre num\u00e9ro de t\u00e9l\u00e9phone (*):\n    <div class=\"form-group tel-69\"><input class=\"wpcf7-form-control wpcf7-tel wpcf7-validates-as-required wpcf7-text wpcf7-validates-as-tel form-control\" name=\"tel-69\" type=\"tel\" value=\"\" aria-invalid=\"false\" aria-required=\"true\" required><\/div> <\/label>\n\n<label> S\u00e9lectionner un \u00e9quipement (*):\n<div class=\"form-group menu-848\"><select class=\"wpcf7-form-control wpcf7-select wpcf7-validates-as-required form-control\" name=\"menu-848\" aria-invalid=\"false\" aria-required=\"true\" required><option value=\"\" selected>---<\/option><option value=\"Installations \u00e9lectriques\">Installations \u00e9lectriques<\/option><option value=\"Appareils de levage, terrassement\">Appareils de levage, terrassement<\/option><option value=\"Rayonnages m\u00e9talliques\">Rayonnages m\u00e9talliques<\/option><option value=\"EPI (harnais, longes, connecteurs...)\">EPI (harnais, longes, connecteurs...)<\/option><option value=\"Lignes de vie\">Lignes de vie<\/option><option value=\"Portes \/ portails automatiques\">Portes \/ portails automatiques<\/option><option value=\"Equipements sportifs\">Equipements sportifs<\/option><\/select><\/div><\/label>\n\n<label> Choisir une date de rappel (*):\n    <div class=\"form-group date-343\"><input class=\"wpcf7-form-control wpcf7-date wpcf7-validates-as-date form-control\" name=\"date-343\" type=\"date\" value=\"\" min=\"\" max=\"\" step=\"\" aria-invalid=\"false\"><\/div><\/label>\n\n(*) Saisie obligatoire\n\n<hr>\n\n<span><div class=\"form-group wpcf7-form-control wpcf7-acceptance acceptance-279\"><div class=\"checkbox wpcf7-form-control wpcf7-acceptance acceptance-279\"><label ><input name=\"acceptance-279\" type=\"checkbox\" value=\"1\" checked aria-invalid=\"false\"><\/label><\/div><\/div> Vous consentez, par cette case coch\u00e9e, au traitement de vos donn\u00e9es avec les finalit\u00e9s de r\u00e9pondre \u00e0 votre demande.<\/span>\n\n<span><div class=\"form-group wpcf7-form-control wpcf7-acceptance acceptance-415\"><div class=\"checkbox wpcf7-form-control wpcf7-acceptance acceptance-415\"><label ><input name=\"acceptance-415\" type=\"checkbox\" value=\"1\" checked aria-invalid=\"false\"><\/label><\/div><\/div> Vous consentez, par cette case coch\u00e9e, \u00e0 la r\u00e9ception des communications commerciales et de courtoisie li\u00e9es \u00e0 notre entit\u00e9 par t\u00e9l\u00e9phone, par courrier postal ordinaire, par fax, e-mail ou m\u00e9dias \u00e9lectronique \u00e9quivalente.<\/span>\n\n<span class=\"wpcf7-form-control-wrap kc_captcha\" data-name=\"kc_captcha\"><span class=\"wpcf7-form-control wpcf7-radio\"><span class=\"captcha-image\" ><span class=\"cf7ic_instructions\">Veuillez prouver que vous \u00eates humain en s\u00e9lectionnant<span> le camion<\/span>.<\/span><label><input aria-label=\"1\" type=\"radio\" name=\"kc_captcha\" value=\"bot\" \/><svg aria-hidden=\"true\" role=\"img\" xmlns=\"http:\/\/www.w3.org\/2000\/svg\" viewBox=\"0 0 576 512\"><path fill=\"currentColor\" d=\"M415 24c-53 0-103 42-127 65-24-23-74-65-127-65C70 24 16 77 16 166c0 72 67 133 69 135l187 181c9 8 23 8 32 0l187-180c2-3 69-64 69-136 0-89-54-142-145-142z\"\/><\/svg><\/label><label><input aria-label=\"2\" type=\"radio\" name=\"kc_captcha\" value=\"bot\" \/><svg aria-hidden=\"true\" role=\"img\" xmlns=\"http:\/\/www.w3.org\/2000\/svg\" viewBox=\"0 0 512 512\"><path fill=\"currentColor\" d=\"M500 168h-55l-8-21a127 127 0 00-120-83H195a127 127 0 00-120 83l-8 21H12c-8 0-14 8-11 16l8 24a12 12 0 0011 8h29a64 64 0 00-33 56v48c0 16 6 31 16 42v62c0 13 11 24 24 24h48c13 0 24-11 24-24v-40h256v40c0 13 11 24 24 24h48c13 0 24-11 24-24v-62c10-11 16-26 16-42v-48c0-24-13-45-33-56h29a12 12 0 0011-8l8-24c3-8-3-16-11-16zm-365 2c9-25 33-42 60-42h122c27 0 51 17 60 42l15 38H120l15-38zM88 328a32 32 0 010-64c18 0 48 30 48 48s-30 16-48 16zm336 0c-18 0-48 2-48-16s30-48 48-48 32 14 32 32-14 32-32 32z\"\/><\/svg><\/label><label><input aria-label=\"3\" type=\"radio\" name=\"kc_captcha\" value=\"kc_human\" \/><svg aria-hidden=\"true\" role=\"img\" xmlns=\"http:\/\/www.w3.org\/2000\/svg\" viewBox=\"0 0 640 512\"><path fill=\"currentColor\" d=\"M624 352h-16V244c0-13-5-25-14-34L494 110c-9-9-21-14-34-14h-44V48c0-26-21-48-48-48H48C22 0 0 22 0 48v320c0 27 22 48 48 48h16a96 96 0 00192 0h128a96 96 0 00192 0h48c9 0 16-7 16-16v-32c0-9-7-16-16-16zM160 464a48 48 0 110-96 48 48 0 010 96zm320 0a48 48 0 110-96 48 48 0 010 96zm80-208H416V144h44l100 100v12z\"\/><\/svg><\/label>\r\n    <\/span>\r\n    <span style=\"display:none\">\r\n        <input type=\"text\" name=\"kc_honeypot\">\r\n    <\/span><\/span><\/span>\n\n<div class=\"form-group\"><div><input class=\"wpcf7-form-control wpcf7-submit btn btn-primary\" type=\"submit\" value=\"Envoyer\"><\/div><\/div><div class=\"wpcf7-response-output alert alert-warning\"><\/div>\n<\/form>\n<\/div>\n\n<\/div><\/div><\/div>\n","protected":false},"excerpt":{"rendered":"","protected":false},"author":1,"featured_media":0,"parent":296,"menu_order":0,"comment_status":"closed","ping_status":"closed","template":"left-sidebar.php","meta":{"footnotes":""},"class_list":["post-5353","page","type-page","status-publish","hentry"],"yoast_head":"<!-- This site is optimized with the Yoast SEO plugin v27.3 - https:\/\/yoast.com\/product\/yoast-seo-wordpress\/ -->\n<title>Contr\u00f4les des rayonnages m\u00e9talliques RACKS - PROCONTROL - Bureau de Contr\u00f4le V\u00e9rificaton \u00e9lectrique Levage Formation CACES\u00ae Formation habilitation \u00e9lectrique AIPR \u00e9lectricit\u00e9 SST Sauveteur secouriste du travail SST habilitation m\u00e9canique IRVE<\/title>\n<meta name=\"description\" content=\"Le Code du travail impose que les \u00e9quipements de travail soient utilis\u00e9s et maintenus en \u00e9tat de mani\u00e8re \u00e0 pr\u00e9server la sant\u00e9 des travailleurs selon l\u2019Article L4321-1 du Code du travail. Les rayonnages m\u00e9talliques (palettiers ou racks de stockage) sont concern\u00e9s par cette obligation.Les v\u00e9rifications sont r\u00e9alis\u00e9s sur des installations en exploitation ne n\u00e9cessitant pas le d\u00e9chargement des structures. Ces v\u00e9rifications doivent \u00eatre renouvel\u00e9s \u00e0 des intervalles de 12 mois maximum suivant la Norme NF EN-15635 \u2013 Syst\u00e8mes de stockage en acier \u2013 Utilisation et maintenance de syst\u00e8me de stockage\u201d.\" \/>\n<meta name=\"robots\" content=\"index, follow, max-snippet:-1, max-image-preview:large, max-video-preview:-1\" \/>\n<link rel=\"canonical\" href=\"https:\/\/procontrol-fr.com\/fr\/inspections-reglementaires\/controles-des-rayonnages-metalliques-racks\/\" \/>\n<meta property=\"og:locale\" content=\"fr_FR\" \/>\n<meta property=\"og:type\" content=\"article\" \/>\n<meta property=\"og:title\" content=\"Contr\u00f4les des rayonnages m\u00e9talliques RACKS - PROCONTROL - Bureau de Contr\u00f4le V\u00e9rificaton \u00e9lectrique Levage Formation CACES\u00ae Formation habilitation \u00e9lectrique AIPR \u00e9lectricit\u00e9 SST Sauveteur secouriste du travail SST habilitation m\u00e9canique IRVE\" \/>\n<meta property=\"og:description\" content=\"Le Code du travail impose que les \u00e9quipements de travail soient utilis\u00e9s et maintenus en \u00e9tat de mani\u00e8re \u00e0 pr\u00e9server la sant\u00e9 des travailleurs selon l\u2019Article L4321-1 du Code du travail. Les rayonnages m\u00e9talliques (palettiers ou racks de stockage) sont concern\u00e9s par cette obligation.Les v\u00e9rifications sont r\u00e9alis\u00e9s sur des installations en exploitation ne n\u00e9cessitant pas le d\u00e9chargement des structures. Ces v\u00e9rifications doivent \u00eatre renouvel\u00e9s \u00e0 des intervalles de 12 mois maximum suivant la Norme NF EN-15635 \u2013 Syst\u00e8mes de stockage en acier \u2013 Utilisation et maintenance de syst\u00e8me de stockage\u201d.\" \/>\n<meta property=\"og:url\" content=\"https:\/\/procontrol-fr.com\/fr\/inspections-reglementaires\/controles-des-rayonnages-metalliques-racks\/\" \/>\n<meta property=\"og:site_name\" content=\"PROCONTROL - Bureau de Contr\u00f4le V\u00e9rificaton \u00e9lectrique Levage Formation CACES\u00ae Formation habilitation \u00e9lectrique AIPR \u00e9lectricit\u00e9 SST Sauveteur secouriste du travail SST habilitation m\u00e9canique IRVE\" \/>\n<meta property=\"article:modified_time\" content=\"2024-04-28T09:05:17+00:00\" \/>\n<meta name=\"twitter:card\" content=\"summary_large_image\" \/>\n<meta name=\"twitter:site\" content=\"@PROCONTROL_FR\" \/>\n<meta name=\"twitter:label1\" content=\"Dur\u00e9e de lecture estim\u00e9e\" \/>\n\t<meta name=\"twitter:data1\" content=\"1 minute\" \/>\n<script type=\"application\/ld+json\" class=\"yoast-schema-graph\">{\"@context\":\"https:\\\/\\\/schema.org\",\"@graph\":[{\"@type\":\"WebPage\",\"@id\":\"https:\\\/\\\/procontrol-fr.com\\\/fr\\\/inspections-reglementaires\\\/controles-des-rayonnages-metalliques-racks\\\/\",\"url\":\"https:\\\/\\\/procontrol-fr.com\\\/fr\\\/inspections-reglementaires\\\/controles-des-rayonnages-metalliques-racks\\\/\",\"name\":\"Contr\u00f4les des rayonnages m\u00e9talliques RACKS - PROCONTROL - Bureau de Contr\u00f4le V\u00e9rificaton \u00e9lectrique Levage Formation CACES\u00ae Formation habilitation \u00e9lectrique AIPR \u00e9lectricit\u00e9 SST Sauveteur secouriste du travail SST habilitation m\u00e9canique IRVE\",\"isPartOf\":{\"@id\":\"https:\\\/\\\/procontrol-fr.com\\\/fr\\\/#website\"},\"datePublished\":\"2023-04-22T15:23:55+00:00\",\"dateModified\":\"2024-04-28T09:05:17+00:00\",\"description\":\"Le Code du travail impose que les \u00e9quipements de travail soient utilis\u00e9s et maintenus en \u00e9tat de mani\u00e8re \u00e0 pr\u00e9server la sant\u00e9 des travailleurs selon l\u2019Article L4321-1 du Code du travail. Les rayonnages m\u00e9talliques (palettiers ou racks de stockage) sont concern\u00e9s par cette obligation.Les v\u00e9rifications sont r\u00e9alis\u00e9s sur des installations en exploitation ne n\u00e9cessitant pas le d\u00e9chargement des structures. Ces v\u00e9rifications doivent \u00eatre renouvel\u00e9s \u00e0 des intervalles de 12 mois maximum suivant la Norme NF EN-15635 \u2013 Syst\u00e8mes de stockage en acier \u2013 Utilisation et maintenance de syst\u00e8me de stockage\u201d.\",\"breadcrumb\":{\"@id\":\"https:\\\/\\\/procontrol-fr.com\\\/fr\\\/inspections-reglementaires\\\/controles-des-rayonnages-metalliques-racks\\\/#breadcrumb\"},\"inLanguage\":\"fr-FR\",\"potentialAction\":[{\"@type\":\"ReadAction\",\"target\":[\"https:\\\/\\\/procontrol-fr.com\\\/fr\\\/inspections-reglementaires\\\/controles-des-rayonnages-metalliques-racks\\\/\"]}]},{\"@type\":\"BreadcrumbList\",\"@id\":\"https:\\\/\\\/procontrol-fr.com\\\/fr\\\/inspections-reglementaires\\\/controles-des-rayonnages-metalliques-racks\\\/#breadcrumb\",\"itemListElement\":[{\"@type\":\"ListItem\",\"position\":1,\"name\":\"Accueil\",\"item\":\"https:\\\/\\\/procontrol-fr.com\\\/fr\\\/\"},{\"@type\":\"ListItem\",\"position\":2,\"name\":\"VERIFICATIONS REGLEMENTAIRES\",\"item\":\"https:\\\/\\\/procontrol-fr.com\\\/fr\\\/inspections-reglementaires\\\/\"},{\"@type\":\"ListItem\",\"position\":3,\"name\":\"Contr\u00f4les des rayonnages m\u00e9talliques RACKS\"}]},{\"@type\":\"WebSite\",\"@id\":\"https:\\\/\\\/procontrol-fr.com\\\/fr\\\/#website\",\"url\":\"https:\\\/\\\/procontrol-fr.com\\\/fr\\\/\",\"name\":\"PROCONTROL - Bureau de Contr\u00f4le, V\u00e9rification \u00e9lectrique, Levage, Formation CACES\u00ae, habilitation \u00e9lectrique, AIPR,...\",\"description\":\"\",\"publisher\":{\"@id\":\"https:\\\/\\\/procontrol-fr.com\\\/fr\\\/#organization\"},\"potentialAction\":[{\"@type\":\"SearchAction\",\"target\":{\"@type\":\"EntryPoint\",\"urlTemplate\":\"https:\\\/\\\/procontrol-fr.com\\\/fr\\\/?s={search_term_string}\"},\"query-input\":{\"@type\":\"PropertyValueSpecification\",\"valueRequired\":true,\"valueName\":\"search_term_string\"}}],\"inLanguage\":\"fr-FR\"},{\"@type\":\"Organization\",\"@id\":\"https:\\\/\\\/procontrol-fr.com\\\/fr\\\/#organization\",\"name\":\"PROCONTROL\",\"url\":\"https:\\\/\\\/procontrol-fr.com\\\/fr\\\/\",\"logo\":{\"@type\":\"ImageObject\",\"inLanguage\":\"fr-FR\",\"@id\":\"https:\\\/\\\/procontrol-fr.com\\\/fr\\\/#\\\/schema\\\/logo\\\/image\\\/\",\"url\":\"https:\\\/\\\/procontrol-fr.com\\\/fr\\\/wp-content\\\/uploads\\\/2016\\\/06\\\/LogoProcontrol.jpg\",\"contentUrl\":\"https:\\\/\\\/procontrol-fr.com\\\/fr\\\/wp-content\\\/uploads\\\/2016\\\/06\\\/LogoProcontrol.jpg\",\"width\":350,\"height\":100,\"caption\":\"PROCONTROL\"},\"image\":{\"@id\":\"https:\\\/\\\/procontrol-fr.com\\\/fr\\\/#\\\/schema\\\/logo\\\/image\\\/\"},\"sameAs\":[\"https:\\\/\\\/x.com\\\/PROCONTROL_FR\"]}]}<\/script>\n<!-- \/ Yoast SEO plugin. -->","yoast_head_json":{"title":"Contr\u00f4les des rayonnages m\u00e9talliques RACKS - PROCONTROL - Bureau de Contr\u00f4le V\u00e9rificaton \u00e9lectrique Levage Formation CACES\u00ae Formation habilitation \u00e9lectrique AIPR \u00e9lectricit\u00e9 SST Sauveteur secouriste du travail SST habilitation m\u00e9canique IRVE","description":"Le Code du travail impose que les \u00e9quipements de travail soient utilis\u00e9s et maintenus en \u00e9tat de mani\u00e8re \u00e0 pr\u00e9server la sant\u00e9 des travailleurs selon l\u2019Article L4321-1 du Code du travail. Les rayonnages m\u00e9talliques (palettiers ou racks de stockage) sont concern\u00e9s par cette obligation.Les v\u00e9rifications sont r\u00e9alis\u00e9s sur des installations en exploitation ne n\u00e9cessitant pas le d\u00e9chargement des structures. Ces v\u00e9rifications doivent \u00eatre renouvel\u00e9s \u00e0 des intervalles de 12 mois maximum suivant la Norme NF EN-15635 \u2013 Syst\u00e8mes de stockage en acier \u2013 Utilisation et maintenance de syst\u00e8me de stockage\u201d.","robots":{"index":"index","follow":"follow","max-snippet":"max-snippet:-1","max-image-preview":"max-image-preview:large","max-video-preview":"max-video-preview:-1"},"canonical":"https:\/\/procontrol-fr.com\/fr\/inspections-reglementaires\/controles-des-rayonnages-metalliques-racks\/","og_locale":"fr_FR","og_type":"article","og_title":"Contr\u00f4les des rayonnages m\u00e9talliques RACKS - PROCONTROL - Bureau de Contr\u00f4le V\u00e9rificaton \u00e9lectrique Levage Formation CACES\u00ae Formation habilitation \u00e9lectrique AIPR \u00e9lectricit\u00e9 SST Sauveteur secouriste du travail SST habilitation m\u00e9canique IRVE","og_description":"Le Code du travail impose que les \u00e9quipements de travail soient utilis\u00e9s et maintenus en \u00e9tat de mani\u00e8re \u00e0 pr\u00e9server la sant\u00e9 des travailleurs selon l\u2019Article L4321-1 du Code du travail. Les rayonnages m\u00e9talliques (palettiers ou racks de stockage) sont concern\u00e9s par cette obligation.Les v\u00e9rifications sont r\u00e9alis\u00e9s sur des installations en exploitation ne n\u00e9cessitant pas le d\u00e9chargement des structures. Ces v\u00e9rifications doivent \u00eatre renouvel\u00e9s \u00e0 des intervalles de 12 mois maximum suivant la Norme NF EN-15635 \u2013 Syst\u00e8mes de stockage en acier \u2013 Utilisation et maintenance de syst\u00e8me de stockage\u201d.","og_url":"https:\/\/procontrol-fr.com\/fr\/inspections-reglementaires\/controles-des-rayonnages-metalliques-racks\/","og_site_name":"PROCONTROL - Bureau de Contr\u00f4le V\u00e9rificaton \u00e9lectrique Levage Formation CACES\u00ae Formation habilitation \u00e9lectrique AIPR \u00e9lectricit\u00e9 SST Sauveteur secouriste du travail SST habilitation m\u00e9canique IRVE","article_modified_time":"2024-04-28T09:05:17+00:00","twitter_card":"summary_large_image","twitter_site":"@PROCONTROL_FR","twitter_misc":{"Dur\u00e9e de lecture estim\u00e9e":"1 minute"},"schema":{"@context":"https:\/\/schema.org","@graph":[{"@type":"WebPage","@id":"https:\/\/procontrol-fr.com\/fr\/inspections-reglementaires\/controles-des-rayonnages-metalliques-racks\/","url":"https:\/\/procontrol-fr.com\/fr\/inspections-reglementaires\/controles-des-rayonnages-metalliques-racks\/","name":"Contr\u00f4les des rayonnages m\u00e9talliques RACKS - PROCONTROL - Bureau de Contr\u00f4le V\u00e9rificaton \u00e9lectrique Levage Formation CACES\u00ae Formation habilitation \u00e9lectrique AIPR \u00e9lectricit\u00e9 SST Sauveteur secouriste du travail SST habilitation m\u00e9canique IRVE","isPartOf":{"@id":"https:\/\/procontrol-fr.com\/fr\/#website"},"datePublished":"2023-04-22T15:23:55+00:00","dateModified":"2024-04-28T09:05:17+00:00","description":"Le Code du travail impose que les \u00e9quipements de travail soient utilis\u00e9s et maintenus en \u00e9tat de mani\u00e8re \u00e0 pr\u00e9server la sant\u00e9 des travailleurs selon l\u2019Article L4321-1 du Code du travail. Les rayonnages m\u00e9talliques (palettiers ou racks de stockage) sont concern\u00e9s par cette obligation.Les v\u00e9rifications sont r\u00e9alis\u00e9s sur des installations en exploitation ne n\u00e9cessitant pas le d\u00e9chargement des structures. Ces v\u00e9rifications doivent \u00eatre renouvel\u00e9s \u00e0 des intervalles de 12 mois maximum suivant la Norme NF EN-15635 \u2013 Syst\u00e8mes de stockage en acier \u2013 Utilisation et maintenance de syst\u00e8me de stockage\u201d.","breadcrumb":{"@id":"https:\/\/procontrol-fr.com\/fr\/inspections-reglementaires\/controles-des-rayonnages-metalliques-racks\/#breadcrumb"},"inLanguage":"fr-FR","potentialAction":[{"@type":"ReadAction","target":["https:\/\/procontrol-fr.com\/fr\/inspections-reglementaires\/controles-des-rayonnages-metalliques-racks\/"]}]},{"@type":"BreadcrumbList","@id":"https:\/\/procontrol-fr.com\/fr\/inspections-reglementaires\/controles-des-rayonnages-metalliques-racks\/#breadcrumb","itemListElement":[{"@type":"ListItem","position":1,"name":"Accueil","item":"https:\/\/procontrol-fr.com\/fr\/"},{"@type":"ListItem","position":2,"name":"VERIFICATIONS REGLEMENTAIRES","item":"https:\/\/procontrol-fr.com\/fr\/inspections-reglementaires\/"},{"@type":"ListItem","position":3,"name":"Contr\u00f4les des rayonnages m\u00e9talliques RACKS"}]},{"@type":"WebSite","@id":"https:\/\/procontrol-fr.com\/fr\/#website","url":"https:\/\/procontrol-fr.com\/fr\/","name":"PROCONTROL - Bureau de Contr\u00f4le, V\u00e9rification \u00e9lectrique, Levage, Formation CACES\u00ae, habilitation \u00e9lectrique, AIPR,...","description":"","publisher":{"@id":"https:\/\/procontrol-fr.com\/fr\/#organization"},"potentialAction":[{"@type":"SearchAction","target":{"@type":"EntryPoint","urlTemplate":"https:\/\/procontrol-fr.com\/fr\/?s={search_term_string}"},"query-input":{"@type":"PropertyValueSpecification","valueRequired":true,"valueName":"search_term_string"}}],"inLanguage":"fr-FR"},{"@type":"Organization","@id":"https:\/\/procontrol-fr.com\/fr\/#organization","name":"PROCONTROL","url":"https:\/\/procontrol-fr.com\/fr\/","logo":{"@type":"ImageObject","inLanguage":"fr-FR","@id":"https:\/\/procontrol-fr.com\/fr\/#\/schema\/logo\/image\/","url":"https:\/\/procontrol-fr.com\/fr\/wp-content\/uploads\/2016\/06\/LogoProcontrol.jpg","contentUrl":"https:\/\/procontrol-fr.com\/fr\/wp-content\/uploads\/2016\/06\/LogoProcontrol.jpg","width":350,"height":100,"caption":"PROCONTROL"},"image":{"@id":"https:\/\/procontrol-fr.com\/fr\/#\/schema\/logo\/image\/"},"sameAs":["https:\/\/x.com\/PROCONTROL_FR"]}]}},"_links":{"self":[{"href":"https:\/\/procontrol-fr.com\/fr\/wp-json\/wp\/v2\/pages\/5353","targetHints":{"allow":["GET"]}}],"collection":[{"href":"https:\/\/procontrol-fr.com\/fr\/wp-json\/wp\/v2\/pages"}],"about":[{"href":"https:\/\/procontrol-fr.com\/fr\/wp-json\/wp\/v2\/types\/page"}],"author":[{"embeddable":true,"href":"https:\/\/procontrol-fr.com\/fr\/wp-json\/wp\/v2\/users\/1"}],"replies":[{"embeddable":true,"href":"https:\/\/procontrol-fr.com\/fr\/wp-json\/wp\/v2\/comments?post=5353"}],"version-history":[{"count":2,"href":"https:\/\/procontrol-fr.com\/fr\/wp-json\/wp\/v2\/pages\/5353\/revisions"}],"predecessor-version":[{"id":5355,"href":"https:\/\/procontrol-fr.com\/fr\/wp-json\/wp\/v2\/pages\/5353\/revisions\/5355"}],"up":[{"embeddable":true,"href":"https:\/\/procontrol-fr.com\/fr\/wp-json\/wp\/v2\/pages\/296"}],"wp:attachment":[{"href":"https:\/\/procontrol-fr.com\/fr\/wp-json\/wp\/v2\/media?parent=5353"}],"curies":[{"name":"wp","href":"https:\/\/api.w.org\/{rel}","templated":true}]}}