{"id":5563,"date":"2024-04-07T10:16:56","date_gmt":"2024-04-07T09:16:56","guid":{"rendered":"https:\/\/procontrol-fr.com\/fr\/?page_id=5563"},"modified":"2024-04-28T10:32:24","modified_gmt":"2024-04-28T09:32:24","slug":"habilitation_g","status":"publish","type":"page","link":"https:\/\/procontrol-fr.com\/fr\/nos-formations\/habilitation_g\/","title":{"rendered":"Formation et pr\u00e9paration \u00e0 l&rsquo;habilitation G"},"content":{"rendered":"\n<p class=\"has-text-align-center has-black-color has-luminous-vivid-amber-background-color has-text-color has-background\">La <strong>formation et pr\u00e9paration \u00e0 l&rsquo;habilitation<\/strong> <strong>G<\/strong>, c\u2019est un parcours p\u00e9dagogique <strong>100 % \u00e0 distance<\/strong> !<\/p>\n\n\n\n<p class=\"has-text-align-center has-text-color has-background\" style=\"color:#ffffff;background-color:#1874c1\">Cette formation vous pr\u00e9pare \u00e0<strong> l&rsquo;habilitation G<\/strong>,<br>elle est simple, rapide, sans contrainte de temps, ni de lieu et elle est peu co\u00fbteuse.<\/p>\n\n\n\n<div class=\"rtbs  rtbs_hab-g\"><div class=\"rtbs_slug\" style=\"display:none\">hab-g<\/div><div class=\"rtbs_inactive_tab_background\" style=\"display:none\">transparent<\/div><div class=\"rtbs_breakpoint\" style=\"display:none\">600<\/div><div class=\"rtbs_color\" style=\"display:none\">#1874c1<\/div>\r\n        <div class=\"rtbs_menu\">\r\n            <ul>\r\n                <li class=\"mobile_toggle\">&zwnj;<\/li><li class=\"current\"><a style=\"background:#1874c1\" class=\"active hab-g-tab-link-0\" href=\"#\" data-tab=\"#hab-g-tab-0\">Objectifs<\/a><\/li><li><a href=\"#\" data-tab=\"#hab-g-tab-1\" class=\"hab-g-tab-link-1\">Public et pr\u00e9requis<\/a><\/li><li><a href=\"#\" data-tab=\"#hab-g-tab-2\" class=\"hab-g-tab-link-2\">Contenu<\/a><\/li><li><a href=\"#\" data-tab=\"#hab-g-tab-3\" class=\"hab-g-tab-link-3\">Evaluations<\/a><\/li><li><a href=\"#\" data-tab=\"#hab-g-tab-4\" class=\"hab-g-tab-link-4\">Dur\u00e9e et assistance<\/a><\/li>\r\n            <\/ul>\r\n        <\/div><div style=\"border-top:7px solid #1874c1;\" id=\"hab-g-tab-0\" class=\"rtbs_content active\"><div class=\"dmb_field dmb_tab_content\">\n<p><div class=\"su-service\"><div class=\"su-service-title\" style=\"padding-left:44px;min-height:30px;line-height:30px\"><i class=\"sui sui-compass\" style=\"font-size:30px;color:#000000\"><\/i> Objectif<\/div><div class=\"su-service-content su-u-clearfix su-u-trim\" style=\"padding-left:44px\"><\/p>\n<p>Conna\u00eetre et d\u2019\u00eatre en mesure de respecter les prescriptions g\u00e9n\u00e9rales de s\u00e9curit\u00e9 issues du recueil de prescriptions au personnel et des r\u00e8gles vitales appliqu\u00e9es \u00e0 la Division Production Ing\u00e9nierie Hydraulique (DPIH).<\/div><\/div><\/p>\n<p>\u00a0<\/p>\n<p>Mise \u00e0 jour : 07 04 2024<\/p>\n<\/div>\n<div style=\"margin-top:30px; clear:both;\"><\/div><\/div><div style=\"border-top:7px solid #1874c1;\" id=\"hab-g-tab-1\" class=\"rtbs_content\"><p><div class=\"su-service\"><div class=\"su-service-title\" style=\"padding-left:38px;min-height:24px;line-height:24px\"><i class=\"sui sui-users\" style=\"font-size:24px;color:#333\"><\/i> Publics et pr\u00e9requis<\/div><div class=\"su-service-content su-u-clearfix su-u-trim\" style=\"padding-left:38px\"><\/p>\n<ul>\n<li>Tout personnel intervenant\u00a0sur un site EDF de la Division Production Ing\u00e9nierie Hydraulique (DPIH), <strong><i>hors personnel soumis aux habilitations \u00e9lectriques ou m\u00e9caniques<\/i><\/strong>.<\/li>\n<li>Aucun pr\u00e9requis.<\/li>\n<\/ul>\n<p><\/div><\/div><\/p>\n<div style=\"margin-top:30px; clear:both;\"><\/div><\/div><div style=\"border-top:7px solid #1874c1;\" id=\"hab-g-tab-2\" class=\"rtbs_content\"><div class=\"dmb_field dmb_tab_content\">\n<p><div class=\"su-service\"><div class=\"su-service-title\" style=\"padding-left:44px;min-height:30px;line-height:30px\"><i class=\"sui sui-folder-open\" style=\"font-size:30px;color:#000000\"><\/i> Programme<\/div><div class=\"su-service-content su-u-clearfix su-u-trim\" style=\"padding-left:44px\"><\/div><\/div> Un parcours de formation sur \u00e9tag\u00e8re interactif et sonoris\u00e9 avec des \u00e9valuations. Tout au long du parcours, le stagiaire est amen\u00e9 \u00e0 r\u00e9pondre \u00e0 des questions, \u00e0 faire des QCM). <strong>Formation 100 % \u00e0 distance.<br \/><\/strong><\/p>\n<div class=\"panel-body\">\n<ol>\n<li>Pr\u00e9ambule.<\/li>\n<li>La pr\u00e9paration.<\/li>\n<li>Les \u00e9quipements de protection.<\/li>\n<li>Les habilitations.<\/li>\n<li>L\u2019analyse des risques.<\/li>\n<li>Le rangement et le nettoyage en fin d'intervention.<\/li>\n<li>Les diff\u00e9rents risques\u00a0:<br \/>- Les risques de manutention et de levage,<br \/>- Les risques li\u00e9s aux sources d'\u00e9nergie,<br \/>- Les risques chimiques,<br \/>- L'incendie et les proc\u00e9dures d'urgence,<br \/>- Les chutes de hauteur,<br \/>- Les chutes de plain-pied,<br \/>- La circulation sur site et le risque routier,<br \/>- Le risque de noyade.<\/li>\n<\/ol>\n<\/div>\n<p><strong>+ plusieurs questions<\/strong> pour valider vos acquis<\/p>\n<dl>\n<dt>Les exercices sont disponible avec plusieurs types de r\u00e9ponses :<\/dt>\n<\/dl>\n<ul>\n<li>Choix multiple (R\u00e9ponse unique)<\/li>\n<li>Choix multiple (R\u00e9ponse multiples)<\/li>\n<li>Vrai\/Faux<\/li>\n<\/ul>\n<\/div>\n<div style=\"margin-top:30px; clear:both;\"><\/div><\/div><div style=\"border-top:7px solid #1874c1;\" id=\"hab-g-tab-3\" class=\"rtbs_content\"><div class=\"dmb_field dmb_tab_content\">\n<p><div class=\"su-service\"><div class=\"su-service-title\" style=\"padding-left:44px;min-height:30px;line-height:30px\"><i class=\"sui sui-graduation-cap\" style=\"font-size:30px;color:#000000\"><\/i> Validation<\/div><div class=\"su-service-content su-u-clearfix su-u-trim\" style=\"padding-left:44px\"><\/p>\n<ul>\n<li>\u00ad\u00a0Les \u00e9valuations des acquis de la formation sont r\u00e9alis\u00e9es \u00e0 la fin de la formation sur la base de QCM.<\/li>\n<li>\u00ad\u00a0Une attestation de formation et un certificat de r\u00e9alisation seront remis \u00e0 la fin du stage.<\/li>\n<\/ul>\n<p><\/div><\/div><\/p>\n<p><div class=\"su-service\"><div class=\"su-service-title\" style=\"padding-left:44px;min-height:30px;line-height:30px\"><i class=\"sui sui-line-chart\" style=\"font-size:30px;color:#000000\"><\/i> Taux de r\u00e9ussite<\/div><div class=\"su-service-content su-u-clearfix su-u-trim\" style=\"padding-left:44px\">100 %<\/div><\/div><\/p>\n<p><div class=\"su-service\"><div class=\"su-service-title\" style=\"padding-left:44px;min-height:30px;line-height:30px\"><i class=\"sui sui-bar-chart-o\" style=\"font-size:30px;color:#000000\"><\/i> Taux de satisfaction<\/div><div class=\"su-service-content su-u-clearfix su-u-trim\" style=\"padding-left:44px\">71 %<\/div><\/div><\/p>\n<\/div>\n<div style=\"margin-top:30px; clear:both;\"><\/div><\/div><div style=\"border-top:7px solid #1874c1;\" id=\"hab-g-tab-4\" class=\"rtbs_content\"><div class=\"dmb_field dmb_tab_content\">\n<ul>\n<li><strong>Dur\u00e9e estimative :<\/strong><\/li>\n<\/ul>\n<p style=\"padding-left: 40px\">30 minutes.<\/p>\n<\/div>\n<div class=\"dmb_field dmb_tab_content\">\n<ul>\n<li><b><i>Moyens techniques et humains <\/i><\/b><i>: <\/i><\/li>\n<\/ul>\n<p style=\"padding-left: 40px\">Le logiciel \u00ab\u00a0LMS\u00a0\u00bb utilis\u00e9 est Chamilo. Il permet le contr\u00f4le d\u2019assiduit\u00e9 et le suivi. Un tuteur assistera les apprenants durant la formation. L\u2019apprenant peut \u00e0 tout moment communiquer avec son tuteur de mani\u00e8re asynchrone via l\u2019outil de messagerie de la plateforme LMS (d\u00e9lai moyen de 48 heures hors samedi, dimanche et jours f\u00e9ri\u00e9s).<\/p>\n<ul>\n<li><b><i>Assiduit\u00e9 : <\/i><\/b><\/li>\n<\/ul>\n<p style=\"padding-left: 40px\">Chaque apprenant est contr\u00f4l\u00e9 par rapport \u00e0 son assiduit\u00e9.<\/p>\n<ul>\n<li><b><i>\u00c9valuation : <\/i><\/b><\/li>\n<\/ul>\n<p style=\"padding-left: 40px\">Des tests \/ quiz sont pr\u00e9vus au cours de la formation pour une meilleure assimilation. Le test final d\u2019\u00e9valuation des nouvelles connaissances est la derni\u00e8re \u00e9tape de chaque formation. La r\u00e9alisation de tests, quiz demande entre 2 et 10 minutes.<\/p>\n<ul>\n<li><b><i>L\u2019acc\u00e8s \u00e0 la plateforme : <\/i><\/b><\/li>\n<\/ul>\n<p style=\"padding-left: 40px\">La consultation est libre et s'effectue en fonction de son rythme (<i>dans la limite de <\/i><b><i>15 jours <\/i><\/b><i>maximum d\u00e9clench\u00e9e lors de votre inscription<\/i>).<\/p>\n<p>\u00a0<\/p>\n<\/div>\n<div style=\"margin-top:30px; clear:both;\"><\/div><\/div>\r\n    <\/div>\r\n    \n\n\n<div class=\"su-tabs su-tabs-style-default su-tabs-mobile-stack\" data-active=\"1\" data-scroll-offset=\"0\" data-anchor-in-url=\"no\"><div class=\"su-tabs-nav\"><span class=\"\" data-url=\"\" data-target=\"blank\" tabindex=\"0\" role=\"button\">Contactez-nous<\/span><span class=\"\" data-url=\"\" data-target=\"blank\" tabindex=\"0\" role=\"button\">Prochaines sessions<\/span><span class=\"\" data-url=\"\" data-target=\"blank\" tabindex=\"0\" role=\"button\">Tarifs<\/span><span class=\"\" data-url=\"\" data-target=\"blank\" tabindex=\"0\" role=\"button\">Accessibilit\u00e9<\/span><\/div><div class=\"su-tabs-panes\"><div class=\"su-tabs-pane su-u-clearfix su-u-trim\" data-title=\"Contactez-nous\">\n<ul class=\"contact_info\">\n<li>un devis ?<\/li>\n<li>une information ?<\/li>\n<li>une inscription ?<\/li>\n<\/ul>\n<div class=\"su-service\"><div class=\"su-service-title\" style=\"padding-left:36px;min-height:22px;line-height:22px\"><i class=\"sui sui-phone-square\" style=\"font-size:22px;color:#333\"><\/i> 05 31 61 50 06<\/div><div class=\"su-service-content su-u-clearfix su-u-trim\" style=\"padding-left:36px\"><\/div><\/div><\/div>\n<div class=\"su-tabs-pane su-u-clearfix su-u-trim\" data-title=\"Prochaines sessions\">\n<p>Entr\u00e9e et sortie permanente <a href=\"https:\/\/chamilo1.procontrol.biz\/index.php\" class=\"su-button su-button-style-flat\" style=\"color:#ffffff;background-color:#2D89EF;border-color:#246ec0;border-radius:6px\" target=\"_self\"><span style=\"color:#ffffff;padding:0px 20px;font-size:16px;line-height:32px;border-color:#6cadf4;border-radius:6px;text-shadow:none\">  Campus Procontrol <\/span><\/a>\n<\/div>\n<div class=\"su-tabs-pane su-u-clearfix su-u-trim\" data-title=\"Tarifs\">\n<p>Co\u00fbt : 90 \u20ac H.T. (prix par stagiaire)<\/p>\n\n<p>Nos formations sont accessibles selon les modalit\u00e9s ci-dessous :<\/p>\n<p><strong><u>Les modalit\u00e9s de formation<\/u> :<\/strong><\/p>\n<ul>\n<li>En inter-entreprises, c\u2019est-\u00e0-dire en groupes de stagiaires provenant de diff\u00e9rentes entreprises<\/li>\n<li>En intra-entreprise, c\u2019est-\u00e0-dire en groupes de stagiaire de la m\u00eame entreprise<\/li>\n<li>En cours individuel<\/li>\n<\/ul>\n<p><strong><u>Les formations peuvent avoir lieu<\/u> :<\/strong><\/p>\n<ul>\n<li>En pr\u00e9sentiel dans notre centre de formation<\/li>\n<li>En pr\u00e9sentiel dans les locaux de votre entreprise<\/li>\n<li>En distanciel<\/li>\n<li>En mixte pr\u00e9sentiel \/ distanciel ou hybride: une partie des stagiaires suit la formation en pr\u00e9sentiel alors qu\u2019une l\u2019autre partie suit les cours en distanciel<\/li>\n<\/ul>\n<p><strong><u>Les modalit\u00e9s de financement de formation<\/u> : <\/strong><br \/>\nPlusieurs modes de financement vous permettent d\u2019acc\u00e9der \u00e0 nos formations en tant que salari\u00e9 via votre entreprise ou en tant que particulier (salari\u00e9, demandeur d\u2019emploi ou ind\u00e9pendant).<\/p>\n<p><strong>D\u00e9lais d\u2019acc\u00e8s en formation : Formation inter-entreprises<\/strong><\/p>\n<p>PROCONTROL publie <strong><span style=\"color: #1874c1;\">un calendrier regroupant l\u2019ensemble des sessions inter-entreprises ouvertes sur nos th\u00e9matiques de formation<\/span>, <\/strong><em>ce calendrier est actualis\u00e9 chaque jour. <\/em><\/p>\n<p>Nous nous engageons \u00e0 r\u00e9pondre \u00e0 vos demandes d\u2019informations et \u00e0 vous envoyer une offre de prestation <u>sous 48h<\/u> ouvr\u00e9es (hors jours f\u00e9ries et week-end).<\/p>\n<p>De votre c\u00f4t\u00e9, pour garantir une entr\u00e9e en formation \u00e0 la date fix\u00e9e, vous devrez vous assurer de nous faire parvenir l&rsquo;offre de prestation sign\u00e9, Les questionnaires de positionnement ou toute autre information administrative au plus t\u00f4t.<\/p>\n<p>Dans le cas o\u00f9 vous sollicitez un financement de la part de votre OPCO ou autre, assurez-vous des d\u00e9lais de traitement de vos demandes.<\/p>\n<p><strong>D\u00e9lais d\u2019acc\u00e8s en formation : Formation intra-entreprise<br \/>\n<\/strong><\/p>\n<p>PROCONTROL vous proposera des dates <strong>le plus t\u00f4t possible en fonction de vos disponibilit\u00e9s et de celles du formateur<\/strong> pressenti.<\/p>\n<p>Comme pour les formations inter-entreprises, pour pouvoir d\u00e9marrer la formation, <strong>votre rapidit\u00e9 de r\u00e9ponse sur toutes les questions administratives <\/strong>permettra d\u2019acc\u00e9l\u00e9rer le d\u00e9marrage de votre formation.<\/p>\n<p><strong>Cas particuliers<\/strong><\/p>\n<p><strong><u>CPF<\/u> :<\/strong> L\u2019ensemble des d\u00e9lais de traitement de dossier sont fix\u00e9s par la plateforme <a href=\"https:\/\/www.moncompteformation.gouv.fr\/espace-prive\/html\/#\/\" class=\"su-button su-button-style-flat\" style=\"color:#ffffff;background-color:#2D89EF;border-color:#246ec0;border-radius:6px\" target=\"_self\"><span style=\"color:#ffffff;padding:0px 20px;font-size:16px;line-height:32px;border-color:#6cadf4;border-radius:6px;text-shadow:none\">  MonCompteFormation <\/span><\/a>\n<p><span style=\"color: #ff6600;\"><strong>Attention : la plateforme impose un d\u00e9lai de 11 jours ouvr\u00e9s de r\u00e9flexion entre notre proposition et le d\u00e9but de la formation !<\/strong><\/span><\/p>\n<p>Si vous avez rep\u00e9r\u00e9 une formation qui vous int\u00e9resse, ne perdez pas de temps pour vous inscrire. N&rsquo;h\u00e9sitez pas \u00e0 nous contacter directement au 05 31 61 50 06 afin que nous acc\u00e9l\u00e9rions les d\u00e9marches.<\/p>\n<p>Vous \u00eates acteur de votre demande et seul d\u00e9cisionnaire, les d\u00e9lais de traitement sont donc tr\u00e8s rapides si une date de formation est d\u00e9j\u00e0 fix\u00e9e.<\/p>\n<p>Pour toute autre questions concernant les modalit\u00e9s ou les d\u00e9lais d&rsquo;acc\u00e8s \u00e0 nos formations, contactez-nous par t\u00e9l\u00e9phone <div class=\"su-service\"><div class=\"su-service-title\" style=\"padding-left:36px;min-height:22px;line-height:22px\"><i class=\"sui sui-phone-square\" style=\"font-size:22px;color:#333\"><\/i> 05 31 61 50 06<\/div><div class=\"su-service-content su-u-clearfix su-u-trim\" style=\"padding-left:36px\"><\/div><\/div> ou via le <a href=\"https:\/\/procontrol-fr.com\/fr\/procontrol\/contact\/\" class=\"su-button su-button-style-flat\" style=\"color:#ffffff;background-color:#2D89EF;border-color:#246ec0;border-radius:6px\" target=\"_self\"><span style=\"color:#ffffff;padding:0px 20px;font-size:16px;line-height:32px;border-color:#6cadf4;border-radius:6px;text-shadow:none\">  Formulaire contact <\/span><\/a>\n<\/div>\n<div class=\"su-tabs-pane su-u-clearfix su-u-trim\" data-title=\"Accessibilit\u00e9\">\n<p><strong>Formation accessible aux personnes en situation de handicap.<br \/>\n<\/strong>S\u00e9curisez votre parcours de formation en contactant notre r\u00e9f\u00e9rent handicap<\/p>\n<a href=\"https:\/\/procontrol-fr.com\/fr\/procontrol\/contact\/\" class=\"su-button su-button-style-flat\" style=\"color:#ffffff;background-color:#2D89EF;border-color:#246ec0;border-radius:5px\" target=\"_self\"><span style=\"color:#ffffff;padding:0px 20px;font-size:16px;line-height:32px;border-color:#6cadf4;border-radius:5px;text-shadow:none\">  Formulaire contact <\/span><\/a>\n<\/div><\/div><\/div>\n","protected":false},"excerpt":{"rendered":"<p>La formation et pr\u00e9paration \u00e0 l&rsquo;habilitation G, c\u2019est un parcours p\u00e9dagogique 100 % \u00e0 distance ! Cette formation vous pr\u00e9pare \u00e0 l&rsquo;habilitation G,elle est simple, rapide, sans contrainte de temps, ni de lieu et elle est peu co\u00fbteuse.<\/p>\n","protected":false},"author":1,"featured_media":0,"parent":302,"menu_order":0,"comment_status":"closed","ping_status":"closed","template":"left-sidebar.php","meta":{"footnotes":""},"class_list":["post-5563","page","type-page","status-publish","hentry"],"yoast_head":"<!-- This site is optimized with the Yoast SEO plugin v27.2 - https:\/\/yoast.com\/product\/yoast-seo-wordpress\/ -->\n<title>Formation et pr\u00e9paration \u00e0 l&#039;habilitation G - PROCONTROL - Bureau de Contr\u00f4le V\u00e9rificaton \u00e9lectrique Levage Formation CACES\u00ae Formation habilitation \u00e9lectrique AIPR \u00e9lectricit\u00e9 SST Sauveteur secouriste du travail SST habilitation m\u00e9canique IRVE<\/title>\n<meta name=\"description\" content=\"Formation pour permettre \u00e0 l&#039;employeur de d\u00e9livrer une habilitation G. Formation \u00e0 100 % \u00e0 distance (e-Learning) en 30 minutes seulement !\" \/>\n<meta name=\"robots\" content=\"index, follow, max-snippet:-1, max-image-preview:large, max-video-preview:-1\" \/>\n<link rel=\"canonical\" href=\"https:\/\/procontrol-fr.com\/fr\/nos-formations\/habilitation_g\/\" \/>\n<meta property=\"og:locale\" content=\"fr_FR\" \/>\n<meta property=\"og:type\" content=\"article\" \/>\n<meta property=\"og:title\" content=\"Formation et pr\u00e9paration \u00e0 l&#039;habilitation G - PROCONTROL - Bureau de Contr\u00f4le V\u00e9rificaton \u00e9lectrique Levage Formation CACES\u00ae Formation habilitation \u00e9lectrique AIPR \u00e9lectricit\u00e9 SST Sauveteur secouriste du travail SST habilitation m\u00e9canique IRVE\" \/>\n<meta property=\"og:description\" content=\"Formation pour permettre \u00e0 l&#039;employeur de d\u00e9livrer une habilitation G. Formation \u00e0 100 % \u00e0 distance (e-Learning) en 30 minutes seulement !\" \/>\n<meta property=\"og:url\" content=\"https:\/\/procontrol-fr.com\/fr\/nos-formations\/habilitation_g\/\" \/>\n<meta property=\"og:site_name\" content=\"PROCONTROL - Bureau de Contr\u00f4le V\u00e9rificaton \u00e9lectrique Levage Formation CACES\u00ae Formation habilitation \u00e9lectrique AIPR \u00e9lectricit\u00e9 SST Sauveteur secouriste du travail SST habilitation m\u00e9canique IRVE\" \/>\n<meta property=\"article:modified_time\" content=\"2024-04-28T09:32:24+00:00\" \/>\n<meta name=\"twitter:card\" content=\"summary_large_image\" \/>\n<meta name=\"twitter:site\" content=\"@PROCONTROL_FR\" \/>\n<meta name=\"twitter:label1\" content=\"Dur\u00e9e de lecture estim\u00e9e\" \/>\n\t<meta name=\"twitter:data1\" content=\"3 minutes\" \/>\n<script type=\"application\/ld+json\" class=\"yoast-schema-graph\">{\"@context\":\"https:\/\/schema.org\",\"@graph\":[{\"@type\":\"WebPage\",\"@id\":\"https:\/\/procontrol-fr.com\/fr\/nos-formations\/habilitation_g\/\",\"url\":\"https:\/\/procontrol-fr.com\/fr\/nos-formations\/habilitation_g\/\",\"name\":\"Formation et pr\u00e9paration \u00e0 l'habilitation G - PROCONTROL - Bureau de Contr\u00f4le V\u00e9rificaton \u00e9lectrique Levage Formation CACES\u00ae Formation habilitation \u00e9lectrique AIPR \u00e9lectricit\u00e9 SST Sauveteur secouriste du travail SST habilitation m\u00e9canique IRVE\",\"isPartOf\":{\"@id\":\"https:\/\/procontrol-fr.com\/fr\/#website\"},\"datePublished\":\"2024-04-07T09:16:56+00:00\",\"dateModified\":\"2024-04-28T09:32:24+00:00\",\"description\":\"Formation pour permettre \u00e0 l'employeur de d\u00e9livrer une habilitation G. Formation \u00e0 100 % \u00e0 distance (e-Learning) en 30 minutes seulement !\",\"breadcrumb\":{\"@id\":\"https:\/\/procontrol-fr.com\/fr\/nos-formations\/habilitation_g\/#breadcrumb\"},\"inLanguage\":\"fr-FR\",\"potentialAction\":[{\"@type\":\"ReadAction\",\"target\":[\"https:\/\/procontrol-fr.com\/fr\/nos-formations\/habilitation_g\/\"]}]},{\"@type\":\"BreadcrumbList\",\"@id\":\"https:\/\/procontrol-fr.com\/fr\/nos-formations\/habilitation_g\/#breadcrumb\",\"itemListElement\":[{\"@type\":\"ListItem\",\"position\":1,\"name\":\"Accueil\",\"item\":\"https:\/\/procontrol-fr.com\/fr\/\"},{\"@type\":\"ListItem\",\"position\":2,\"name\":\"NOS FORMATIONS\",\"item\":\"https:\/\/procontrol-fr.com\/fr\/nos-formations\/\"},{\"@type\":\"ListItem\",\"position\":3,\"name\":\"Formation et pr\u00e9paration \u00e0 l&rsquo;habilitation G\"}]},{\"@type\":\"WebSite\",\"@id\":\"https:\/\/procontrol-fr.com\/fr\/#website\",\"url\":\"https:\/\/procontrol-fr.com\/fr\/\",\"name\":\"PROCONTROL - Bureau de Contr\u00f4le, V\u00e9rification \u00e9lectrique, Levage, Formation CACES\u00ae, habilitation \u00e9lectrique, AIPR,...\",\"description\":\"\",\"publisher\":{\"@id\":\"https:\/\/procontrol-fr.com\/fr\/#organization\"},\"potentialAction\":[{\"@type\":\"SearchAction\",\"target\":{\"@type\":\"EntryPoint\",\"urlTemplate\":\"https:\/\/procontrol-fr.com\/fr\/?s={search_term_string}\"},\"query-input\":{\"@type\":\"PropertyValueSpecification\",\"valueRequired\":true,\"valueName\":\"search_term_string\"}}],\"inLanguage\":\"fr-FR\"},{\"@type\":\"Organization\",\"@id\":\"https:\/\/procontrol-fr.com\/fr\/#organization\",\"name\":\"PROCONTROL\",\"url\":\"https:\/\/procontrol-fr.com\/fr\/\",\"logo\":{\"@type\":\"ImageObject\",\"inLanguage\":\"fr-FR\",\"@id\":\"https:\/\/procontrol-fr.com\/fr\/#\/schema\/logo\/image\/\",\"url\":\"https:\/\/procontrol-fr.com\/fr\/wp-content\/uploads\/2016\/06\/LogoProcontrol.jpg\",\"contentUrl\":\"https:\/\/procontrol-fr.com\/fr\/wp-content\/uploads\/2016\/06\/LogoProcontrol.jpg\",\"width\":350,\"height\":100,\"caption\":\"PROCONTROL\"},\"image\":{\"@id\":\"https:\/\/procontrol-fr.com\/fr\/#\/schema\/logo\/image\/\"},\"sameAs\":[\"https:\/\/x.com\/PROCONTROL_FR\"]}]}<\/script>\n<!-- \/ Yoast SEO plugin. -->","yoast_head_json":{"title":"Formation et pr\u00e9paration \u00e0 l'habilitation G - PROCONTROL - Bureau de Contr\u00f4le V\u00e9rificaton \u00e9lectrique Levage Formation CACES\u00ae Formation habilitation \u00e9lectrique AIPR \u00e9lectricit\u00e9 SST Sauveteur secouriste du travail SST habilitation m\u00e9canique IRVE","description":"Formation pour permettre \u00e0 l'employeur de d\u00e9livrer une habilitation G. Formation \u00e0 100 % \u00e0 distance (e-Learning) en 30 minutes seulement !","robots":{"index":"index","follow":"follow","max-snippet":"max-snippet:-1","max-image-preview":"max-image-preview:large","max-video-preview":"max-video-preview:-1"},"canonical":"https:\/\/procontrol-fr.com\/fr\/nos-formations\/habilitation_g\/","og_locale":"fr_FR","og_type":"article","og_title":"Formation et pr\u00e9paration \u00e0 l'habilitation G - PROCONTROL - Bureau de Contr\u00f4le V\u00e9rificaton \u00e9lectrique Levage Formation CACES\u00ae Formation habilitation \u00e9lectrique AIPR \u00e9lectricit\u00e9 SST Sauveteur secouriste du travail SST habilitation m\u00e9canique IRVE","og_description":"Formation pour permettre \u00e0 l'employeur de d\u00e9livrer une habilitation G. Formation \u00e0 100 % \u00e0 distance (e-Learning) en 30 minutes seulement !","og_url":"https:\/\/procontrol-fr.com\/fr\/nos-formations\/habilitation_g\/","og_site_name":"PROCONTROL - Bureau de Contr\u00f4le V\u00e9rificaton \u00e9lectrique Levage Formation CACES\u00ae Formation habilitation \u00e9lectrique AIPR \u00e9lectricit\u00e9 SST Sauveteur secouriste du travail SST habilitation m\u00e9canique IRVE","article_modified_time":"2024-04-28T09:32:24+00:00","twitter_card":"summary_large_image","twitter_site":"@PROCONTROL_FR","twitter_misc":{"Dur\u00e9e de lecture estim\u00e9e":"3 minutes"},"schema":{"@context":"https:\/\/schema.org","@graph":[{"@type":"WebPage","@id":"https:\/\/procontrol-fr.com\/fr\/nos-formations\/habilitation_g\/","url":"https:\/\/procontrol-fr.com\/fr\/nos-formations\/habilitation_g\/","name":"Formation et pr\u00e9paration \u00e0 l'habilitation G - PROCONTROL - Bureau de Contr\u00f4le V\u00e9rificaton \u00e9lectrique Levage Formation CACES\u00ae Formation habilitation \u00e9lectrique AIPR \u00e9lectricit\u00e9 SST Sauveteur secouriste du travail SST habilitation m\u00e9canique IRVE","isPartOf":{"@id":"https:\/\/procontrol-fr.com\/fr\/#website"},"datePublished":"2024-04-07T09:16:56+00:00","dateModified":"2024-04-28T09:32:24+00:00","description":"Formation pour permettre \u00e0 l'employeur de d\u00e9livrer une habilitation G. Formation \u00e0 100 % \u00e0 distance (e-Learning) en 30 minutes seulement !","breadcrumb":{"@id":"https:\/\/procontrol-fr.com\/fr\/nos-formations\/habilitation_g\/#breadcrumb"},"inLanguage":"fr-FR","potentialAction":[{"@type":"ReadAction","target":["https:\/\/procontrol-fr.com\/fr\/nos-formations\/habilitation_g\/"]}]},{"@type":"BreadcrumbList","@id":"https:\/\/procontrol-fr.com\/fr\/nos-formations\/habilitation_g\/#breadcrumb","itemListElement":[{"@type":"ListItem","position":1,"name":"Accueil","item":"https:\/\/procontrol-fr.com\/fr\/"},{"@type":"ListItem","position":2,"name":"NOS FORMATIONS","item":"https:\/\/procontrol-fr.com\/fr\/nos-formations\/"},{"@type":"ListItem","position":3,"name":"Formation et pr\u00e9paration \u00e0 l&rsquo;habilitation G"}]},{"@type":"WebSite","@id":"https:\/\/procontrol-fr.com\/fr\/#website","url":"https:\/\/procontrol-fr.com\/fr\/","name":"PROCONTROL - Bureau de Contr\u00f4le, V\u00e9rification \u00e9lectrique, Levage, Formation CACES\u00ae, habilitation \u00e9lectrique, AIPR,...","description":"","publisher":{"@id":"https:\/\/procontrol-fr.com\/fr\/#organization"},"potentialAction":[{"@type":"SearchAction","target":{"@type":"EntryPoint","urlTemplate":"https:\/\/procontrol-fr.com\/fr\/?s={search_term_string}"},"query-input":{"@type":"PropertyValueSpecification","valueRequired":true,"valueName":"search_term_string"}}],"inLanguage":"fr-FR"},{"@type":"Organization","@id":"https:\/\/procontrol-fr.com\/fr\/#organization","name":"PROCONTROL","url":"https:\/\/procontrol-fr.com\/fr\/","logo":{"@type":"ImageObject","inLanguage":"fr-FR","@id":"https:\/\/procontrol-fr.com\/fr\/#\/schema\/logo\/image\/","url":"https:\/\/procontrol-fr.com\/fr\/wp-content\/uploads\/2016\/06\/LogoProcontrol.jpg","contentUrl":"https:\/\/procontrol-fr.com\/fr\/wp-content\/uploads\/2016\/06\/LogoProcontrol.jpg","width":350,"height":100,"caption":"PROCONTROL"},"image":{"@id":"https:\/\/procontrol-fr.com\/fr\/#\/schema\/logo\/image\/"},"sameAs":["https:\/\/x.com\/PROCONTROL_FR"]}]}},"_links":{"self":[{"href":"https:\/\/procontrol-fr.com\/fr\/wp-json\/wp\/v2\/pages\/5563","targetHints":{"allow":["GET"]}}],"collection":[{"href":"https:\/\/procontrol-fr.com\/fr\/wp-json\/wp\/v2\/pages"}],"about":[{"href":"https:\/\/procontrol-fr.com\/fr\/wp-json\/wp\/v2\/types\/page"}],"author":[{"embeddable":true,"href":"https:\/\/procontrol-fr.com\/fr\/wp-json\/wp\/v2\/users\/1"}],"replies":[{"embeddable":true,"href":"https:\/\/procontrol-fr.com\/fr\/wp-json\/wp\/v2\/comments?post=5563"}],"version-history":[{"count":13,"href":"https:\/\/procontrol-fr.com\/fr\/wp-json\/wp\/v2\/pages\/5563\/revisions"}],"predecessor-version":[{"id":5667,"href":"https:\/\/procontrol-fr.com\/fr\/wp-json\/wp\/v2\/pages\/5563\/revisions\/5667"}],"up":[{"embeddable":true,"href":"https:\/\/procontrol-fr.com\/fr\/wp-json\/wp\/v2\/pages\/302"}],"wp:attachment":[{"href":"https:\/\/procontrol-fr.com\/fr\/wp-json\/wp\/v2\/media?parent=5563"}],"curies":[{"name":"wp","href":"https:\/\/api.w.org\/{rel}","templated":true}]}}