{"id":589,"date":"2013-09-03T22:47:52","date_gmt":"2013-09-03T20:47:52","guid":{"rendered":"http:\/\/procontrol-fr.com\/fr\/?page_id=589"},"modified":"2018-12-29T15:33:55","modified_gmt":"2018-12-29T14:33:55","slug":"ils-nous-font-confiance","status":"publish","type":"page","link":"https:\/\/procontrol-fr.com\/fr\/procontrol\/ils-nous-font-confiance\/","title":{"rendered":"NOS CLIENTS"},"content":{"rendered":"<div class=\"rtbs  rtbs_nos-clients\"><div class=\"rtbs_slug\" style=\"display:none\">nos-clients<\/div><div class=\"rtbs_inactive_tab_background\" style=\"display:none\">transparent<\/div><div class=\"rtbs_breakpoint\" style=\"display:none\">600<\/div><div class=\"rtbs_color\" style=\"display:none\">#1874c1<\/div>\r\n        <div class=\"rtbs_menu\">\r\n            <ul>\r\n                <li class=\"mobile_toggle\">&zwnj;<\/li><li class=\"current\"><a style=\"background:#1874c1\" class=\"active nos-clients-tab-link-0\" href=\"#\" data-tab=\"#nos-clients-tab-0\">Nos principaux clients<\/a><\/li><li><a href=\"#\" data-tab=\"#nos-clients-tab-1\" class=\"nos-clients-tab-link-1\">Nos clients internationaux<\/a><\/li>\r\n            <\/ul>\r\n        <\/div><div style=\"border-top:7px solid #1874c1;\" id=\"nos-clients-tab-0\" class=\"rtbs_content active\"><p><div class=\"su-service\"><div class=\"su-service-title\" style=\"padding-left:38px;min-height:24px;line-height:24px\"><i class=\"sui sui-user\" style=\"font-size:24px;color:#33333\"><\/i> Nos principaux clients<\/div><div class=\"su-service-content su-u-clearfix su-u-trim\" style=\"padding-left:38px\"><\/div><\/div><\/p>\n<table border=\"0\" cellspacing=\"0\" cellpadding=\"0\">\n<tbody>\n<tr>\n<td width=\"30%\">\n<ul>\n<li>Entreprises du b\u00e2timent<\/li>\n<li>Entreprises des travaux publics<\/li>\n<li>Industries a\u00e9ronautiques et m\u00e9tallurgies<\/li>\n<li>Mairies\/Institutions<\/li>\n<\/ul>\n<\/td>\n<td width=\"30%\">\n<ul>\n<li>Bureaux d\u2019\u00e9tudes<\/li>\n<li>Entreprises \u00e9v\u00e8nementiels<\/li>\n<li>Industries du m\u00e9dicament<\/li>\n<li>Entreprises de travail temporaire<\/li>\n<\/ul>\n<\/td>\n<td width=\"30%\">\n<ul>\n<li>Entreprises d\u2019installations de panneaux photovolta\u00efques<\/li>\n<li>Entreprises de travaux d\u2019acc\u00e8s difficiles<\/li>\n<li>Centres de formation professionnelle<\/li>\n<\/ul>\n<\/td>\n<\/tr>\n<\/tbody>\n<\/table>\n<div style=\"margin-top:30px; clear:both;\"><\/div><\/div><div style=\"border-top:7px solid #1874c1;\" id=\"nos-clients-tab-1\" class=\"rtbs_content\"><p><div class=\"su-service\"><div class=\"su-service-title\" style=\"padding-left:38px;min-height:24px;line-height:24px\"><i class=\"sui sui-globe\" style=\"font-size:24px;color:#33333\"><\/i> Nos clients en Espagne<\/div><div class=\"su-service-content su-u-clearfix su-u-trim\" style=\"padding-left:38px\"><\/div><\/div><\/p>\n<table border=\"0\" cellspacing=\"0\" cellpadding=\"0\">\n<tbody>\n<tr>\n<td width=\"45%\">\n<ul>\n<li><a href=\"http:\/\/www.elecnor.es\/\" target=\"_blank\" rel=\"noopener\">ELECFRANCE \/ ELECNOR<\/a> (Espagne)<\/li>\n<li>Montajes SASOI (Espagne)<\/li>\n<li>Grupo <a title=\"Groupe MAESSA\" href=\"http:\/\/www.maessa.com\/\" target=\"_blank\" rel=\"noopener\">MAESSA<\/a> (Espagne)<\/li>\n<li>COLT ESPA\u00d1A S.A. (Espagne)<\/li>\n<li>MERISTAL EUROPA S.L (Espagne)<\/li>\n<\/ul>\n<\/td>\n<td width=\"45%\">\n<ul>\n<li><a href=\"http:\/\/www.hortacoslada.com\/home\/fr\/index.asp\" target=\"_blank\" rel=\"noopener\">HORTA COSLADA<\/a> (Espagne)<\/li>\n<li><a href=\"http:\/\/www.acieroid.com\/\" target=\"_blank\" rel=\"noopener\">ACIEROID<\/a> - Bouygues Construction (Espagne)<\/li>\n<li><a href=\"https:\/\/www.hune.com\/cursos-hune\/\" target=\"_blank\" rel=\"noopener\">LOXAM HUNE<\/a> (Espagne)<\/li>\n<li>MONCASER (Espagne)<\/li>\n<li><a href=\"http:\/\/www.grupocobra.com\/\">GRUPO COBRA<\/a> (Espagne)<\/li>\n<\/ul>\n<\/td>\n<\/tr>\n<\/tbody>\n<\/table>\n<div style=\"margin-top:30px; clear:both;\"><\/div><\/div>\r\n    <\/div>\r\n    \n","protected":false},"excerpt":{"rendered":"","protected":false},"author":1,"featured_media":0,"parent":42,"menu_order":5,"comment_status":"closed","ping_status":"closed","template":"left-sidebar.php","meta":{"footnotes":""},"class_list":["post-589","page","type-page","status-publish","hentry"],"yoast_head":"<!-- This site is optimized with the Yoast SEO plugin v27.3 - https:\/\/yoast.com\/product\/yoast-seo-wordpress\/ -->\n<title>Nos Clients<\/title>\n<meta name=\"robots\" content=\"index, follow, max-snippet:-1, max-image-preview:large, max-video-preview:-1\" \/>\n<link rel=\"canonical\" href=\"https:\/\/procontrol-fr.com\/fr\/procontrol\/ils-nous-font-confiance\/\" \/>\n<meta property=\"og:locale\" content=\"fr_FR\" \/>\n<meta property=\"og:type\" content=\"article\" \/>\n<meta property=\"og:title\" content=\"Nos Clients\" \/>\n<meta property=\"og:url\" content=\"https:\/\/procontrol-fr.com\/fr\/procontrol\/ils-nous-font-confiance\/\" \/>\n<meta property=\"og:site_name\" content=\"PROCONTROL - Bureau de Contr\u00f4le V\u00e9rificaton \u00e9lectrique Levage Formation CACES\u00ae Formation habilitation \u00e9lectrique AIPR \u00e9lectricit\u00e9 SST Sauveteur secouriste du travail SST habilitation m\u00e9canique IRVE\" \/>\n<meta property=\"article:modified_time\" content=\"2018-12-29T14:33:55+00:00\" \/>\n<meta name=\"twitter:card\" content=\"summary_large_image\" \/>\n<meta name=\"twitter:site\" content=\"@PROCONTROL_FR\" \/>\n<script type=\"application\/ld+json\" class=\"yoast-schema-graph\">{\"@context\":\"https:\\\/\\\/schema.org\",\"@graph\":[{\"@type\":\"WebPage\",\"@id\":\"https:\\\/\\\/procontrol-fr.com\\\/fr\\\/procontrol\\\/ils-nous-font-confiance\\\/\",\"url\":\"https:\\\/\\\/procontrol-fr.com\\\/fr\\\/procontrol\\\/ils-nous-font-confiance\\\/\",\"name\":\"Nos Clients\",\"isPartOf\":{\"@id\":\"https:\\\/\\\/procontrol-fr.com\\\/fr\\\/#website\"},\"datePublished\":\"2013-09-03T20:47:52+00:00\",\"dateModified\":\"2018-12-29T14:33:55+00:00\",\"breadcrumb\":{\"@id\":\"https:\\\/\\\/procontrol-fr.com\\\/fr\\\/procontrol\\\/ils-nous-font-confiance\\\/#breadcrumb\"},\"inLanguage\":\"fr-FR\",\"potentialAction\":[{\"@type\":\"ReadAction\",\"target\":[\"https:\\\/\\\/procontrol-fr.com\\\/fr\\\/procontrol\\\/ils-nous-font-confiance\\\/\"]}]},{\"@type\":\"BreadcrumbList\",\"@id\":\"https:\\\/\\\/procontrol-fr.com\\\/fr\\\/procontrol\\\/ils-nous-font-confiance\\\/#breadcrumb\",\"itemListElement\":[{\"@type\":\"ListItem\",\"position\":1,\"name\":\"Accueil\",\"item\":\"https:\\\/\\\/procontrol-fr.com\\\/fr\\\/\"},{\"@type\":\"ListItem\",\"position\":2,\"name\":\"PROCONTROL\",\"item\":\"https:\\\/\\\/procontrol-fr.com\\\/fr\\\/procontrol\\\/\"},{\"@type\":\"ListItem\",\"position\":3,\"name\":\"NOS CLIENTS\"}]},{\"@type\":\"WebSite\",\"@id\":\"https:\\\/\\\/procontrol-fr.com\\\/fr\\\/#website\",\"url\":\"https:\\\/\\\/procontrol-fr.com\\\/fr\\\/\",\"name\":\"PROCONTROL - Bureau de Contr\u00f4le, V\u00e9rification \u00e9lectrique, Levage, Formation CACES\u00ae, habilitation \u00e9lectrique, AIPR,...\",\"description\":\"\",\"publisher\":{\"@id\":\"https:\\\/\\\/procontrol-fr.com\\\/fr\\\/#organization\"},\"potentialAction\":[{\"@type\":\"SearchAction\",\"target\":{\"@type\":\"EntryPoint\",\"urlTemplate\":\"https:\\\/\\\/procontrol-fr.com\\\/fr\\\/?s={search_term_string}\"},\"query-input\":{\"@type\":\"PropertyValueSpecification\",\"valueRequired\":true,\"valueName\":\"search_term_string\"}}],\"inLanguage\":\"fr-FR\"},{\"@type\":\"Organization\",\"@id\":\"https:\\\/\\\/procontrol-fr.com\\\/fr\\\/#organization\",\"name\":\"PROCONTROL\",\"url\":\"https:\\\/\\\/procontrol-fr.com\\\/fr\\\/\",\"logo\":{\"@type\":\"ImageObject\",\"inLanguage\":\"fr-FR\",\"@id\":\"https:\\\/\\\/procontrol-fr.com\\\/fr\\\/#\\\/schema\\\/logo\\\/image\\\/\",\"url\":\"https:\\\/\\\/procontrol-fr.com\\\/fr\\\/wp-content\\\/uploads\\\/2016\\\/06\\\/LogoProcontrol.jpg\",\"contentUrl\":\"https:\\\/\\\/procontrol-fr.com\\\/fr\\\/wp-content\\\/uploads\\\/2016\\\/06\\\/LogoProcontrol.jpg\",\"width\":350,\"height\":100,\"caption\":\"PROCONTROL\"},\"image\":{\"@id\":\"https:\\\/\\\/procontrol-fr.com\\\/fr\\\/#\\\/schema\\\/logo\\\/image\\\/\"},\"sameAs\":[\"https:\\\/\\\/x.com\\\/PROCONTROL_FR\"]}]}<\/script>\n<!-- \/ Yoast SEO plugin. -->","yoast_head_json":{"title":"Nos Clients","robots":{"index":"index","follow":"follow","max-snippet":"max-snippet:-1","max-image-preview":"max-image-preview:large","max-video-preview":"max-video-preview:-1"},"canonical":"https:\/\/procontrol-fr.com\/fr\/procontrol\/ils-nous-font-confiance\/","og_locale":"fr_FR","og_type":"article","og_title":"Nos Clients","og_url":"https:\/\/procontrol-fr.com\/fr\/procontrol\/ils-nous-font-confiance\/","og_site_name":"PROCONTROL - Bureau de Contr\u00f4le V\u00e9rificaton \u00e9lectrique Levage Formation CACES\u00ae Formation habilitation \u00e9lectrique AIPR \u00e9lectricit\u00e9 SST Sauveteur secouriste du travail SST habilitation m\u00e9canique IRVE","article_modified_time":"2018-12-29T14:33:55+00:00","twitter_card":"summary_large_image","twitter_site":"@PROCONTROL_FR","schema":{"@context":"https:\/\/schema.org","@graph":[{"@type":"WebPage","@id":"https:\/\/procontrol-fr.com\/fr\/procontrol\/ils-nous-font-confiance\/","url":"https:\/\/procontrol-fr.com\/fr\/procontrol\/ils-nous-font-confiance\/","name":"Nos Clients","isPartOf":{"@id":"https:\/\/procontrol-fr.com\/fr\/#website"},"datePublished":"2013-09-03T20:47:52+00:00","dateModified":"2018-12-29T14:33:55+00:00","breadcrumb":{"@id":"https:\/\/procontrol-fr.com\/fr\/procontrol\/ils-nous-font-confiance\/#breadcrumb"},"inLanguage":"fr-FR","potentialAction":[{"@type":"ReadAction","target":["https:\/\/procontrol-fr.com\/fr\/procontrol\/ils-nous-font-confiance\/"]}]},{"@type":"BreadcrumbList","@id":"https:\/\/procontrol-fr.com\/fr\/procontrol\/ils-nous-font-confiance\/#breadcrumb","itemListElement":[{"@type":"ListItem","position":1,"name":"Accueil","item":"https:\/\/procontrol-fr.com\/fr\/"},{"@type":"ListItem","position":2,"name":"PROCONTROL","item":"https:\/\/procontrol-fr.com\/fr\/procontrol\/"},{"@type":"ListItem","position":3,"name":"NOS CLIENTS"}]},{"@type":"WebSite","@id":"https:\/\/procontrol-fr.com\/fr\/#website","url":"https:\/\/procontrol-fr.com\/fr\/","name":"PROCONTROL - Bureau de Contr\u00f4le, V\u00e9rification \u00e9lectrique, Levage, Formation CACES\u00ae, habilitation \u00e9lectrique, AIPR,...","description":"","publisher":{"@id":"https:\/\/procontrol-fr.com\/fr\/#organization"},"potentialAction":[{"@type":"SearchAction","target":{"@type":"EntryPoint","urlTemplate":"https:\/\/procontrol-fr.com\/fr\/?s={search_term_string}"},"query-input":{"@type":"PropertyValueSpecification","valueRequired":true,"valueName":"search_term_string"}}],"inLanguage":"fr-FR"},{"@type":"Organization","@id":"https:\/\/procontrol-fr.com\/fr\/#organization","name":"PROCONTROL","url":"https:\/\/procontrol-fr.com\/fr\/","logo":{"@type":"ImageObject","inLanguage":"fr-FR","@id":"https:\/\/procontrol-fr.com\/fr\/#\/schema\/logo\/image\/","url":"https:\/\/procontrol-fr.com\/fr\/wp-content\/uploads\/2016\/06\/LogoProcontrol.jpg","contentUrl":"https:\/\/procontrol-fr.com\/fr\/wp-content\/uploads\/2016\/06\/LogoProcontrol.jpg","width":350,"height":100,"caption":"PROCONTROL"},"image":{"@id":"https:\/\/procontrol-fr.com\/fr\/#\/schema\/logo\/image\/"},"sameAs":["https:\/\/x.com\/PROCONTROL_FR"]}]}},"_links":{"self":[{"href":"https:\/\/procontrol-fr.com\/fr\/wp-json\/wp\/v2\/pages\/589","targetHints":{"allow":["GET"]}}],"collection":[{"href":"https:\/\/procontrol-fr.com\/fr\/wp-json\/wp\/v2\/pages"}],"about":[{"href":"https:\/\/procontrol-fr.com\/fr\/wp-json\/wp\/v2\/types\/page"}],"author":[{"embeddable":true,"href":"https:\/\/procontrol-fr.com\/fr\/wp-json\/wp\/v2\/users\/1"}],"replies":[{"embeddable":true,"href":"https:\/\/procontrol-fr.com\/fr\/wp-json\/wp\/v2\/comments?post=589"}],"version-history":[{"count":40,"href":"https:\/\/procontrol-fr.com\/fr\/wp-json\/wp\/v2\/pages\/589\/revisions"}],"predecessor-version":[{"id":3960,"href":"https:\/\/procontrol-fr.com\/fr\/wp-json\/wp\/v2\/pages\/589\/revisions\/3960"}],"up":[{"embeddable":true,"href":"https:\/\/procontrol-fr.com\/fr\/wp-json\/wp\/v2\/pages\/42"}],"wp:attachment":[{"href":"https:\/\/procontrol-fr.com\/fr\/wp-json\/wp\/v2\/media?parent=589"}],"curies":[{"name":"wp","href":"https:\/\/api.w.org\/{rel}","templated":true}]}}