{"id":698,"date":"2013-10-02T21:46:06","date_gmt":"2013-10-02T19:46:06","guid":{"rendered":"http:\/\/procontrol-fr.com\/fr\/?page_id=698"},"modified":"2020-03-30T08:27:28","modified_gmt":"2020-03-30T07:27:28","slug":"mentions-legales","status":"publish","type":"page","link":"https:\/\/procontrol-fr.com\/fr\/procontrol\/mentions-legales\/","title":{"rendered":"MENTIONS LEGALES"},"content":{"rendered":"<div id=\"text\">\n<p style=\"text-align: justify;\"><span style=\"font-weight: bold;\">Identification<\/span><br \/>\nLe site http:\/\/www.procontrol-fr.com est \u00e9dit\u00e9 par la SARL PROCONTROL.<\/p>\n<p style=\"text-align: justify;\">PROCONTROL SARL<br \/>\n9 rue Lagarrigue<br \/>\n31380 GARIDECH &#8211; France<br \/>\nSARL au capital de 6 000 \u20ac<br \/>\nN\u00b0 SIREN : 492648423<br \/>\nCode NAF : 7120 B<\/p>\n<p>https\/\/www.procontrol-fr.com est h\u00e9berg\u00e9 chez <a href=\"https:\/\/tecnoid.net\/\">Tecnoid<\/a> dans un data center en France.<\/p>\n<p style=\"text-align: justify;\"><span style=\"font-weight: bold;\">Contact<\/span><br \/>\nPour toute demande relative \u00e0 ce site, vous pouvez nous contacter par t\u00e9l\u00e9phone au +33 531 615 006 ou avec le <a href=\"https:\/\/procontrol-fr.com\/fr\/procontrol\/contact\/\">formulaire de contact<\/a>.<br \/>\n<br style=\"font-weight: bold;\" \/><span style=\"font-weight: bold;\"> Liens Hypertextes<\/span><br \/>\nLa cr\u00e9ation de lien hypertextes vers le site https:\/\/www.procontrol-fr.com est soumise \u00e0 l&rsquo;accord pr\u00e9alable de PROCONTROL\u00ae.<\/p>\n<p style=\"text-align: justify;\"><span style=\"font-weight: bold;\">\u00a0RGPD (R\u00e8glement G\u00e9n\u00e9ral de la Protection des Donn\u00e9es) Donn\u00e9es personnelles<br \/>\n<\/span>La collecte des \u00e9l\u00e9ments d\u2019information dans les formulaires du site https:\/\/www.procontrol-fr.com est n\u00e9cessaire pour r\u00e9pondre \u00e0 vos demandes. PROCONTROL\u00ae s&rsquo;engage \u00e0 ne pas vendre, louer, ni \u00e9changer vos informations personnelles \u00e0 des tiers.<\/p>\n<p style=\"text-align: justify;\"><span style=\"font-weight: bold;\">Droit d&rsquo;acc\u00e8s, de modification et de suppression<\/span><br \/>\nConform\u00e9ment aux dispositions de la loi Informatique et Libert\u00e9s du 6 janvier 1978, vous disposez d&rsquo;un droit d&rsquo;acc\u00e8s, de rectification, de suppression aux donn\u00e9es vous concernant.<br \/>\n<em>DEMANDE DE CONSULTATION, DE MODIFICATION OU DE SUPPRESSION DE VOS DONN\u00c9ES PERSONNELLES :<\/em><br \/>\n<em> Vous pouvez demander \u00e0 faire valoir vos droits en remplissant le <a href=\"https:\/\/procontrol-fr.com\/fr\/rgpd\/\">formulaire de contact RGPD<\/a>, ou faire valoir vos droits en \u00e9crivant par lettre recommand\u00e9e avec accus\u00e9 de r\u00e9ception, \u00e0 : PROCONTROL 9 rue Lagarrigue &#8211; 31380 Garidech<\/em><\/p>\n<p style=\"text-align: justify;\"><span style=\"font-weight: bold;\">Donn\u00e9es collect\u00e9es \u00e0 l&rsquo;occasion de la consultation du site <\/span><br \/>\nNotre site est susceptible de collecter des donn\u00e9es sur la date, les pages consult\u00e9es, le temps de consultation, ainsi que le fournisseur d&rsquo;acc\u00e8s, le moteur de recherche, le lien \u00e0 l&rsquo;origine de la consultation. Cette collecte permet d&rsquo;am\u00e9liorer l&rsquo;ergonomie de notre site, de simplifier votre acc\u00e8s \u00e0 notre site.<\/p>\n<p style=\"text-align: justify;\"><span style=\"font-weight: bold;\">Propri\u00e9t\u00e9 intellectuelle<\/span><br \/>\nPROCONTROL\u00ae est seul titulaire des droits d\u2019auteurs sur le contenu de son site https:\/\/www.procontrol-fr.com. Toute reproduction ou repr\u00e9sentation totale ou partielle, faite sans le consentement de PROCONTROL\u00ae constitue une contrefa\u00e7on p\u00e9nalement sanctionn\u00e9e. PROCONTROL\u00ae est titulaire des droits sur le logo et le nom de PROCONTROL\u00ae <a href=\"https:\/\/bases-marques.inpi.fr\/Typo3_INPI_Marques\/marques_fiche_resultats.html?index=3&amp;refId=4301655_201734_fmark&amp;y=422\">enregistr\u00e9s \u00e0 l&rsquo;INPI<\/a> sous le num\u00e9ro national : 16 4 301 655. Toute reproduction totale ou partielle du logo sans le consentement de PROCONTROL\u00ae constitue une contrefa\u00e7on p\u00e9nalement sanctionn\u00e9e.<\/p>\n<p style=\"text-align: justify;\"><span style=\"font-weight: bold;\">Responsabilit\u00e9 quant aux liens hypertextes<\/span><br \/>\nLes liens hypertextes mis en \u0153uvre par PROCONTROL\u00ae en direction d\u2019autres sites ne sauraient engager la responsabilit\u00e9 de PROCONTROL\u00ae, qui garantit n&rsquo;exercer aucun contr\u00f4le sur le contenu de ces sites. PROCONTROL\u00ae ne pourrait \u00eatre responsable du fait des contenus de ces sites. PROCONTROL\u00ae ne saurait garantir aux internautes l\u2019exactitude et la compl\u00e9tude des informations de toute nature fournies sur le site. En cons\u00e9quence, la responsabilit\u00e9 de PROCONTROL\u00ae ne pourra \u00eatre engag\u00e9e du fait de l\u2019utilisation des informations fournies sur ce site.<\/p>\n<\/div>\n","protected":false},"excerpt":{"rendered":"<p>Identification Le site http:\/\/www.procontrol-fr.com est \u00e9dit\u00e9 par la SARL PROCONTROL. PROCONTROL SARL 9 rue Lagarrigue 31380 GARIDECH &#8211; France SARL au capital de 6 000 \u20ac N\u00b0 SIREN : 492648423 Code NAF : 7120 B https\/\/www.procontrol-fr.com est h\u00e9berg\u00e9 chez Tecnoid dans un data center en France. Contact Pour toute demande relative \u00e0 ce site, vous&#8230; <\/p>\n","protected":false},"author":1,"featured_media":0,"parent":42,"menu_order":7,"comment_status":"closed","ping_status":"closed","template":"left-sidebar.php","meta":{"footnotes":""},"class_list":["post-698","page","type-page","status-publish","hentry"],"yoast_head":"<!-- This site is optimized with the Yoast SEO plugin v27.3 - https:\/\/yoast.com\/product\/yoast-seo-wordpress\/ -->\n<title>Mentions l\u00e9gales<\/title>\n<meta name=\"robots\" content=\"index, follow, max-snippet:-1, max-image-preview:large, max-video-preview:-1\" \/>\n<link rel=\"canonical\" href=\"https:\/\/procontrol-fr.com\/fr\/procontrol\/mentions-legales\/\" \/>\n<meta property=\"og:locale\" content=\"fr_FR\" \/>\n<meta property=\"og:type\" content=\"article\" \/>\n<meta property=\"og:title\" content=\"Mentions l\u00e9gales\" \/>\n<meta property=\"og:description\" content=\"Identification Le site http:\/\/www.procontrol-fr.com est \u00e9dit\u00e9 par la SARL PROCONTROL. PROCONTROL SARL 9 rue Lagarrigue 31380 GARIDECH &#8211; France SARL au capital de 6 000 \u20ac N\u00b0 SIREN : 492648423 Code NAF : 7120 B https\/\/www.procontrol-fr.com est h\u00e9berg\u00e9 chez Tecnoid dans un data center en France. Contact Pour toute demande relative \u00e0 ce site, vous...\" \/>\n<meta property=\"og:url\" content=\"https:\/\/procontrol-fr.com\/fr\/procontrol\/mentions-legales\/\" \/>\n<meta property=\"og:site_name\" content=\"PROCONTROL - Bureau de Contr\u00f4le V\u00e9rificaton \u00e9lectrique Levage Formation CACES\u00ae Formation habilitation \u00e9lectrique AIPR \u00e9lectricit\u00e9 SST Sauveteur secouriste du travail SST habilitation m\u00e9canique IRVE\" \/>\n<meta property=\"article:modified_time\" content=\"2020-03-30T07:27:28+00:00\" \/>\n<meta name=\"twitter:card\" content=\"summary_large_image\" \/>\n<meta name=\"twitter:site\" content=\"@PROCONTROL_FR\" \/>\n<meta name=\"twitter:label1\" content=\"Dur\u00e9e de lecture estim\u00e9e\" \/>\n\t<meta name=\"twitter:data1\" content=\"2 minutes\" \/>\n<script type=\"application\/ld+json\" class=\"yoast-schema-graph\">{\"@context\":\"https:\\\/\\\/schema.org\",\"@graph\":[{\"@type\":\"WebPage\",\"@id\":\"https:\\\/\\\/procontrol-fr.com\\\/fr\\\/procontrol\\\/mentions-legales\\\/\",\"url\":\"https:\\\/\\\/procontrol-fr.com\\\/fr\\\/procontrol\\\/mentions-legales\\\/\",\"name\":\"Mentions l\u00e9gales\",\"isPartOf\":{\"@id\":\"https:\\\/\\\/procontrol-fr.com\\\/fr\\\/#website\"},\"datePublished\":\"2013-10-02T19:46:06+00:00\",\"dateModified\":\"2020-03-30T07:27:28+00:00\",\"breadcrumb\":{\"@id\":\"https:\\\/\\\/procontrol-fr.com\\\/fr\\\/procontrol\\\/mentions-legales\\\/#breadcrumb\"},\"inLanguage\":\"fr-FR\",\"potentialAction\":[{\"@type\":\"ReadAction\",\"target\":[\"https:\\\/\\\/procontrol-fr.com\\\/fr\\\/procontrol\\\/mentions-legales\\\/\"]}]},{\"@type\":\"BreadcrumbList\",\"@id\":\"https:\\\/\\\/procontrol-fr.com\\\/fr\\\/procontrol\\\/mentions-legales\\\/#breadcrumb\",\"itemListElement\":[{\"@type\":\"ListItem\",\"position\":1,\"name\":\"Accueil\",\"item\":\"https:\\\/\\\/procontrol-fr.com\\\/fr\\\/\"},{\"@type\":\"ListItem\",\"position\":2,\"name\":\"PROCONTROL\",\"item\":\"https:\\\/\\\/procontrol-fr.com\\\/fr\\\/procontrol\\\/\"},{\"@type\":\"ListItem\",\"position\":3,\"name\":\"MENTIONS LEGALES\"}]},{\"@type\":\"WebSite\",\"@id\":\"https:\\\/\\\/procontrol-fr.com\\\/fr\\\/#website\",\"url\":\"https:\\\/\\\/procontrol-fr.com\\\/fr\\\/\",\"name\":\"PROCONTROL - Bureau de Contr\u00f4le, V\u00e9rification \u00e9lectrique, Levage, Formation CACES\u00ae, habilitation \u00e9lectrique, AIPR,...\",\"description\":\"\",\"publisher\":{\"@id\":\"https:\\\/\\\/procontrol-fr.com\\\/fr\\\/#organization\"},\"potentialAction\":[{\"@type\":\"SearchAction\",\"target\":{\"@type\":\"EntryPoint\",\"urlTemplate\":\"https:\\\/\\\/procontrol-fr.com\\\/fr\\\/?s={search_term_string}\"},\"query-input\":{\"@type\":\"PropertyValueSpecification\",\"valueRequired\":true,\"valueName\":\"search_term_string\"}}],\"inLanguage\":\"fr-FR\"},{\"@type\":\"Organization\",\"@id\":\"https:\\\/\\\/procontrol-fr.com\\\/fr\\\/#organization\",\"name\":\"PROCONTROL\",\"url\":\"https:\\\/\\\/procontrol-fr.com\\\/fr\\\/\",\"logo\":{\"@type\":\"ImageObject\",\"inLanguage\":\"fr-FR\",\"@id\":\"https:\\\/\\\/procontrol-fr.com\\\/fr\\\/#\\\/schema\\\/logo\\\/image\\\/\",\"url\":\"https:\\\/\\\/procontrol-fr.com\\\/fr\\\/wp-content\\\/uploads\\\/2016\\\/06\\\/LogoProcontrol.jpg\",\"contentUrl\":\"https:\\\/\\\/procontrol-fr.com\\\/fr\\\/wp-content\\\/uploads\\\/2016\\\/06\\\/LogoProcontrol.jpg\",\"width\":350,\"height\":100,\"caption\":\"PROCONTROL\"},\"image\":{\"@id\":\"https:\\\/\\\/procontrol-fr.com\\\/fr\\\/#\\\/schema\\\/logo\\\/image\\\/\"},\"sameAs\":[\"https:\\\/\\\/x.com\\\/PROCONTROL_FR\"]}]}<\/script>\n<!-- \/ Yoast SEO plugin. -->","yoast_head_json":{"title":"Mentions l\u00e9gales","robots":{"index":"index","follow":"follow","max-snippet":"max-snippet:-1","max-image-preview":"max-image-preview:large","max-video-preview":"max-video-preview:-1"},"canonical":"https:\/\/procontrol-fr.com\/fr\/procontrol\/mentions-legales\/","og_locale":"fr_FR","og_type":"article","og_title":"Mentions l\u00e9gales","og_description":"Identification Le site http:\/\/www.procontrol-fr.com est \u00e9dit\u00e9 par la SARL PROCONTROL. PROCONTROL SARL 9 rue Lagarrigue 31380 GARIDECH &#8211; France SARL au capital de 6 000 \u20ac N\u00b0 SIREN : 492648423 Code NAF : 7120 B https\/\/www.procontrol-fr.com est h\u00e9berg\u00e9 chez Tecnoid dans un data center en France. Contact Pour toute demande relative \u00e0 ce site, vous...","og_url":"https:\/\/procontrol-fr.com\/fr\/procontrol\/mentions-legales\/","og_site_name":"PROCONTROL - Bureau de Contr\u00f4le V\u00e9rificaton \u00e9lectrique Levage Formation CACES\u00ae Formation habilitation \u00e9lectrique AIPR \u00e9lectricit\u00e9 SST Sauveteur secouriste du travail SST habilitation m\u00e9canique IRVE","article_modified_time":"2020-03-30T07:27:28+00:00","twitter_card":"summary_large_image","twitter_site":"@PROCONTROL_FR","twitter_misc":{"Dur\u00e9e de lecture estim\u00e9e":"2 minutes"},"schema":{"@context":"https:\/\/schema.org","@graph":[{"@type":"WebPage","@id":"https:\/\/procontrol-fr.com\/fr\/procontrol\/mentions-legales\/","url":"https:\/\/procontrol-fr.com\/fr\/procontrol\/mentions-legales\/","name":"Mentions l\u00e9gales","isPartOf":{"@id":"https:\/\/procontrol-fr.com\/fr\/#website"},"datePublished":"2013-10-02T19:46:06+00:00","dateModified":"2020-03-30T07:27:28+00:00","breadcrumb":{"@id":"https:\/\/procontrol-fr.com\/fr\/procontrol\/mentions-legales\/#breadcrumb"},"inLanguage":"fr-FR","potentialAction":[{"@type":"ReadAction","target":["https:\/\/procontrol-fr.com\/fr\/procontrol\/mentions-legales\/"]}]},{"@type":"BreadcrumbList","@id":"https:\/\/procontrol-fr.com\/fr\/procontrol\/mentions-legales\/#breadcrumb","itemListElement":[{"@type":"ListItem","position":1,"name":"Accueil","item":"https:\/\/procontrol-fr.com\/fr\/"},{"@type":"ListItem","position":2,"name":"PROCONTROL","item":"https:\/\/procontrol-fr.com\/fr\/procontrol\/"},{"@type":"ListItem","position":3,"name":"MENTIONS LEGALES"}]},{"@type":"WebSite","@id":"https:\/\/procontrol-fr.com\/fr\/#website","url":"https:\/\/procontrol-fr.com\/fr\/","name":"PROCONTROL - Bureau de Contr\u00f4le, V\u00e9rification \u00e9lectrique, Levage, Formation CACES\u00ae, habilitation \u00e9lectrique, AIPR,...","description":"","publisher":{"@id":"https:\/\/procontrol-fr.com\/fr\/#organization"},"potentialAction":[{"@type":"SearchAction","target":{"@type":"EntryPoint","urlTemplate":"https:\/\/procontrol-fr.com\/fr\/?s={search_term_string}"},"query-input":{"@type":"PropertyValueSpecification","valueRequired":true,"valueName":"search_term_string"}}],"inLanguage":"fr-FR"},{"@type":"Organization","@id":"https:\/\/procontrol-fr.com\/fr\/#organization","name":"PROCONTROL","url":"https:\/\/procontrol-fr.com\/fr\/","logo":{"@type":"ImageObject","inLanguage":"fr-FR","@id":"https:\/\/procontrol-fr.com\/fr\/#\/schema\/logo\/image\/","url":"https:\/\/procontrol-fr.com\/fr\/wp-content\/uploads\/2016\/06\/LogoProcontrol.jpg","contentUrl":"https:\/\/procontrol-fr.com\/fr\/wp-content\/uploads\/2016\/06\/LogoProcontrol.jpg","width":350,"height":100,"caption":"PROCONTROL"},"image":{"@id":"https:\/\/procontrol-fr.com\/fr\/#\/schema\/logo\/image\/"},"sameAs":["https:\/\/x.com\/PROCONTROL_FR"]}]}},"_links":{"self":[{"href":"https:\/\/procontrol-fr.com\/fr\/wp-json\/wp\/v2\/pages\/698","targetHints":{"allow":["GET"]}}],"collection":[{"href":"https:\/\/procontrol-fr.com\/fr\/wp-json\/wp\/v2\/pages"}],"about":[{"href":"https:\/\/procontrol-fr.com\/fr\/wp-json\/wp\/v2\/types\/page"}],"author":[{"embeddable":true,"href":"https:\/\/procontrol-fr.com\/fr\/wp-json\/wp\/v2\/users\/1"}],"replies":[{"embeddable":true,"href":"https:\/\/procontrol-fr.com\/fr\/wp-json\/wp\/v2\/comments?post=698"}],"version-history":[{"count":28,"href":"https:\/\/procontrol-fr.com\/fr\/wp-json\/wp\/v2\/pages\/698\/revisions"}],"predecessor-version":[{"id":4605,"href":"https:\/\/procontrol-fr.com\/fr\/wp-json\/wp\/v2\/pages\/698\/revisions\/4605"}],"up":[{"embeddable":true,"href":"https:\/\/procontrol-fr.com\/fr\/wp-json\/wp\/v2\/pages\/42"}],"wp:attachment":[{"href":"https:\/\/procontrol-fr.com\/fr\/wp-json\/wp\/v2\/media?parent=698"}],"curies":[{"name":"wp","href":"https:\/\/api.w.org\/{rel}","templated":true}]}}