{"id":74,"date":"2013-03-05T18:31:38","date_gmt":"2013-03-05T18:31:38","guid":{"rendered":"http:\/\/procontrol-fr.com\/fr\/?page_id=74"},"modified":"2024-04-28T09:54:16","modified_gmt":"2024-04-28T08:54:16","slug":"nos-valeurs","status":"publish","type":"page","link":"https:\/\/procontrol-fr.com\/fr\/procontrol\/nos-valeurs\/","title":{"rendered":"NOS VALEURS"},"content":{"rendered":"<p style=\"text-align: justify;\">Nous reconnaissons que la gestion de l\u2019hygi\u00e8ne-sant\u00e9, s\u00e9curit\u00e9 des employ\u00e9s au travail et la r\u00e9duction de notre empreinte environnementale sont du devoir et de la responsabilit\u00e9 du management. Nous nous engageons \u00e0 int\u00e9grer ces donn\u00e9es dans la conduite de nos op\u00e9rations.<\/p>\n<div class=\"rtbs  rtbs_nos-valeurs\"><div class=\"rtbs_slug\" style=\"display:none\">nos-valeurs<\/div><div class=\"rtbs_inactive_tab_background\" style=\"display:none\">transparent<\/div><div class=\"rtbs_breakpoint\" style=\"display:none\">600<\/div><div class=\"rtbs_color\" style=\"display:none\">#1874c1<\/div>\r\n        <div class=\"rtbs_menu\">\r\n            <ul>\r\n                <li class=\"mobile_toggle\">&zwnj;<\/li><li class=\"current\"><a style=\"background:#1874c1\" class=\"active nos-valeurs-tab-link-0\" href=\"#\" data-tab=\"#nos-valeurs-tab-0\">Nos principes<\/a><\/li><li><a href=\"#\" data-tab=\"#nos-valeurs-tab-1\" class=\"nos-valeurs-tab-link-1\">Nos engagements<\/a><\/li>\r\n            <\/ul>\r\n        <\/div><div style=\"border-top:7px solid #1874c1;\" id=\"nos-valeurs-tab-0\" class=\"rtbs_content active\"><p>Nous croyons que :<\/p>\n<ul>\n<li>Aucun travail ne doit \u00eatre ex\u00e9cut\u00e9 s\u2019il n\u2019est pas r\u00e9alis\u00e9 dans des conditions de s\u00e9curit\u00e9 totale.<\/li>\n<li>La Sant\u00e9 et la S\u00e9curit\u00e9 au travail rel\u00e8vent de la responsabilit\u00e9 de chaque employ\u00e9, sous-traitants et visiteurs.<\/li>\n<li>Tous les accidents li\u00e9s au travail peuvent \u00eatre \u00e9vit\u00e9s.<\/li>\n<li>Contribuer \u00e0 la protection de l\u2019environnement naturel est de notre responsabilit\u00e9.<\/li>\n<li>Le Management \u00e0 la responsabilit\u00e9 de fournir les ressources n\u00e9cessaires pour mettre en place cette politique.<\/li>\n<li>Chaque employ\u00e9 doit respecter les normes HSE de PROCONTROL, des clients et les exigences r\u00e9glementaires quel que soit leur niveau d\u2019exigence.<\/li>\n<\/ul>\n<div style=\"margin-top:30px; clear:both;\"><\/div><\/div><div style=\"border-top:7px solid #1874c1;\" id=\"nos-valeurs-tab-1\" class=\"rtbs_content\"><p>L\u2019ensemble du management est responsable de l\u2019ex\u00e9cution de cette politique et doit maintenir son engagement pour :<\/p>\n<ul>\n<li>Prot\u00e9ger la sant\u00e9 et la s\u00e9curit\u00e9 de nos employ\u00e9s, visiteurs, sous-traitants et clients.<\/li>\n<li>\u00c9valuer le risque de nos op\u00e9rations et activit\u00e9s et d\u00e9velopper des plans d\u2019actions appropri\u00e9s.<\/li>\n<li>R\u00e9duire notre empreinte environnementale par la mise en \u0153uvre d\u2019initiatives de d\u00e9veloppement durable, minimisant l\u2019utilisation des ressources et les d\u00e9chets.<\/li>\n<li>Augmenter la sensibilisation de nos employ\u00e9s aux pr\u00e9occupations et probl\u00e9matiques HSE.<\/li>\n<li>S\u2019assurer que nos processus et programmes de management HSE sont proactifs, transparents et refl\u00e8tent les exigences de cette Politique.<\/li>\n<li>Fournir les outils, ressources internes et formations HSE n\u00e9cessaires \u00e0 la mise en place des syst\u00e8mes de management HSE.<\/li>\n<\/ul>\n<p>Les valeurs fondamentales de PROCONTROL et la politique HSE sont notre r\u00e9f\u00e9rentiel pour atteindre l\u2019objectif de \u00ab <strong>0<\/strong> \u00bb \u2013 z\u00e9ro accident, maladie et empreinte environnementale d\u00e9favorable.<\/p>\n<div style=\"margin-top:30px; clear:both;\"><\/div><\/div>\r\n    <\/div>\r\n    \n<p>&nbsp;<\/p>\n","protected":false},"excerpt":{"rendered":"<p>Nous reconnaissons que la gestion de l\u2019hygi\u00e8ne-sant\u00e9, s\u00e9curit\u00e9 des employ\u00e9s au travail et la r\u00e9duction de notre empreinte environnementale sont du devoir et de la responsabilit\u00e9 du management. Nous nous engageons \u00e0 int\u00e9grer ces donn\u00e9es dans la conduite de nos op\u00e9rations. &nbsp;<\/p>\n","protected":false},"author":1,"featured_media":0,"parent":42,"menu_order":3,"comment_status":"closed","ping_status":"closed","template":"left-sidebar.php","meta":{"footnotes":""},"class_list":["post-74","page","type-page","status-publish","hentry"],"yoast_head":"<!-- This site is optimized with the Yoast SEO plugin v27.5 - https:\/\/yoast.com\/product\/yoast-seo-wordpress\/ -->\n<title>PROCONTROL - Bureau de Contr\u00f4le V\u00e9rificaton \u00e9lectrique Levage Formation CACES\u00ae Formation habilitation \u00e9lectrique AIPR \u00e9lectricit\u00e9 SST Sauveteur secouriste du travail SST habilitation m\u00e9canique IRVE - Nos valeurs<\/title>\n<meta name=\"description\" content=\"Nous reconnaissons que la gestion de l\u2019hygi\u00e8ne, sant\u00e9 et s\u00e9curit\u00e9 des employ\u00e9s au travail et la r\u00e9duction de notre empreinte environnementale sont du devoir et de la responsabilit\u00e9 du management. Nous nous engageons \u00e0 int\u00e9grer ces donn\u00e9es dans la conduite de nos op\u00e9rations.\" \/>\n<meta name=\"robots\" content=\"index, follow, max-snippet:-1, max-image-preview:large, max-video-preview:-1\" \/>\n<link rel=\"canonical\" href=\"https:\/\/procontrol-fr.com\/fr\/procontrol\/nos-valeurs\/\" \/>\n<meta property=\"og:locale\" content=\"fr_FR\" \/>\n<meta property=\"og:type\" content=\"article\" \/>\n<meta property=\"og:title\" content=\"PROCONTROL - Bureau de Contr\u00f4le V\u00e9rificaton \u00e9lectrique Levage Formation CACES\u00ae Formation habilitation \u00e9lectrique AIPR \u00e9lectricit\u00e9 SST Sauveteur secouriste du travail SST habilitation m\u00e9canique IRVE - Nos valeurs\" \/>\n<meta property=\"og:description\" content=\"Nous reconnaissons que la gestion de l\u2019hygi\u00e8ne, sant\u00e9 et s\u00e9curit\u00e9 des employ\u00e9s au travail et la r\u00e9duction de notre empreinte environnementale sont du devoir et de la responsabilit\u00e9 du management. Nous nous engageons \u00e0 int\u00e9grer ces donn\u00e9es dans la conduite de nos op\u00e9rations.\" \/>\n<meta property=\"og:url\" content=\"https:\/\/procontrol-fr.com\/fr\/procontrol\/nos-valeurs\/\" \/>\n<meta property=\"og:site_name\" content=\"PROCONTROL - Bureau de Contr\u00f4le V\u00e9rificaton \u00e9lectrique Levage Formation CACES\u00ae Formation habilitation \u00e9lectrique AIPR \u00e9lectricit\u00e9 SST Sauveteur secouriste du travail SST habilitation m\u00e9canique IRVE\" \/>\n<meta property=\"article:modified_time\" content=\"2024-04-28T08:54:16+00:00\" \/>\n<meta name=\"twitter:card\" content=\"summary_large_image\" \/>\n<meta name=\"twitter:site\" content=\"@PROCONTROL_FR\" \/>\n<meta name=\"twitter:label1\" content=\"Dur\u00e9e de lecture estim\u00e9e\" \/>\n\t<meta name=\"twitter:data1\" content=\"1 minute\" \/>\n<script type=\"application\/ld+json\" class=\"yoast-schema-graph\">{\"@context\":\"https:\\\/\\\/schema.org\",\"@graph\":[{\"@type\":\"WebPage\",\"@id\":\"https:\\\/\\\/procontrol-fr.com\\\/fr\\\/procontrol\\\/nos-valeurs\\\/\",\"url\":\"https:\\\/\\\/procontrol-fr.com\\\/fr\\\/procontrol\\\/nos-valeurs\\\/\",\"name\":\"PROCONTROL - Bureau de Contr\u00f4le V\u00e9rificaton \u00e9lectrique Levage Formation CACES\u00ae Formation habilitation \u00e9lectrique AIPR \u00e9lectricit\u00e9 SST Sauveteur secouriste du travail SST habilitation m\u00e9canique IRVE - Nos valeurs\",\"isPartOf\":{\"@id\":\"https:\\\/\\\/procontrol-fr.com\\\/fr\\\/#website\"},\"datePublished\":\"2013-03-05T18:31:38+00:00\",\"dateModified\":\"2024-04-28T08:54:16+00:00\",\"description\":\"Nous reconnaissons que la gestion de l\u2019hygi\u00e8ne, sant\u00e9 et s\u00e9curit\u00e9 des employ\u00e9s au travail et la r\u00e9duction de notre empreinte environnementale sont du devoir et de la responsabilit\u00e9 du management. Nous nous engageons \u00e0 int\u00e9grer ces donn\u00e9es dans la conduite de nos op\u00e9rations.\",\"breadcrumb\":{\"@id\":\"https:\\\/\\\/procontrol-fr.com\\\/fr\\\/procontrol\\\/nos-valeurs\\\/#breadcrumb\"},\"inLanguage\":\"fr-FR\",\"potentialAction\":[{\"@type\":\"ReadAction\",\"target\":[\"https:\\\/\\\/procontrol-fr.com\\\/fr\\\/procontrol\\\/nos-valeurs\\\/\"]}]},{\"@type\":\"BreadcrumbList\",\"@id\":\"https:\\\/\\\/procontrol-fr.com\\\/fr\\\/procontrol\\\/nos-valeurs\\\/#breadcrumb\",\"itemListElement\":[{\"@type\":\"ListItem\",\"position\":1,\"name\":\"Accueil\",\"item\":\"https:\\\/\\\/procontrol-fr.com\\\/fr\\\/\"},{\"@type\":\"ListItem\",\"position\":2,\"name\":\"PROCONTROL\",\"item\":\"https:\\\/\\\/procontrol-fr.com\\\/fr\\\/procontrol\\\/\"},{\"@type\":\"ListItem\",\"position\":3,\"name\":\"NOS VALEURS\"}]},{\"@type\":\"WebSite\",\"@id\":\"https:\\\/\\\/procontrol-fr.com\\\/fr\\\/#website\",\"url\":\"https:\\\/\\\/procontrol-fr.com\\\/fr\\\/\",\"name\":\"PROCONTROL - Bureau de Contr\u00f4le, V\u00e9rification \u00e9lectrique, Levage, Formation CACES\u00ae, habilitation \u00e9lectrique, AIPR,...\",\"description\":\"\",\"publisher\":{\"@id\":\"https:\\\/\\\/procontrol-fr.com\\\/fr\\\/#organization\"},\"potentialAction\":[{\"@type\":\"SearchAction\",\"target\":{\"@type\":\"EntryPoint\",\"urlTemplate\":\"https:\\\/\\\/procontrol-fr.com\\\/fr\\\/?s={search_term_string}\"},\"query-input\":{\"@type\":\"PropertyValueSpecification\",\"valueRequired\":true,\"valueName\":\"search_term_string\"}}],\"inLanguage\":\"fr-FR\"},{\"@type\":\"Organization\",\"@id\":\"https:\\\/\\\/procontrol-fr.com\\\/fr\\\/#organization\",\"name\":\"PROCONTROL\",\"url\":\"https:\\\/\\\/procontrol-fr.com\\\/fr\\\/\",\"logo\":{\"@type\":\"ImageObject\",\"inLanguage\":\"fr-FR\",\"@id\":\"https:\\\/\\\/procontrol-fr.com\\\/fr\\\/#\\\/schema\\\/logo\\\/image\\\/\",\"url\":\"https:\\\/\\\/procontrol-fr.com\\\/fr\\\/wp-content\\\/uploads\\\/2016\\\/06\\\/LogoProcontrol.jpg\",\"contentUrl\":\"https:\\\/\\\/procontrol-fr.com\\\/fr\\\/wp-content\\\/uploads\\\/2016\\\/06\\\/LogoProcontrol.jpg\",\"width\":350,\"height\":100,\"caption\":\"PROCONTROL\"},\"image\":{\"@id\":\"https:\\\/\\\/procontrol-fr.com\\\/fr\\\/#\\\/schema\\\/logo\\\/image\\\/\"},\"sameAs\":[\"https:\\\/\\\/x.com\\\/PROCONTROL_FR\"]}]}<\/script>\n<!-- \/ Yoast SEO plugin. -->","yoast_head_json":{"title":"PROCONTROL - Bureau de Contr\u00f4le V\u00e9rificaton \u00e9lectrique Levage Formation CACES\u00ae Formation habilitation \u00e9lectrique AIPR \u00e9lectricit\u00e9 SST Sauveteur secouriste du travail SST habilitation m\u00e9canique IRVE - Nos valeurs","description":"Nous reconnaissons que la gestion de l\u2019hygi\u00e8ne, sant\u00e9 et s\u00e9curit\u00e9 des employ\u00e9s au travail et la r\u00e9duction de notre empreinte environnementale sont du devoir et de la responsabilit\u00e9 du management. Nous nous engageons \u00e0 int\u00e9grer ces donn\u00e9es dans la conduite de nos op\u00e9rations.","robots":{"index":"index","follow":"follow","max-snippet":"max-snippet:-1","max-image-preview":"max-image-preview:large","max-video-preview":"max-video-preview:-1"},"canonical":"https:\/\/procontrol-fr.com\/fr\/procontrol\/nos-valeurs\/","og_locale":"fr_FR","og_type":"article","og_title":"PROCONTROL - Bureau de Contr\u00f4le V\u00e9rificaton \u00e9lectrique Levage Formation CACES\u00ae Formation habilitation \u00e9lectrique AIPR \u00e9lectricit\u00e9 SST Sauveteur secouriste du travail SST habilitation m\u00e9canique IRVE - Nos valeurs","og_description":"Nous reconnaissons que la gestion de l\u2019hygi\u00e8ne, sant\u00e9 et s\u00e9curit\u00e9 des employ\u00e9s au travail et la r\u00e9duction de notre empreinte environnementale sont du devoir et de la responsabilit\u00e9 du management. Nous nous engageons \u00e0 int\u00e9grer ces donn\u00e9es dans la conduite de nos op\u00e9rations.","og_url":"https:\/\/procontrol-fr.com\/fr\/procontrol\/nos-valeurs\/","og_site_name":"PROCONTROL - Bureau de Contr\u00f4le V\u00e9rificaton \u00e9lectrique Levage Formation CACES\u00ae Formation habilitation \u00e9lectrique AIPR \u00e9lectricit\u00e9 SST Sauveteur secouriste du travail SST habilitation m\u00e9canique IRVE","article_modified_time":"2024-04-28T08:54:16+00:00","twitter_card":"summary_large_image","twitter_site":"@PROCONTROL_FR","twitter_misc":{"Dur\u00e9e de lecture estim\u00e9e":"1 minute"},"schema":{"@context":"https:\/\/schema.org","@graph":[{"@type":"WebPage","@id":"https:\/\/procontrol-fr.com\/fr\/procontrol\/nos-valeurs\/","url":"https:\/\/procontrol-fr.com\/fr\/procontrol\/nos-valeurs\/","name":"PROCONTROL - Bureau de Contr\u00f4le V\u00e9rificaton \u00e9lectrique Levage Formation CACES\u00ae Formation habilitation \u00e9lectrique AIPR \u00e9lectricit\u00e9 SST Sauveteur secouriste du travail SST habilitation m\u00e9canique IRVE - Nos valeurs","isPartOf":{"@id":"https:\/\/procontrol-fr.com\/fr\/#website"},"datePublished":"2013-03-05T18:31:38+00:00","dateModified":"2024-04-28T08:54:16+00:00","description":"Nous reconnaissons que la gestion de l\u2019hygi\u00e8ne, sant\u00e9 et s\u00e9curit\u00e9 des employ\u00e9s au travail et la r\u00e9duction de notre empreinte environnementale sont du devoir et de la responsabilit\u00e9 du management. Nous nous engageons \u00e0 int\u00e9grer ces donn\u00e9es dans la conduite de nos op\u00e9rations.","breadcrumb":{"@id":"https:\/\/procontrol-fr.com\/fr\/procontrol\/nos-valeurs\/#breadcrumb"},"inLanguage":"fr-FR","potentialAction":[{"@type":"ReadAction","target":["https:\/\/procontrol-fr.com\/fr\/procontrol\/nos-valeurs\/"]}]},{"@type":"BreadcrumbList","@id":"https:\/\/procontrol-fr.com\/fr\/procontrol\/nos-valeurs\/#breadcrumb","itemListElement":[{"@type":"ListItem","position":1,"name":"Accueil","item":"https:\/\/procontrol-fr.com\/fr\/"},{"@type":"ListItem","position":2,"name":"PROCONTROL","item":"https:\/\/procontrol-fr.com\/fr\/procontrol\/"},{"@type":"ListItem","position":3,"name":"NOS VALEURS"}]},{"@type":"WebSite","@id":"https:\/\/procontrol-fr.com\/fr\/#website","url":"https:\/\/procontrol-fr.com\/fr\/","name":"PROCONTROL - Bureau de Contr\u00f4le, V\u00e9rification \u00e9lectrique, Levage, Formation CACES\u00ae, habilitation \u00e9lectrique, AIPR,...","description":"","publisher":{"@id":"https:\/\/procontrol-fr.com\/fr\/#organization"},"potentialAction":[{"@type":"SearchAction","target":{"@type":"EntryPoint","urlTemplate":"https:\/\/procontrol-fr.com\/fr\/?s={search_term_string}"},"query-input":{"@type":"PropertyValueSpecification","valueRequired":true,"valueName":"search_term_string"}}],"inLanguage":"fr-FR"},{"@type":"Organization","@id":"https:\/\/procontrol-fr.com\/fr\/#organization","name":"PROCONTROL","url":"https:\/\/procontrol-fr.com\/fr\/","logo":{"@type":"ImageObject","inLanguage":"fr-FR","@id":"https:\/\/procontrol-fr.com\/fr\/#\/schema\/logo\/image\/","url":"https:\/\/procontrol-fr.com\/fr\/wp-content\/uploads\/2016\/06\/LogoProcontrol.jpg","contentUrl":"https:\/\/procontrol-fr.com\/fr\/wp-content\/uploads\/2016\/06\/LogoProcontrol.jpg","width":350,"height":100,"caption":"PROCONTROL"},"image":{"@id":"https:\/\/procontrol-fr.com\/fr\/#\/schema\/logo\/image\/"},"sameAs":["https:\/\/x.com\/PROCONTROL_FR"]}]}},"_links":{"self":[{"href":"https:\/\/procontrol-fr.com\/fr\/wp-json\/wp\/v2\/pages\/74","targetHints":{"allow":["GET"]}}],"collection":[{"href":"https:\/\/procontrol-fr.com\/fr\/wp-json\/wp\/v2\/pages"}],"about":[{"href":"https:\/\/procontrol-fr.com\/fr\/wp-json\/wp\/v2\/types\/page"}],"author":[{"embeddable":true,"href":"https:\/\/procontrol-fr.com\/fr\/wp-json\/wp\/v2\/users\/1"}],"replies":[{"embeddable":true,"href":"https:\/\/procontrol-fr.com\/fr\/wp-json\/wp\/v2\/comments?post=74"}],"version-history":[{"count":13,"href":"https:\/\/procontrol-fr.com\/fr\/wp-json\/wp\/v2\/pages\/74\/revisions"}],"predecessor-version":[{"id":3673,"href":"https:\/\/procontrol-fr.com\/fr\/wp-json\/wp\/v2\/pages\/74\/revisions\/3673"}],"up":[{"embeddable":true,"href":"https:\/\/procontrol-fr.com\/fr\/wp-json\/wp\/v2\/pages\/42"}],"wp:attachment":[{"href":"https:\/\/procontrol-fr.com\/fr\/wp-json\/wp\/v2\/media?parent=74"}],"curies":[{"name":"wp","href":"https:\/\/api.w.org\/{rel}","templated":true}]}}