{"id":754,"date":"2013-11-10T16:16:29","date_gmt":"2013-11-10T14:16:29","guid":{"rendered":"http:\/\/procontrol-fr.com\/fr\/?page_id=754"},"modified":"2024-04-28T09:45:34","modified_gmt":"2024-04-28T08:45:34","slug":"habilitation-electrique-h1-h1v-h2-h2v-hc-travaux-electriques-haute-tension-hta","status":"publish","type":"page","link":"https:\/\/procontrol-fr.com\/fr\/nos-formations\/habilitations-electriques\/habilitation-electrique-h1-h1v-h2-h2v-hc-travaux-electriques-haute-tension-hta\/","title":{"rendered":"Habilitation \u00e9lectrique &#8211;  Haute Tension HTA &#8211; H1, H1V, H2, H2V, HC"},"content":{"rendered":"<div class=\"rtbs  rtbs_habelec-h1\"><div class=\"rtbs_slug\" style=\"display:none\">habelec-h1<\/div><div class=\"rtbs_inactive_tab_background\" style=\"display:none\">transparent<\/div><div class=\"rtbs_breakpoint\" style=\"display:none\">600<\/div><div class=\"rtbs_color\" style=\"display:none\">#1874c1<\/div>\r\n        <div class=\"rtbs_menu\">\r\n            <ul>\r\n                <li class=\"mobile_toggle\">&zwnj;<\/li><li class=\"current\"><a style=\"background:#1874c1\" class=\"active habelec-h1-tab-link-0\" href=\"#\" data-tab=\"#habelec-h1-tab-0\">Objectifs<\/a><\/li><li><a href=\"#\" data-tab=\"#habelec-h1-tab-1\" class=\"habelec-h1-tab-link-1\">Publics et pr\u00e9requis<\/a><\/li><li><a href=\"#\" data-tab=\"#habelec-h1-tab-2\" class=\"habelec-h1-tab-link-2\">Programme<\/a><\/li><li><a href=\"#\" data-tab=\"#habelec-h1-tab-3\" class=\"habelec-h1-tab-link-3\">Evaluation<\/a><\/li><li><a href=\"#\" data-tab=\"#habelec-h1-tab-4\" class=\"habelec-h1-tab-link-4\">Dur\u00e9e<\/a><\/li>\r\n            <\/ul>\r\n        <\/div><div style=\"border-top:7px solid #1874c1;\" id=\"habelec-h1-tab-0\" class=\"rtbs_content active\"><p>R\u00e9aliser en s\u00e9curit\u00e9 des travaux et des consignations sur des installations en Haute Tension.<\/p>\n<p>\u00a0<\/p>\n<p>Mise \u00e0 jour : 28 03 2024<\/p>\n<div style=\"margin-top:30px; clear:both;\"><\/div><\/div><div style=\"border-top:7px solid #1874c1;\" id=\"habelec-h1-tab-1\" class=\"rtbs_content\"><p><div class=\"su-service\"><div class=\"su-service-title\" style=\"padding-left:38px;min-height:24px;line-height:24px\"><i class=\"sui sui-users\" style=\"font-size:24px;color:#333\"><\/i> \u00c9lectriciens<\/div><div class=\"su-service-content su-u-clearfix su-u-trim\" style=\"padding-left:38px\">r\u00e9alisant des travaux \u00e9lectriques et des consignations sur des installations en HTA : \u00e9lectriciens, chefs d\u2019\u00e9quipe et techniciens lors de travaux dans des postes HT \/ BT, monteurs et chefs d\u2019\u00e9quipe de r\u00e9seaux \u00e9lectriques et d\u2019\u00e9clairage public, \u2026<\/div><\/div><\/p>\n<p><div class=\"su-service\"><div class=\"su-service-title\" style=\"padding-left:38px;min-height:24px;line-height:24px\"><i class=\"sui sui-exclamation-circle\" style=\"font-size:24px;color:#33333\"><\/i> \u00catre habilit\u00e9 aux travaux en Basse Tension (B1, B1V, B2, B2V), ou avoir obtenu un avis favorable en vue de l'habilitation \u00e9lectrique aux travaux BT..<\/div><div class=\"su-service-content su-u-clearfix su-u-trim\" style=\"padding-left:38px\"><\/div><\/div><\/p>\n<div style=\"margin-top:30px; clear:both;\"><\/div><\/div><div style=\"border-top:7px solid #1874c1;\" id=\"habelec-h1-tab-2\" class=\"rtbs_content\"><p><div class=\"su-service\"><div class=\"su-service-title\" style=\"padding-left:38px;min-height:24px;line-height:24px\"><i class=\"sui sui-pencil-square-o\" style=\"font-size:24px;color:#333\"><\/i> Th\u00e9orie<\/div><div class=\"su-service-content su-u-clearfix su-u-trim\" style=\"padding-left:38px\"><\/p>\n<ul>\n<li>Th\u00e9orie La r\u00e9glementation sur la s\u00e9curit\u00e9 \u00e9lectrique applicable aux \u00e9lectriciens : d\u00e9cret du 22 septembre 2010 et norme NF C18-510.<\/li>\n<li>Les dangers de l\u2019\u00e9lectricit\u00e9 et de la haute tension, les zones \u00e0 risque \u00e9lectrique, les niveaux d\u2019habilitation, les documents applicables, les moyens de protection.<\/li>\n<li>L\u2019\u00e9valuation et la pr\u00e9vention des risques \u00e9lectriques lors des travaux en HTA.<\/li>\n<li>Conduite \u00e0 tenir en cas d\u2019incident ou d\u2019accident d\u2019origine \u00e9lectrique, cas de la haute tension.<\/li>\n<li>Prescriptions de s\u00e9curit\u00e9 \u00e9lectrique dans le cadre d\u2019op\u00e9rations de consignation et de travaux, sur des installations en haute tension du domaine HTA<\/li>\n<\/ul>\n<p><\/div><\/div> <div class=\"su-service\"><div class=\"su-service-title\" style=\"padding-left:38px;min-height:24px;line-height:24px\"><i class=\"sui sui-cogs\" style=\"font-size:24px;color:#333\"><\/i> Pratique<\/div><div class=\"su-service-content su-u-clearfix su-u-trim\" style=\"padding-left:38px\"><\/p>\n<ul>\n<li><span class=\"mig-label-val\"><span class=\"mig-produit-contenu-val\">R\u00e9alisation d'exercices pratiques : <\/span><\/span>\n<ul>\n<li><span class=\"mig-label-val\"><span class=\"mig-produit-contenu-val\">Le rep\u00e9rage des environnements ou locaux \u00e0 risques<\/span><\/span><\/li>\n<li><span class=\"mig-label-val\"><span class=\"mig-produit-contenu-val\">L\u2019application de la pr\u00e9vention du risque \u00e9lectrique<\/span><\/span><\/li>\n<li><span class=\"mig-label-val\"><span class=\"mig-produit-contenu-val\">La pr\u00e9paration et la direction des travaux d\u2019ordre \u00e9lectrique<\/span><\/span><\/li>\n<li><span class=\"mig-label-val\"><span class=\"mig-produit-contenu-val\">Les \u00e9tapes de consignation<\/span><\/span><\/li>\n<li><span class=\"mig-label-val\"><span class=\"mig-produit-contenu-val\">Le balisage de la zone de travaux et sa surveillance<\/span><\/span><\/li>\n<li><span class=\"mig-label-val\"><span class=\"mig-produit-contenu-val\">La pose d\u2019un EPC<\/span><\/span><\/li>\n<li><span class=\"mig-label-val\"><span class=\"mig-produit-contenu-val\">La r\u00e9daction des documents et le compte rendu de son activit\u00e9.<\/span><\/span><\/li>\n<li><strong><span class=\"mig-label-val\"><span class=\"mig-produit-contenu-val\"><i>Pratiques r\u00e9alis\u00e9es sur des installations<\/i><\/span><\/span><em> en HTA de l\u2019entreprise.<\/em><\/strong><\/li>\n<\/ul>\n<\/li>\n<\/ul>\n<p><\/div><\/div><\/p>\n<p class=\"gray-paragraphe\"><strong class=\"black-strong\">Modalit\u00e9s p\u00e9dagogiques :<\/strong> Pr\u00e9sentiel<\/p>\n<p><div class=\"su-service\"><div class=\"su-service-title\" style=\"padding-left:44px;min-height:30px;line-height:30px\"><i class=\"sui sui-line-chart\" style=\"font-size:30px;color:#000000\"><\/i> Taux de r\u00e9ussite<\/div><div class=\"su-service-content su-u-clearfix su-u-trim\" style=\"padding-left:44px\">100 %<\/div><\/div><\/p>\n<div style=\"margin-top:30px; clear:both;\"><\/div><\/div><div style=\"border-top:7px solid #1874c1;\" id=\"habelec-h1-tab-3\" class=\"rtbs_content\"><p><div class=\"su-service\"><div class=\"su-service-title\" style=\"padding-left:38px;min-height:24px;line-height:24px\"><i class=\"sui sui-pencil-square\" style=\"font-size:24px;color:#333\"><\/i> \u00c9valuation th\u00e9orique<\/div><div class=\"su-service-content su-u-clearfix su-u-trim\" style=\"padding-left:38px\">questionnaires de type <span class=\"codehtml prettyprint lang-html\"><acronym title=\"Questionnaires \u00e0 choix multiples\">QCM<\/acronym><\/span><\/div><\/div> <acronym title=\"Questionnaires \u00e0 choix multiples\"><\/acronym><div class=\"su-service\"><div class=\"su-service-title\" style=\"padding-left:38px;min-height:24px;line-height:24px\"><i class=\"sui sui-cogs\" style=\"font-size:24px;color:#333\"><\/i> Evaluation pratique<\/div><div class=\"su-service-content su-u-clearfix su-u-trim\" style=\"padding-left:38px\">sur installations \u00e9lectriques<\/div><\/div><\/p>\n<p><div class=\"su-service\"><div class=\"su-service-title\" style=\"padding-left:44px;min-height:30px;line-height:30px\"><i class=\"sui sui-line-chart\" style=\"font-size:30px;color:#000000\"><\/i> Taux de r\u00e9ussite<\/div><div class=\"su-service-content su-u-clearfix su-u-trim\" style=\"padding-left:44px\">91 %<\/div><\/div><\/p>\n<p><div class=\"su-service\"><div class=\"su-service-title\" style=\"padding-left:44px;min-height:30px;line-height:30px\"><i class=\"sui sui-bar-chart-o\" style=\"font-size:30px;color:#000000\"><\/i> Taux de satisfaction<\/div><div class=\"su-service-content su-u-clearfix su-u-trim\" style=\"padding-left:44px\">92 %<\/div><\/div><\/p>\n<div style=\"margin-top:30px; clear:both;\"><\/div><\/div><div style=\"border-top:7px solid #1874c1;\" id=\"habelec-h1-tab-4\" class=\"rtbs_content\"><p><div class=\"su-service\"><div class=\"su-service-title\" style=\"padding-left:38px;min-height:24px;line-height:24px\"><i class=\"sui sui-clock-o\" style=\"font-size:24px;color:#333\"><\/i> Dur\u00e9e<\/div><div class=\"su-service-content su-u-clearfix su-u-trim\" style=\"padding-left:38px\">Formation initiale et renouvellement <\/div><\/div><\/p>\n<p>- Formation initiale : 3,5 jours<\/p>\n<p>- Recyclage : 1,5 jours<\/p>\n<div style=\"margin-top:30px; clear:both;\"><\/div><\/div>\r\n    <\/div>\r\n    \n<div class=\"su-tabs su-tabs-style-default su-tabs-mobile-stack\" data-active=\"1\" data-scroll-offset=\"0\" data-anchor-in-url=\"no\"><div class=\"su-tabs-nav\"><span class=\"\" data-url=\"\" data-target=\"blank\" tabindex=\"0\" role=\"button\">Contactez-nous<\/span><span class=\"\" data-url=\"\" data-target=\"blank\" tabindex=\"0\" role=\"button\">Calendrier<\/span><span class=\"\" data-url=\"\" data-target=\"blank\" tabindex=\"0\" role=\"button\">Tarifs<\/span><\/div><div class=\"su-tabs-panes\"><div class=\"su-tabs-pane su-u-clearfix su-u-trim\" data-title=\"Contactez-nous\">\n<ul class=\"contact_info\">\n<li>un devis ?<\/li>\n<li>une information ?<\/li>\n<li>une inscription ?<\/li>\n<\/ul>\n<div class=\"su-service\"><div class=\"su-service-title\" style=\"padding-left:36px;min-height:22px;line-height:22px\"><i class=\"sui sui-phone-square\" style=\"font-size:22px;color:#333\"><\/i> 05 31 61 50 06<\/div><div class=\"su-service-content su-u-clearfix su-u-trim\" style=\"padding-left:36px\"><\/div><\/div><\/div>\n<div class=\"su-tabs-pane su-u-clearfix su-u-trim\" data-title=\"Calendrier\">\n<span class=\"cbbtn-flat\">\r\n\t\t<a class=\"btn btn-info  btn-small\" href=\"https:\/\/procontrol-fr.com\/fr\/nos-formations\/calendrier-formation\/\" target=\"_blank\"><i class=\"icon-calendar  icon-white\"><\/i> Voir le calendrier des formations<\/a>\r\n\t\t<\/span><\/div>\n<div class=\"su-tabs-pane su-u-clearfix su-u-trim\" data-title=\"Tarifs\">\n<p>Inter : \u00e0 partir de 550 \u20ac H.T. (prix par stagiaire)<br \/>\nIntra : nous consulter<\/div><\/div><\/div>\n","protected":false},"excerpt":{"rendered":"","protected":false},"author":1,"featured_media":5671,"parent":922,"menu_order":6,"comment_status":"closed","ping_status":"closed","template":"left-sidebar.php","meta":{"footnotes":""},"class_list":["post-754","page","type-page","status-publish","has-post-thumbnail","hentry"],"yoast_head":"<!-- This site is optimized with the Yoast SEO plugin v27.3 - https:\/\/yoast.com\/product\/yoast-seo-wordpress\/ -->\n<title>Formation \u00e0 l&#039;habilitation \u00e9lectrique H1, H1V, H2, H2V, HC (HTA)<\/title>\n<meta name=\"description\" content=\"Formation et pr\u00e9paration \u00e0 l&#039;habilitation \u00e9lectrique. Seul le personnel habilit\u00e9 conform\u00e9ment aux dispositions pr\u00e9vues dans le Code du travail pourra r\u00e9aliser des op\u00e9rations d\u2019ordre \u00e9lectrique ou non \u00e9lectrique. PROCONTROL\u00ae propose ainsi un ensemble de formations destin\u00e9s \u00e0 la pr\u00e9vention du risque \u00e9lectrique, en fonction de la nature de vos missions : travaux hors sous tension (basse tension ou haute tension), travaux au voisinage, interventions \u00e9l\u00e9mentaires ou g\u00e9n\u00e9rales, photovolta\u00efque\u2026\" \/>\n<meta name=\"robots\" content=\"index, follow, max-snippet:-1, max-image-preview:large, max-video-preview:-1\" \/>\n<link rel=\"canonical\" href=\"https:\/\/procontrol-fr.com\/fr\/nos-formations\/habilitations-electriques\/habilitation-electrique-h1-h1v-h2-h2v-hc-travaux-electriques-haute-tension-hta\/\" \/>\n<meta property=\"og:locale\" content=\"fr_FR\" \/>\n<meta property=\"og:type\" content=\"article\" \/>\n<meta property=\"og:title\" content=\"Formation \u00e0 l&#039;habilitation \u00e9lectrique H1, H1V, H2, H2V, HC (HTA)\" \/>\n<meta property=\"og:description\" content=\"Formation et pr\u00e9paration \u00e0 l&#039;habilitation \u00e9lectrique. Seul le personnel habilit\u00e9 conform\u00e9ment aux dispositions pr\u00e9vues dans le Code du travail pourra r\u00e9aliser des op\u00e9rations d\u2019ordre \u00e9lectrique ou non \u00e9lectrique. PROCONTROL\u00ae propose ainsi un ensemble de formations destin\u00e9s \u00e0 la pr\u00e9vention du risque \u00e9lectrique, en fonction de la nature de vos missions : travaux hors sous tension (basse tension ou haute tension), travaux au voisinage, interventions \u00e9l\u00e9mentaires ou g\u00e9n\u00e9rales, photovolta\u00efque\u2026\" \/>\n<meta property=\"og:url\" content=\"https:\/\/procontrol-fr.com\/fr\/nos-formations\/habilitations-electriques\/habilitation-electrique-h1-h1v-h2-h2v-hc-travaux-electriques-haute-tension-hta\/\" \/>\n<meta property=\"og:site_name\" content=\"PROCONTROL - Bureau de Contr\u00f4le V\u00e9rificaton \u00e9lectrique Levage Formation CACES\u00ae Formation habilitation \u00e9lectrique AIPR \u00e9lectricit\u00e9 SST Sauveteur secouriste du travail SST habilitation m\u00e9canique IRVE\" \/>\n<meta property=\"article:modified_time\" content=\"2024-04-28T08:45:34+00:00\" \/>\n<meta property=\"og:image\" content=\"https:\/\/procontrol-fr.com\/fr\/wp-content\/uploads\/2024\/04\/Hab_Elec_HT-web-scaled.jpg\" \/>\n\t<meta property=\"og:image:width\" content=\"2560\" \/>\n\t<meta property=\"og:image:height\" content=\"739\" \/>\n\t<meta property=\"og:image:type\" content=\"image\/jpeg\" \/>\n<meta name=\"twitter:card\" content=\"summary_large_image\" \/>\n<meta name=\"twitter:site\" content=\"@PROCONTROL_FR\" \/>\n<meta name=\"twitter:label1\" content=\"Dur\u00e9e de lecture estim\u00e9e\" \/>\n\t<meta name=\"twitter:data1\" content=\"1 minute\" \/>\n<script type=\"application\/ld+json\" class=\"yoast-schema-graph\">{\"@context\":\"https:\\\/\\\/schema.org\",\"@graph\":[{\"@type\":\"WebPage\",\"@id\":\"https:\\\/\\\/procontrol-fr.com\\\/fr\\\/nos-formations\\\/habilitations-electriques\\\/habilitation-electrique-h1-h1v-h2-h2v-hc-travaux-electriques-haute-tension-hta\\\/\",\"url\":\"https:\\\/\\\/procontrol-fr.com\\\/fr\\\/nos-formations\\\/habilitations-electriques\\\/habilitation-electrique-h1-h1v-h2-h2v-hc-travaux-electriques-haute-tension-hta\\\/\",\"name\":\"Formation \u00e0 l'habilitation \u00e9lectrique H1, H1V, H2, H2V, HC (HTA)\",\"isPartOf\":{\"@id\":\"https:\\\/\\\/procontrol-fr.com\\\/fr\\\/#website\"},\"primaryImageOfPage\":{\"@id\":\"https:\\\/\\\/procontrol-fr.com\\\/fr\\\/nos-formations\\\/habilitations-electriques\\\/habilitation-electrique-h1-h1v-h2-h2v-hc-travaux-electriques-haute-tension-hta\\\/#primaryimage\"},\"image\":{\"@id\":\"https:\\\/\\\/procontrol-fr.com\\\/fr\\\/nos-formations\\\/habilitations-electriques\\\/habilitation-electrique-h1-h1v-h2-h2v-hc-travaux-electriques-haute-tension-hta\\\/#primaryimage\"},\"thumbnailUrl\":\"https:\\\/\\\/procontrol-fr.com\\\/fr\\\/wp-content\\\/uploads\\\/2024\\\/04\\\/Hab_Elec_HT-web-scaled.jpg\",\"datePublished\":\"2013-11-10T14:16:29+00:00\",\"dateModified\":\"2024-04-28T08:45:34+00:00\",\"description\":\"Formation et pr\u00e9paration \u00e0 l'habilitation \u00e9lectrique. Seul le personnel habilit\u00e9 conform\u00e9ment aux dispositions pr\u00e9vues dans le Code du travail pourra r\u00e9aliser des op\u00e9rations d\u2019ordre \u00e9lectrique ou non \u00e9lectrique. PROCONTROL\u00ae propose ainsi un ensemble de formations destin\u00e9s \u00e0 la pr\u00e9vention du risque \u00e9lectrique, en fonction de la nature de vos missions : travaux hors sous tension (basse tension ou haute tension), travaux au voisinage, interventions \u00e9l\u00e9mentaires ou g\u00e9n\u00e9rales, photovolta\u00efque\u2026\",\"breadcrumb\":{\"@id\":\"https:\\\/\\\/procontrol-fr.com\\\/fr\\\/nos-formations\\\/habilitations-electriques\\\/habilitation-electrique-h1-h1v-h2-h2v-hc-travaux-electriques-haute-tension-hta\\\/#breadcrumb\"},\"inLanguage\":\"fr-FR\",\"potentialAction\":[{\"@type\":\"ReadAction\",\"target\":[\"https:\\\/\\\/procontrol-fr.com\\\/fr\\\/nos-formations\\\/habilitations-electriques\\\/habilitation-electrique-h1-h1v-h2-h2v-hc-travaux-electriques-haute-tension-hta\\\/\"]}]},{\"@type\":\"ImageObject\",\"inLanguage\":\"fr-FR\",\"@id\":\"https:\\\/\\\/procontrol-fr.com\\\/fr\\\/nos-formations\\\/habilitations-electriques\\\/habilitation-electrique-h1-h1v-h2-h2v-hc-travaux-electriques-haute-tension-hta\\\/#primaryimage\",\"url\":\"https:\\\/\\\/procontrol-fr.com\\\/fr\\\/wp-content\\\/uploads\\\/2024\\\/04\\\/Hab_Elec_HT-web-scaled.jpg\",\"contentUrl\":\"https:\\\/\\\/procontrol-fr.com\\\/fr\\\/wp-content\\\/uploads\\\/2024\\\/04\\\/Hab_Elec_HT-web-scaled.jpg\",\"width\":2560,\"height\":739},{\"@type\":\"BreadcrumbList\",\"@id\":\"https:\\\/\\\/procontrol-fr.com\\\/fr\\\/nos-formations\\\/habilitations-electriques\\\/habilitation-electrique-h1-h1v-h2-h2v-hc-travaux-electriques-haute-tension-hta\\\/#breadcrumb\",\"itemListElement\":[{\"@type\":\"ListItem\",\"position\":1,\"name\":\"Accueil\",\"item\":\"https:\\\/\\\/procontrol-fr.com\\\/fr\\\/\"},{\"@type\":\"ListItem\",\"position\":2,\"name\":\"NOS FORMATIONS\",\"item\":\"https:\\\/\\\/procontrol-fr.com\\\/fr\\\/nos-formations\\\/\"},{\"@type\":\"ListItem\",\"position\":3,\"name\":\"HABILITATION ELECTRIQUE\",\"item\":\"https:\\\/\\\/procontrol-fr.com\\\/fr\\\/nos-formations\\\/habilitations-electriques\\\/\"},{\"@type\":\"ListItem\",\"position\":4,\"name\":\"Habilitation \u00e9lectrique &#8211; Haute Tension HTA &#8211; H1, H1V, H2, H2V, HC\"}]},{\"@type\":\"WebSite\",\"@id\":\"https:\\\/\\\/procontrol-fr.com\\\/fr\\\/#website\",\"url\":\"https:\\\/\\\/procontrol-fr.com\\\/fr\\\/\",\"name\":\"PROCONTROL - Bureau de Contr\u00f4le, V\u00e9rification \u00e9lectrique, Levage, Formation CACES\u00ae, habilitation \u00e9lectrique, AIPR,...\",\"description\":\"\",\"publisher\":{\"@id\":\"https:\\\/\\\/procontrol-fr.com\\\/fr\\\/#organization\"},\"potentialAction\":[{\"@type\":\"SearchAction\",\"target\":{\"@type\":\"EntryPoint\",\"urlTemplate\":\"https:\\\/\\\/procontrol-fr.com\\\/fr\\\/?s={search_term_string}\"},\"query-input\":{\"@type\":\"PropertyValueSpecification\",\"valueRequired\":true,\"valueName\":\"search_term_string\"}}],\"inLanguage\":\"fr-FR\"},{\"@type\":\"Organization\",\"@id\":\"https:\\\/\\\/procontrol-fr.com\\\/fr\\\/#organization\",\"name\":\"PROCONTROL\",\"url\":\"https:\\\/\\\/procontrol-fr.com\\\/fr\\\/\",\"logo\":{\"@type\":\"ImageObject\",\"inLanguage\":\"fr-FR\",\"@id\":\"https:\\\/\\\/procontrol-fr.com\\\/fr\\\/#\\\/schema\\\/logo\\\/image\\\/\",\"url\":\"https:\\\/\\\/procontrol-fr.com\\\/fr\\\/wp-content\\\/uploads\\\/2016\\\/06\\\/LogoProcontrol.jpg\",\"contentUrl\":\"https:\\\/\\\/procontrol-fr.com\\\/fr\\\/wp-content\\\/uploads\\\/2016\\\/06\\\/LogoProcontrol.jpg\",\"width\":350,\"height\":100,\"caption\":\"PROCONTROL\"},\"image\":{\"@id\":\"https:\\\/\\\/procontrol-fr.com\\\/fr\\\/#\\\/schema\\\/logo\\\/image\\\/\"},\"sameAs\":[\"https:\\\/\\\/x.com\\\/PROCONTROL_FR\"]}]}<\/script>\n<!-- \/ Yoast SEO plugin. -->","yoast_head_json":{"title":"Formation \u00e0 l'habilitation \u00e9lectrique H1, H1V, H2, H2V, HC (HTA)","description":"Formation et pr\u00e9paration \u00e0 l'habilitation \u00e9lectrique. Seul le personnel habilit\u00e9 conform\u00e9ment aux dispositions pr\u00e9vues dans le Code du travail pourra r\u00e9aliser des op\u00e9rations d\u2019ordre \u00e9lectrique ou non \u00e9lectrique. PROCONTROL\u00ae propose ainsi un ensemble de formations destin\u00e9s \u00e0 la pr\u00e9vention du risque \u00e9lectrique, en fonction de la nature de vos missions : travaux hors sous tension (basse tension ou haute tension), travaux au voisinage, interventions \u00e9l\u00e9mentaires ou g\u00e9n\u00e9rales, photovolta\u00efque\u2026","robots":{"index":"index","follow":"follow","max-snippet":"max-snippet:-1","max-image-preview":"max-image-preview:large","max-video-preview":"max-video-preview:-1"},"canonical":"https:\/\/procontrol-fr.com\/fr\/nos-formations\/habilitations-electriques\/habilitation-electrique-h1-h1v-h2-h2v-hc-travaux-electriques-haute-tension-hta\/","og_locale":"fr_FR","og_type":"article","og_title":"Formation \u00e0 l'habilitation \u00e9lectrique H1, H1V, H2, H2V, HC (HTA)","og_description":"Formation et pr\u00e9paration \u00e0 l'habilitation \u00e9lectrique. Seul le personnel habilit\u00e9 conform\u00e9ment aux dispositions pr\u00e9vues dans le Code du travail pourra r\u00e9aliser des op\u00e9rations d\u2019ordre \u00e9lectrique ou non \u00e9lectrique. PROCONTROL\u00ae propose ainsi un ensemble de formations destin\u00e9s \u00e0 la pr\u00e9vention du risque \u00e9lectrique, en fonction de la nature de vos missions : travaux hors sous tension (basse tension ou haute tension), travaux au voisinage, interventions \u00e9l\u00e9mentaires ou g\u00e9n\u00e9rales, photovolta\u00efque\u2026","og_url":"https:\/\/procontrol-fr.com\/fr\/nos-formations\/habilitations-electriques\/habilitation-electrique-h1-h1v-h2-h2v-hc-travaux-electriques-haute-tension-hta\/","og_site_name":"PROCONTROL - Bureau de Contr\u00f4le V\u00e9rificaton \u00e9lectrique Levage Formation CACES\u00ae Formation habilitation \u00e9lectrique AIPR \u00e9lectricit\u00e9 SST Sauveteur secouriste du travail SST habilitation m\u00e9canique IRVE","article_modified_time":"2024-04-28T08:45:34+00:00","og_image":[{"width":2560,"height":739,"url":"https:\/\/procontrol-fr.com\/fr\/wp-content\/uploads\/2024\/04\/Hab_Elec_HT-web-scaled.jpg","type":"image\/jpeg"}],"twitter_card":"summary_large_image","twitter_site":"@PROCONTROL_FR","twitter_misc":{"Dur\u00e9e de lecture estim\u00e9e":"1 minute"},"schema":{"@context":"https:\/\/schema.org","@graph":[{"@type":"WebPage","@id":"https:\/\/procontrol-fr.com\/fr\/nos-formations\/habilitations-electriques\/habilitation-electrique-h1-h1v-h2-h2v-hc-travaux-electriques-haute-tension-hta\/","url":"https:\/\/procontrol-fr.com\/fr\/nos-formations\/habilitations-electriques\/habilitation-electrique-h1-h1v-h2-h2v-hc-travaux-electriques-haute-tension-hta\/","name":"Formation \u00e0 l'habilitation \u00e9lectrique H1, H1V, H2, H2V, HC (HTA)","isPartOf":{"@id":"https:\/\/procontrol-fr.com\/fr\/#website"},"primaryImageOfPage":{"@id":"https:\/\/procontrol-fr.com\/fr\/nos-formations\/habilitations-electriques\/habilitation-electrique-h1-h1v-h2-h2v-hc-travaux-electriques-haute-tension-hta\/#primaryimage"},"image":{"@id":"https:\/\/procontrol-fr.com\/fr\/nos-formations\/habilitations-electriques\/habilitation-electrique-h1-h1v-h2-h2v-hc-travaux-electriques-haute-tension-hta\/#primaryimage"},"thumbnailUrl":"https:\/\/procontrol-fr.com\/fr\/wp-content\/uploads\/2024\/04\/Hab_Elec_HT-web-scaled.jpg","datePublished":"2013-11-10T14:16:29+00:00","dateModified":"2024-04-28T08:45:34+00:00","description":"Formation et pr\u00e9paration \u00e0 l'habilitation \u00e9lectrique. Seul le personnel habilit\u00e9 conform\u00e9ment aux dispositions pr\u00e9vues dans le Code du travail pourra r\u00e9aliser des op\u00e9rations d\u2019ordre \u00e9lectrique ou non \u00e9lectrique. PROCONTROL\u00ae propose ainsi un ensemble de formations destin\u00e9s \u00e0 la pr\u00e9vention du risque \u00e9lectrique, en fonction de la nature de vos missions : travaux hors sous tension (basse tension ou haute tension), travaux au voisinage, interventions \u00e9l\u00e9mentaires ou g\u00e9n\u00e9rales, photovolta\u00efque\u2026","breadcrumb":{"@id":"https:\/\/procontrol-fr.com\/fr\/nos-formations\/habilitations-electriques\/habilitation-electrique-h1-h1v-h2-h2v-hc-travaux-electriques-haute-tension-hta\/#breadcrumb"},"inLanguage":"fr-FR","potentialAction":[{"@type":"ReadAction","target":["https:\/\/procontrol-fr.com\/fr\/nos-formations\/habilitations-electriques\/habilitation-electrique-h1-h1v-h2-h2v-hc-travaux-electriques-haute-tension-hta\/"]}]},{"@type":"ImageObject","inLanguage":"fr-FR","@id":"https:\/\/procontrol-fr.com\/fr\/nos-formations\/habilitations-electriques\/habilitation-electrique-h1-h1v-h2-h2v-hc-travaux-electriques-haute-tension-hta\/#primaryimage","url":"https:\/\/procontrol-fr.com\/fr\/wp-content\/uploads\/2024\/04\/Hab_Elec_HT-web-scaled.jpg","contentUrl":"https:\/\/procontrol-fr.com\/fr\/wp-content\/uploads\/2024\/04\/Hab_Elec_HT-web-scaled.jpg","width":2560,"height":739},{"@type":"BreadcrumbList","@id":"https:\/\/procontrol-fr.com\/fr\/nos-formations\/habilitations-electriques\/habilitation-electrique-h1-h1v-h2-h2v-hc-travaux-electriques-haute-tension-hta\/#breadcrumb","itemListElement":[{"@type":"ListItem","position":1,"name":"Accueil","item":"https:\/\/procontrol-fr.com\/fr\/"},{"@type":"ListItem","position":2,"name":"NOS FORMATIONS","item":"https:\/\/procontrol-fr.com\/fr\/nos-formations\/"},{"@type":"ListItem","position":3,"name":"HABILITATION ELECTRIQUE","item":"https:\/\/procontrol-fr.com\/fr\/nos-formations\/habilitations-electriques\/"},{"@type":"ListItem","position":4,"name":"Habilitation \u00e9lectrique &#8211; Haute Tension HTA &#8211; H1, H1V, H2, H2V, HC"}]},{"@type":"WebSite","@id":"https:\/\/procontrol-fr.com\/fr\/#website","url":"https:\/\/procontrol-fr.com\/fr\/","name":"PROCONTROL - Bureau de Contr\u00f4le, V\u00e9rification \u00e9lectrique, Levage, Formation CACES\u00ae, habilitation \u00e9lectrique, AIPR,...","description":"","publisher":{"@id":"https:\/\/procontrol-fr.com\/fr\/#organization"},"potentialAction":[{"@type":"SearchAction","target":{"@type":"EntryPoint","urlTemplate":"https:\/\/procontrol-fr.com\/fr\/?s={search_term_string}"},"query-input":{"@type":"PropertyValueSpecification","valueRequired":true,"valueName":"search_term_string"}}],"inLanguage":"fr-FR"},{"@type":"Organization","@id":"https:\/\/procontrol-fr.com\/fr\/#organization","name":"PROCONTROL","url":"https:\/\/procontrol-fr.com\/fr\/","logo":{"@type":"ImageObject","inLanguage":"fr-FR","@id":"https:\/\/procontrol-fr.com\/fr\/#\/schema\/logo\/image\/","url":"https:\/\/procontrol-fr.com\/fr\/wp-content\/uploads\/2016\/06\/LogoProcontrol.jpg","contentUrl":"https:\/\/procontrol-fr.com\/fr\/wp-content\/uploads\/2016\/06\/LogoProcontrol.jpg","width":350,"height":100,"caption":"PROCONTROL"},"image":{"@id":"https:\/\/procontrol-fr.com\/fr\/#\/schema\/logo\/image\/"},"sameAs":["https:\/\/x.com\/PROCONTROL_FR"]}]}},"_links":{"self":[{"href":"https:\/\/procontrol-fr.com\/fr\/wp-json\/wp\/v2\/pages\/754","targetHints":{"allow":["GET"]}}],"collection":[{"href":"https:\/\/procontrol-fr.com\/fr\/wp-json\/wp\/v2\/pages"}],"about":[{"href":"https:\/\/procontrol-fr.com\/fr\/wp-json\/wp\/v2\/types\/page"}],"author":[{"embeddable":true,"href":"https:\/\/procontrol-fr.com\/fr\/wp-json\/wp\/v2\/users\/1"}],"replies":[{"embeddable":true,"href":"https:\/\/procontrol-fr.com\/fr\/wp-json\/wp\/v2\/comments?post=754"}],"version-history":[{"count":19,"href":"https:\/\/procontrol-fr.com\/fr\/wp-json\/wp\/v2\/pages\/754\/revisions"}],"predecessor-version":[{"id":4678,"href":"https:\/\/procontrol-fr.com\/fr\/wp-json\/wp\/v2\/pages\/754\/revisions\/4678"}],"up":[{"embeddable":true,"href":"https:\/\/procontrol-fr.com\/fr\/wp-json\/wp\/v2\/pages\/922"}],"wp:featuredmedia":[{"embeddable":true,"href":"https:\/\/procontrol-fr.com\/fr\/wp-json\/wp\/v2\/media\/5671"}],"wp:attachment":[{"href":"https:\/\/procontrol-fr.com\/fr\/wp-json\/wp\/v2\/media?parent=754"}],"curies":[{"name":"wp","href":"https:\/\/api.w.org\/{rel}","templated":true}]}}