{"id":914,"date":"2013-11-10T22:37:52","date_gmt":"2013-11-10T21:37:52","guid":{"rendered":"http:\/\/procontrol-fr.com\/fr\/?page_id=914"},"modified":"2022-10-07T07:44:26","modified_gmt":"2022-10-07T06:44:26","slug":"travaux-et-intervention-en-hauteur","status":"publish","type":"page","link":"https:\/\/procontrol-fr.com\/fr\/nos-formations\/securite-au-travail\/travaux-et-intervention-en-hauteur\/","title":{"rendered":"Formation aux travaux en hauteur"},"content":{"rendered":"<div class=\"rtbs  rtbs_travail-hauteur\"><div class=\"rtbs_slug\" style=\"display:none\">travail-hauteur<\/div><div class=\"rtbs_inactive_tab_background\" style=\"display:none\">transparent<\/div><div class=\"rtbs_breakpoint\" style=\"display:none\">600<\/div><div class=\"rtbs_color\" style=\"display:none\">#1874c1<\/div>\r\n        <div class=\"rtbs_menu\">\r\n            <ul>\r\n                <li class=\"mobile_toggle\">&zwnj;<\/li><li class=\"current\"><a style=\"background:#1874c1\" class=\"active travail-hauteur-tab-link-0\" href=\"#\" data-tab=\"#travail-hauteur-tab-0\">Objectifs<\/a><\/li><li><a href=\"#\" data-tab=\"#travail-hauteur-tab-1\" class=\"travail-hauteur-tab-link-1\">Publics et pr\u00e9requis<\/a><\/li><li><a href=\"#\" data-tab=\"#travail-hauteur-tab-2\" class=\"travail-hauteur-tab-link-2\">Contenu<\/a><\/li><li><a href=\"#\" data-tab=\"#travail-hauteur-tab-3\" class=\"travail-hauteur-tab-link-3\">Evalutation<\/a><\/li><li><a href=\"#\" data-tab=\"#travail-hauteur-tab-4\" class=\"travail-hauteur-tab-link-4\">Dur\u00e9e<\/a><\/li>\r\n            <\/ul>\r\n        <\/div><div style=\"border-top:7px solid #1874c1;\" id=\"travail-hauteur-tab-0\" class=\"rtbs_content active\"><p>\u00catre sensibilis\u00e9 aux risques du travail en hauteur. \u00catre capable de choisir les moyens de protections adapt\u00e9es au travail en hauteur et de les mettre en \u0153uvre.<\/p>\n<p>\u00a0<\/p>\n<p>Mise \u00e0 jour : 28 03 2024<\/p>\n<div style=\"margin-top:30px; clear:both;\"><\/div><\/div><div style=\"border-top:7px solid #1874c1;\" id=\"travail-hauteur-tab-1\" class=\"rtbs_content\"><p><div class=\"su-service\"><div class=\"su-service-title\" style=\"padding-left:38px;min-height:24px;line-height:24px\"><i class=\"sui sui-users\" style=\"font-size:24px;color:#333\"><\/i> Publics et pr\u00e9requis<\/div><div class=\"su-service-content su-u-clearfix su-u-trim\" style=\"padding-left:38px\">Tout op\u00e9rateur ex\u00e9cutant, m\u00eame occasionnellement des travaux en hauteur. <strong>Aucun pr\u00e9requis.<\/strong><\/div><\/div><\/p>\n<div style=\"margin-top:30px; clear:both;\"><\/div><\/div><div style=\"border-top:7px solid #1874c1;\" id=\"travail-hauteur-tab-2\" class=\"rtbs_content\"><p><div class=\"su-service\"><div class=\"su-service-title\" style=\"padding-left:38px;min-height:24px;line-height:24px\"><i class=\"sui sui-pencil-square-o\" style=\"font-size:24px;color:#333\"><\/i> Contenu<\/div><div class=\"su-service-content su-u-clearfix su-u-trim\" style=\"padding-left:38px\"><\/p>\n<ul>\n<li>Contexte r\u00e9glementaire \/ Les risques li\u00e9s au travail en hauteur<\/li>\n<li>Les diff\u00e9rents moyens de protection pour le travail en hauteur (adaptable en fonction des besoins de l\u2019entreprise) :\n<ul>\n<li>Moyens d\u2019acc\u00e8s au poste de travail et circulation en hauteur.<\/li>\n<li>Echelles, escabeaux et marche \u2013 pieds.<\/li>\n<li>Echafaudages<\/li>\n<li>EPI (harnais de s\u00e9curit\u00e9, longes, connecteurs, etc...)<\/li>\n<\/ul>\n<\/li>\n<\/ul>\n<ul>\n<li>V\u00e9rification de l\u2019\u00e9tat du mat\u00e9riel avant utilisation.<\/li>\n<li>Mise en \u0153uvre des moyens de protection du travail en hauteur (\u00e0 d\u00e9terminer en fonction des besoins de l\u2019entreprise).<\/li>\n<li>Mise en situation avec le mat\u00e9riel du site. Stockage et entretien du mat\u00e9riel<\/li>\n<\/ul>\n<p><\/div><\/div><\/p>\n<p class=\"gray-paragraphe\"><strong class=\"black-strong\">Modalit\u00e9s p\u00e9dagogiques :<\/strong> Pr\u00e9sentiel ou Mixte (FOAD et pr\u00e9sentiel)<\/p>\n<div style=\"margin-top:30px; clear:both;\"><\/div><\/div><div style=\"border-top:7px solid #1874c1;\" id=\"travail-hauteur-tab-3\" class=\"rtbs_content\"><p><div class=\"su-service\"><div class=\"su-service-title\" style=\"padding-left:38px;min-height:24px;line-height:24px\"><i class=\"sui sui-pencil-square\" style=\"font-size:24px;color:#333\"><\/i> \u00c9valuation th\u00e9orique<\/div><div class=\"su-service-content su-u-clearfix su-u-trim\" style=\"padding-left:38px\">questionnaires de type <span class=\"codehtml prettyprint lang-html\"><acronym title=\"Questionnaires \u00e0 choix multiples\">QCM<\/acronym><\/span><\/div><\/div> <acronym title=\"Questionnaires \u00e0 choix multiples\"><\/acronym><div class=\"su-service\"><div class=\"su-service-title\" style=\"padding-left:38px;min-height:24px;line-height:24px\"><i class=\"sui sui-cogs\" style=\"font-size:24px;color:#333\"><\/i> Evaluation pratique<\/div><div class=\"su-service-content su-u-clearfix su-u-trim\" style=\"padding-left:38px\">en situation de travail en hauteur<\/div><\/div><\/p>\n<p>\u00a0<\/p>\n<p><div class=\"su-service\"><div class=\"su-service-title\" style=\"padding-left:44px;min-height:30px;line-height:30px\"><i class=\"sui sui-line-chart\" style=\"font-size:30px;color:#000000\"><\/i> Taux de r\u00e9ussite<\/div><div class=\"su-service-content su-u-clearfix su-u-trim\" style=\"padding-left:44px\">100 %<\/div><\/div><\/p>\n<p><div class=\"su-service\"><div class=\"su-service-title\" style=\"padding-left:44px;min-height:30px;line-height:30px\"><i class=\"sui sui-bar-chart-o\" style=\"font-size:30px;color:#000000\"><\/i> Taux de satisfaction<\/div><div class=\"su-service-content su-u-clearfix su-u-trim\" style=\"padding-left:44px\">97 %<\/div><\/div><\/p>\n<div style=\"margin-top:30px; clear:both;\"><\/div><\/div><div style=\"border-top:7px solid #1874c1;\" id=\"travail-hauteur-tab-4\" class=\"rtbs_content\"><p><div class=\"su-service\"><div class=\"su-service-title\" style=\"padding-left:38px;min-height:24px;line-height:24px\"><i class=\"sui sui-clock-o\" style=\"font-size:24px;color:#333\"><\/i> Dur\u00e9e<\/div><div class=\"su-service-content su-u-clearfix su-u-trim\" style=\"padding-left:38px\">7 heures<\/div><\/div><\/p>\n<div style=\"margin-top:30px; clear:both;\"><\/div><\/div>\r\n    <\/div>\r\n    \n<div class=\"su-tabs su-tabs-style-default su-tabs-mobile-stack\" data-active=\"1\" data-scroll-offset=\"0\" data-anchor-in-url=\"no\"><div class=\"su-tabs-nav\"><span class=\"\" data-url=\"\" data-target=\"blank\" tabindex=\"0\" role=\"button\">Contactez-nous<\/span><span class=\"\" data-url=\"\" data-target=\"blank\" tabindex=\"0\" role=\"button\">Prochaines sessions<\/span><span class=\"\" data-url=\"\" data-target=\"blank\" tabindex=\"0\" role=\"button\">Tarifs<\/span><span class=\"\" data-url=\"\" data-target=\"blank\" tabindex=\"0\" role=\"button\">Modalit\u00e9s et moyens d'acc\u00e8s<\/span><span class=\"\" data-url=\"\" data-target=\"blank\" tabindex=\"0\" role=\"button\">Accessibilit\u00e9<\/span><\/div><div class=\"su-tabs-panes\"><div class=\"su-tabs-pane su-u-clearfix su-u-trim\" data-title=\"Contactez-nous\">\n<ul class=\"contact_info\">\n<li>un devis ?<\/li>\n<li>une information ?<\/li>\n<li>une inscription ?<\/li>\n<\/ul>\n<div class=\"su-service\"><div class=\"su-service-title\" style=\"padding-left:36px;min-height:22px;line-height:22px\"><i class=\"sui sui-phone-square\" style=\"font-size:22px;color:#333\"><\/i> 05 31 61 50 06<\/div><div class=\"su-service-content su-u-clearfix su-u-trim\" style=\"padding-left:36px\"><\/div><\/div><\/div>\n<div class=\"su-tabs-pane su-u-clearfix su-u-trim\" data-title=\"Prochaines sessions\">\n<figure><iframe loading=\"lazy\" src=\"https:\/\/procontrol-fr.com\/probox\/PI_formationInterHAU.php\" width=\"300\" height=\"640\"><\/iframe><\/figure>\n<\/div>\n<div class=\"su-tabs-pane su-u-clearfix su-u-trim\" data-title=\"Tarifs\">\n<p>Inter : \u00e0 partir de 240 \u20ac H.T. (prix par stagiaire et selon la cat\u00e9gorie)<br \/>\nIntra : nous consulter<\/div>\n<div class=\"su-tabs-pane su-u-clearfix su-u-trim\" data-title=\"Modalit\u00e9s et moyens d&#039;acc\u00e8s\">\n<p>Nos formations sont accessibles selon les modalit\u00e9s ci-dessous :<\/p>\n<p><strong><u>Les modalit\u00e9s de formation<\/u> :<\/strong><\/p>\n<ul>\n<li>En inter-entreprises, c\u2019est-\u00e0-dire en groupes de stagiaires provenant de diff\u00e9rentes entreprises<\/li>\n<li>En intra-entreprise, c\u2019est-\u00e0-dire en groupes de stagiaire de la m\u00eame entreprise<\/li>\n<li>En cours individuel<\/li>\n<\/ul>\n<p><strong><u>Les formations peuvent avoir lieu<\/u> :<\/strong><\/p>\n<ul>\n<li>En pr\u00e9sentiel dans notre centre de formation<\/li>\n<li>En pr\u00e9sentiel dans les locaux de votre entreprise<\/li>\n<li>En distanciel<\/li>\n<li>En mixte pr\u00e9sentiel \/ distanciel ou hybride: une partie des stagiaires suit la formation en pr\u00e9sentiel alors qu\u2019une l\u2019autre partie suit les cours en distanciel<\/li>\n<\/ul>\n<p><strong><u>Les modalit\u00e9s de financement de formation<\/u> : <\/strong><br \/>\nPlusieurs modes de financement vous permettent d\u2019acc\u00e9der \u00e0 nos formations en tant que salari\u00e9 via votre entreprise ou en tant que particulier (salari\u00e9, demandeur d\u2019emploi ou ind\u00e9pendant).<\/p>\n<p><strong>D\u00e9lais d\u2019acc\u00e8s en formation : Formation inter-entreprises<\/strong><\/p>\n<p>PROCONTROL publie <strong><span style=\"color: #1874c1;\">un calendrier regroupant l\u2019ensemble des sessions inter-entreprises ouvertes sur nos th\u00e9matiques de formation<\/span>, <\/strong><em>ce calendrier est actualis\u00e9 chaque jour. <\/em><\/p>\n<p>Nous nous engageons \u00e0 r\u00e9pondre \u00e0 vos demandes d\u2019informations et \u00e0 vous envoyer une offre de prestation <u>sous 48h<\/u> ouvr\u00e9es (hors jours f\u00e9ries et week-end).<\/p>\n<p>De votre c\u00f4t\u00e9, pour garantir une entr\u00e9e en formation \u00e0 la date fix\u00e9e, vous devrez vous assurer de nous faire parvenir l&rsquo;offre de prestation sign\u00e9, Les questionnaires de positionnement ou toute autre information administrative au plus t\u00f4t.<\/p>\n<p>Dans le cas o\u00f9 vous sollicitez un financement de la part de votre OPCO ou autre, assurez-vous des d\u00e9lais de traitement de vos demandes.<\/p>\n<p><strong>D\u00e9lais d\u2019acc\u00e8s en formation : Formation intra-entreprise<br \/>\n<\/strong><\/p>\n<p>PROCONTROL vous proposera des dates <strong>le plus t\u00f4t possible en fonction de vos disponibilit\u00e9s et de celles du formateur<\/strong> pressenti.<\/p>\n<p>Comme pour les formations inter-entreprises, pour pouvoir d\u00e9marrer la formation, <strong>votre rapidit\u00e9 de r\u00e9ponse sur toutes les questions administratives <\/strong>permettra d\u2019acc\u00e9l\u00e9rer le d\u00e9marrage de votre formation.<\/p>\n<p><strong>Cas particuliers<\/strong><\/p>\n<p><strong><u>CPF<\/u> :<\/strong> L\u2019ensemble des d\u00e9lais de traitement de dossier sont fix\u00e9s par la plateforme <a href=\"https:\/\/www.moncompteformation.gouv.fr\/espace-prive\/html\/#\/\" class=\"su-button su-button-style-flat\" style=\"color:#ffffff;background-color:#2D89EF;border-color:#246ec0;border-radius:6px\" target=\"_self\"><span style=\"color:#ffffff;padding:0px 20px;font-size:16px;line-height:32px;border-color:#6cadf4;border-radius:6px;text-shadow:none\">  MonCompteFormation <\/span><\/a>\n<p><span style=\"color: #ff6600;\"><strong>Attention : la plateforme impose un d\u00e9lai de 11 jours ouvr\u00e9s de r\u00e9flexion entre notre proposition et le d\u00e9but de la formation !<\/strong><\/span><\/p>\n<p>Si vous avez rep\u00e9r\u00e9 une formation qui vous int\u00e9resse, ne perdez pas de temps pour vous inscrire. N&rsquo;h\u00e9sitez pas \u00e0 nous contacter directement au 05 31 61 50 06 afin que nous acc\u00e9l\u00e9rions les d\u00e9marches.<\/p>\n<p>Vous \u00eates acteur de votre demande et seul d\u00e9cisionnaire, les d\u00e9lais de traitement sont donc tr\u00e8s rapides si une date de formation est d\u00e9j\u00e0 fix\u00e9e.<\/p>\n<p>Pour toute autre questions concernant les modalit\u00e9s ou les d\u00e9lais d&rsquo;acc\u00e8s \u00e0 nos formations, contactez-nous par t\u00e9l\u00e9phone <div class=\"su-service\"><div class=\"su-service-title\" style=\"padding-left:36px;min-height:22px;line-height:22px\"><i class=\"sui sui-phone-square\" style=\"font-size:22px;color:#333\"><\/i> 05 31 61 50 06<\/div><div class=\"su-service-content su-u-clearfix su-u-trim\" style=\"padding-left:36px\"><\/div><\/div> ou via le <a href=\"https:\/\/procontrol-fr.com\/fr\/procontrol\/contact\/\" class=\"su-button su-button-style-flat\" style=\"color:#ffffff;background-color:#2D89EF;border-color:#246ec0;border-radius:6px\" target=\"_self\"><span style=\"color:#ffffff;padding:0px 20px;font-size:16px;line-height:32px;border-color:#6cadf4;border-radius:6px;text-shadow:none\">  Formulaire contact <\/span><\/a>\n<\/div>\n<div class=\"su-tabs-pane su-u-clearfix su-u-trim\" data-title=\"Accessibilit\u00e9\">\n<p><strong>Formation accessible aux personnes en situation de handicap.<br \/>\n<\/strong>S\u00e9curisez votre parcours de formation en contactant notre r\u00e9f\u00e9rent handicap<\/p>\n<a href=\"https:\/\/procontrol-fr.com\/fr\/procontrol\/contact\/\" class=\"su-button su-button-style-flat\" style=\"color:#ffffff;background-color:#2D89EF;border-color:#246ec0;border-radius:6px\" target=\"_self\"><span style=\"color:#ffffff;padding:0px 20px;font-size:16px;line-height:32px;border-color:#6cadf4;border-radius:6px;text-shadow:none\">  Formulaire contact <\/span><\/a>\n<\/div><\/div><\/div>\n","protected":false},"excerpt":{"rendered":"","protected":false},"author":1,"featured_media":3917,"parent":315,"menu_order":3,"comment_status":"closed","ping_status":"closed","template":"left-sidebar.php","meta":{"footnotes":""},"class_list":["post-914","page","type-page","status-publish","has-post-thumbnail","hentry"],"yoast_head":"<!-- This site is optimized with the Yoast SEO plugin v27.3 - https:\/\/yoast.com\/product\/yoast-seo-wordpress\/ -->\n<title>Formation au travail en hauteur<\/title>\n<meta name=\"robots\" content=\"index, follow, max-snippet:-1, max-image-preview:large, max-video-preview:-1\" \/>\n<link rel=\"canonical\" href=\"https:\/\/procontrol-fr.com\/fr\/nos-formations\/securite-au-travail\/travaux-et-intervention-en-hauteur\/\" \/>\n<meta property=\"og:locale\" content=\"fr_FR\" \/>\n<meta property=\"og:type\" content=\"article\" \/>\n<meta property=\"og:title\" content=\"Formation au travail en hauteur\" \/>\n<meta property=\"og:url\" content=\"https:\/\/procontrol-fr.com\/fr\/nos-formations\/securite-au-travail\/travaux-et-intervention-en-hauteur\/\" \/>\n<meta property=\"og:site_name\" content=\"PROCONTROL - Bureau de Contr\u00f4le V\u00e9rificaton \u00e9lectrique Levage Formation CACES\u00ae Formation habilitation \u00e9lectrique AIPR \u00e9lectricit\u00e9 SST Sauveteur secouriste du travail SST habilitation m\u00e9canique IRVE\" \/>\n<meta property=\"article:modified_time\" content=\"2022-10-07T06:44:26+00:00\" \/>\n<meta property=\"og:image\" content=\"https:\/\/procontrol-fr.com\/fr\/wp-content\/uploads\/2018\/01\/HAUTEUR.jpg\" \/>\n\t<meta property=\"og:image:width\" content=\"1209\" \/>\n\t<meta property=\"og:image:height\" content=\"400\" \/>\n\t<meta property=\"og:image:type\" content=\"image\/jpeg\" \/>\n<meta name=\"twitter:card\" content=\"summary_large_image\" \/>\n<meta name=\"twitter:site\" content=\"@PROCONTROL_FR\" \/>\n<meta name=\"twitter:label1\" content=\"Dur\u00e9e de lecture estim\u00e9e\" \/>\n\t<meta name=\"twitter:data1\" content=\"3 minutes\" \/>\n<script type=\"application\/ld+json\" class=\"yoast-schema-graph\">{\"@context\":\"https:\\\/\\\/schema.org\",\"@graph\":[{\"@type\":\"WebPage\",\"@id\":\"https:\\\/\\\/procontrol-fr.com\\\/fr\\\/nos-formations\\\/securite-au-travail\\\/travaux-et-intervention-en-hauteur\\\/\",\"url\":\"https:\\\/\\\/procontrol-fr.com\\\/fr\\\/nos-formations\\\/securite-au-travail\\\/travaux-et-intervention-en-hauteur\\\/\",\"name\":\"Formation au travail en hauteur\",\"isPartOf\":{\"@id\":\"https:\\\/\\\/procontrol-fr.com\\\/fr\\\/#website\"},\"primaryImageOfPage\":{\"@id\":\"https:\\\/\\\/procontrol-fr.com\\\/fr\\\/nos-formations\\\/securite-au-travail\\\/travaux-et-intervention-en-hauteur\\\/#primaryimage\"},\"image\":{\"@id\":\"https:\\\/\\\/procontrol-fr.com\\\/fr\\\/nos-formations\\\/securite-au-travail\\\/travaux-et-intervention-en-hauteur\\\/#primaryimage\"},\"thumbnailUrl\":\"https:\\\/\\\/procontrol-fr.com\\\/fr\\\/wp-content\\\/uploads\\\/2018\\\/01\\\/HAUTEUR.jpg\",\"datePublished\":\"2013-11-10T21:37:52+00:00\",\"dateModified\":\"2022-10-07T06:44:26+00:00\",\"breadcrumb\":{\"@id\":\"https:\\\/\\\/procontrol-fr.com\\\/fr\\\/nos-formations\\\/securite-au-travail\\\/travaux-et-intervention-en-hauteur\\\/#breadcrumb\"},\"inLanguage\":\"fr-FR\",\"potentialAction\":[{\"@type\":\"ReadAction\",\"target\":[\"https:\\\/\\\/procontrol-fr.com\\\/fr\\\/nos-formations\\\/securite-au-travail\\\/travaux-et-intervention-en-hauteur\\\/\"]}]},{\"@type\":\"ImageObject\",\"inLanguage\":\"fr-FR\",\"@id\":\"https:\\\/\\\/procontrol-fr.com\\\/fr\\\/nos-formations\\\/securite-au-travail\\\/travaux-et-intervention-en-hauteur\\\/#primaryimage\",\"url\":\"https:\\\/\\\/procontrol-fr.com\\\/fr\\\/wp-content\\\/uploads\\\/2018\\\/01\\\/HAUTEUR.jpg\",\"contentUrl\":\"https:\\\/\\\/procontrol-fr.com\\\/fr\\\/wp-content\\\/uploads\\\/2018\\\/01\\\/HAUTEUR.jpg\",\"width\":1209,\"height\":400},{\"@type\":\"BreadcrumbList\",\"@id\":\"https:\\\/\\\/procontrol-fr.com\\\/fr\\\/nos-formations\\\/securite-au-travail\\\/travaux-et-intervention-en-hauteur\\\/#breadcrumb\",\"itemListElement\":[{\"@type\":\"ListItem\",\"position\":1,\"name\":\"Accueil\",\"item\":\"https:\\\/\\\/procontrol-fr.com\\\/fr\\\/\"},{\"@type\":\"ListItem\",\"position\":2,\"name\":\"NOS FORMATIONS\",\"item\":\"https:\\\/\\\/procontrol-fr.com\\\/fr\\\/nos-formations\\\/\"},{\"@type\":\"ListItem\",\"position\":3,\"name\":\"S\u00c9CURIT\u00c9 AU TRAVAIL\",\"item\":\"https:\\\/\\\/procontrol-fr.com\\\/fr\\\/nos-formations\\\/securite-au-travail\\\/\"},{\"@type\":\"ListItem\",\"position\":4,\"name\":\"Formation aux travaux en hauteur\"}]},{\"@type\":\"WebSite\",\"@id\":\"https:\\\/\\\/procontrol-fr.com\\\/fr\\\/#website\",\"url\":\"https:\\\/\\\/procontrol-fr.com\\\/fr\\\/\",\"name\":\"PROCONTROL - Bureau de Contr\u00f4le, V\u00e9rification \u00e9lectrique, Levage, Formation CACES\u00ae, habilitation \u00e9lectrique, AIPR,...\",\"description\":\"\",\"publisher\":{\"@id\":\"https:\\\/\\\/procontrol-fr.com\\\/fr\\\/#organization\"},\"potentialAction\":[{\"@type\":\"SearchAction\",\"target\":{\"@type\":\"EntryPoint\",\"urlTemplate\":\"https:\\\/\\\/procontrol-fr.com\\\/fr\\\/?s={search_term_string}\"},\"query-input\":{\"@type\":\"PropertyValueSpecification\",\"valueRequired\":true,\"valueName\":\"search_term_string\"}}],\"inLanguage\":\"fr-FR\"},{\"@type\":\"Organization\",\"@id\":\"https:\\\/\\\/procontrol-fr.com\\\/fr\\\/#organization\",\"name\":\"PROCONTROL\",\"url\":\"https:\\\/\\\/procontrol-fr.com\\\/fr\\\/\",\"logo\":{\"@type\":\"ImageObject\",\"inLanguage\":\"fr-FR\",\"@id\":\"https:\\\/\\\/procontrol-fr.com\\\/fr\\\/#\\\/schema\\\/logo\\\/image\\\/\",\"url\":\"https:\\\/\\\/procontrol-fr.com\\\/fr\\\/wp-content\\\/uploads\\\/2016\\\/06\\\/LogoProcontrol.jpg\",\"contentUrl\":\"https:\\\/\\\/procontrol-fr.com\\\/fr\\\/wp-content\\\/uploads\\\/2016\\\/06\\\/LogoProcontrol.jpg\",\"width\":350,\"height\":100,\"caption\":\"PROCONTROL\"},\"image\":{\"@id\":\"https:\\\/\\\/procontrol-fr.com\\\/fr\\\/#\\\/schema\\\/logo\\\/image\\\/\"},\"sameAs\":[\"https:\\\/\\\/x.com\\\/PROCONTROL_FR\"]}]}<\/script>\n<!-- \/ Yoast SEO plugin. -->","yoast_head_json":{"title":"Formation au travail en hauteur","robots":{"index":"index","follow":"follow","max-snippet":"max-snippet:-1","max-image-preview":"max-image-preview:large","max-video-preview":"max-video-preview:-1"},"canonical":"https:\/\/procontrol-fr.com\/fr\/nos-formations\/securite-au-travail\/travaux-et-intervention-en-hauteur\/","og_locale":"fr_FR","og_type":"article","og_title":"Formation au travail en hauteur","og_url":"https:\/\/procontrol-fr.com\/fr\/nos-formations\/securite-au-travail\/travaux-et-intervention-en-hauteur\/","og_site_name":"PROCONTROL - Bureau de Contr\u00f4le V\u00e9rificaton \u00e9lectrique Levage Formation CACES\u00ae Formation habilitation \u00e9lectrique AIPR \u00e9lectricit\u00e9 SST Sauveteur secouriste du travail SST habilitation m\u00e9canique IRVE","article_modified_time":"2022-10-07T06:44:26+00:00","og_image":[{"width":1209,"height":400,"url":"https:\/\/procontrol-fr.com\/fr\/wp-content\/uploads\/2018\/01\/HAUTEUR.jpg","type":"image\/jpeg"}],"twitter_card":"summary_large_image","twitter_site":"@PROCONTROL_FR","twitter_misc":{"Dur\u00e9e de lecture estim\u00e9e":"3 minutes"},"schema":{"@context":"https:\/\/schema.org","@graph":[{"@type":"WebPage","@id":"https:\/\/procontrol-fr.com\/fr\/nos-formations\/securite-au-travail\/travaux-et-intervention-en-hauteur\/","url":"https:\/\/procontrol-fr.com\/fr\/nos-formations\/securite-au-travail\/travaux-et-intervention-en-hauteur\/","name":"Formation au travail en hauteur","isPartOf":{"@id":"https:\/\/procontrol-fr.com\/fr\/#website"},"primaryImageOfPage":{"@id":"https:\/\/procontrol-fr.com\/fr\/nos-formations\/securite-au-travail\/travaux-et-intervention-en-hauteur\/#primaryimage"},"image":{"@id":"https:\/\/procontrol-fr.com\/fr\/nos-formations\/securite-au-travail\/travaux-et-intervention-en-hauteur\/#primaryimage"},"thumbnailUrl":"https:\/\/procontrol-fr.com\/fr\/wp-content\/uploads\/2018\/01\/HAUTEUR.jpg","datePublished":"2013-11-10T21:37:52+00:00","dateModified":"2022-10-07T06:44:26+00:00","breadcrumb":{"@id":"https:\/\/procontrol-fr.com\/fr\/nos-formations\/securite-au-travail\/travaux-et-intervention-en-hauteur\/#breadcrumb"},"inLanguage":"fr-FR","potentialAction":[{"@type":"ReadAction","target":["https:\/\/procontrol-fr.com\/fr\/nos-formations\/securite-au-travail\/travaux-et-intervention-en-hauteur\/"]}]},{"@type":"ImageObject","inLanguage":"fr-FR","@id":"https:\/\/procontrol-fr.com\/fr\/nos-formations\/securite-au-travail\/travaux-et-intervention-en-hauteur\/#primaryimage","url":"https:\/\/procontrol-fr.com\/fr\/wp-content\/uploads\/2018\/01\/HAUTEUR.jpg","contentUrl":"https:\/\/procontrol-fr.com\/fr\/wp-content\/uploads\/2018\/01\/HAUTEUR.jpg","width":1209,"height":400},{"@type":"BreadcrumbList","@id":"https:\/\/procontrol-fr.com\/fr\/nos-formations\/securite-au-travail\/travaux-et-intervention-en-hauteur\/#breadcrumb","itemListElement":[{"@type":"ListItem","position":1,"name":"Accueil","item":"https:\/\/procontrol-fr.com\/fr\/"},{"@type":"ListItem","position":2,"name":"NOS FORMATIONS","item":"https:\/\/procontrol-fr.com\/fr\/nos-formations\/"},{"@type":"ListItem","position":3,"name":"S\u00c9CURIT\u00c9 AU TRAVAIL","item":"https:\/\/procontrol-fr.com\/fr\/nos-formations\/securite-au-travail\/"},{"@type":"ListItem","position":4,"name":"Formation aux travaux en hauteur"}]},{"@type":"WebSite","@id":"https:\/\/procontrol-fr.com\/fr\/#website","url":"https:\/\/procontrol-fr.com\/fr\/","name":"PROCONTROL - Bureau de Contr\u00f4le, V\u00e9rification \u00e9lectrique, Levage, Formation CACES\u00ae, habilitation \u00e9lectrique, AIPR,...","description":"","publisher":{"@id":"https:\/\/procontrol-fr.com\/fr\/#organization"},"potentialAction":[{"@type":"SearchAction","target":{"@type":"EntryPoint","urlTemplate":"https:\/\/procontrol-fr.com\/fr\/?s={search_term_string}"},"query-input":{"@type":"PropertyValueSpecification","valueRequired":true,"valueName":"search_term_string"}}],"inLanguage":"fr-FR"},{"@type":"Organization","@id":"https:\/\/procontrol-fr.com\/fr\/#organization","name":"PROCONTROL","url":"https:\/\/procontrol-fr.com\/fr\/","logo":{"@type":"ImageObject","inLanguage":"fr-FR","@id":"https:\/\/procontrol-fr.com\/fr\/#\/schema\/logo\/image\/","url":"https:\/\/procontrol-fr.com\/fr\/wp-content\/uploads\/2016\/06\/LogoProcontrol.jpg","contentUrl":"https:\/\/procontrol-fr.com\/fr\/wp-content\/uploads\/2016\/06\/LogoProcontrol.jpg","width":350,"height":100,"caption":"PROCONTROL"},"image":{"@id":"https:\/\/procontrol-fr.com\/fr\/#\/schema\/logo\/image\/"},"sameAs":["https:\/\/x.com\/PROCONTROL_FR"]}]}},"_links":{"self":[{"href":"https:\/\/procontrol-fr.com\/fr\/wp-json\/wp\/v2\/pages\/914","targetHints":{"allow":["GET"]}}],"collection":[{"href":"https:\/\/procontrol-fr.com\/fr\/wp-json\/wp\/v2\/pages"}],"about":[{"href":"https:\/\/procontrol-fr.com\/fr\/wp-json\/wp\/v2\/types\/page"}],"author":[{"embeddable":true,"href":"https:\/\/procontrol-fr.com\/fr\/wp-json\/wp\/v2\/users\/1"}],"replies":[{"embeddable":true,"href":"https:\/\/procontrol-fr.com\/fr\/wp-json\/wp\/v2\/comments?post=914"}],"version-history":[{"count":28,"href":"https:\/\/procontrol-fr.com\/fr\/wp-json\/wp\/v2\/pages\/914\/revisions"}],"predecessor-version":[{"id":4990,"href":"https:\/\/procontrol-fr.com\/fr\/wp-json\/wp\/v2\/pages\/914\/revisions\/4990"}],"up":[{"embeddable":true,"href":"https:\/\/procontrol-fr.com\/fr\/wp-json\/wp\/v2\/pages\/315"}],"wp:featuredmedia":[{"embeddable":true,"href":"https:\/\/procontrol-fr.com\/fr\/wp-json\/wp\/v2\/media\/3917"}],"wp:attachment":[{"href":"https:\/\/procontrol-fr.com\/fr\/wp-json\/wp\/v2\/media?parent=914"}],"curies":[{"name":"wp","href":"https:\/\/api.w.org\/{rel}","templated":true}]}}