{"id":922,"date":"2013-11-10T22:48:25","date_gmt":"2013-11-10T21:48:25","guid":{"rendered":"http:\/\/procontrol-fr.com\/fr\/?page_id=922"},"modified":"2022-06-17T15:07:21","modified_gmt":"2022-06-17T14:07:21","slug":"habilitations-electriques","status":"publish","type":"page","link":"https:\/\/procontrol-fr.com\/fr\/nos-formations\/habilitations-electriques\/","title":{"rendered":"HABILITATION ELECTRIQUE"},"content":{"rendered":"<p class=\"chapo\" style=\"text-align: justify;\"><span style=\"color: #000000;\">Pour intervenir sur ou \u00e0 proximit\u00e9 d&rsquo;une installation \u00e9lectrique, il est obligatoire de poss\u00e9der une habilitation d\u00e9livr\u00e9e par l\u2019employeur. Cette habilitation est la reconnaissance d\u2019une qualification. Elle t\u00e9moigne de la capacit\u00e9 d\u2019une personne \u00e0 effectuer des op\u00e9rations \u00e9lectriques en toute s\u00e9curit\u00e9 et de sa connaissance de la conduite \u00e0 tenir en cas d\u2019accident. Avant d\u2019\u00eatre habilit\u00e9, le salari\u00e9 doit avoir \u00e9t\u00e9 form\u00e9 et avoir \u00e9t\u00e9 d\u00e9clar\u00e9 apte.<\/span><\/p>\n<p style=\"text-align: justify;\"><span style=\"color: #000000;\">L\u2019habilitation des travailleurs devant intervenir sur ou \u00e0 proximit\u00e9 des installations \u00e9lectriques s\u2019appuie sur les dispositions du Code du travail (articles R. 4544-9 \u00e0 R. 4544-11) et sur les r\u00e8gles techniques de la norme fran\u00e7aise NF C 18-510.<\/span><\/p>\n<div class=\"bloc_liste\" style=\"text-align: justify;\">\n<p class=\"titre_liste\"><span style=\"color: #000000;\">\u00c9l\u00e9ments permettant de d\u00e9finir les niveaux d\u2019habilitation \u00e9lectrique<\/span><\/p>\n<ul style=\"margin-bottom: 0px;\">\n<li><span style=\"color: #000000;\">Nature des op\u00e9rations (d\u00e9pannage, raccordement, essais, v\u00e9rifications, consignations, nettoyages\u2026)<\/span><\/li>\n<li><span style=\"color: #000000;\">Type des op\u00e9rations (d\u2019ordre \u00e9lectrique ou non)<\/span><\/li>\n<li><span style=\"color: #000000;\">Tension des installations (basse tension, haute tension)<\/span><\/li>\n<li><span style=\"color: #000000;\">Conditions dans lesquelles sont r\u00e9alis\u00e9es ces op\u00e9rations (hors tension, au voisinage ou sous tension)<\/span><\/li>\n<\/ul>\n<\/div>\n<p style=\"text-align: justify;\"><span style=\"color: #000000;\">\u00c0 chaque type d\u2019habilitation correspond un symbole comprenant des lettres, des chiffres et si n\u00e9cessaire un attribut (par exemple B2T pour les charg\u00e9s de travaux sous basse tension).<\/span><\/p>\n\n\n<p class=\"has-text-color has-background\" style=\"background-color:#1874c1;color:#ffffff\">Afin de pourvoir d\u00e9terminer le niveau de votre habilitation \u00e9lectrique, veuillez cliquer ci-dessous&#8230;<\/p>\n\n\n<div class='w3eden'><!-- WPDM Link Template: Default Template -->\n\n<div class=\"link-template-default card mb-2\">\n    <div class=\"card-body\">\n        <div class=\"media\">\n            <div class=\"mr-3 img-48\"><img decoding=\"async\" class=\"wpdm_icon\" alt=\"Ic\u00f4ne\"   src=\"https:\/\/procontrol-fr.com\/fr\/wp-content\/plugins\/download-manager\/assets\/file-type-icons\/pdf.svg\" \/><\/div>\n            <div class=\"media-body\">\n                <h3 class=\"package-title\"><a href='https:\/\/procontrol-fr.com\/fr\/download\/questionnaire-habilitation-electrique\/'>Questionnaire pour d\u00e9terminer le niveau d'habilitation \u00e9lectrique<\/a><\/h3>\n                <div class=\"text-muted text-small\"><i class=\"fas fa-copy\"><\/i> 1 fichier\u00b7s <i class=\"fas fa-hdd ml-3\"><\/i> 1,020.28 KB<\/div>\n            <\/div>\n            <div class=\"ml-3\">\n                <a href='#unlock' class='wpdm-download-link wpdm-download-locked btn btn-primary ' data-package='4290'>Acceder au questionnaire<\/a>\n            <\/div>\n        <\/div>\n    <\/div>\n<\/div>\n\n<\/div>\n","protected":false},"excerpt":{"rendered":"<p>Pour intervenir sur ou \u00e0 proximit\u00e9 d&rsquo;une installation \u00e9lectrique, il est obligatoire de poss\u00e9der une habilitation d\u00e9livr\u00e9e par l\u2019employeur. Cette habilitation est la reconnaissance d\u2019une qualification. Elle t\u00e9moigne de la capacit\u00e9 d\u2019une personne \u00e0 effectuer des op\u00e9rations \u00e9lectriques en toute s\u00e9curit\u00e9 et de sa connaissance de la conduite \u00e0 tenir en cas d\u2019accident. Avant d\u2019\u00eatre&#8230; <\/p>\n","protected":false},"author":1,"featured_media":3882,"parent":302,"menu_order":2,"comment_status":"closed","ping_status":"closed","template":"left-sidebar.php","meta":{"footnotes":""},"class_list":["post-922","page","type-page","status-publish","has-post-thumbnail","hentry"],"yoast_head":"<!-- This site is optimized with the Yoast SEO plugin v27.3 - https:\/\/yoast.com\/product\/yoast-seo-wordpress\/ -->\n<title>Nos formation \u00e0 l&#039;habilitation \u00e9lectrique<\/title>\n<meta name=\"robots\" content=\"index, follow, max-snippet:-1, max-image-preview:large, max-video-preview:-1\" \/>\n<link rel=\"canonical\" href=\"https:\/\/procontrol-fr.com\/fr\/nos-formations\/habilitations-electriques\/\" \/>\n<meta property=\"og:locale\" content=\"fr_FR\" \/>\n<meta property=\"og:type\" content=\"article\" \/>\n<meta property=\"og:title\" content=\"Nos formation \u00e0 l&#039;habilitation \u00e9lectrique\" \/>\n<meta property=\"og:description\" content=\"Pour intervenir sur ou \u00e0 proximit\u00e9 d&rsquo;une installation \u00e9lectrique, il est obligatoire de poss\u00e9der une habilitation d\u00e9livr\u00e9e par l\u2019employeur. Cette habilitation est la reconnaissance d\u2019une qualification. Elle t\u00e9moigne de la capacit\u00e9 d\u2019une personne \u00e0 effectuer des op\u00e9rations \u00e9lectriques en toute s\u00e9curit\u00e9 et de sa connaissance de la conduite \u00e0 tenir en cas d\u2019accident. Avant d\u2019\u00eatre...\" \/>\n<meta property=\"og:url\" content=\"https:\/\/procontrol-fr.com\/fr\/nos-formations\/habilitations-electriques\/\" \/>\n<meta property=\"og:site_name\" content=\"PROCONTROL - Bureau de Contr\u00f4le V\u00e9rificaton \u00e9lectrique Levage Formation CACES\u00ae Formation habilitation \u00e9lectrique AIPR \u00e9lectricit\u00e9 SST Sauveteur secouriste du travail SST habilitation m\u00e9canique IRVE\" \/>\n<meta property=\"article:modified_time\" content=\"2022-06-17T14:07:21+00:00\" \/>\n<meta property=\"og:image\" content=\"https:\/\/procontrol-fr.com\/fr\/wp-content\/uploads\/2018\/01\/Elec.png\" \/>\n\t<meta property=\"og:image:width\" content=\"1209\" \/>\n\t<meta property=\"og:image:height\" content=\"400\" \/>\n\t<meta property=\"og:image:type\" content=\"image\/png\" \/>\n<meta name=\"twitter:card\" content=\"summary_large_image\" \/>\n<meta name=\"twitter:site\" content=\"@PROCONTROL_FR\" \/>\n<meta name=\"twitter:label1\" content=\"Dur\u00e9e de lecture estim\u00e9e\" \/>\n\t<meta name=\"twitter:data1\" content=\"1 minute\" \/>\n<script type=\"application\/ld+json\" class=\"yoast-schema-graph\">{\"@context\":\"https:\\\/\\\/schema.org\",\"@graph\":[{\"@type\":\"WebPage\",\"@id\":\"https:\\\/\\\/procontrol-fr.com\\\/fr\\\/nos-formations\\\/habilitations-electriques\\\/\",\"url\":\"https:\\\/\\\/procontrol-fr.com\\\/fr\\\/nos-formations\\\/habilitations-electriques\\\/\",\"name\":\"Nos formation \u00e0 l'habilitation \u00e9lectrique\",\"isPartOf\":{\"@id\":\"https:\\\/\\\/procontrol-fr.com\\\/fr\\\/#website\"},\"primaryImageOfPage\":{\"@id\":\"https:\\\/\\\/procontrol-fr.com\\\/fr\\\/nos-formations\\\/habilitations-electriques\\\/#primaryimage\"},\"image\":{\"@id\":\"https:\\\/\\\/procontrol-fr.com\\\/fr\\\/nos-formations\\\/habilitations-electriques\\\/#primaryimage\"},\"thumbnailUrl\":\"https:\\\/\\\/procontrol-fr.com\\\/fr\\\/wp-content\\\/uploads\\\/2018\\\/01\\\/Elec.png\",\"datePublished\":\"2013-11-10T21:48:25+00:00\",\"dateModified\":\"2022-06-17T14:07:21+00:00\",\"breadcrumb\":{\"@id\":\"https:\\\/\\\/procontrol-fr.com\\\/fr\\\/nos-formations\\\/habilitations-electriques\\\/#breadcrumb\"},\"inLanguage\":\"fr-FR\",\"potentialAction\":[{\"@type\":\"ReadAction\",\"target\":[\"https:\\\/\\\/procontrol-fr.com\\\/fr\\\/nos-formations\\\/habilitations-electriques\\\/\"]}]},{\"@type\":\"ImageObject\",\"inLanguage\":\"fr-FR\",\"@id\":\"https:\\\/\\\/procontrol-fr.com\\\/fr\\\/nos-formations\\\/habilitations-electriques\\\/#primaryimage\",\"url\":\"https:\\\/\\\/procontrol-fr.com\\\/fr\\\/wp-content\\\/uploads\\\/2018\\\/01\\\/Elec.png\",\"contentUrl\":\"https:\\\/\\\/procontrol-fr.com\\\/fr\\\/wp-content\\\/uploads\\\/2018\\\/01\\\/Elec.png\",\"width\":1209,\"height\":400},{\"@type\":\"BreadcrumbList\",\"@id\":\"https:\\\/\\\/procontrol-fr.com\\\/fr\\\/nos-formations\\\/habilitations-electriques\\\/#breadcrumb\",\"itemListElement\":[{\"@type\":\"ListItem\",\"position\":1,\"name\":\"Accueil\",\"item\":\"https:\\\/\\\/procontrol-fr.com\\\/fr\\\/\"},{\"@type\":\"ListItem\",\"position\":2,\"name\":\"NOS FORMATIONS\",\"item\":\"https:\\\/\\\/procontrol-fr.com\\\/fr\\\/nos-formations\\\/\"},{\"@type\":\"ListItem\",\"position\":3,\"name\":\"HABILITATION ELECTRIQUE\"}]},{\"@type\":\"WebSite\",\"@id\":\"https:\\\/\\\/procontrol-fr.com\\\/fr\\\/#website\",\"url\":\"https:\\\/\\\/procontrol-fr.com\\\/fr\\\/\",\"name\":\"PROCONTROL - Bureau de Contr\u00f4le, V\u00e9rification \u00e9lectrique, Levage, Formation CACES\u00ae, habilitation \u00e9lectrique, AIPR,...\",\"description\":\"\",\"publisher\":{\"@id\":\"https:\\\/\\\/procontrol-fr.com\\\/fr\\\/#organization\"},\"potentialAction\":[{\"@type\":\"SearchAction\",\"target\":{\"@type\":\"EntryPoint\",\"urlTemplate\":\"https:\\\/\\\/procontrol-fr.com\\\/fr\\\/?s={search_term_string}\"},\"query-input\":{\"@type\":\"PropertyValueSpecification\",\"valueRequired\":true,\"valueName\":\"search_term_string\"}}],\"inLanguage\":\"fr-FR\"},{\"@type\":\"Organization\",\"@id\":\"https:\\\/\\\/procontrol-fr.com\\\/fr\\\/#organization\",\"name\":\"PROCONTROL\",\"url\":\"https:\\\/\\\/procontrol-fr.com\\\/fr\\\/\",\"logo\":{\"@type\":\"ImageObject\",\"inLanguage\":\"fr-FR\",\"@id\":\"https:\\\/\\\/procontrol-fr.com\\\/fr\\\/#\\\/schema\\\/logo\\\/image\\\/\",\"url\":\"https:\\\/\\\/procontrol-fr.com\\\/fr\\\/wp-content\\\/uploads\\\/2016\\\/06\\\/LogoProcontrol.jpg\",\"contentUrl\":\"https:\\\/\\\/procontrol-fr.com\\\/fr\\\/wp-content\\\/uploads\\\/2016\\\/06\\\/LogoProcontrol.jpg\",\"width\":350,\"height\":100,\"caption\":\"PROCONTROL\"},\"image\":{\"@id\":\"https:\\\/\\\/procontrol-fr.com\\\/fr\\\/#\\\/schema\\\/logo\\\/image\\\/\"},\"sameAs\":[\"https:\\\/\\\/x.com\\\/PROCONTROL_FR\"]}]}<\/script>\n<!-- \/ Yoast SEO plugin. -->","yoast_head_json":{"title":"Nos formation \u00e0 l'habilitation \u00e9lectrique","robots":{"index":"index","follow":"follow","max-snippet":"max-snippet:-1","max-image-preview":"max-image-preview:large","max-video-preview":"max-video-preview:-1"},"canonical":"https:\/\/procontrol-fr.com\/fr\/nos-formations\/habilitations-electriques\/","og_locale":"fr_FR","og_type":"article","og_title":"Nos formation \u00e0 l'habilitation \u00e9lectrique","og_description":"Pour intervenir sur ou \u00e0 proximit\u00e9 d&rsquo;une installation \u00e9lectrique, il est obligatoire de poss\u00e9der une habilitation d\u00e9livr\u00e9e par l\u2019employeur. Cette habilitation est la reconnaissance d\u2019une qualification. Elle t\u00e9moigne de la capacit\u00e9 d\u2019une personne \u00e0 effectuer des op\u00e9rations \u00e9lectriques en toute s\u00e9curit\u00e9 et de sa connaissance de la conduite \u00e0 tenir en cas d\u2019accident. Avant d\u2019\u00eatre...","og_url":"https:\/\/procontrol-fr.com\/fr\/nos-formations\/habilitations-electriques\/","og_site_name":"PROCONTROL - Bureau de Contr\u00f4le V\u00e9rificaton \u00e9lectrique Levage Formation CACES\u00ae Formation habilitation \u00e9lectrique AIPR \u00e9lectricit\u00e9 SST Sauveteur secouriste du travail SST habilitation m\u00e9canique IRVE","article_modified_time":"2022-06-17T14:07:21+00:00","og_image":[{"width":1209,"height":400,"url":"https:\/\/procontrol-fr.com\/fr\/wp-content\/uploads\/2018\/01\/Elec.png","type":"image\/png"}],"twitter_card":"summary_large_image","twitter_site":"@PROCONTROL_FR","twitter_misc":{"Dur\u00e9e de lecture estim\u00e9e":"1 minute"},"schema":{"@context":"https:\/\/schema.org","@graph":[{"@type":"WebPage","@id":"https:\/\/procontrol-fr.com\/fr\/nos-formations\/habilitations-electriques\/","url":"https:\/\/procontrol-fr.com\/fr\/nos-formations\/habilitations-electriques\/","name":"Nos formation \u00e0 l'habilitation \u00e9lectrique","isPartOf":{"@id":"https:\/\/procontrol-fr.com\/fr\/#website"},"primaryImageOfPage":{"@id":"https:\/\/procontrol-fr.com\/fr\/nos-formations\/habilitations-electriques\/#primaryimage"},"image":{"@id":"https:\/\/procontrol-fr.com\/fr\/nos-formations\/habilitations-electriques\/#primaryimage"},"thumbnailUrl":"https:\/\/procontrol-fr.com\/fr\/wp-content\/uploads\/2018\/01\/Elec.png","datePublished":"2013-11-10T21:48:25+00:00","dateModified":"2022-06-17T14:07:21+00:00","breadcrumb":{"@id":"https:\/\/procontrol-fr.com\/fr\/nos-formations\/habilitations-electriques\/#breadcrumb"},"inLanguage":"fr-FR","potentialAction":[{"@type":"ReadAction","target":["https:\/\/procontrol-fr.com\/fr\/nos-formations\/habilitations-electriques\/"]}]},{"@type":"ImageObject","inLanguage":"fr-FR","@id":"https:\/\/procontrol-fr.com\/fr\/nos-formations\/habilitations-electriques\/#primaryimage","url":"https:\/\/procontrol-fr.com\/fr\/wp-content\/uploads\/2018\/01\/Elec.png","contentUrl":"https:\/\/procontrol-fr.com\/fr\/wp-content\/uploads\/2018\/01\/Elec.png","width":1209,"height":400},{"@type":"BreadcrumbList","@id":"https:\/\/procontrol-fr.com\/fr\/nos-formations\/habilitations-electriques\/#breadcrumb","itemListElement":[{"@type":"ListItem","position":1,"name":"Accueil","item":"https:\/\/procontrol-fr.com\/fr\/"},{"@type":"ListItem","position":2,"name":"NOS FORMATIONS","item":"https:\/\/procontrol-fr.com\/fr\/nos-formations\/"},{"@type":"ListItem","position":3,"name":"HABILITATION ELECTRIQUE"}]},{"@type":"WebSite","@id":"https:\/\/procontrol-fr.com\/fr\/#website","url":"https:\/\/procontrol-fr.com\/fr\/","name":"PROCONTROL - Bureau de Contr\u00f4le, V\u00e9rification \u00e9lectrique, Levage, Formation CACES\u00ae, habilitation \u00e9lectrique, AIPR,...","description":"","publisher":{"@id":"https:\/\/procontrol-fr.com\/fr\/#organization"},"potentialAction":[{"@type":"SearchAction","target":{"@type":"EntryPoint","urlTemplate":"https:\/\/procontrol-fr.com\/fr\/?s={search_term_string}"},"query-input":{"@type":"PropertyValueSpecification","valueRequired":true,"valueName":"search_term_string"}}],"inLanguage":"fr-FR"},{"@type":"Organization","@id":"https:\/\/procontrol-fr.com\/fr\/#organization","name":"PROCONTROL","url":"https:\/\/procontrol-fr.com\/fr\/","logo":{"@type":"ImageObject","inLanguage":"fr-FR","@id":"https:\/\/procontrol-fr.com\/fr\/#\/schema\/logo\/image\/","url":"https:\/\/procontrol-fr.com\/fr\/wp-content\/uploads\/2016\/06\/LogoProcontrol.jpg","contentUrl":"https:\/\/procontrol-fr.com\/fr\/wp-content\/uploads\/2016\/06\/LogoProcontrol.jpg","width":350,"height":100,"caption":"PROCONTROL"},"image":{"@id":"https:\/\/procontrol-fr.com\/fr\/#\/schema\/logo\/image\/"},"sameAs":["https:\/\/x.com\/PROCONTROL_FR"]}]}},"_links":{"self":[{"href":"https:\/\/procontrol-fr.com\/fr\/wp-json\/wp\/v2\/pages\/922","targetHints":{"allow":["GET"]}}],"collection":[{"href":"https:\/\/procontrol-fr.com\/fr\/wp-json\/wp\/v2\/pages"}],"about":[{"href":"https:\/\/procontrol-fr.com\/fr\/wp-json\/wp\/v2\/types\/page"}],"author":[{"embeddable":true,"href":"https:\/\/procontrol-fr.com\/fr\/wp-json\/wp\/v2\/users\/1"}],"replies":[{"embeddable":true,"href":"https:\/\/procontrol-fr.com\/fr\/wp-json\/wp\/v2\/comments?post=922"}],"version-history":[{"count":22,"href":"https:\/\/procontrol-fr.com\/fr\/wp-json\/wp\/v2\/pages\/922\/revisions"}],"predecessor-version":[{"id":4748,"href":"https:\/\/procontrol-fr.com\/fr\/wp-json\/wp\/v2\/pages\/922\/revisions\/4748"}],"up":[{"embeddable":true,"href":"https:\/\/procontrol-fr.com\/fr\/wp-json\/wp\/v2\/pages\/302"}],"wp:featuredmedia":[{"embeddable":true,"href":"https:\/\/procontrol-fr.com\/fr\/wp-json\/wp\/v2\/media\/3882"}],"wp:attachment":[{"href":"https:\/\/procontrol-fr.com\/fr\/wp-json\/wp\/v2\/media?parent=922"}],"curies":[{"name":"wp","href":"https:\/\/api.w.org\/{rel}","templated":true}]}}